{"id":83895,"date":"2025-10-24T12:27:10","date_gmt":"2025-10-24T10:27:10","guid":{"rendered":"https:\/\/www.granulati.it\/it\/?page_id=83895"},"modified":"2025-10-24T14:45:29","modified_gmt":"2025-10-24T12:45:29","slug":"ambasciatori-d-impresa-2025","status":"publish","type":"page","link":"https:\/\/www.granulati.it\/it\/chi-siamo\/ambasciatori-d-impresa-2025\/","title":{"rendered":"Ambasciatori d\u2019Impresa 2025"},"content":{"rendered":"<p><\/p>\n<div style=\"background-color: #006785; height: 50px;\">\n<h1 style=\"padding-top: 10px;\"><span style=\"color: white; padding-left: 10px;\">PREMIO AMBASCIATORI D&#8217;IMPRESA 2025<\/span><\/h1>\n<\/div>\n<p><span style=\"font-family: 'Lucida Grande', Verdana, Arial, Helvetica, sans-serif;\"><img class=\"aligncenter wp-image-40045 size-full colorbox-83895\" title=\"granulati zandobbio\" src=\"http:\/\/www.granulati.it\/wp-content\/uploads\/2025\/10\/Sub-header-premio.jpg\" alt=\"\" width=\"100%\" \/><\/span><\/p>\n<div style=\"background-color: #2b5768; height: 120px; width: 100%; margin-bottom: 40 px;\">\n<div class=\"shortcode2-3\">\n<h2 style=\"padding-top: 10px; margin: 10px; font-size: 24px; color: white; background-color: #2b5768;\"><strong>Granulati Zandobbio \u00e8 stata insignita del prestigioso riconoscimento Ambasciatori d\u2019Impresa 2025 presso la sede di Borsa Italiana a Milano<\/strong><\/h2>\n<\/div>\n<div class=\"shortcode1-3\">\n<a href=\"https:\/\/ambasciatoridimpresa.it\/\" target=\"_blank\" rel=\"noopener\"><br \/>\n<img loading=\"lazy\" class=\"aligncenter colorbox-83895\" style=\"align: center; padding-right: 25%; float: left;\" src=\"http:\/\/www.granulati.it\/wp-content\/uploads\/2025\/10\/AI_logo_header_no_payoff_2.png\" alt=\"\" width=\"918\" height=\"193\" \/><\/a><\/div>\n<\/div>\n<h3 style=\"font-size: 16px; margin: 10px; text-align: justify;\"><strong>Il focus di questa seconda edizione \u00e8 il passaggio generazionale e l\u2019ingaggio delle nuove generazioni.<\/strong><\/h3>\n<p style=\"text-align: justify; margin: 10px;\"><span style=\"font-family: 'Lucida Grande', Verdana, Arial, Helvetica, sans-serif;\">L\u2019iniziativa organizzata da <strong>KPMG<\/strong> e <strong>UBS<\/strong>, in collaborazione con il <strong>Politecnico di Milano<\/strong> ed <strong>Elite<\/strong>, e in media partnership con <strong>Il Sole 24 Ore<\/strong>, \u00e8 dedicata alle <strong>aziende familiari italiane che si distinguono per leadership, innovazione, visione, attenzione al capitale umano e governance<\/strong>.<br \/>\nDurante l\u2019evento, mercoled\u00ec 22 ottobre, \u00e8 stato assegnato un riconoscimento da parte di alcuni dei pi\u00f9 <strong>prestigiosi esperti di family business<\/strong> a livello nazionale, con l\u2019obiettivo di valorizzare l\u2019eccellenza delle aziende familiari e di far conoscere esperienze e storie di successo che possano rappresentare dei modelli di riferimento per tutta l\u2019imprenditoria italiana. <\/span><\/p>\n<div style=\"max-width:1200px;margin:0 auto;display:flex;flex-wrap:wrap;justify-content:center;align-items:center;\">\n  <a href=\"https:\/\/www.borsaitaliana.it\/\" target=\"_blank\" rel=\"noopener\" style=\"flex:0 0 19.66%;display:flex;align-items:center;justify-content:center;box-sizing:border-box;padding:12px;\"><br \/>\n    <img class=\"colorbox-83895\"  src=\"http:\/\/www.granulati.it\/wp-content\/uploads\/2025\/10\/Logo_Borsa_Italiana_2021.svg_.png\" alt=\"Borsa Italiana\"\n         style=\"display:block;width:100%;max-width:190px;height:auto;object-fit:contain;\"><br \/>\n  <\/a><br \/>\n  <a href=\"https:\/\/www.ilsole24ore.com\/\" target=\"_blank\" rel=\"noopener\" style=\"flex:0 0 16.66%;display:flex;align-items:center;justify-content:center;box-sizing:border-box;padding:12px;\"><br \/>\n    <img class=\"colorbox-83895\"  src=\"http:\/\/www.granulati.it\/wp-content\/uploads\/2025\/10\/Il_Sole_24_Ore.svg_.png\" alt=\"Il Sole 24 Ore\"\n         style=\"display:block;width:100%;max-width:190px;height:auto;object-fit:contain;\"><br \/>\n  <\/a><br \/>\n  <a href=\"https:\/\/kpmg.com\/\" target=\"_blank\" rel=\"noopener\" style=\"flex:0 0 12.66%;display:flex;align-items:center;justify-content:center;box-sizing:border-box;padding:12px;\"><br \/>\n    <img class=\"colorbox-83895\"  src=\"http:\/\/www.granulati.it\/wp-content\/uploads\/2025\/10\/KPMG_blue_logo.svg_.png\" alt=\"KPMG\"\n         style=\"display:block;width:100%;max-width:190px;height:auto;object-fit:contain;\"><br \/>\n  <\/a><br \/>\n  <a href=\"https:\/\/www.elite-network.com\/\" target=\"_blank\" rel=\"noopener\" style=\"flex:0 0 16.66%;display:flex;align-items:center;justify-content:center;box-sizing:border-box;padding:12px;\"><br \/>\n    <img class=\"colorbox-83895\"  src=\"http:\/\/www.granulati.it\/wp-content\/uploads\/2025\/10\/elite.png\" alt=\"ELITE\"\n         style=\"display:block;width:100%;max-width:190px;height:auto;object-fit:contain;\"><br \/>\n  <\/a><br \/>\n  <a href=\"https:\/\/www.ubs.com\/\" target=\"_blank\" rel=\"noopener\" style=\"flex:0 0 13.66%;display:flex;align-items:center;justify-content:center;box-sizing:border-box;padding:12px;\"><br \/>\n    <img class=\"colorbox-83895\"  src=\"http:\/\/www.granulati.it\/wp-content\/uploads\/2025\/10\/UBS_Logo.png\" alt=\"UBS\"\n         style=\"display:block;width:100%;max-width:190px;height:auto;object-fit:contain;\"><br \/>\n  <\/a><br \/>\n  <a href=\"https:\/\/www.polimi.it\/\" target=\"_blank\" rel=\"noopener\" style=\"flex:0 0 20.66%;display:flex;align-items:center;justify-content:center;box-sizing:border-box;padding:12px;\"><br \/>\n    <img class=\"colorbox-83895\"  src=\"http:\/\/www.granulati.it\/wp-content\/uploads\/2025\/10\/images.png\" alt=\"Politecnico di Milano\"\n         style=\"display:block;width:100%;max-width:190px;height:auto;object-fit:contain;\"><br \/>\n  <\/a>\n<\/div>\n<p><\/p>","protected":false},"excerpt":{"rendered":"<p>PREMIO AMBASCIATORI D&#8217;IMPRESA 2025 Il focus di questa seconda edizione \u00e8 il passaggio generazionale e l\u2019ingaggio delle nuove generazioni. L\u2019iniziativa organizzata da KPMG e UBS, in collaborazione con il Politecnico di Milano ed Elite, e in media partnership con Il Sole 24 Ore, \u00e8 dedicata alle aziende familiari italiane che si distinguono per leadership, innovazione, visione, attenzione al capitale umano e governance. Durante l\u2019evento, mercoled\u00ec 22 ottobre, \u00e8 stato assegnato un riconoscimento da parte di alcuni dei pi\u00f9 prestigiosi esperti di family business a livello nazionale, con l\u2019obiettivo di valorizzare l\u2019eccellenza delle aziende familiari e di far conoscere esperienze e storie di successo che possano rappresentare dei modelli di riferimento per tutta l\u2019imprenditoria italiana.<\/p>\n","protected":false},"author":6,"featured_media":0,"parent":133,"menu_order":0,"comment_status":"closed","ping_status":"closed","template":"chi_siamo2.php","meta":{"_links_to":"","_links_to_target":""},"aioseo_notices":[],"_links":{"self":[{"href":"https:\/\/www.granulati.it\/it\/wp-json\/wp\/v2\/pages\/83895"}],"collection":[{"href":"https:\/\/www.granulati.it\/it\/wp-json\/wp\/v2\/pages"}],"about":[{"href":"https:\/\/www.granulati.it\/it\/wp-json\/wp\/v2\/types\/page"}],"author":[{"embeddable":true,"href":"https:\/\/www.granulati.it\/it\/wp-json\/wp\/v2\/users\/6"}],"replies":[{"embeddable":true,"href":"https:\/\/www.granulati.it\/it\/wp-json\/wp\/v2\/comments?post=83895"}],"version-history":[{"count":87,"href":"https:\/\/www.granulati.it\/it\/wp-json\/wp\/v2\/pages\/83895\/revisions"}],"predecessor-version":[{"id":84026,"href":"https:\/\/www.granulati.it\/it\/wp-json\/wp\/v2\/pages\/83895\/revisions\/84026"}],"up":[{"embeddable":true,"href":"https:\/\/www.granulati.it\/it\/wp-json\/wp\/v2\/pages\/133"}],"wp:attachment":[{"href":"https:\/\/www.granulati.it\/it\/wp-json\/wp\/v2\/media?parent=83895"}],"curies":[{"name":"wp","href":"https:\/\/api.w.org\/{rel}","templated":true}]}}