{"id":76478,"date":"2022-06-09T11:53:59","date_gmt":"2022-06-09T09:53:59","guid":{"rendered":"http:\/\/www.granulati.it\/it\/inerti-per-resine-copy-copy-copy-copy\/"},"modified":"2026-03-31T14:47:13","modified_gmt":"2026-03-31T12:47:13","slug":"inerti-per-resine-copy-copy-copy-copy","status":"publish","type":"page","link":"https:\/\/www.granulati.it\/it\/ciottoli-di-vetro-per-resine\/","title":{"rendered":"Ciottoli vetro per resine"},"content":{"rendered":"<div id=\"pl-76478\"  class=\"panel-layout\" ><div id=\"pg-76478-0\"  class=\"panel-grid panel-no-style\" ><div id=\"pgc-76478-0-0\"  class=\"panel-grid-cell\" ><div id=\"panel-76478-0-0-0\" class=\"so-panel widget widget_text panel-first-child panel-last-child\" data-index=\"0\" >\t\t\t<div class=\"textwidget\"><div style=\"background-color: #006785; height: 50px;\">\n<h1 style=\"padding-top: 10px;\"><span style=\"color: white;\">CIOTTOLI VETRO PER RESINE<\/span><\/h1>\n<\/div>\n<\/div>\n\t\t<\/div><\/div><\/div><div id=\"pg-76478-1\"  class=\"panel-grid panel-no-style\" ><div id=\"pgc-76478-1-0\"  class=\"panel-grid-cell\" ><div id=\"panel-76478-1-0-0\" class=\"so-panel widget widget_text panel-first-child panel-last-child\" data-index=\"1\" >\t\t\t<div class=\"textwidget\"><p style=\"font-size: 14px;\">Ciottoli di vetro per lavorazioni con resina. I pavimenti in resina vantano eccellenti caratteristiche di resistenza, igienicit\u00e0, conducibilit\u00e0 elettrica e praticit\u00e0 di messa in posa. Nascono per essere impiegati in ogni tipo di edificio (capannoni, ambienti produttivi, alimentari, farmaceutici, magazzini, aree di stoccaggio merci, ecc.), di attivit\u00e0 lavorativa e di accoglienza al pubblico e in tutte quelle aree dove sia richiesta una superficie antisdrucciolo. Viene molto utilizzata per\u00f2 anche per fondali di bio-piscine per un effetto realistico che riproduce le spiagge caraibiche.<br \/>\nLa pavimentazione risultante offre innumerevoli pregi, tra cui:<\/p>\n<ul>\n<li>Aspetto estetico notevole<\/li>\n<li>Totale assenza di formazione di polvere<\/li>\n<li>Impermeabilit\u00e0 a liquidi e oli<\/li>\n<li>Estrema facilit\u00e0 di pulizia<\/li>\n<li>Elevate resistenze chimiche e meccaniche, che lo rendono idoneo anche al traffico intensivo di mezzi pesanti<\/li>\n<li>Lieve recupero di dislivelli della precedente pavimentazione<\/li>\n<\/ul>\n<\/div>\n\t\t<\/div><\/div><\/div><div id=\"pg-76478-2\"  class=\"panel-grid panel-no-style\" ><div id=\"pgc-76478-2-0\"  class=\"panel-grid-cell\" ><div id=\"panel-76478-2-0-0\" class=\"so-panel widget widget_text panel-first-child panel-last-child\" data-index=\"2\" >\t\t\t<div class=\"textwidget\"><p><a href=\"http:\/\/www.granulati.it\/wp-content\/uploads\/2022\/06\/vtrasparente.jpg\"><img class=\"colorbox-76478\"  src=\"http:\/\/www.granulati.it\/wp-content\/uploads\/2022\/06\/vtrasparente.jpg\" \/><\/a><\/p>\n<h5 style=\"font-size: 15px; color: #006785;\">EXTRA TRASPARENTE<\/h5>\n<hr style=\"margin-bottom: 2px;\" \/>\n<p><strong>1-3 mm<\/strong><br \/>\n10 kg\/PCS<\/p>\n<p><strong>3-6 mm<\/strong><br \/>\n10 kg\/PCS<\/p>\n<p><strong>6-9 mm<\/strong><br \/>\n10 kg\/PCS<\/p>\n<\/div>\n\t\t<\/div><\/div><div id=\"pgc-76478-2-1\"  class=\"panel-grid-cell\" ><div id=\"panel-76478-2-1-0\" class=\"so-panel widget widget_text panel-first-child panel-last-child\" data-index=\"3\" >\t\t\t<div class=\"textwidget\"><p><a href=\"http:\/\/www.granulati.it\/wp-content\/uploads\/2022\/06\/vblu.jpg\"><img class=\"colorbox-76478\"  src=\"http:\/\/www.granulati.it\/wp-content\/uploads\/2022\/06\/vblu.jpg\" \/><\/a><\/p>\n<h5 style=\"font-size: 15px; color: #006785;\">EXTRA BLU<\/h5>\n<hr style=\"margin-bottom: 2px;\" \/>\n<p><strong>1-3 mm<\/strong><br \/>\n10 kg\/PCS<\/p>\n<p><strong>3-6 mm<\/strong><br \/>\n10 kg\/PCS<\/p>\n<p><strong>6-9 mm<\/strong><br \/>\n10 kg\/PCS<\/p>\n<\/div>\n\t\t<\/div><\/div><div id=\"pgc-76478-2-2\"  class=\"panel-grid-cell\" ><div id=\"panel-76478-2-2-0\" class=\"so-panel widget widget_text panel-first-child panel-last-child\" data-index=\"4\" >\t\t\t<div class=\"textwidget\"><p><a href=\"http:\/\/www.granulati.it\/wp-content\/uploads\/2022\/06\/vverde.jpg\"><img class=\"colorbox-76478\"  src=\"http:\/\/www.granulati.it\/wp-content\/uploads\/2022\/06\/vverde.jpg\" \/><\/a><\/p>\n<h5 style=\"font-size: 15px; color: #006785;\">EXTRA VERDE<\/h5>\n<hr style=\"margin-bottom: 2px;\" \/>\n<p><strong>3-6 mm<\/strong><br \/>\n10 kg\/PCS<\/p>\n<p><strong>6-9 mm<\/strong><br \/>\n10 kg\/PCS<\/p>\n<\/div>\n\t\t<\/div><\/div><div id=\"pgc-76478-2-3\"  class=\"panel-grid-cell\" ><div id=\"panel-76478-2-3-0\" class=\"so-panel widget widget_text panel-first-child panel-last-child\" data-index=\"5\" >\t\t\t<div class=\"textwidget\"><p><a href=\"http:\/\/www.granulati.it\/wp-content\/uploads\/2022\/06\/vazzurro.jpg\"><img class=\"colorbox-76478\"  src=\"http:\/\/www.granulati.it\/wp-content\/uploads\/2022\/06\/vazzurro.jpg\" \/><\/a><\/p>\n<h5 style=\"font-size: 15px; color: #006785;\">EXTRA AZZURRO<\/h5>\n<hr style=\"margin-bottom: 2px;\" \/>\n<p><strong>1-3 mm<\/strong><br \/>\n10 kg\/PCS<\/p>\n<p><strong>3-6 mm<\/strong><br \/>\n10 kg\/PCS<\/p>\n<p><strong>6-9 mm<\/strong><br \/>\n10 kg\/PCS<\/p>\n<\/div>\n\t\t<\/div><\/div><\/div><div id=\"pg-76478-3\"  class=\"panel-grid panel-no-style\" ><div id=\"pgc-76478-3-0\"  class=\"panel-grid-cell\" ><div id=\"panel-76478-3-0-0\" class=\"so-panel widget widget_text panel-first-child panel-last-child\" data-index=\"6\" >\t\t\t<div class=\"textwidget\"><p><a href=\"http:\/\/www.granulati.it\/wp-content\/uploads\/2022\/06\/vgiallo.jpg\"><img class=\"colorbox-76478\"  src=\"http:\/\/www.granulati.it\/wp-content\/uploads\/2022\/06\/vgiallo.jpg\" \/><\/a><\/p>\n<h5 style=\"font-size: 15px; color: #006785;\">EXTRA GIALLO<\/h5>\n<hr style=\"margin-bottom: 2px;\" \/>\n<p><strong>1-3 mm<\/strong><br \/>\n10 kg\/PCS<\/p>\n<p><strong>3-6 mm<\/strong><br \/>\n10 kg\/PCS<\/p>\n<p><strong>6-9 mm<\/strong><br \/>\n10 kg\/PCS<\/p>\n<\/div>\n\t\t<\/div><\/div><div id=\"pgc-76478-3-1\"  class=\"panel-grid-cell\" ><div id=\"panel-76478-3-1-0\" class=\"so-panel widget widget_text panel-first-child panel-last-child\" data-index=\"7\" >\t\t\t<div class=\"textwidget\"><p><a href=\"http:\/\/www.granulati.it\/wp-content\/uploads\/2022\/06\/vviola.jpg\"><img class=\"colorbox-76478\"  src=\"http:\/\/www.granulati.it\/wp-content\/uploads\/2022\/06\/vviola.jpg\" \/><\/a><\/p>\n<h5 style=\"font-size: 15px; color: #006785;\">EXTRA VIOLA<\/h5>\n<hr style=\"margin-bottom: 2px;\" \/>\n<p><strong>1-3 mm<\/strong><br \/>\n10 kg\/PCS<\/p>\n<p><strong>3-6 mm<\/strong><br \/>\n10 kg\/PCS<\/p>\n<\/div>\n\t\t<\/div><\/div><div id=\"pgc-76478-3-2\"  class=\"panel-grid-cell\" ><div id=\"panel-76478-3-2-0\" class=\"so-panel widget widget_text panel-first-child panel-last-child\" data-index=\"8\" >\t\t\t<div class=\"textwidget\"><p><a href=\"http:\/\/www.granulati.it\/wp-content\/uploads\/2022\/06\/vrosso.jpg\"><img class=\"colorbox-76478\"  src=\"http:\/\/www.granulati.it\/wp-content\/uploads\/2022\/06\/vrosso.jpg\" \/><\/a><\/p>\n<h5 style=\"font-size: 15px; color: #006785;\">EXTRA ROSSO<\/h5>\n<hr style=\"margin-bottom: 2px;\" \/>\n<p><strong>1-3 mm<\/strong><br \/>\n10 kg\/PCS<\/p>\n<p><strong>3-6 mm<\/strong><br \/>\n10 kg\/PCS<\/p>\n<\/div>\n\t\t<\/div><\/div><div id=\"pgc-76478-3-3\"  class=\"panel-grid-cell\" ><div id=\"panel-76478-3-3-0\" class=\"so-panel widget widget_text panel-first-child panel-last-child\" data-index=\"9\" >\t\t\t<div class=\"textwidget\"><p><a href=\"http:\/\/www.granulati.it\/wp-content\/uploads\/2022\/06\/vambra.jpg\"><img class=\"colorbox-76478\"  src=\"http:\/\/www.granulati.it\/wp-content\/uploads\/2022\/06\/vambra.jpg\" \/><\/a><\/p>\n<h5 style=\"font-size: 15px; color: #006785;\">EXTRA AMBRA<\/h5>\n<hr style=\"margin-bottom: 2px;\" \/>\n<p><strong>3-6 mm<\/strong><br \/>\n10 kg\/PCS<\/p>\n<p><strong>6-9 mm<\/strong><br \/>\n10 kg\/PCS<\/p>\n<\/div>\n\t\t<\/div><\/div><\/div><div id=\"pg-76478-4\"  class=\"panel-grid panel-no-style\" ><div id=\"pgc-76478-4-0\"  class=\"panel-grid-cell\" ><div id=\"panel-76478-4-0-0\" class=\"so-panel widget widget_text panel-first-child panel-last-child\" data-index=\"10\" >\t\t\t<div class=\"textwidget\"><p><a href=\"http:\/\/www.granulati.it\/wp-content\/uploads\/2022\/06\/vnero.jpg\"><img class=\"colorbox-76478\"  src=\"http:\/\/www.granulati.it\/wp-content\/uploads\/2022\/06\/vnero.jpg\" \/><\/a><\/p>\n<h5 style=\"font-size: 15px; color: #006785;\">EXTRA NERO EBANO<\/h5>\n<hr style=\"margin-bottom: 2px;\" \/>\n<p><strong>1-3 mm<\/strong><br \/>\n10 kg\/PCS<\/p>\n<p><strong>3-6 mm<\/strong><br \/>\n10 kg\/PCS<\/p>\n<\/div>\n\t\t<\/div><\/div><div id=\"pgc-76478-4-1\"  class=\"panel-grid-cell panel-grid-cell-empty\" ><\/div><div id=\"pgc-76478-4-2\"  class=\"panel-grid-cell panel-grid-cell-empty panel-grid-cell-mobile-last\" ><\/div><div id=\"pgc-76478-4-3\"  class=\"panel-grid-cell panel-grid-cell-empty\" ><\/div><\/div><\/div>","protected":false},"excerpt":{"rendered":"<p>CIOTTOLI VETRO PER RESINE Ciottoli di vetro per lavorazioni con resina. I pavimenti in resina vantano eccellenti caratteristiche di resistenza, igienicit\u00e0, conducibilit\u00e0 elettrica e praticit\u00e0 di messa in posa. Nascono per essere impiegati in ogni tipo di edificio (capannoni, ambienti produttivi, alimentari, farmaceutici, magazzini, aree di stoccaggio merci, ecc.), di attivit\u00e0 lavorativa e di accoglienza al pubblico e in tutte quelle aree dove sia richiesta una superficie antisdrucciolo. Viene molto utilizzata per\u00f2 anche per fondali di bio-piscine per un effetto realistico che riproduce le spiagge caraibiche. La pavimentazione risultante offre innumerevoli pregi, tra cui: Aspetto estetico notevole Totale assenza di formazione di polvere Impermeabilit\u00e0 a liquidi e oli Estrema facilit\u00e0 di pulizia Elevate resistenze chimiche e meccaniche, che lo rendono idoneo anche al traffico intensivo di mezzi pesanti Lieve recupero di dislivelli della precedente pavimentazione<\/p>\n","protected":false},"author":1,"featured_media":78,"parent":0,"menu_order":34,"comment_status":"closed","ping_status":"closed","template":"","meta":{"_links_to":"","_links_to_target":""},"aioseo_notices":[],"_links":{"self":[{"href":"https:\/\/www.granulati.it\/it\/wp-json\/wp\/v2\/pages\/76478"}],"collection":[{"href":"https:\/\/www.granulati.it\/it\/wp-json\/wp\/v2\/pages"}],"about":[{"href":"https:\/\/www.granulati.it\/it\/wp-json\/wp\/v2\/types\/page"}],"author":[{"embeddable":true,"href":"https:\/\/www.granulati.it\/it\/wp-json\/wp\/v2\/users\/1"}],"replies":[{"embeddable":true,"href":"https:\/\/www.granulati.it\/it\/wp-json\/wp\/v2\/comments?post=76478"}],"version-history":[{"count":4,"href":"https:\/\/www.granulati.it\/it\/wp-json\/wp\/v2\/pages\/76478\/revisions"}],"predecessor-version":[{"id":84461,"href":"https:\/\/www.granulati.it\/it\/wp-json\/wp\/v2\/pages\/76478\/revisions\/84461"}],"wp:featuredmedia":[{"embeddable":true,"href":"https:\/\/www.granulati.it\/it\/wp-json\/wp\/v2\/media\/78"}],"wp:attachment":[{"href":"https:\/\/www.granulati.it\/it\/wp-json\/wp\/v2\/media?parent=76478"}],"curies":[{"name":"wp","href":"https:\/\/api.w.org\/{rel}","templated":true}]}}