{"id":76446,"date":"2022-06-09T11:09:53","date_gmt":"2022-06-09T09:09:53","guid":{"rendered":"http:\/\/www.granulati.it\/it\/inerti-per-resine-copy-copy\/"},"modified":"2026-03-31T14:42:38","modified_gmt":"2026-03-31T12:42:38","slug":"inerti-per-resine-copy-copy","status":"publish","type":"page","link":"https:\/\/www.granulati.it\/it\/granulati-per-resine\/","title":{"rendered":"Granulati per resine"},"content":{"rendered":"<div id=\"pl-76446\"  class=\"panel-layout\" ><div id=\"pg-76446-0\"  class=\"panel-grid panel-no-style\" ><div id=\"pgc-76446-0-0\"  class=\"panel-grid-cell\" ><div id=\"panel-76446-0-0-0\" class=\"so-panel widget widget_text panel-first-child panel-last-child\" data-index=\"0\" >\t\t\t<div class=\"textwidget\"><div style=\"background-color: #006785; height: 50px;\">\n<h1 style=\"padding-top: 10px;\"><span style=\"color: white;\">GRANULATI PER RESINE<\/span><\/h1>\n<\/div>\n<\/div>\n\t\t<\/div><\/div><\/div><div id=\"pg-76446-1\"  class=\"panel-grid panel-no-style\" ><div id=\"pgc-76446-1-0\"  class=\"panel-grid-cell\" ><div id=\"panel-76446-1-0-0\" class=\"so-panel widget widget_text panel-first-child panel-last-child\" data-index=\"1\" >\t\t\t<div class=\"textwidget\"><p style=\"font-size: 14px;\">Granulati per lavorazioni con resina. I pavimenti in resina vantano eccellenti caratteristiche di resistenza, igienicit\u00e0, conducibilit\u00e0 elettrica e praticit\u00e0 di messa in posa. Nascono per essere impiegati in ogni tipo di edificio (capannoni, ambienti produttivi, alimentari, farmaceutici, magazzini, aree di stoccaggio merci, ecc.), di attivit\u00e0 lavorativa e di accoglienza al pubblico e in tutte quelle aree dove sia richiesta una superficie antisdrucciolo. Viene molto utilizzata per\u00f2 anche per fondali di bio-piscine per un effetto realistico che riproduce le spiagge caraibiche.<br \/>\nLa pavimentazione risultante offre innumerevoli pregi, tra cui:<\/p>\n<ul>\n<li>Aspetto estetico notevole<\/li>\n<li>Totale assenza di formazione di polvere<\/li>\n<li>Impermeabilit\u00e0 a liquidi e oli<\/li>\n<li>Estrema facilit\u00e0 di pulizia<\/li>\n<li>Elevate resistenze chimiche e meccaniche, che lo rendono idoneo anche al traffico intensivo di mezzi pesanti<\/li>\n<li>Lieve recupero di dislivelli della precedente pavimentazione<\/li>\n<\/ul>\n<p style=\"font-size: 14px;\">Per assicurare la buona riuscita della lavorazione <strong>\u00e8 necessario includere il servizio di asciugatura<\/strong> che Granulati Zandobbio fornisce in accoppiata all&#8217;acquisto dei prodotti.<\/p>\n<\/div>\n\t\t<\/div><\/div><\/div><div id=\"pg-76446-2\"  class=\"panel-grid panel-no-style\" ><div id=\"pgc-76446-2-0\"  class=\"panel-grid-cell\" ><div id=\"panel-76446-2-0-0\" class=\"so-panel widget widget_text panel-first-child panel-last-child\" data-index=\"2\" >\t\t\t<div class=\"textwidget\"><p><a href=\"http:\/\/www.granulati.it\/wp-content\/uploads\/2022\/06\/garabescato.jpg\"><img class=\"colorbox-76446\"  src=\"http:\/\/www.granulati.it\/wp-content\/uploads\/2022\/06\/garabescato.jpg\" \/><\/a><\/p>\n<h5 style=\"font-size: 15px; color: #006785;\">ARABESCATO<\/h5>\n<hr style=\"margin-bottom: 2px;\" \/>\n<p><strong>1,8-3 mm<\/strong><br \/>\nBig Bag 1500 kg<br \/>\n25 kg \/ PCS<\/p>\n<p><strong>3\u20135 mm<\/strong><br \/>\nBig Bag 1500 kg<br \/>\n25 kg \/ PCS<\/p>\n<p><strong>5\u20138 mm<\/strong><br \/>\nBig Bag 1500 kg<br \/>\n25 kg \/ PCS<\/p>\n<\/div>\n\t\t<\/div><\/div><div id=\"pgc-76446-2-1\"  class=\"panel-grid-cell\" ><div id=\"panel-76446-2-1-0\" class=\"so-panel widget widget_text panel-first-child panel-last-child\" data-index=\"3\" >\t\t\t<div class=\"textwidget\"><p><a href=\"http:\/\/www.granulati.it\/wp-content\/uploads\/2026\/03\/gbordeaux.jpg\"><img class=\"colorbox-76446\"  src=\"http:\/\/www.granulati.it\/wp-content\/uploads\/2026\/03\/gbordeaux.jpg\" \/><\/a><\/p>\n<h5 style=\"font-size: 15px; color: #006785;\">BORDEAUX<\/h5>\n<hr style=\"margin-bottom: 2px;\" \/>\n<p><strong>2\u20136 mm<\/strong><br \/>\nBig Bag 1500 kg<br \/>\n25 kg \/ PCS<\/p>\n<\/div>\n\t\t<\/div><\/div><div id=\"pgc-76446-2-2\"  class=\"panel-grid-cell\" ><div id=\"panel-76446-2-2-0\" class=\"so-panel widget widget_text panel-first-child panel-last-child\" data-index=\"4\" >\t\t\t<div class=\"textwidget\"><p><a href=\"http:\/\/www.granulati.it\/wp-content\/uploads\/2026\/03\/gcaramel.jpg\"><img class=\"colorbox-76446\"  src=\"http:\/\/www.granulati.it\/wp-content\/uploads\/2026\/03\/gcaramel.jpg\" \/><\/a><\/p>\n<h5 style=\"font-size: 15px; color: #006785;\">CARAMEL<\/h5>\n<hr style=\"margin-bottom: 2px;\" \/>\n<p><strong>2\u20136 mm<\/strong><br \/>\nBig Bag 1500 kg<br \/>\n25 kg \/ PCS<\/p>\n<\/div>\n\t\t<\/div><\/div><div id=\"pgc-76446-2-3\"  class=\"panel-grid-cell\" ><div id=\"panel-76446-2-3-0\" class=\"so-panel widget widget_text panel-first-child panel-last-child\" data-index=\"5\" >\t\t\t<div class=\"textwidget\"><p><a href=\"http:\/\/www.granulati.it\/wp-content\/uploads\/2026\/03\/ggrigiobra.jpg\"><img class=\"colorbox-76446\"  src=\"http:\/\/www.granulati.it\/wp-content\/uploads\/2026\/03\/ggrigiobra.jpg\" \/><\/a><\/p>\n<h5 style=\"font-size: 15px; color: #006785;\">GRIGIO BRASILE<\/h5>\n<hr style=\"margin-bottom: 2px;\" \/>\n<p><strong>3\u20135 mm<\/strong><br \/>\nBig Bag 1500 kg<br \/>\n25 kg \/ PCS<\/p>\n<\/div>\n\t\t<\/div><\/div><\/div><div id=\"pg-76446-3\"  class=\"panel-grid panel-no-style\" ><div id=\"pgc-76446-3-0\"  class=\"panel-grid-cell\" ><div id=\"panel-76446-3-0-0\" class=\"so-panel widget widget_text panel-first-child panel-last-child\" data-index=\"6\" >\t\t\t<div class=\"textwidget\"><p><a href=\"http:\/\/www.granulati.it\/wp-content\/uploads\/2022\/06\/gskyblue.jpg\"><img class=\"colorbox-76446\"  src=\"http:\/\/www.granulati.it\/wp-content\/uploads\/2022\/06\/gskyblue.jpg\" \/><\/a><\/p>\n<h5 style=\"font-size: 15px; color: #006785;\">SKY<\/h5>\n<hr style=\"margin-bottom: 2px;\" \/>\n<p><strong>3-5 mm<\/strong><br \/>\nBig Bag 1500 kg<br \/>\n25 kg \/ PCS<\/p>\n<p><strong>5-8 mm<\/strong><br \/>\nBig Bag 1500 kg<br \/>\n25 kg \/ PCS<\/p>\n<\/div>\n\t\t<\/div><\/div><div id=\"pgc-76446-3-1\"  class=\"panel-grid-cell\" ><div id=\"panel-76446-3-1-0\" class=\"so-panel widget widget_text panel-first-child panel-last-child\" data-index=\"7\" >\t\t\t<div class=\"textwidget\"><p><a href=\"http:\/\/www.granulati.it\/wp-content\/uploads\/2022\/06\/gbardiglio.jpg\"><img class=\"colorbox-76446\"  src=\"http:\/\/www.granulati.it\/wp-content\/uploads\/2022\/06\/gbardiglio.jpg\" \/><\/a><\/p>\n<h5 style=\"font-size: 15px; color: #006785;\">ICE BLUE &#8211; BARDIGLIO<\/h5>\n<hr style=\"margin-bottom: 2px;\" \/>\n<p><strong>1,8-3 mm<\/strong><br \/>\nBig Bag 1500 kg<br \/>\n25 kg \/ PCS<\/p>\n<p><strong>3\u20135 mm<\/strong><br \/>\nBig Bag 1500 kg<br \/>\n25 kg \/ PCS<\/p>\n<p><strong>5\u20138 mm<\/strong><br \/>\nBig Bag 1500 kg<br \/>\n25 kg \/ PCS<\/p>\n<\/div>\n\t\t<\/div><\/div><div id=\"pgc-76446-3-2\"  class=\"panel-grid-cell\" ><div id=\"panel-76446-3-2-0\" class=\"so-panel widget widget_text panel-first-child panel-last-child\" data-index=\"8\" >\t\t\t<div class=\"textwidget\"><p><a href=\"http:\/\/www.granulati.it\/wp-content\/uploads\/2022\/06\/gcarrara.jpg\"><img class=\"colorbox-76446\"  src=\"http:\/\/www.granulati.it\/wp-content\/uploads\/2022\/06\/gcarrara.jpg\" \/><\/a><\/p>\n<h5 style=\"font-size: 15px; color: #006785;\">BIANCO CARRARA<\/h5>\n<p><strong>1,8-3 mm<\/strong><br \/>\nBig Bag 1500 kg<br \/>\n25 kg \/ PCS<\/p>\n<p><strong>3\u20135 mm<\/strong><br \/>\nBig Bag 1500 kg<br \/>\n25 kg \/ PCS<\/p>\n<p><strong>5\u20138 mm<\/strong><br \/>\nBig Bag 1500 kg<br \/>\n25 kg \/ PCS<\/p>\n<\/div>\n\t\t<\/div><\/div><div id=\"pgc-76446-3-3\"  class=\"panel-grid-cell\" ><div id=\"panel-76446-3-3-0\" class=\"so-panel widget widget_text panel-first-child panel-last-child\" data-index=\"9\" >\t\t\t<div class=\"textwidget\"><p><a href=\"http:\/\/www.granulati.it\/wp-content\/uploads\/2022\/06\/gzandobbio.jpg\"><img class=\"colorbox-76446\"  src=\"http:\/\/www.granulati.it\/wp-content\/uploads\/2022\/06\/gzandobbio.jpg\" \/><\/a><\/p>\n<h5 style=\"font-size: 15px; color: #006785;\">BIANCO ZANDOBBIO<\/h5>\n<hr style=\"margin-bottom: 2px;\" \/>\n<p><strong>1,8-3 mm<\/strong><br \/>\nBig Bag 1500 kg<br \/>\n25 kg \/ PCS<\/p>\n<p><strong>3\u20135 mm<\/strong><br \/>\nBig Bag 1500 kg<br \/>\n25 kg \/ PCS<\/p>\n<p><strong>5\u20138 mm<\/strong><br \/>\nBig Bag 1500 kg<br \/>\n25 kg \/ PCS<\/p>\n<\/div>\n\t\t<\/div><\/div><\/div><div id=\"pg-76446-4\"  class=\"panel-grid panel-no-style\" ><div id=\"pgc-76446-4-0\"  class=\"panel-grid-cell\" ><div id=\"panel-76446-4-0-0\" class=\"so-panel widget widget_text panel-first-child panel-last-child\" data-index=\"10\" >\t\t\t<div class=\"textwidget\"><p><a href=\"http:\/\/www.granulati.it\/wp-content\/uploads\/2022\/06\/gbotticino.jpg\"><img class=\"colorbox-76446\"  src=\"http:\/\/www.granulati.it\/wp-content\/uploads\/2022\/06\/gbotticino.jpg\" \/><\/a><\/p>\n<h5 style=\"font-size: 15px; color: #006785;\">BOTTICINO<\/h5>\n<hr style=\"margin-bottom: 2px;\" \/>\n<p><strong>1,8-3 mm<\/strong><br \/>\nBig Bag 1500 kg<br \/>\n25 kg \/ PCS<\/p>\n<p><strong>3\u20135 mm<\/strong><br \/>\nBig Bag 1500 kg<br \/>\n25 kg \/ PCS<\/p>\n<p><strong>5\u20138 mm<\/strong><br \/>\nBig Bag 1500 kg<br \/>\n25 kg \/ PCS<\/p>\n<\/div>\n\t\t<\/div><\/div><div id=\"pgc-76446-4-1\"  class=\"panel-grid-cell\" ><div id=\"panel-76446-4-1-0\" class=\"so-panel widget widget_text panel-first-child panel-last-child\" data-index=\"11\" >\t\t\t<div class=\"textwidget\"><p><a href=\"http:\/\/www.granulati.it\/wp-content\/uploads\/2022\/06\/gmori.jpg\"><img class=\"colorbox-76446\"  src=\"http:\/\/www.granulati.it\/wp-content\/uploads\/2022\/06\/gmori.jpg\" \/><\/a><\/p>\n<h5 style=\"font-size: 15px; color: #006785;\">GIALLO MORI<\/h5>\n<hr style=\"margin-bottom: 2px;\" \/>\n<p><strong>1,8-3 mm<\/strong><br \/>\nBig Bag 1500 kg<br \/>\n25 kg \/ PCS<\/p>\n<p><strong>3\u20135 mm<\/strong><br \/>\nBig Bag 1500 kg<br \/>\n25 kg \/ PCS<\/p>\n<p><strong>5\u20138 mm<\/strong><br \/>\nBig Bag 1500 kg<br \/>\n25 kg \/ PCS<\/p>\n<\/div>\n\t\t<\/div><\/div><div id=\"pgc-76446-4-2\"  class=\"panel-grid-cell\" ><div id=\"panel-76446-4-2-0\" class=\"so-panel widget widget_text panel-first-child panel-last-child\" data-index=\"12\" >\t\t\t<div class=\"textwidget\"><p><a href=\"http:\/\/www.granulati.it\/wp-content\/uploads\/2022\/06\/gsiena.jpg\"><img class=\"colorbox-76446\"  src=\"http:\/\/www.granulati.it\/wp-content\/uploads\/2022\/06\/gsiena.jpg\" \/><\/a><\/p>\n<h5 style=\"font-size: 15px; color: #006785;\">GIALLO SIENA<\/h5>\n<hr style=\"margin-bottom: 2px;\" \/>\n<p><strong>1,8-3 mm<\/strong><br \/>\nBig Bag 1500 kg<br \/>\n25 kg \/ PCS<\/p>\n<p><strong>3-5 mm<\/strong><br \/>\nBig Bag 1500 kg<br \/>\n25 kg \/ PCS<\/p>\n<p><strong>5-8 mm<\/strong><br \/>\nBig Bag 1500 kg<br \/>\n25 kg \/ PCS<\/p>\n<\/div>\n\t\t<\/div><\/div><div id=\"pgc-76446-4-3\"  class=\"panel-grid-cell\" ><div id=\"panel-76446-4-3-0\" class=\"so-panel widget widget_text panel-first-child panel-last-child\" data-index=\"13\" >\t\t\t<div class=\"textwidget\"><p><a href=\"http:\/\/www.granulati.it\/wp-content\/uploads\/2026\/03\/gbiancoverona26.jpg\"><img class=\"colorbox-76446\"  src=\"http:\/\/www.granulati.it\/wp-content\/uploads\/2026\/03\/gbiancoverona26.jpg\" \/><\/a><\/p>\n<h5 style=\"font-size: 15px; color: #006785;\">BIANCO VERONA<\/h5>\n<hr style=\"margin-bottom: 2px;\" \/>\n<p><strong>1,8-3 mm<\/strong><br \/>\nBig Bag 1500 kg<br \/>\n25 kg \/ PCS<\/p>\n<p><strong>3-5 mm<\/strong><br \/>\nBig Bag 1500 kg<br \/>\n25 kg \/ PCS<\/p>\n<p><strong>5-8 mm<\/strong><br \/>\nBig Bag 1500 kg<br \/>\n25 kg \/ PCS<\/p>\n<\/div>\n\t\t<\/div><\/div><\/div><div id=\"pg-76446-5\"  class=\"panel-grid panel-no-style\" ><div id=\"pgc-76446-5-0\"  class=\"panel-grid-cell\" ><div id=\"panel-76446-5-0-0\" class=\"so-panel widget widget_text panel-first-child panel-last-child\" data-index=\"14\" >\t\t\t<div class=\"textwidget\"><p><a href=\"http:\/\/www.granulati.it\/wp-content\/uploads\/2022\/06\/gcenere.jpg\"><img class=\"colorbox-76446\"  src=\"http:\/\/www.granulati.it\/wp-content\/uploads\/2022\/06\/gcenere.jpg\" \/><\/a><\/p>\n<h5 style=\"font-size: 15px; color: #006785;\">GRIGIO CENERE<\/h5>\n<hr style=\"margin-bottom: 2px;\" \/>\n<p><strong>3-5 mm<\/strong><br \/>\nBig Bag 1500 kg<br \/>\n25 kg \/ PCS<\/p>\n<p><strong>5-8 mm<\/strong><br \/>\nBig Bag 1500 kg<br \/>\n25 kg \/ PCS<\/p>\n<\/div>\n\t\t<\/div><\/div><div id=\"pgc-76446-5-1\"  class=\"panel-grid-cell\" ><div id=\"panel-76446-5-1-0\" class=\"so-panel widget widget_text panel-first-child panel-last-child\" data-index=\"15\" >\t\t\t<div class=\"textwidget\"><p><a href=\"http:\/\/www.granulati.it\/wp-content\/uploads\/2022\/06\/gmarrone.jpg\"><img class=\"colorbox-76446\"  src=\"http:\/\/www.granulati.it\/wp-content\/uploads\/2022\/06\/gmarrone.jpg\" \/><\/a><\/p>\n<h5 style=\"font-size: 15px; color: #006785;\">MARRONE<\/h5>\n<hr style=\"margin-bottom: 2px;\" \/>\n<p><strong>1,8-3 mm<\/strong><br \/>\nBig Bag 1500 kg<br \/>\n25 kg \/ PCS<\/p>\n<p><strong>3\u20135 mm<\/strong><br \/>\nBig Bag 1500 kg<br \/>\n25 kg \/ PCS<\/p>\n<p><strong>5\u20138 mm<\/strong><br \/>\nBig Bag 1500 kg<br \/>\n25 kg \/ PCS<\/p>\n<\/div>\n\t\t<\/div><\/div><div id=\"pgc-76446-5-2\"  class=\"panel-grid-cell\" ><div id=\"panel-76446-5-2-0\" class=\"so-panel widget widget_text panel-first-child panel-last-child\" data-index=\"16\" >\t\t\t<div class=\"textwidget\"><p><a href=\"http:\/\/www.granulati.it\/wp-content\/uploads\/2022\/06\/gebano.jpg\"><img class=\"colorbox-76446\"  src=\"http:\/\/www.granulati.it\/wp-content\/uploads\/2022\/06\/gebano.jpg\" \/><\/a><\/p>\n<h5 style=\"font-size: 15px; color: #006785;\">NERO EBANO<\/h5>\n<hr style=\"margin-bottom: 2px;\" \/>\n<p><strong>1,8-3 mm<\/strong><br \/>\nBig Bag 1500 kg<br \/>\n25 kg \/ PCS<\/p>\n<p><strong>3\u20135 mm<\/strong><br \/>\nBig Bag 1500 kg<br \/>\n25 kg \/ PCS<\/p>\n<p><strong>5\u20138 mm<\/strong><br \/>\nBig Bag 1500 kg<br \/>\n25 kg \/ PCS<\/p>\n<\/div>\n\t\t<\/div><\/div><div id=\"pgc-76446-5-3\"  class=\"panel-grid-cell\" ><div id=\"panel-76446-5-3-0\" class=\"so-panel widget widget_text panel-first-child panel-last-child\" data-index=\"17\" >\t\t\t<div class=\"textwidget\"><p><a href=\"http:\/\/www.granulati.it\/wp-content\/uploads\/2022\/06\/gverdealpi.jpg\"><img class=\"colorbox-76446\"  src=\"http:\/\/www.granulati.it\/wp-content\/uploads\/2022\/06\/gverdealpi.jpg\" \/><\/a><\/p>\n<h5 style=\"font-size: 15px; color: #006785;\">VERDE ALPI<\/h5>\n<hr style=\"margin-bottom: 2px;\" \/>\n<p><strong>1,8-3 mm<\/strong><br \/>\nBig Bag 1500 kg<br \/>\n25 kg \/ PCS<\/p>\n<p><strong>3\u20135 mm<\/strong><br \/>\nBig Bag 1500 kg<br \/>\n25 kg \/ PCS<\/p>\n<p><strong>5\u20138 mm<\/strong><br \/>\nBig Bag 1500 kg<br \/>\n25 kg \/ PCS<\/p>\n<\/div>\n\t\t<\/div><\/div><\/div><div id=\"pg-76446-6\"  class=\"panel-grid panel-no-style\" ><div id=\"pgc-76446-6-0\"  class=\"panel-grid-cell\" ><div id=\"panel-76446-6-0-0\" class=\"so-panel widget widget_text panel-first-child panel-last-child\" data-index=\"18\" >\t\t\t<div class=\"textwidget\"><p><a href=\"http:\/\/www.granulati.it\/wp-content\/uploads\/2022\/06\/gcorallo.jpg\"><img class=\"colorbox-76446\"  src=\"http:\/\/www.granulati.it\/wp-content\/uploads\/2022\/06\/gcorallo.jpg\" \/><\/a><\/p>\n<h5 style=\"font-size: 15px; color: #006785;\">ROSA CORALLO<\/h5>\n<hr style=\"margin-bottom: 2px;\" \/>\n<p><strong>1,8-3 mm<\/strong><br \/>\nBig Bag 1500 kg<br \/>\n25 kg \/ PCS<\/p>\n<p><strong>3\u20135 mm<\/strong><br \/>\nBig Bag 1500 kg<br \/>\n25 kg \/ PCS<\/p>\n<p><strong>5\u20138 mm<\/strong><br \/>\nBig Bag 1500 kg<br \/>\n25 kg \/ PCS<\/p>\n<\/div>\n\t\t<\/div><\/div><div id=\"pgc-76446-6-1\"  class=\"panel-grid-cell\" ><div id=\"panel-76446-6-1-0\" class=\"so-panel widget widget_text panel-first-child panel-last-child\" data-index=\"19\" >\t\t\t<div class=\"textwidget\"><p><a href=\"http:\/\/www.granulati.it\/wp-content\/uploads\/2022\/06\/grossoverona.jpg\"><img class=\"colorbox-76446\"  src=\"http:\/\/www.granulati.it\/wp-content\/uploads\/2022\/06\/grossoverona.jpg\" \/><\/a><\/p>\n<h5 style=\"font-size: 15px; color: #006785;\">ROSSO VERONA<\/h5>\n<hr style=\"margin-bottom: 2px;\" \/>\n<p><strong>1,8-3 mm<\/strong><br \/>\nBig Bag 1500 kg<br \/>\n25 kg \/ PCS<\/p>\n<p><strong>3-5 mm<\/strong><br \/>\nBig Bag 1500 kg<br \/>\n25 kg \/ PCS<\/p>\n<p><strong>5-8 mm<\/strong><br \/>\nBig Bag 1500 kg<br \/>\n25 kg \/ PCS<\/p>\n<\/div>\n\t\t<\/div><\/div><div id=\"pgc-76446-6-2\"  class=\"panel-grid-cell\" ><div id=\"panel-76446-6-2-0\" class=\"so-panel widget widget_text panel-first-child panel-last-child\" data-index=\"20\" >\t\t\t<div class=\"textwidget\"><p><a href=\"http:\/\/www.granulati.it\/wp-content\/uploads\/2022\/06\/gmontorfano.jpg\"><img class=\"colorbox-76446\"  src=\"http:\/\/www.granulati.it\/wp-content\/uploads\/2022\/06\/gmontorfano.jpg\" \/><\/a><\/p>\n<h5 style=\"font-size: 15px; color: #006785;\">GRANITO MONTORFANO<\/h5>\n<hr style=\"margin-bottom: 2px;\" \/>\n<p><strong>1,2\u20132,5 mm<\/strong><br \/>\nBig Bag 1500 kg<br \/>\n25 kg \/ PCS<\/p>\n<p><strong>2,5-4 mm<\/strong><br \/>\nBig Bag 1500 kg<br \/>\n25 kg \/ PCS<\/p>\n<p><strong>4-10 mm<\/strong><br \/>\nBig Bag 1500 kg<br \/>\n25 kg \/ PCS<\/p>\n<\/div>\n\t\t<\/div><\/div><div id=\"pgc-76446-6-3\"  class=\"panel-grid-cell\" ><div id=\"panel-76446-6-3-0\" class=\"so-panel widget widget_text panel-first-child panel-last-child\" data-index=\"21\" >\t\t\t<div class=\"textwidget\"><p><a href=\"http:\/\/www.granulati.it\/wp-content\/uploads\/2022\/06\/gocchialino.jpg\"><img class=\"colorbox-76446\"  src=\"http:\/\/www.granulati.it\/wp-content\/uploads\/2022\/06\/gocchialino.jpg\" \/><\/a><\/p>\n<h5 style=\"font-size: 15px; color: #006785;\">OCCHIALINO<\/h5>\n<hr style=\"margin-bottom: 2px;\" \/>\n<p><strong>1,8\u20133 mm<\/strong><br \/>\nBig Bag 1500 kg<br \/>\n25 kg \/ PCS<\/p>\n<p><strong>3-5 mm<\/strong><br \/>\nBig Bag 1500 kg<br \/>\n25 kg \/ PCS<\/p>\n<p><strong>5-8 mm<\/strong><br \/>\nBig Bag 1500 kg<br \/>\n25 kg \/ PCS<\/p>\n<\/div>\n\t\t<\/div><\/div><\/div><div id=\"pg-76446-7\"  class=\"panel-grid panel-no-style\" ><div id=\"pgc-76446-7-0\"  class=\"panel-grid-cell\" ><div id=\"panel-76446-7-0-0\" class=\"so-panel widget widget_text panel-first-child panel-last-child\" data-index=\"22\" >\t\t\t<div class=\"textwidget\"><p><a href=\"http:\/\/www.granulati.it\/wp-content\/uploads\/2024\/01\/grigiotriesteg.jpg\"><img loading=\"lazy\" class=\"alignnone wp-image-78520 size-full colorbox-76446\" src=\"http:\/\/www.granulati.it\/wp-content\/uploads\/2024\/01\/grigiotriesteg.jpg\" alt=\"\" width=\"300\" height=\"176\" srcset=\"https:\/\/www.granulati.it\/wp-content\/uploads\/2024\/01\/grigiotriesteg.jpg 300w, https:\/\/www.granulati.it\/wp-content\/uploads\/2024\/01\/grigiotriesteg-85x50.jpg 85w\" sizes=\"(max-width: 300px) 100vw, 300px\" \/><\/a><\/p>\n<h5 style=\"font-size: 15px; color: #006785;\">GRIGIO TRIESTE<\/h5>\n<hr style=\"margin-bottom: 2px;\" \/>\n<p><strong>3-5 mm<\/strong><br \/>\nBig Bag 1500 kg<br \/>\n25 kg \/ PCS<\/p>\n<p>&nbsp;<\/p>\n<\/div>\n\t\t<\/div><\/div><div id=\"pgc-76446-7-1\"  class=\"panel-grid-cell\" ><div id=\"panel-76446-7-1-0\" class=\"so-panel widget widget_text panel-first-child panel-last-child\" data-index=\"23\" >\t\t\t<div class=\"textwidget\"><p><img loading=\"lazy\" class=\"alignnone wp-image-79511 size-full colorbox-76446\" src=\"http:\/\/www.granulati.it\/wp-content\/uploads\/2025\/01\/thassos.jpg\" alt=\"\" width=\"300\" height=\"176\" srcset=\"https:\/\/www.granulati.it\/wp-content\/uploads\/2025\/01\/thassos.jpg 300w, https:\/\/www.granulati.it\/wp-content\/uploads\/2025\/01\/thassos-85x50.jpg 85w\" sizes=\"(max-width: 300px) 100vw, 300px\" \/><\/p>\n<h5 style=\"font-size: 15px; color: #006785;\">THASSOS WHITE<\/h5>\n<hr style=\"margin-bottom: 2px;\" \/>\n<p><strong>1-3 mm<\/strong><br \/>\nBig Bag 1300 kg<br \/>\n20 kg \/ PCS<\/p>\n<p><strong>3-8 mm<\/strong><br \/>\nBig Bag 1500 kg<br \/>\n20 kg \/ PCS<\/p>\n<\/div>\n\t\t<\/div><\/div><div id=\"pgc-76446-7-2\"  class=\"panel-grid-cell\" ><div id=\"panel-76446-7-2-0\" class=\"so-panel widget widget_text panel-first-child panel-last-child\" data-index=\"24\" >\t\t\t<div class=\"textwidget\"><p><img loading=\"lazy\" class=\"alignnone wp-image-79512 size-full colorbox-76446\" src=\"http:\/\/www.granulati.it\/wp-content\/uploads\/2025\/01\/rougeroyal.jpg\" alt=\"\" width=\"300\" height=\"176\" srcset=\"https:\/\/www.granulati.it\/wp-content\/uploads\/2025\/01\/rougeroyal.jpg 300w, https:\/\/www.granulati.it\/wp-content\/uploads\/2025\/01\/rougeroyal-85x50.jpg 85w\" sizes=\"(max-width: 300px) 100vw, 300px\" \/><\/p>\n<h5 style=\"font-size: 15px; color: #006785;\">ROUGE ROYAL<\/h5>\n<hr style=\"margin-bottom: 2px;\" \/>\n<p><strong>3-5 mm<\/strong><br \/>\nBig Bag 1300 kg<br \/>\n20 kg \/ PCS<\/p>\n<p><strong>5-8 mm<\/strong><br \/>\nBig Bag 1500 kg<br \/>\n20 kg \/ PCS<\/p>\n<\/div>\n\t\t<\/div><\/div><div id=\"pgc-76446-7-3\"  class=\"panel-grid-cell\" ><div id=\"panel-76446-7-3-0\" class=\"so-panel widget widget_text panel-first-child panel-last-child\" data-index=\"25\" >\t\t\t<div class=\"textwidget\"><p><a href=\"http:\/\/www.granulati.it\/wp-content\/uploads\/2022\/06\/gcarnico.jpg\"><img class=\"colorbox-76446\"  src=\"http:\/\/www.granulati.it\/wp-content\/uploads\/2022\/06\/gcarnico.jpg\" \/><\/a><\/p>\n<h5 style=\"font-size: 15px; color: #006785;\">GRIGIO CARNICO<\/h5>\n<hr style=\"margin-bottom: 2px;\" \/>\n<p><strong>1,8-3 mm<\/strong><br \/>\nBig Bag 1500 kg<br \/>\n25 kg \/ PCS<\/p>\n<p><strong>3-5 mm<\/strong><br \/>\nBig Bag 1500 kg<br \/>\n25 kg \/ PCS<\/p>\n<p><strong>5-8 mm<\/strong><br \/>\nBig Bag 1500 kg<br \/>\n25 kg \/ PCS<\/p>\n<\/div>\n\t\t<\/div><\/div><\/div><div id=\"pg-76446-8\"  class=\"panel-grid panel-no-style\" ><div id=\"pgc-76446-8-0\"  class=\"panel-grid-cell\" ><div id=\"panel-76446-8-0-0\" class=\"so-panel widget widget_text panel-first-child panel-last-child\" data-index=\"26\" >\t\t\t<div class=\"textwidget\"><p><a href=\"http:\/\/www.granulati.it\/wp-content\/uploads\/2022\/06\/glevanto.jpg\"><img class=\"colorbox-76446\"  src=\"http:\/\/www.granulati.it\/wp-content\/uploads\/2022\/06\/glevanto.jpg\" \/><\/a><\/p>\n<h5 style=\"font-size: 15px; color: #006785;\">ROSSO LEVANTO<\/h5>\n<hr style=\"margin-bottom: 2px;\" \/>\n<p><strong>1,8-3 mm<\/strong><br \/>\nBig Bag 1500 kg<br \/>\n25 kg \/ PCS<\/p>\n<p><strong>3-5 mm<\/strong><br \/>\nBig Bag 1500 kg<br \/>\n25 kg \/ PCS<\/p>\n<p><strong>5-8 mm<\/strong><br \/>\nBig Bag 1500 kg<br \/>\n25 kg \/ PCS<\/p>\n<\/div>\n\t\t<\/div><\/div><div id=\"pgc-76446-8-1\"  class=\"panel-grid-cell\" ><div id=\"panel-76446-8-1-0\" class=\"so-panel widget widget_text panel-first-child panel-last-child\" data-index=\"27\" >\t\t\t<div class=\"textwidget\"><p><a href=\"http:\/\/www.granulati.it\/wp-content\/uploads\/2022\/06\/gporfido-marrone.jpg\"><img class=\"colorbox-76446\"  src=\"http:\/\/www.granulati.it\/wp-content\/uploads\/2022\/06\/gporfido-marrone.jpg\" \/><\/a><\/p>\n<h5 style=\"font-size: 15px; color: #006785;\">PORFIDO MARRONE<\/h5>\n<hr style=\"margin-bottom: 2px;\" \/>\n<p><strong>3\u20135 mm<\/strong><br \/>\nBig Bag 1500 kg<br \/>\n25 kg \/ PCS<\/p>\n<p><strong>5\u20138 mm<\/strong><br \/>\nBig Bag 1500 kg<br \/>\n25 kg \/ PCS<\/p>\n<\/div>\n\t\t<\/div><\/div><div id=\"pgc-76446-8-2\"  class=\"panel-grid-cell panel-grid-cell-empty panel-grid-cell-mobile-last\" ><\/div><div id=\"pgc-76446-8-3\"  class=\"panel-grid-cell panel-grid-cell-empty\" ><\/div><\/div><\/div>","protected":false},"excerpt":{"rendered":"<p>GRANULATI PER RESINE Granulati per lavorazioni con resina. I pavimenti in resina vantano eccellenti caratteristiche di resistenza, igienicit\u00e0, conducibilit\u00e0 elettrica e praticit\u00e0 di messa in posa. Nascono per essere impiegati in ogni tipo di edificio (capannoni, ambienti produttivi, alimentari, farmaceutici, magazzini, aree di stoccaggio merci, ecc.), di attivit\u00e0 lavorativa e di accoglienza al pubblico e in tutte quelle aree dove sia richiesta una superficie antisdrucciolo. Viene molto utilizzata per\u00f2 anche per fondali di bio-piscine per un effetto realistico che riproduce le spiagge caraibiche. La pavimentazione risultante offre innumerevoli pregi, tra cui: Aspetto estetico notevole Totale assenza di formazione di polvere Impermeabilit\u00e0 a liquidi e oli Estrema facilit\u00e0 di pulizia Elevate resistenze chimiche e meccaniche, che lo rendono idoneo anche al traffico intensivo di mezzi pesanti Lieve recupero di dislivelli della precedente pavimentazione Per assicurare la buona riuscita della lavorazione \u00e8 necessario includere il servizio di asciugatura che Granulati Zandobbio fornisce in accoppiata all&#8217;acquisto dei prodotti.<\/p>\n","protected":false},"author":1,"featured_media":78,"parent":0,"menu_order":34,"comment_status":"closed","ping_status":"closed","template":"","meta":{"_links_to":"","_links_to_target":""},"aioseo_notices":[],"_links":{"self":[{"href":"https:\/\/www.granulati.it\/it\/wp-json\/wp\/v2\/pages\/76446"}],"collection":[{"href":"https:\/\/www.granulati.it\/it\/wp-json\/wp\/v2\/pages"}],"about":[{"href":"https:\/\/www.granulati.it\/it\/wp-json\/wp\/v2\/types\/page"}],"author":[{"embeddable":true,"href":"https:\/\/www.granulati.it\/it\/wp-json\/wp\/v2\/users\/1"}],"replies":[{"embeddable":true,"href":"https:\/\/www.granulati.it\/it\/wp-json\/wp\/v2\/comments?post=76446"}],"version-history":[{"count":12,"href":"https:\/\/www.granulati.it\/it\/wp-json\/wp\/v2\/pages\/76446\/revisions"}],"predecessor-version":[{"id":84458,"href":"https:\/\/www.granulati.it\/it\/wp-json\/wp\/v2\/pages\/76446\/revisions\/84458"}],"wp:featuredmedia":[{"embeddable":true,"href":"https:\/\/www.granulati.it\/it\/wp-json\/wp\/v2\/media\/78"}],"wp:attachment":[{"href":"https:\/\/www.granulati.it\/it\/wp-json\/wp\/v2\/media?parent=76446"}],"curies":[{"name":"wp","href":"https:\/\/api.w.org\/{rel}","templated":true}]}}