{"id":76441,"date":"2022-06-09T11:04:11","date_gmt":"2022-06-09T09:04:11","guid":{"rendered":"http:\/\/www.granulati.it\/it\/inerti-per-resine-copy\/"},"modified":"2025-01-10T16:43:43","modified_gmt":"2025-01-10T15:43:43","slug":"inerti-per-resine-copy","status":"publish","type":"page","link":"https:\/\/www.granulati.it\/it\/ciottoli-naturali-per-resine\/","title":{"rendered":"Ciottoli naturali per resine"},"content":{"rendered":"<div id=\"pl-76441\"  class=\"panel-layout\" ><div id=\"pg-76441-0\"  class=\"panel-grid panel-no-style\" ><div id=\"pgc-76441-0-0\"  class=\"panel-grid-cell\" ><div id=\"panel-76441-0-0-0\" class=\"so-panel widget widget_text panel-first-child panel-last-child\" data-index=\"0\" >\t\t\t<div class=\"textwidget\"><div style=\"background-color: #006785; height: 50px;\">\n<h1 style=\"padding-top: 10px;\"><span style=\"color: white;\">CIOTTOLI NATURALI PER RESINE<\/span><\/h1>\n<\/div>\n<\/div>\n\t\t<\/div><\/div><\/div><div id=\"pg-76441-1\"  class=\"panel-grid panel-no-style\" ><div id=\"pgc-76441-1-0\"  class=\"panel-grid-cell\" ><div id=\"panel-76441-1-0-0\" class=\"so-panel widget widget_text panel-first-child panel-last-child\" data-index=\"1\" >\t\t\t<div class=\"textwidget\"><p style=\"font-size: 14px;\">Ciottoli naturali per lavorazioni con resina. I pavimenti in resina vantano eccellenti caratteristiche di resistenza, igienicit\u00e0, conducibilit\u00e0 elettrica e praticit\u00e0 di messa in posa. Nascono per essere impiegati in ogni tipo di edificio (capannoni, ambienti produttivi, alimentari, farmaceutici, magazzini, aree di stoccaggio merci, ecc.), di attivit\u00e0 lavorativa e di accoglienza al pubblico e in tutte quelle aree dove sia richiesta una superficie antisdrucciolo. Viene molto utilizzata per\u00f2 anche per fondali di bio-piscine per un effetto realistico che riproduce le spiagge caraibiche.<br \/>\nLa pavimentazione risultante offre innumerevoli pregi, tra cui:<\/p>\n<ul>\n<li>Aspetto estetico notevole<\/li>\n<li>Totale assenza di formazione di polvere<\/li>\n<li>Impermeabilit\u00e0 a liquidi e oli<\/li>\n<li>Estrema facilit\u00e0 di pulizia<\/li>\n<li>Elevate resistenze chimiche e meccaniche, che lo rendono idoneo anche al traffico intensivo di mezzi pesanti<\/li>\n<li>Lieve recupero di dislivelli della precedente pavimentazione<\/li>\n<\/ul>\n<p style=\"font-size: 14px;\">Per assicurare la buona riuscita della lavorazione <strong>\u00e8 necessario includere il servizio di asciugatura<\/strong> che Granulati Zandobbio fornisce in accoppiata all&#8217;acquisto dei prodotti.<\/p>\n<\/div>\n\t\t<\/div><\/div><\/div><div id=\"pg-76441-2\"  class=\"panel-grid panel-no-style\" ><div id=\"pgc-76441-2-0\"  class=\"panel-grid-cell\" ><div id=\"panel-76441-2-0-0\" class=\"so-panel widget widget_text panel-first-child panel-last-child\" data-index=\"2\" >\t\t\t<div class=\"textwidget\"><p><a href=\"http:\/\/www.granulati.it\/wp-content\/uploads\/2022\/06\/istria.jpg\"><img class=\"colorbox-76441\"  src=\"http:\/\/www.granulati.it\/wp-content\/uploads\/2022\/06\/istria.jpg\" \/><\/a><\/p>\n<h5 style=\"font-size: 15px; color: #006785;\">GHIAIETTO ISTRIA<\/h5>\n<hr style=\"margin-bottom: 2px;\" \/>\n<p><strong>4-9 mm<\/strong><br \/>\nBig Bag 1500 kg<br \/>\n25 kg \/ PCS<\/p>\n<\/div>\n\t\t<\/div><\/div><div id=\"pgc-76441-2-1\"  class=\"panel-grid-cell\" ><div id=\"panel-76441-2-1-0\" class=\"so-panel widget widget_text panel-first-child panel-last-child\" data-index=\"3\" >\t\t\t<div class=\"textwidget\"><p><a href=\"http:\/\/www.granulati.it\/wp-content\/uploads\/2022\/06\/millefiori.jpg\"><img class=\"colorbox-76441\"  src=\"http:\/\/www.granulati.it\/wp-content\/uploads\/2022\/06\/millefiori.jpg\" \/><\/a><\/p>\n<h5 style=\"font-size: 15px; color: #006785;\">GHIAIETTO MILLEFIORI<\/h5>\n<hr style=\"margin-bottom: 2px;\" \/>\n<p><strong>2-6 mm<\/strong><br \/>\nBig Bag 1500 kg<br \/>\n25 kg \/ PCS<\/p>\n<p><strong>6-9 mm<\/strong><br \/>\nBig Bag 1500 kg<br \/>\n25 kg \/ PCS<\/p>\n<\/div>\n\t\t<\/div><\/div><div id=\"pgc-76441-2-2\"  class=\"panel-grid-cell panel-grid-cell-empty panel-grid-cell-mobile-last\" ><\/div><div id=\"pgc-76441-2-3\"  class=\"panel-grid-cell panel-grid-cell-empty\" ><\/div><\/div><\/div>","protected":false},"excerpt":{"rendered":"<p>CIOTTOLI NATURALI PER RESINE Ciottoli naturali per lavorazioni con resina. I pavimenti in resina vantano eccellenti caratteristiche di resistenza, igienicit\u00e0, conducibilit\u00e0 elettrica e praticit\u00e0 di messa in posa. Nascono per essere impiegati in ogni tipo di edificio (capannoni, ambienti produttivi, alimentari, farmaceutici, magazzini, aree di stoccaggio merci, ecc.), di attivit\u00e0 lavorativa e di accoglienza al pubblico e in tutte quelle aree dove sia richiesta una superficie antisdrucciolo. Viene molto utilizzata per\u00f2 anche per fondali di bio-piscine per un effetto realistico che riproduce le spiagge caraibiche. La pavimentazione risultante offre innumerevoli pregi, tra cui: Aspetto estetico notevole Totale assenza di formazione di polvere Impermeabilit\u00e0 a liquidi e oli Estrema facilit\u00e0 di pulizia Elevate resistenze chimiche e meccaniche, che lo rendono idoneo anche al traffico intensivo di mezzi pesanti Lieve recupero di dislivelli della precedente pavimentazione Per assicurare la buona riuscita della lavorazione \u00e8 necessario includere il servizio di asciugatura che Granulati Zandobbio fornisce in accoppiata all&#8217;acquisto dei prodotti.<\/p>\n","protected":false},"author":1,"featured_media":78,"parent":0,"menu_order":34,"comment_status":"closed","ping_status":"closed","template":"","meta":{"_links_to":"","_links_to_target":""},"aioseo_notices":[],"_links":{"self":[{"href":"https:\/\/www.granulati.it\/it\/wp-json\/wp\/v2\/pages\/76441"}],"collection":[{"href":"https:\/\/www.granulati.it\/it\/wp-json\/wp\/v2\/pages"}],"about":[{"href":"https:\/\/www.granulati.it\/it\/wp-json\/wp\/v2\/types\/page"}],"author":[{"embeddable":true,"href":"https:\/\/www.granulati.it\/it\/wp-json\/wp\/v2\/users\/1"}],"replies":[{"embeddable":true,"href":"https:\/\/www.granulati.it\/it\/wp-json\/wp\/v2\/comments?post=76441"}],"version-history":[{"count":2,"href":"https:\/\/www.granulati.it\/it\/wp-json\/wp\/v2\/pages\/76441\/revisions"}],"predecessor-version":[{"id":79510,"href":"https:\/\/www.granulati.it\/it\/wp-json\/wp\/v2\/pages\/76441\/revisions\/79510"}],"wp:featuredmedia":[{"embeddable":true,"href":"https:\/\/www.granulati.it\/it\/wp-json\/wp\/v2\/media\/78"}],"wp:attachment":[{"href":"https:\/\/www.granulati.it\/it\/wp-json\/wp\/v2\/media?parent=76441"}],"curies":[{"name":"wp","href":"https:\/\/api.w.org\/{rel}","templated":true}]}}