{"id":76355,"date":"2022-06-08T16:41:56","date_gmt":"2022-06-08T14:41:56","guid":{"rendered":"http:\/\/www.granulati.it\/it\/prodotti\/granulati-2\/granulati-di-vetro-e-pietre-semi-preziose-copy-copy\/"},"modified":"2026-03-31T13:17:10","modified_gmt":"2026-03-31T11:17:10","slug":"inerti-per-resine","status":"publish","type":"page","link":"https:\/\/www.granulati.it\/it\/ciottoli-per-resine\/","title":{"rendered":"Ciottoli per resine"},"content":{"rendered":"<div id=\"pl-76355\"  class=\"panel-layout\" ><div id=\"pg-76355-0\"  class=\"panel-grid panel-no-style\" ><div id=\"pgc-76355-0-0\"  class=\"panel-grid-cell\" ><div id=\"panel-76355-0-0-0\" class=\"so-panel widget widget_text panel-first-child panel-last-child\" data-index=\"0\" >\t\t\t<div class=\"textwidget\"><div style=\"background-color: #006785; height: 50px;\">\n<h1 style=\"padding-top: 10px;\"><span style=\"color: white;\">CIOTTOLI PER RESINE<\/span><\/h1>\n<\/div>\n<\/div>\n\t\t<\/div><\/div><\/div><div id=\"pg-76355-1\"  class=\"panel-grid panel-no-style\" ><div id=\"pgc-76355-1-0\"  class=\"panel-grid-cell\" ><div id=\"panel-76355-1-0-0\" class=\"so-panel widget widget_text panel-first-child panel-last-child\" data-index=\"1\" >\t\t\t<div class=\"textwidget\"><p style=\"font-size: 14px;\">Ciottoli per lavorazioni con resina. I pavimenti in resina vantano eccellenti caratteristiche di resistenza, igienicit\u00e0, conducibilit\u00e0 elettrica e praticit\u00e0 di messa in posa. Nascono per essere impiegati in ogni tipo di edificio (capannoni, ambienti produttivi, alimentari, farmaceutici, magazzini, aree di stoccaggio merci, ecc.), di attivit\u00e0 lavorativa e di accoglienza al pubblico e in tutte quelle aree dove sia richiesta una superficie antisdrucciolo. Viene molto utilizzata per\u00f2 anche per fondali di bio-piscine per un effetto realistico che riproduce le spiagge caraibiche.<br \/>\nLa pavimentazione risultante offre innumerevoli pregi, tra cui:<\/p>\n<ul>\n<li>Aspetto estetico notevole<\/li>\n<li>Totale assenza di formazione di polvere<\/li>\n<li>Impermeabilit\u00e0 a liquidi e oli<\/li>\n<li>Estrema facilit\u00e0 di pulizia<\/li>\n<li>Elevate resistenze chimiche e meccaniche, che lo rendono idoneo anche al traffico intensivo di mezzi pesanti<\/li>\n<li>Lieve recupero di dislivelli della precedente pavimentazione<\/li>\n<\/ul>\n<p style=\"font-size: 14px;\">Per assicurare la buona riuscita della lavorazione <strong>\u00e8 necessario includere il servizio di asciugatura<\/strong> che Granulati Zandobbio fornisce in accoppiata all&#8217;acquisto dei prodotti.<\/p>\n<\/div>\n\t\t<\/div><\/div><\/div><div id=\"pg-76355-2\"  class=\"panel-grid panel-no-style\" ><div id=\"pgc-76355-2-0\"  class=\"panel-grid-cell\" ><div id=\"panel-76355-2-0-0\" class=\"so-panel widget widget_text panel-first-child panel-last-child\" data-index=\"2\" >\t\t\t<div class=\"textwidget\"><p><a href=\"http:\/\/www.granulati.it\/wp-content\/uploads\/2022\/06\/arabescato-1.jpg\"><img class=\"colorbox-76355\"  src=\"http:\/\/www.granulati.it\/wp-content\/uploads\/2022\/06\/arabescato-1.jpg\" \/><\/a><\/p>\n<h5 style=\"font-size: 15px; color: #006785;\">ARABESCATO<\/h5>\n<hr style=\"margin-bottom:2px;\" \/>\n<p><strong>1-4 mm<\/strong><br \/>\nBig Bag 1500 kg<br \/>\n25 kg \/ PCS<\/p>\n<p><strong>4-8 mm<\/strong><br \/>\nBig Bag 1500 kg<br \/>\n25 kg \/ PCS<\/p>\n<\/div>\n\t\t<\/div><\/div><div id=\"pgc-76355-2-1\"  class=\"panel-grid-cell\" ><div id=\"panel-76355-2-1-0\" class=\"so-panel widget widget_text panel-first-child panel-last-child\" data-index=\"3\" >\t\t\t<div class=\"textwidget\"><p><a href=\"http:\/\/www.granulati.it\/wp-content\/uploads\/2022\/06\/orobico-1.jpg\"><img class=\"colorbox-76355\"  src=\"http:\/\/www.granulati.it\/wp-content\/uploads\/2022\/06\/orobico-1.jpg\" \/><\/a><\/p>\n<h5 style=\"font-size: 15px; color: #006785;\">OROBICO<\/h5>\n<hr style=\"margin-bottom:2px;\" \/>\n<p><strong>1-4 mm<\/strong><br \/>\nBig Bag 1500 kg<br \/>\n25 kg \/ PCS<\/p>\n<p><strong>4-8 mm<\/strong><br \/>\nBig Bag 1500 kg<br \/>\n25 kg \/ PCS<\/p>\n<\/div>\n\t\t<\/div><\/div><div id=\"pgc-76355-2-2\"  class=\"panel-grid-cell\" ><div id=\"panel-76355-2-2-0\" class=\"so-panel widget widget_text panel-first-child panel-last-child\" data-index=\"4\" >\t\t\t<div class=\"textwidget\"><p><a href=\"http:\/\/www.granulati.it\/wp-content\/uploads\/2026\/03\/cbordeaux.jpg\"><img class=\"colorbox-76355\"  src=\"http:\/\/www.granulati.it\/wp-content\/uploads\/2026\/03\/cbordeaux.jpg\" \/><\/a><\/p>\n<h5 style=\"font-size: 15px; color: #006785;\">BORDEAUX<\/h5>\n<hr style=\"margin-bottom: 2px;\" \/>\n<p><strong>1-4 mm<\/strong><br \/>\nBig Bag 1500 kg<br \/>\n25 kg \/ PCS<\/p>\n<\/div>\n\t\t<\/div><\/div><div id=\"pgc-76355-2-3\"  class=\"panel-grid-cell\" ><div id=\"panel-76355-2-3-0\" class=\"so-panel widget widget_text panel-first-child panel-last-child\" data-index=\"5\" >\t\t\t<div class=\"textwidget\"><p><a href=\"http:\/\/www.granulati.it\/wp-content\/uploads\/2026\/03\/ccaramel.jpg\"><img class=\"colorbox-76355\"  src=\"http:\/\/www.granulati.it\/wp-content\/uploads\/2026\/03\/ccaramel.jpg\" \/><\/a><\/p>\n<h5 style=\"font-size: 15px; color: #006785;\">CARAMEL<\/h5>\n<hr style=\"margin-bottom: 2px;\" \/>\n<p><strong>1-4 mm<\/strong><br \/>\nBig Bag 1500 kg<br \/>\n25 kg \/ PCS<\/p>\n<\/div>\n\t\t<\/div><\/div><\/div><div id=\"pg-76355-3\"  class=\"panel-grid panel-no-style\" ><div id=\"pgc-76355-3-0\"  class=\"panel-grid-cell\" ><div id=\"panel-76355-3-0-0\" class=\"so-panel widget widget_text panel-first-child panel-last-child\" data-index=\"6\" >\t\t\t<div class=\"textwidget\"><p><a href=\"http:\/\/www.granulati.it\/wp-content\/uploads\/2026\/03\/cgrgiobrasile.jpg\"><img class=\"colorbox-76355\"  src=\"http:\/\/www.granulati.it\/wp-content\/uploads\/2026\/03\/cgrgiobrasile.jpg\" \/><\/a><\/p>\n<h5 style=\"font-size: 15px; color: #006785;\">GRIGIO BRASILE<\/h5>\n<hr style=\"margin-bottom: 2px;\" \/>\n<p><strong>1-4 mm<\/strong><br \/>\nBig Bag 1500 kg<br \/>\n25 kg \/ PCS<\/p>\n<\/div>\n\t\t<\/div><\/div><div id=\"pgc-76355-3-1\"  class=\"panel-grid-cell\" ><div id=\"panel-76355-3-1-0\" class=\"so-panel widget widget_text panel-first-child panel-last-child\" data-index=\"7\" >\t\t\t<div class=\"textwidget\"><p><a href=\"http:\/\/www.granulati.it\/wp-content\/uploads\/2022\/06\/sky-blue-1.jpg\"><img class=\"colorbox-76355\"  src=\"http:\/\/www.granulati.it\/wp-content\/uploads\/2022\/06\/sky-blue-1.jpg\" \/><\/a><\/p>\n<h5 style=\"font-size: 15px; color: #006785;\">ICE BLUE<\/h5>\n<hr style=\"margin-bottom: 2px;\" \/>\n<p><strong>1-4 mm<\/strong><br \/>\nBig Bag 1500 kg<br \/>\n25 kg \/ PCS<\/p>\n<p><strong>4-8 mm<\/strong><br \/>\nBig Bag 1500 kg<br \/>\n25 kg \/ PCS<\/p>\n<\/div>\n\t\t<\/div><\/div><div id=\"pgc-76355-3-2\"  class=\"panel-grid-cell\" ><div id=\"panel-76355-3-2-0\" class=\"so-panel widget widget_text panel-first-child panel-last-child\" data-index=\"8\" >\t\t\t<div class=\"textwidget\"><p><a href=\"http:\/\/www.granulati.it\/wp-content\/uploads\/2022\/06\/bardiglio-1.jpg\"><img class=\"colorbox-76355\"  src=\"http:\/\/www.granulati.it\/wp-content\/uploads\/2022\/06\/bardiglio-1.jpg\" \/><\/a><\/p>\n<h5 style=\"font-size: 15px; color: #006785;\">SKY<\/h5>\n<hr style=\"margin-bottom: 2px;\" \/>\n<p><strong>1-4 mm<\/strong><br \/>\nBig Bag 1500 kg<br \/>\n25 kg \/ PCS<\/p>\n<p><strong>4-8 mm<\/strong><br \/>\nBig Bag 1500 kg<br \/>\n25 kg \/ PCS<\/p>\n<\/div>\n\t\t<\/div><\/div><div id=\"pgc-76355-3-3\"  class=\"panel-grid-cell\" ><div id=\"panel-76355-3-3-0\" class=\"so-panel widget widget_text panel-first-child panel-last-child\" data-index=\"9\" >\t\t\t<div class=\"textwidget\"><p><a href=\"http:\/\/www.granulati.it\/wp-content\/uploads\/2022\/06\/carrara-1.jpg\"><img class=\"colorbox-76355\"  src=\"http:\/\/www.granulati.it\/wp-content\/uploads\/2022\/06\/carrara-1.jpg\" \/><\/a><\/p>\n<h5 style=\"font-size: 15px; color: #006785;\">BIANCO CARRARA<\/h5>\n<hr style=\"margin-bottom:2px;\" \/>\n<p><strong>1-4 mm<\/strong><br \/>\nBig Bag 1500 kg<br \/>\n25 kg \/ PCS<\/p>\n<p><strong>4-8 mm<\/strong><br \/>\nBig Bag 1500 kg<br \/>\n25 kg \/ PCS<\/p>\n<\/div>\n\t\t<\/div><\/div><\/div><div id=\"pg-76355-4\"  class=\"panel-grid panel-no-style\" ><div id=\"pgc-76355-4-0\"  class=\"panel-grid-cell\" ><div id=\"panel-76355-4-0-0\" class=\"so-panel widget widget_text panel-first-child panel-last-child\" data-index=\"10\" >\t\t\t<div class=\"textwidget\"><p><a href=\"http:\/\/www.granulati.it\/wp-content\/uploads\/2022\/06\/zandobbio-1.jpg\"><img class=\"colorbox-76355\"  src=\"http:\/\/www.granulati.it\/wp-content\/uploads\/2022\/06\/zandobbio-1.jpg\" \/><\/a><\/p>\n<h5 style=\"font-size: 15px; color: #006785;\">BIANCO ZANDOBBIO<\/h5>\n<hr style=\"margin-bottom:2px;\" \/>\n<p><strong>1-4 mm<\/strong><br \/>\nBig Bag 1500 kg<br \/>\n25 kg \/ PCS<\/p>\n<p><strong>4-8 mm<\/strong><br \/>\nBig Bag 1500 kg<br \/>\n25 kg \/ PCS<\/p>\n<\/div>\n\t\t<\/div><\/div><div id=\"pgc-76355-4-1\"  class=\"panel-grid-cell\" ><div id=\"panel-76355-4-1-0\" class=\"so-panel widget widget_text panel-first-child panel-last-child\" data-index=\"11\" >\t\t\t<div class=\"textwidget\"><p><a href=\"http:\/\/www.granulati.it\/wp-content\/uploads\/2022\/06\/botticino-1.jpg\"><img class=\"colorbox-76355\"  src=\"http:\/\/www.granulati.it\/wp-content\/uploads\/2022\/06\/botticino-1.jpg\" \/><\/a><\/p>\n<h5 style=\"font-size: 15px; color: #006785;\">BOTTICINO<\/h5>\n<hr style=\"margin-bottom:2px;\" \/>\n<p><strong>1-4 mm<\/strong><br \/>\nBig Bag 1500 kg<br \/>\n25 kg \/ PCS<\/p>\n<p><strong>4-8 mm<\/strong><br \/>\nBig Bag 1500 kg<br \/>\n25 kg \/ PCS<\/p>\n<\/div>\n\t\t<\/div><\/div><div id=\"pgc-76355-4-2\"  class=\"panel-grid-cell\" ><div id=\"panel-76355-4-2-0\" class=\"so-panel widget widget_text panel-first-child panel-last-child\" data-index=\"12\" >\t\t\t<div class=\"textwidget\"><p><a href=\"http:\/\/www.granulati.it\/wp-content\/uploads\/2022\/06\/bianco-verona-1.jpg\"><img class=\"colorbox-76355\"  src=\"http:\/\/www.granulati.it\/wp-content\/uploads\/2022\/06\/bianco-verona-1.jpg\" \/><\/a><\/p>\n<h5 style=\"font-size: 15px; color: #006785;\">BIANCO VERONA<\/h5>\n<hr style=\"margin-bottom:2px;\" \/>\n<p><strong>1-4 mm<\/strong><br \/>\nBig Bag 1500 kg<br \/>\n25 kg \/ PCS<\/p>\n<p><strong>4-8 mm<\/strong><br \/>\nBig Bag 1500 kg<br \/>\n25 kg \/ PCS<\/p>\n<\/div>\n\t\t<\/div><\/div><div id=\"pgc-76355-4-3\"  class=\"panel-grid-cell\" ><div id=\"panel-76355-4-3-0\" class=\"so-panel widget widget_text panel-first-child panel-last-child\" data-index=\"13\" >\t\t\t<div class=\"textwidget\"><p><a href=\"http:\/\/www.granulati.it\/wp-content\/uploads\/2022\/06\/aurora-1.jpg\"><img class=\"colorbox-76355\"  src=\"http:\/\/www.granulati.it\/wp-content\/uploads\/2022\/06\/aurora-1.jpg\" \/><\/a><\/p>\n<h5 style=\"font-size: 15px; color: #006785;\">BRECCIA AURORA<\/h5>\n<hr style=\"margin-bottom:2px;\" \/>\n<p><strong>1-4 mm<\/strong><br \/>\nBig Bag 1500 kg<br \/>\n25 kg \/ PCS<\/p>\n<p><strong>4-8 mm<\/strong><br \/>\nBig Bag 1500 kg<br \/>\n25 kg \/ PCS<\/p>\n<\/div>\n\t\t<\/div><\/div><\/div><div id=\"pg-76355-5\"  class=\"panel-grid panel-no-style\" ><div id=\"pgc-76355-5-0\"  class=\"panel-grid-cell\" ><div id=\"panel-76355-5-0-0\" class=\"so-panel widget widget_text panel-first-child panel-last-child\" data-index=\"14\" >\t\t\t<div class=\"textwidget\"><p><a href=\"http:\/\/www.granulati.it\/wp-content\/uploads\/2022\/06\/pernice-1.jpg\"><img class=\"colorbox-76355\"  src=\"http:\/\/www.granulati.it\/wp-content\/uploads\/2022\/06\/pernice-1.jpg\" \/><\/a><\/p>\n<h5 style=\"font-size: 15px; color: #006785;\">BRECCIA PERNICE<\/h5>\n<hr style=\"margin-bottom:2px;\" \/>\n<p><strong>1-4 mm<\/strong><br \/>\nBig Bag 1500 kg<br \/>\n25 kg \/ PCS<\/p>\n<p><strong>4-8 mm<\/strong><br \/>\nBig Bag 1500 kg<br \/>\n25 kg \/ PCS<\/p>\n<\/div>\n\t\t<\/div><\/div><div id=\"pgc-76355-5-1\"  class=\"panel-grid-cell\" ><div id=\"panel-76355-5-1-0\" class=\"so-panel widget widget_text panel-first-child panel-last-child\" data-index=\"15\" >\t\t\t<div class=\"textwidget\"><p><a href=\"http:\/\/www.granulati.it\/wp-content\/uploads\/2022\/06\/giallo-mori-1.jpg\"><img class=\"colorbox-76355\"  src=\"http:\/\/www.granulati.it\/wp-content\/uploads\/2022\/06\/giallo-mori-1.jpg\" \/><\/a><\/p>\n<h5 style=\"font-size: 15px; color: #006785;\">GIALLO MORI<\/h5>\n<hr style=\"margin-bottom:2px;\" \/>\n<p><strong>1-4 mm<\/strong><br \/>\nBig Bag 1500 kg<br \/>\n25 kg \/ PCS<\/p>\n<p><strong>4-8 mm<\/strong><br \/>\nBig Bag 1500 kg<br \/>\n25 kg \/ PCS<\/p>\n<\/div>\n\t\t<\/div><\/div><div id=\"pgc-76355-5-2\"  class=\"panel-grid-cell\" ><div id=\"panel-76355-5-2-0\" class=\"so-panel widget widget_text panel-first-child panel-last-child\" data-index=\"16\" >\t\t\t<div class=\"textwidget\"><p><a href=\"http:\/\/www.granulati.it\/wp-content\/uploads\/2022\/06\/giallo-siena-1.jpg\"><img class=\"colorbox-76355\"  src=\"http:\/\/www.granulati.it\/wp-content\/uploads\/2022\/06\/giallo-siena-1.jpg\" \/><\/a><\/p>\n<h5 style=\"font-size: 15px; color: #006785;\">GIALLO SIENA<\/h5>\n<hr style=\"margin-bottom:2px;\" \/>\n<p><strong>1-4 mm<\/strong><br \/>\nBig Bag 1500 kg<br \/>\n25 kg \/ PCS<\/p>\n<p><strong>4-8 mm<\/strong><br \/>\nBig Bag 1500 kg<br \/>\n25 kg \/ PCS<\/p>\n<\/div>\n\t\t<\/div><\/div><div id=\"pgc-76355-5-3\"  class=\"panel-grid-cell\" ><div id=\"panel-76355-5-3-0\" class=\"so-panel widget widget_text panel-first-child panel-last-child\" data-index=\"17\" >\t\t\t<div class=\"textwidget\"><p><a href=\"http:\/\/www.granulati.it\/wp-content\/uploads\/2022\/06\/grigio-cenere-1.jpg\"><img class=\"colorbox-76355\"  src=\"http:\/\/www.granulati.it\/wp-content\/uploads\/2022\/06\/grigio-cenere-1.jpg\" \/><\/a><\/p>\n<h5 style=\"font-size: 15px; color: #006785;\">GRIGIO CENERE<\/h5>\n<hr style=\"margin-bottom:2px;\" \/>\n<p><strong>1-4 mm<\/strong><br \/>\nBig Bag 1500 kg<br \/>\n25 kg \/ PCS<\/p>\n<p><strong>4-8 mm<\/strong><br \/>\nBig Bag 1500 kg<br \/>\n25 kg \/ PCS<\/p>\n<\/div>\n\t\t<\/div><\/div><\/div><div id=\"pg-76355-6\"  class=\"panel-grid panel-no-style\" ><div id=\"pgc-76355-6-0\"  class=\"panel-grid-cell\" ><div id=\"panel-76355-6-0-0\" class=\"so-panel widget widget_text panel-first-child panel-last-child\" data-index=\"18\" >\t\t\t<div class=\"textwidget\"><p><a href=\"http:\/\/www.granulati.it\/wp-content\/uploads\/2023\/12\/grigotrieste.jpg\"><img loading=\"lazy\" class=\"alignnone  wp-image-78501 colorbox-76355\" src=\"http:\/\/www.granulati.it\/wp-content\/uploads\/2023\/12\/grigotrieste-300x176.jpg\" alt=\"\" width=\"377\" height=\"221\" srcset=\"https:\/\/www.granulati.it\/wp-content\/uploads\/2023\/12\/grigotrieste-300x176.jpg 300w, https:\/\/www.granulati.it\/wp-content\/uploads\/2023\/12\/grigotrieste-85x50.jpg 85w, https:\/\/www.granulati.it\/wp-content\/uploads\/2023\/12\/grigotrieste.jpg 570w\" sizes=\"(max-width: 377px) 100vw, 377px\" \/><\/a><\/p>\n<h5 style=\"font-size: 15px; color: #006785;\">GRIGO TRIESTE<\/h5>\n<hr style=\"margin-bottom: 2px;\" \/>\n<p><strong>1-4 mm<\/strong><br \/>\nBig Bag 1500 kg<br \/>\n25 kg \/ PCS<\/p>\n<\/div>\n\t\t<\/div><\/div><div id=\"pgc-76355-6-1\"  class=\"panel-grid-cell\" ><div id=\"panel-76355-6-1-0\" class=\"so-panel widget widget_text panel-first-child panel-last-child\" data-index=\"19\" >\t\t\t<div class=\"textwidget\"><p><a href=\"http:\/\/www.granulati.it\/wp-content\/uploads\/2022\/06\/canico.jpg\"><img class=\"colorbox-76355\"  src=\"http:\/\/www.granulati.it\/wp-content\/uploads\/2022\/06\/canico.jpg\" \/><\/a><\/p>\n<h5 style=\"font-size: 15px; color: #006785;\">GRIGIO CARNICO<\/h5>\n<hr style=\"margin-bottom:2px;\" \/>\n<p><strong>1-4 mm<\/strong><br \/>\nBig Bag 1500 kg<br \/>\n25 kg \/ PCS<\/p>\n<p><strong>4-8 mm<\/strong><br \/>\nBig Bag 1500 kg<br \/>\n25 kg \/ PCS<\/p>\n<\/div>\n\t\t<\/div><\/div><div id=\"pgc-76355-6-2\"  class=\"panel-grid-cell\" ><div id=\"panel-76355-6-2-0\" class=\"so-panel widget widget_text panel-first-child panel-last-child\" data-index=\"20\" >\t\t\t<div class=\"textwidget\"><p><a href=\"http:\/\/www.granulati.it\/wp-content\/uploads\/2022\/06\/occhialino-1.jpg\"><img class=\"colorbox-76355\"  src=\"http:\/\/www.granulati.it\/wp-content\/uploads\/2022\/06\/occhialino-1.jpg\" \/><\/a><\/p>\n<h5 style=\"font-size: 15px; color: #006785;\">OCCHIALINO<\/h5>\n<hr style=\"margin-bottom:2px;\" \/>\n<p><strong>1-4 mm<\/strong><br \/>\nBig Bag 1500 kg<br \/>\n25 kg \/ PCS<\/p>\n<p><strong>4-8 mm<\/strong><br \/>\nBig Bag 1500 kg<br \/>\n25 kg \/ PCS<\/p>\n<\/div>\n\t\t<\/div><\/div><div id=\"pgc-76355-6-3\"  class=\"panel-grid-cell\" ><div id=\"panel-76355-6-3-0\" class=\"so-panel widget widget_text panel-first-child panel-last-child\" data-index=\"21\" >\t\t\t<div class=\"textwidget\"><p><a href=\"http:\/\/www.granulati.it\/wp-content\/uploads\/2022\/06\/grigio-topo-1.jpg\"><img class=\"colorbox-76355\"  src=\"http:\/\/www.granulati.it\/wp-content\/uploads\/2022\/06\/grigio-topo-1.jpg\" \/><\/a><\/p>\n<h5 style=\"font-size: 15px; color: #006785;\">GRIGIO TOPO<\/h5>\n<hr style=\"margin-bottom:2px;\" \/>\n<p><strong>3-8 mm<\/strong><br \/>\nBig Bag 1500 kg<br \/>\n25 kg \/ PCS<\/p>\n<\/div>\n\t\t<\/div><\/div><\/div><div id=\"pg-76355-7\"  class=\"panel-grid panel-no-style\" ><div id=\"pgc-76355-7-0\"  class=\"panel-grid-cell\" ><div id=\"panel-76355-7-0-0\" class=\"so-panel widget widget_text panel-first-child panel-last-child\" data-index=\"22\" >\t\t\t<div class=\"textwidget\"><p><a href=\"http:\/\/www.granulati.it\/wp-content\/uploads\/2022\/06\/marrone-1.jpg\"><img class=\"colorbox-76355\"  src=\"http:\/\/www.granulati.it\/wp-content\/uploads\/2022\/06\/marrone-1.jpg\" \/><\/a><\/p>\n<h5 style=\"font-size: 15px; color: #006785;\">MARRONE<\/h5>\n<hr style=\"margin-bottom:2px;\" \/>\n<p><strong>1-4 mm<\/strong><br \/>\nBig Bag 1500 kg<br \/>\n25 kg \/ PCS<\/p>\n<p><strong>4-8 mm<\/strong><br \/>\nBig Bag 1500 kg<br \/>\n25 kg \/ PCS<\/p>\n<\/div>\n\t\t<\/div><\/div><div id=\"pgc-76355-7-1\"  class=\"panel-grid-cell\" ><div id=\"panel-76355-7-1-0\" class=\"so-panel widget widget_text panel-first-child panel-last-child\" data-index=\"23\" >\t\t\t<div class=\"textwidget\"><p><a href=\"http:\/\/www.granulati.it\/wp-content\/uploads\/2022\/06\/nero-ebano-1.jpg\"><img class=\"colorbox-76355\"  src=\"http:\/\/www.granulati.it\/wp-content\/uploads\/2022\/06\/nero-ebano-1.jpg\" \/><\/a><\/p>\n<h5 style=\"font-size: 15px; color: #006785;\">NERO EBANO<\/h5>\n<hr style=\"margin-bottom:2px;\" \/>\n<p><strong>1-4 mm<\/strong><br \/>\nBig Bag 1500 kg<br \/>\n25 kg \/ PCS<\/p>\n<p><strong>4-8 mm<\/strong><br \/>\nBig Bag 1500 kg<br \/>\n25 kg \/ PCS<\/p>\n<\/div>\n\t\t<\/div><\/div><div id=\"pgc-76355-7-2\"  class=\"panel-grid-cell\" ><div id=\"panel-76355-7-2-0\" class=\"so-panel widget widget_text panel-first-child panel-last-child\" data-index=\"24\" >\t\t\t<div class=\"textwidget\"><p><a href=\"http:\/\/www.granulati.it\/wp-content\/uploads\/2022\/06\/rosa-corallo-1.jpg\"><img class=\"colorbox-76355\"  src=\"http:\/\/www.granulati.it\/wp-content\/uploads\/2022\/06\/rosa-corallo-1.jpg\" \/><\/a><\/p>\n<h5 style=\"font-size: 15px; color: #006785;\">ROSA CORALLO<\/h5>\n<hr style=\"margin-bottom: 2px;\" \/>\n<p><strong>1-4 mm<\/strong><br \/>\nBig Bag 1500 kg<br \/>\n25 kg \/ PCS<\/p>\n<p><strong>4-8 mm<\/strong><br \/>\nBig Bag 1500 kg<br \/>\n25 kg \/ PCS<\/p>\n<\/div>\n\t\t<\/div><\/div><div id=\"pgc-76355-7-3\"  class=\"panel-grid-cell\" ><div id=\"panel-76355-7-3-0\" class=\"so-panel widget widget_text panel-first-child panel-last-child\" data-index=\"25\" >\t\t\t<div class=\"textwidget\"><p><a href=\"http:\/\/www.granulati.it\/wp-content\/uploads\/2022\/06\/rossov-erona-1.jpg\"><img class=\"colorbox-76355\"  src=\"http:\/\/www.granulati.it\/wp-content\/uploads\/2022\/06\/rossov-erona-1.jpg\" \/><\/a><\/p>\n<h5 style=\"font-size: 15px; color: #006785;\">ROSSO VERONA<\/h5>\n<hr style=\"margin-bottom: 2px;\" \/>\n<p><strong>1-4 mm<\/strong><br \/>\nBig Bag 1500 kg<br \/>\n25 kg \/ PCS<\/p>\n<p><strong>4-8 mm<\/strong><br \/>\nBig Bag 1500 kg<br \/>\n25 kg \/ PCS<\/p>\n<\/div>\n\t\t<\/div><\/div><\/div><div id=\"pg-76355-8\"  class=\"panel-grid panel-no-style\" ><div id=\"pgc-76355-8-0\"  class=\"panel-grid-cell\" ><div id=\"panel-76355-8-0-0\" class=\"so-panel widget widget_text panel-first-child panel-last-child\" data-index=\"26\" >\t\t\t<div class=\"textwidget\"><p><a href=\"http:\/\/www.granulati.it\/wp-content\/uploads\/2022\/06\/rosso-levanto-1.jpg\"><img class=\"colorbox-76355\"  src=\"http:\/\/www.granulati.it\/wp-content\/uploads\/2022\/06\/rosso-levanto-1.jpg\" \/><\/a><\/p>\n<h5 style=\"font-size: 15px; color: #006785;\">ROSSO LEVANTO<\/h5>\n<hr style=\"margin-bottom: 2px;\" \/>\n<p><strong>1-4 mm<\/strong><br \/>\nBig Bag 1500 kg<br \/>\n25 kg \/ PCS<\/p>\n<p><strong>4-8 mm<\/strong><br \/>\nBig Bag 1500 kg<br \/>\n25 kg \/ PCS<\/p>\n<\/div>\n\t\t<\/div><\/div><div id=\"pgc-76355-8-1\"  class=\"panel-grid-cell\" ><div id=\"panel-76355-8-1-0\" class=\"so-panel widget widget_text panel-first-child panel-last-child\" data-index=\"27\" >\t\t\t<div class=\"textwidget\"><p><a href=\"http:\/\/www.granulati.it\/wp-content\/uploads\/2022\/06\/rouge-royal-1.jpg\"><img class=\"colorbox-76355\"  src=\"http:\/\/www.granulati.it\/wp-content\/uploads\/2022\/06\/rouge-royal-1.jpg\" \/><\/a><\/p>\n<h5 style=\"font-size: 15px; color: #006785;\">ROUGE ROYAL<\/h5>\n<hr style=\"margin-bottom: 2px;\" \/>\n<p><strong>1-4 mm<\/strong><br \/>\nBig Bag 1500 kg<br \/>\n25 kg \/ PCS<\/p>\n<p><strong>4-8 mm<\/strong><br \/>\nBig Bag 1500 kg<br \/>\n25 kg \/ PCS<\/p>\n<\/div>\n\t\t<\/div><\/div><div id=\"pgc-76355-8-2\"  class=\"panel-grid-cell\" ><div id=\"panel-76355-8-2-0\" class=\"so-panel widget widget_text panel-first-child panel-last-child\" data-index=\"28\" >\t\t\t<div class=\"textwidget\"><p><a href=\"http:\/\/www.granulati.it\/wp-content\/uploads\/2022\/06\/thassos-1.jpg\"><img class=\"colorbox-76355\"  src=\"http:\/\/www.granulati.it\/wp-content\/uploads\/2022\/06\/thassos-1.jpg\" \/><\/a><\/p>\n<h5 style=\"font-size: 15px; color: #006785;\">THASSOS WHITE<\/h5>\n<hr style=\"margin-bottom: 2px;\" \/>\n<p><strong>1-4 mm<\/strong><br \/>\nBig Bag 1500 kg<br \/>\n25 kg \/ PCS<\/p>\n<p><strong>4-8 mm<\/strong><br \/>\nBig Bag 1500 kg<br \/>\n25 kg \/ PCS<\/p>\n<\/div>\n\t\t<\/div><\/div><div id=\"pgc-76355-8-3\"  class=\"panel-grid-cell\" ><div id=\"panel-76355-8-3-0\" class=\"so-panel widget widget_text panel-first-child panel-last-child\" data-index=\"29\" >\t\t\t<div class=\"textwidget\"><p><a href=\"http:\/\/www.granulati.it\/wp-content\/uploads\/2022\/06\/verde-alpi-1.jpg\"><img class=\"colorbox-76355\"  src=\"http:\/\/www.granulati.it\/wp-content\/uploads\/2022\/06\/verde-alpi-1.jpg\" \/><\/a><\/p>\n<h5 style=\"font-size: 15px; color: #006785;\">VERDE ALPI<\/h5>\n<hr style=\"margin-bottom: 2px;\" \/>\n<p><strong>1-4 mm<\/strong><br \/>\nBig Bag 1500 kg<br \/>\n25 kg \/ PCS<\/p>\n<p><strong>4-8 mm<\/strong><br \/>\nBig Bag 1500 kg<br \/>\n25 kg \/ PCS<\/p>\n<\/div>\n\t\t<\/div><\/div><\/div><\/div>","protected":false},"excerpt":{"rendered":"<p>CIOTTOLI PER RESINE Ciottoli per lavorazioni con resina. I pavimenti in resina vantano eccellenti caratteristiche di resistenza, igienicit\u00e0, conducibilit\u00e0 elettrica e praticit\u00e0 di messa in posa. Nascono per essere impiegati in ogni tipo di edificio (capannoni, ambienti produttivi, alimentari, farmaceutici, magazzini, aree di stoccaggio merci, ecc.), di attivit\u00e0 lavorativa e di accoglienza al pubblico e in tutte quelle aree dove sia richiesta una superficie antisdrucciolo. Viene molto utilizzata per\u00f2 anche per fondali di bio-piscine per un effetto realistico che riproduce le spiagge caraibiche. La pavimentazione risultante offre innumerevoli pregi, tra cui: Aspetto estetico notevole Totale assenza di formazione di polvere Impermeabilit\u00e0 a liquidi e oli Estrema facilit\u00e0 di pulizia Elevate resistenze chimiche e meccaniche, che lo rendono idoneo anche al traffico intensivo di mezzi pesanti Lieve recupero di dislivelli della precedente pavimentazione Per assicurare la buona riuscita della lavorazione \u00e8 necessario includere il servizio di asciugatura che Granulati Zandobbio fornisce in accoppiata all&#8217;acquisto dei prodotti.<\/p>\n","protected":false},"author":1,"featured_media":78,"parent":0,"menu_order":34,"comment_status":"closed","ping_status":"closed","template":"","meta":{"_links_to":"","_links_to_target":""},"aioseo_notices":[],"_links":{"self":[{"href":"https:\/\/www.granulati.it\/it\/wp-json\/wp\/v2\/pages\/76355"}],"collection":[{"href":"https:\/\/www.granulati.it\/it\/wp-json\/wp\/v2\/pages"}],"about":[{"href":"https:\/\/www.granulati.it\/it\/wp-json\/wp\/v2\/types\/page"}],"author":[{"embeddable":true,"href":"https:\/\/www.granulati.it\/it\/wp-json\/wp\/v2\/users\/1"}],"replies":[{"embeddable":true,"href":"https:\/\/www.granulati.it\/it\/wp-json\/wp\/v2\/comments?post=76355"}],"version-history":[{"count":20,"href":"https:\/\/www.granulati.it\/it\/wp-json\/wp\/v2\/pages\/76355\/revisions"}],"predecessor-version":[{"id":84451,"href":"https:\/\/www.granulati.it\/it\/wp-json\/wp\/v2\/pages\/76355\/revisions\/84451"}],"wp:featuredmedia":[{"embeddable":true,"href":"https:\/\/www.granulati.it\/it\/wp-json\/wp\/v2\/media\/78"}],"wp:attachment":[{"href":"https:\/\/www.granulati.it\/it\/wp-json\/wp\/v2\/media?parent=76355"}],"curies":[{"name":"wp","href":"https:\/\/api.w.org\/{rel}","templated":true}]}}