{"id":384,"date":"2013-06-20T10:32:36","date_gmt":"2013-06-20T08:32:36","guid":{"rendered":"http:\/\/www.granulati.it\/it\/?page_id=384"},"modified":"2024-06-07T13:18:47","modified_gmt":"2024-06-07T11:18:47","slug":"calcestre-bianco","status":"publish","type":"page","link":"https:\/\/www.granulati.it\/it\/prodotti\/accessory-products-2\/calcestre\/","title":{"rendered":"Calcestre e Stabilizzato Zandobbio"},"content":{"rendered":"<p><\/p>\n<div style=\"background-color: #006785; height: 50px;\">\n<h1 style=\"padding-top: 10px;\"><span style=\"color: white;\">STABILIZZATO ZANDOBBIO<\/span><\/h1>\n<\/div>\n<p>&nbsp;<\/p>\n<p style=\"text-align: justify;\"><span style=\"font-family: 'Lucida Grande', Verdana, Arial, Helvetica, sans-serif;\"><br \/>\nProdotto idoneo per la realizzazione di strade pedonali e ciclabili. Avendo al suo interno delle componenti organiche che agevolano la compattazione non si deve aggiungere alcun legante.<br \/>\n<\/span><\/p>\n<div class=\"shortcode2-3\">\n<table style=\"font-family: 'Lucida Grande', Verdana, Arial, Helvetica, sans-serif; padding: 5px; border: 1px solid black;\">\n<tbody>\n<tr style=\"background-color: #006083;\">\n<td style=\"width: 25%; color: white;\"><strong>GRANULOMETRIA<\/strong><\/td>\n<td style=\"width: 25%; color: white;\"><strong>IMBALLO<\/strong><\/td>\n<\/tr>\n<tr>\n<td style=\"color: #006083;\">0-12 mm<\/td>\n<td style=\"color: #006083;\">Sfuso e Big Bag 1500 kg<\/td>\n<\/tr>\n<\/tbody>\n<\/table>\n<p>&nbsp;<\/p>\n<\/div>\n<div class=\"shortcode1-3\">\n<img class=\"alignright wp-image-2843 size-full colorbox-384\" src=\"http:\/\/www.granulati.it\/wp-content\/uploads\/2024\/06\/stabilizzatozandobbio.jpg\" alt=\"Prodotti complementari Granulati zandobbio\" width=\"536\" \/>\n<\/div>\n<div style=\"background-color: #006785; height: 50px;\">\n<h1 style=\"padding-top: 10px;\"><span style=\"color: white;\">CALCESTRE PER PERCORSI<\/span><\/h1>\n<\/div>\n<p>&nbsp;<\/p>\n<p style=\"text-align: justify;\"><span style=\"font-family: 'Lucida Grande', Verdana, Arial, Helvetica, sans-serif;\">Materiale in stabilizzato naturale, il prodotto ideale per creare <strong>pavimentazioni all&#8217;aperto, pedonali, strade bianche e piste ciclabili<\/strong>.<br \/>\n<strong>CALCESTRE<\/strong> \u00e8 disponibile nel colore <strong>BIANCO<\/strong> ottenuto da una miscela di varie pezzature di pura dolomia bianca. <\/span><\/p>\n<p style=\"text-align: justify;\"><span style=\"font-family: 'Lucida Grande', Verdana, Arial, Helvetica, sans-serif;\">L\u2019aspetto finale sar\u00e0 quello di un sentiero realizzato con una finitura di ghiaia fine.<br \/>\nConsiderando che questo prodotto ha limitate capacit\u00e0 drenanti si consiglia di dare la giusta pendenza.<\/span><\/p>\n<div class=\"shortcode2-3\">\n<table style=\"font-family: 'Lucida Grande', Verdana, Arial, Helvetica, sans-serif; padding: 5px; border: 1px solid black;\">\n<tbody>\n<tr style=\"background-color: #006083;\">\n<td style=\"width: 25%; color: white;\"><strong>GRANULOMETRIA<\/strong><\/td>\n<td style=\"width: 25%; color: white;\"><strong>SPESSORE CONSIGLIATO<\/strong><\/td>\n<td style=\"width: 25%; color: white;\"><strong>NOTE<\/strong><\/td>\n<\/tr>\n<tr>\n<td style=\"color: #006083;\">0-12 mm | 0-16 mm<\/td>\n<td style=\"color: #006083;\">2-4 cm<\/td>\n<td style=\"color: #006083;\">Da posare al di sopra di una massicciata stradale<\/td>\n<\/tr>\n<tr>\n<td style=\"color: #006083;\">0-50 mm<\/td>\n<td style=\"color: #006083;\">15 cm<\/td>\n<td style=\"color: #006083;\">Da posare a diretto contatto con il terreno<\/td>\n<\/tr>\n<\/tbody>\n<\/table>\n<p>&nbsp;<\/p>\n<\/div>\n<div class=\"shortcode1-3\">\n<img class=\"alignright wp-image-2843 size-full colorbox-384\" src=\"http:\/\/www.granulati.it\/wp-content\/uploads\/2013\/06\/compl_calcestre.jpg\" alt=\"Prodotti complementari Granulati zandobbio\" width=\"536\" srcset=\"https:\/\/www.granulati.it\/wp-content\/uploads\/2013\/06\/compl_calcestre.jpg 436w, https:\/\/www.granulati.it\/wp-content\/uploads\/2013\/06\/compl_calcestre-83x50.jpg 83w, https:\/\/www.granulati.it\/wp-content\/uploads\/2013\/06\/compl_calcestre-300x180.jpg 300w\" sizes=\"(max-width: 436px) 100vw, 436px\" \/>\n<\/div>\n<h3><strong>MODALIT\u00c0 DI POSA<\/strong><\/h3>\n<p>Si consiglia la posa di Calcestre con l\u2019ausilio della vibrofinitrice e nel contempo eseguire abbondanti innaffiature ad acqua con ugelli a getto fine per inumidire il materiale. Successivamente compattare con l\u2019ausilio di rullo compattatore.<\/p>\n<div style=\"background-color: #006083; padding: 10px; border-radius: 10px; -moz-box-shadow: 0 1px 3px rgba(0,0,0,0.5); -webkit-box-shadow: 0 1px 3px rgba(0,0,0,0.5); box-shadow: 0 1px 3px rgba(0,0,0,0.5);\">\n<p style=\"text-align: center; color: white;\"><a href=\"https:\/\/www.granulati.it\/pdf\/CALCESTRE-Technical-Features.pdf\" class=\"mtli_attachment mtli_pdf\" target=\"blank\" rel=\"noopener noreferrer\">SCARICA LA SCHEDA TECNICA<\/a><\/p>\n<\/div>\n<p>&nbsp;<\/p>\n<div style=\"background-color: #81806f; padding: 20px;\">\n<h3 style=\"color: white;\"><strong>CALCESTRE + LEGANTE<\/strong><\/h3>\n<p style=\"text-align: justify; color: white;\"><span style=\"font-family: 'Lucida Grande', Verdana, Arial, Helvetica, sans-serif;\">\u00c8 possibile realizzare una pavimentazione solida miscelando il Calcestre con un legante quale cemento bianco o calce bianca. Quando si parla di cemento bianco si fa riferimento ai \u201cbianchi di Italcementi\u201d, prodotti di altissima qualit\u00e0 per la purezza delle materie prime impiegate e per lo specifico processo produttivo, con un valore estetico di bianco ineguagliabile e costante nel tempo. La collaborazione con Italcementi ha portato all\u2019ottimizzazione di un materiale progettato per l\u2019utilizzo come pavimentazione pedonale e\/o ciclabile, stabile, non pulverulenta caratterizzata da resistenza funzione del grado di compattazione. Al momento dell\u2019ordine di Calcestre sar\u00e0 fornita la scheda operativa di posa con le referenze tecniche del legante pi\u00f9 indicato per l\u2019applicazione in accordo ai risultati della campagna di ottimizzazione svolta.<\/span><\/p>\n<hr \/>\n<table style=\"font-family: 'Lucida Grande', Verdana, Arial, Helvetica, sans-serif; padding: 5px; border: 1px solid white;\">\n<tbody>\n<tr style=\"background-color: white;\">\n<td style=\"width: 25%; color: #81806f;\"><strong>RESISTENZA<br \/>\nA FLESSIONE<\/strong><\/td>\n<td style=\"width: 25%; color: #81806f;\"><strong>RESISTENZA<br \/>\nA COMPRESSIONE<\/strong><\/td>\n<td style=\"width: 25%; color: #81806f;\"><strong>\u00a0VUOTI<\/strong><\/td>\n<\/tr>\n<tr>\n<td style=\"color: white;\">&gt;0,70 Mpa<\/td>\n<td style=\"color: white;\">&gt;6 Mpa<\/td>\n<td style=\"color: white;\">&gt;10%<\/td>\n<\/tr>\n<\/tbody>\n<\/table>\n<p>&nbsp;<\/p>\n<hr \/>\n<h3 style=\"color: white;\"><strong>MODALIT\u00c0 DI POSA<\/strong><\/h3>\n<p style=\"text-align: justify; color: white;\"><span style=\"font-family: 'Lucida Grande', Verdana, Arial, Helvetica, sans-serif;\">Distendere il prodotto mantenendo lo spessore superiore ai 10 cm al di sopra di una massicciata consolidata realizzata a regola d\u2019arte. Comprimere la pavimentazione realizzata mediante mezzo idoneo.<br \/>\nAttendere il periodo di maturazione di 28 giorni del calcestre e se possibile coprire con un telo in plastica per almeno 3 giorni dopo il getto.<br \/>\nIl prodotto \u00e8 inizialmente caratterizzato da buone capacit\u00e0 drenanti che con il tempo, data l\u2019azione dei cicli caldo freddo e la compattazione meccanica conseguente all\u2019azione dei mezzi ciclabili e del passaggio pedonale, si andr\u00e0 a decadere. Il prodotto \u00e8 garantito per il passaggio ciclo pedonale.<\/span><\/p>\n<hr \/>\n<p style=\"color: white;\">Prodotto ottimizzato con:<\/p>\n<p><img loading=\"lazy\" class=\"alignnone wp-image-40636 size-medium colorbox-384\" src=\"http:\/\/www.granulati.it\/wp-content\/uploads\/2018\/05\/2000px-Italcementi_Logo.svg_-300x80.png\" alt=\"\" width=\"300\" height=\"80\" srcset=\"https:\/\/www.granulati.it\/wp-content\/uploads\/2018\/05\/2000px-Italcementi_Logo.svg_-300x80.png 300w, https:\/\/www.granulati.it\/wp-content\/uploads\/2018\/05\/2000px-Italcementi_Logo.svg_-150x40.png 150w, https:\/\/www.granulati.it\/wp-content\/uploads\/2018\/05\/2000px-Italcementi_Logo.svg_-768x205.png 768w, https:\/\/www.granulati.it\/wp-content\/uploads\/2018\/05\/2000px-Italcementi_Logo.svg_-1024x274.png 1024w, https:\/\/www.granulati.it\/wp-content\/uploads\/2018\/05\/2000px-Italcementi_Logo.svg_.png 2000w\" sizes=\"(max-width: 300px) 100vw, 300px\" \/><\/p>\n<\/div>\n<p><\/p>","protected":false},"excerpt":{"rendered":"<p>STABILIZZATO ZANDOBBIO &nbsp; Prodotto idoneo per la realizzazione di strade pedonali e ciclabili. Avendo al suo interno delle componenti organiche che agevolano la compattazione non si deve aggiungere alcun legante. CALCESTRE PER PERCORSI &nbsp; Materiale in stabilizzato naturale, il prodotto ideale per creare pavimentazioni all&#8217;aperto, pedonali, strade bianche e piste ciclabili. CALCESTRE \u00e8 disponibile nel colore BIANCO ottenuto da una miscela di varie pezzature di pura dolomia bianca. L\u2019aspetto finale sar\u00e0 quello di un sentiero realizzato con una finitura di ghiaia fine. Considerando che questo prodotto ha limitate capacit\u00e0 drenanti si consiglia di dare la giusta pendenza. MODALIT\u00c0 DI POSA Si consiglia la posa di Calcestre con l\u2019ausilio della vibrofinitrice e nel contempo eseguire abbondanti innaffiature ad acqua con ugelli a getto fine per inumidire il materiale. Successivamente compattare con l\u2019ausilio di rullo compattatore. SCARICA LA SCHEDA TECNICA &nbsp; CALCESTRE + LEGANTE \u00c8 possibile realizzare una pavimentazione solida miscelando il Calcestre con un legante quale cemento bianco o calce bianca. Quando si parla di cemento bianco si fa riferimento ai \u201cbianchi di Italcementi\u201d, prodotti di altissima qualit\u00e0 per la purezza delle materie prime impiegate e per lo specifico processo produttivo, con un valore estetico di bianco ineguagliabile e costante nel tempo. La collaborazione con Italcementi ha portato all\u2019ottimizzazione di un materiale progettato per l\u2019utilizzo come pavimentazione pedonale e\/o ciclabile, stabile, non pulverulenta caratterizzata da resistenza funzione del grado di compattazione. Al momento dell\u2019ordine di Calcestre sar\u00e0 fornita la scheda operativa di posa con le referenze tecniche del legante pi\u00f9 indicato per l\u2019applicazione in accordo ai risultati della campagna di ottimizzazione svolta. RESISTENZA A FLESSIONE RESISTENZA A COMPRESSIONE \u00a0VUOTI &gt;0,70 Mpa &gt;6 Mpa &gt;10% &nbsp; MODALIT\u00c0 DI POSA Distendere il prodotto mantenendo lo spessore superiore ai 10 cm al di sopra di una massicciata consolidata realizzata a regola d\u2019arte. Comprimere la pavimentazione realizzata mediante mezzo idoneo. Attendere il periodo di maturazione di 28 giorni del calcestre e se possibile coprire con un telo in plastica per almeno 3 giorni dopo il getto. Il prodotto \u00e8 inizialmente caratterizzato da buone capacit\u00e0 drenanti che con il tempo, data l\u2019azione dei cicli caldo freddo e la compattazione meccanica conseguente all\u2019azione dei mezzi ciclabili e del passaggio pedonale, si andr\u00e0 a decadere. Il prodotto \u00e8 garantito per il passaggio ciclo pedonale. Prodotto ottimizzato con:<\/p>\n","protected":false},"author":1,"featured_media":23140,"parent":284,"menu_order":9,"comment_status":"open","ping_status":"open","template":"page-cat_prodotti.php","meta":{"_links_to":"","_links_to_target":""},"aioseo_notices":[],"_links":{"self":[{"href":"https:\/\/www.granulati.it\/it\/wp-json\/wp\/v2\/pages\/384"}],"collection":[{"href":"https:\/\/www.granulati.it\/it\/wp-json\/wp\/v2\/pages"}],"about":[{"href":"https:\/\/www.granulati.it\/it\/wp-json\/wp\/v2\/types\/page"}],"author":[{"embeddable":true,"href":"https:\/\/www.granulati.it\/it\/wp-json\/wp\/v2\/users\/1"}],"replies":[{"embeddable":true,"href":"https:\/\/www.granulati.it\/it\/wp-json\/wp\/v2\/comments?post=384"}],"version-history":[{"count":101,"href":"https:\/\/www.granulati.it\/it\/wp-json\/wp\/v2\/pages\/384\/revisions"}],"predecessor-version":[{"id":78751,"href":"https:\/\/www.granulati.it\/it\/wp-json\/wp\/v2\/pages\/384\/revisions\/78751"}],"up":[{"embeddable":true,"href":"https:\/\/www.granulati.it\/it\/wp-json\/wp\/v2\/pages\/284"}],"wp:featuredmedia":[{"embeddable":true,"href":"https:\/\/www.granulati.it\/it\/wp-json\/wp\/v2\/media\/23140"}],"wp:attachment":[{"href":"https:\/\/www.granulati.it\/it\/wp-json\/wp\/v2\/media?parent=384"}],"curies":[{"name":"wp","href":"https:\/\/api.w.org\/{rel}","templated":true}]}}