{"id":379,"date":"2013-06-16T10:29:55","date_gmt":"2013-06-16T08:29:55","guid":{"rendered":"http:\/\/www.granulati.it\/it\/?page_id=379"},"modified":"2022-03-30T12:29:51","modified_gmt":"2022-03-30T10:29:51","slug":"dan-sand-no-weed-basta-esbaccie","status":"publish","type":"page","link":"https:\/\/www.granulati.it\/it\/prodotti\/accessory-products-2\/dan-sand\/","title":{"rendered":"DANSAND, diserbante"},"content":{"rendered":"<p><\/p>\n<div style=\"background-color: #006785; height: 50px;\">\n<h1 style=\"padding-top: 10px;\"><span style=\"color: white;\">DANSAND, sabbia anti-erba<\/span><\/h1>\n<\/div>\n<div style='clear:both; height:30px' ><\/div>\n<p><strong><span style=\"color: #006785;\">SABBIA PER FUGHE DELLE PAVIMENTAZIONI DA ESTERNO<\/span><\/strong><br \/>\nDue tipologie di sabbie per inibire definitivamente la crescita delle erbacce nelle scanalature e nei giunti delle pavimentazioni.<br \/>\nFacili da usare e con caratteristiche di lunga durata, possono sopportare molti anni di pioggia senza perdere il loro effetto inibitorio contro le erbacce.<\/p>\n<div style='clear:both; height:30px' ><\/div>\n<div class=\"shortcode1-3\"><img class=\"alignnone size-full wp-image-4698 colorbox-379\" src=\"http:\/\/www.granulati.it\/wp-content\/uploads\/2013\/06\/DANSAND-sacco-rosso.jpg\" alt=\"dansand\" width=\"180px\" \/><br \/>\n<strong>SABBIA ANTI-ERBA<\/strong><br \/>\n(<strong>sacco rosso<\/strong>\u00a0per fughe di colore chiaro da 1 a 5 mm)<\/p>\n<div style='clear:both; height:30px' ><\/div>\n<\/div>\n<div class=\"shortcode2-3\"><a href=\"https:\/\/www.granulati.it\/wp-content\/uploads\/2013\/06\/pavimentazione-cubetti.jpg\"><img class=\"alignnone size-full wp-image-3340 colorbox-379\" src=\"https:\/\/www.granulati.it\/wp-content\/uploads\/2013\/06\/pavimentazione-cubetti.jpg\" alt=\"Dansand_Undgaa_ukrudt_belaegningsfugemoertel_A_6921\" width=\"1000px\" \/><\/a><\/div>\n<div style=\"clear: both; height: 15px;\"><\/div>\n<div style='clear:both; height:10px' ><\/div>\n<div style=\"clear: both;\">\n<strong><span style=\"color: #006785;\">NOTE<\/span><\/strong><br \/>\n\u2022 Il materiale di riempimento delle giunzioni non \u00e8 adatto per pavimentazione in laterizio e alcuni tipi di pietre naturali.<br \/>\n\u2022 Non adatto per fughe grandi.<br \/>\n\u2022 Il materiale di riempimento delle fughe \u00e8 solo per uso esterno e non deve venire a contatto con le fondazioni o la muratura.<br \/>\n\u2022 In condizioni estreme di tempo asciutto il materiale per il riempimento delle fughe, pu\u00f2 causare macchie bianche sulla superficie della pavimentazione che possono essere facilmente rimosse con l\u2019acqua.<\/p>\n<table style=\"width: 100%; background-color: #ffffff; border-color: #000000;\" border=\"1\" cellspacing=\"1\">\n<thead>\n<tr style=\"border-color: #000000;\">\n<td style=\"width: 10px; border-color: #000000;\"><strong>\u00a0<\/strong><\/td>\n<td style=\"width: 270px; border-color: #000000;\"><strong>SABBIA ANTI-ERBA (sacco rosso) (red bag)<\/strong><\/td>\n<\/tr>\n<\/thead>\n<tbody>\n<tr style=\"border-color: #000000;\">\n<td style=\"width: 10px; border-color: #000000;\"><strong>COLORE FUGA<\/strong><\/td>\n<td style=\"width: 270px; border-color: #000000;\">Chiaro<\/td>\n<\/tr>\n<tr style=\"border-color: #000000;\">\n<td style=\"width: 10px; border-color: #000000;\"><strong>GRANULOMETRIA<\/strong><\/td>\n<td style=\"width: 270px; border-color: #000000;\">0-1.5 mm<\/td>\n<\/tr>\n<tr style=\"border-color: #000000;\">\n<td style=\"width: 10px; border-color: #000000;\"><strong>DIMENSIONE FUGHE<\/strong><\/td>\n<td style=\"width: 270px; border-color: #000000;\">1-5 mm<\/td>\n<\/tr>\n<tr style=\"border-color: #000000;\">\n<td style=\"width: 10px; border-color: #000000;\"><strong>RESA<\/strong><\/td>\n<td style=\"width: 270px; border-color: #000000;\">20 kg coprono circa 5-10 m2.<br \/>\nEs: autobloccante dimensione 14x21x5 cm, con fuga di 2-3 mm di larghezza necessita circa 2 kg\/m2.<\/td>\n<\/tr>\n<tr style=\"border-color: #000000;\">\n<td style=\"width: 10px; border-color: #000000;\"><strong>PROFONDIT\u00c0 FUGHE<\/strong><\/td>\n<td style=\"width: 270px; border-color: #000000;\">Almeno 5 cm per zone traffico leggero e almeno 4 cm su terrazze.<\/td>\n<\/tr>\n<tr style=\"border-color: #000000;\">\n<td style=\"width: 10px; border-color: #000000;\"><strong>IMBALLAGGIO<\/strong><\/td>\n<td style=\"width: 270px; border-color: #000000;\">Sacchetto da 20 kg \/ Materiale asciutto<\/td>\n<\/tr>\n<tr style=\"border-color: #000000;\">\n<td style=\"width: 10px; border-color: #000000;\"><strong>POLIMERIZZAZIONE<\/strong><\/td>\n<td style=\"width: 270px; border-color: #000000;\">&#8211;<\/td>\n<\/tr>\n<tr style=\"border-color: #000000;\">\n<td style=\"width: 10px; border-color: #000000;\"><strong>ASCIUGATURA<\/strong><\/td>\n<td style=\"width: 270px; border-color: #000000;\">&#8211;<\/td>\n<\/tr>\n<tr style=\"border-color: #000000;\">\n<td style=\"width: 10px; border-color: #000000;\"><strong>PRONTA ALL\u2019USO<\/strong><\/td>\n<td style=\"width: 270px; border-color: #000000;\">S\u00ec<\/td>\n<\/tr>\n<\/tbody>\n<\/table>\n<\/div>\n<p>&nbsp;<\/p>\n<div class=\"shortcode1-2\"><strong><span style=\"color: #006785;\">POSA DELLE SABBIE ANTI-ERBA<\/span><\/strong><br \/>\nI blocchetti o le lastre di pietra devono essere posati su un normale fondo, come specificato negli standard di un qualsiasi lavoro di pavimentazione. La sabbia per la fuga \u00e8 permeabile all\u2019acqua e anche il fondo deve essere permeabile. Quando il pavimento \u00e8 asciutto, stendere la sabbia con una pala e spazzarla nelle fughe con una scopa, con movimenti diagonali nelle sezioni delle fughe come si farebbe con la sabbia di una comune pavimentazione. Utilizzare un compattatore vibrante sulla nuova pavimentazione per ottenere risultati migliori. Eseguire il passaggio almeno due volte e, se necessario, riempire il giunto a nuovo.<br \/>\n<strong><span style=\"color: #006785;\">RIPARAZIONE DI PAVIMENTAZIONI ESISTENTI<\/span><\/strong><br \/>\nDistruggere e rimuovere tutte le eventuali erbacce prima di iniziare la riparazione del pavimento. La nuova sabbia non \u00e8 in grado di combattere vecchie erbacce che gi\u00e0 hanno messo le radici ed \u00e8 quindi necessario iniziare il lavoro sulle fughe pulite.<\/div>\n<div class=\"shortcode1-2\"><a href=\"https:\/\/www.granulati.it\/wp-content\/uploads\/2013\/06\/cubetti-multicolor.jpg\"><img loading=\"lazy\" class=\"alignnone size-full wp-image-3344 colorbox-379\" src=\"https:\/\/www.granulati.it\/wp-content\/uploads\/2013\/06\/cubetti-multicolor.jpg\" alt=\"indiano_DSC7995\" width=\"717\" height=\"660\" \/><\/a><\/div>\n<div style=\"clear: both;\"><\/div>\n<p><\/p>","protected":false},"excerpt":{"rendered":"<p>DANSAND, sabbia anti-erba SABBIA PER FUGHE DELLE PAVIMENTAZIONI DA ESTERNO Due tipologie di sabbie per inibire definitivamente la crescita delle erbacce nelle scanalature e nei giunti delle pavimentazioni. Facili da usare e con caratteristiche di lunga durata, possono sopportare molti anni di pioggia senza perdere il loro effetto inibitorio contro le erbacce. NOTE \u2022 Il materiale di riempimento delle giunzioni non \u00e8 adatto per pavimentazione in laterizio e alcuni tipi di pietre naturali. \u2022 Non adatto per fughe grandi. \u2022 Il materiale di riempimento delle fughe \u00e8 solo per uso esterno e non deve venire a contatto con le fondazioni o la muratura. \u2022 In condizioni estreme di tempo asciutto il materiale per il riempimento delle fughe, pu\u00f2 causare macchie bianche sulla superficie della pavimentazione che possono essere facilmente rimosse con l\u2019acqua. \u00a0 SABBIA ANTI-ERBA (sacco rosso) (red bag) COLORE FUGA Chiaro GRANULOMETRIA 0-1.5 mm DIMENSIONE FUGHE 1-5 mm RESA 20 kg coprono circa 5-10 m2. Es: autobloccante dimensione 14x21x5 cm, con fuga di 2-3 mm di larghezza necessita circa 2 kg\/m2. PROFONDIT\u00c0 FUGHE Almeno 5 cm per zone traffico leggero e almeno 4 cm su terrazze. IMBALLAGGIO Sacchetto da 20 kg \/ Materiale asciutto POLIMERIZZAZIONE &#8211; ASCIUGATURA &#8211; PRONTA ALL\u2019USO S\u00ec &nbsp;<\/p>\n","protected":false},"author":1,"featured_media":2842,"parent":284,"menu_order":5,"comment_status":"open","ping_status":"closed","template":"","meta":{"_links_to":"","_links_to_target":""},"aioseo_notices":[],"_links":{"self":[{"href":"https:\/\/www.granulati.it\/it\/wp-json\/wp\/v2\/pages\/379"}],"collection":[{"href":"https:\/\/www.granulati.it\/it\/wp-json\/wp\/v2\/pages"}],"about":[{"href":"https:\/\/www.granulati.it\/it\/wp-json\/wp\/v2\/types\/page"}],"author":[{"embeddable":true,"href":"https:\/\/www.granulati.it\/it\/wp-json\/wp\/v2\/users\/1"}],"replies":[{"embeddable":true,"href":"https:\/\/www.granulati.it\/it\/wp-json\/wp\/v2\/comments?post=379"}],"version-history":[{"count":61,"href":"https:\/\/www.granulati.it\/it\/wp-json\/wp\/v2\/pages\/379\/revisions"}],"predecessor-version":[{"id":75984,"href":"https:\/\/www.granulati.it\/it\/wp-json\/wp\/v2\/pages\/379\/revisions\/75984"}],"up":[{"embeddable":true,"href":"https:\/\/www.granulati.it\/it\/wp-json\/wp\/v2\/pages\/284"}],"wp:featuredmedia":[{"embeddable":true,"href":"https:\/\/www.granulati.it\/it\/wp-json\/wp\/v2\/media\/2842"}],"wp:attachment":[{"href":"https:\/\/www.granulati.it\/it\/wp-json\/wp\/v2\/media?parent=379"}],"curies":[{"name":"wp","href":"https:\/\/api.w.org\/{rel}","templated":true}]}}