{"id":133,"date":"2013-05-20T11:30:19","date_gmt":"2013-05-20T09:30:19","guid":{"rendered":"http:\/\/www.granulati.it\/it\/?page_id=133"},"modified":"2025-10-24T15:05:32","modified_gmt":"2025-10-24T13:05:32","slug":"chi-siamo","status":"publish","type":"page","link":"https:\/\/www.granulati.it\/it\/chi-siamo\/","title":{"rendered":"Chi Siamo"},"content":{"rendered":"<p><\/p>\n<div style=\"background-color: #006785; height: 50px;\">\n<h1 style=\"padding-top: 10px;\"><span style=\"color: white; padding-left: 10px;\">CHI SIAMO<\/span><\/h1>\n<\/div>\n<p><span style=\"font-family: 'Lucida Grande', Verdana, Arial, Helvetica, sans-serif;\"><img class=\"aligncenter wp-image-40045 size-full colorbox-133\" title=\"granulati zandobbio\" src=\"http:\/\/www.granulati.it\/wp-content\/uploads\/2018\/04\/Sub-header7.jpg\" alt=\"\" width=\"100%\" srcset=\"https:\/\/www.granulati.it\/wp-content\/uploads\/2018\/04\/Sub-header7.jpg 1920w, https:\/\/www.granulati.it\/wp-content\/uploads\/2018\/04\/Sub-header7-118x50.jpg 118w, https:\/\/www.granulati.it\/wp-content\/uploads\/2018\/04\/Sub-header7-300x127.jpg 300w, https:\/\/www.granulati.it\/wp-content\/uploads\/2018\/04\/Sub-header7-768x326.jpg 768w, https:\/\/www.granulati.it\/wp-content\/uploads\/2018\/04\/Sub-header7-1024x434.jpg 1024w\" sizes=\"(max-width: 1920px) 100vw, 1920px\" \/><\/span><\/p>\n<div class=\"shortcode1-2\">\n<img class=\"alignnone wp-image-6966 size-full colorbox-133\" src=\"http:\/\/www.granulati.it\/wp-content\/uploads\/2017\/03\/granulati_logo.png\" alt=\"\" width=\"350\" srcset=\"https:\/\/www.granulati.it\/wp-content\/uploads\/2017\/03\/granulati_logo.png 400w, https:\/\/www.granulati.it\/wp-content\/uploads\/2017\/03\/granulati_logo-133x50.png 133w, https:\/\/www.granulati.it\/wp-content\/uploads\/2017\/03\/granulati_logo-300x113.png 300w\" sizes=\"(max-width: 400px) 100vw, 400px\" \/>\n<\/div>\n<div class=\"shortcode1-2\">\n<h1 style=\"padding-top: 30px;\">SOLUZIONI PER<br \/>\nL&#8217;ARCHITETTURA<br \/>\nDEL PAESAGGIO<\/h1>\n<\/div>\n<hr \/>\n<div class=\"shortcode1-2\">\n<img loading=\"lazy\" class=\"wp-image-40047 alignleft colorbox-133\" src=\"http:\/\/www.granulati.it\/wp-content\/uploads\/2018\/04\/granulati.jpg\" alt=\"\" width=\"426\" height=\"450\" \/>\n<\/div>\n<div class=\"shortcode1-2\">\n<h2>GRANULATI ZANDOBBIO<\/h2>\n<p style=\"text-align: justify;\"><span style=\"font-family: 'Lucida Grande', Verdana, Arial, Helvetica, sans-serif;\"><br \/>\nGranulati Zandobbio \u00e8 il punto di riferimento nella produzione e distribuzione di un\u2019ampia gamma di prodotti legati al mondo dell&#8217;architettura del paesaggio: pavimentazioni in pietra sinterizzata, gres porcellanato e pietra naturale, rivestimenti, monoliti e prodotti decorativi per l\u2019arredo del giardino e degli spazi esterni che trovano la loro migliore espressione in STONE CITY, il parco espositivo di 8000 m\u00b2 a Bolgare in provincia di Bergamo. L&#8217;attivit\u00e0 di Granulati Zandobbio si rivolge oggi per il 70% al mercato estero con esportazioni in 80 diversi paesi.<\/span><\/p>\n<p>&nbsp;<\/p>\n<h2>L&#8217;OFFERTA DI GRANULATI ZANDOBBIO<\/h2>\n<p style=\"text-align: justify;\"><span style=\"color: #333333; font-family: 'Lucida Grande', Verdana, Arial, Helvetica, sans-serif;\"><br \/>\n\u2022 <strong>Prodotti esclusivi<\/strong><br \/>\n\u2022 <strong>STONE CITY<\/strong>, l\u2019esposizione fonte d\u2019ispirazione per ogni visitatore<br \/>\n\u2022 Prodotti sempre disponibili a <strong>magazzino<\/strong> (superficie di stoccaggio di 200\u02d9000 m\u00b2)<br \/>\n\u2022 Vendite a livello internazionale con export in <strong>80 nazioni<\/strong><br \/>\n\u2022 Collaborazione con i principali distributori in <strong>tutti i paesi europei<\/strong><br \/>\n\u2022 Impianti di produzione di ultima generazione<br \/>\n\u2022 Azienda certificata <strong>ISO 14001:2015<\/strong> (sostenibilit\u00e0 ambientale) <a href=\"http:\/\/www.granulati.it\/wp-content\/uploads\/2019\/01\/Z190117_Granulati-Zandobbio_14001.pdf\" class=\"mtli_attachment mtli_pdf\">\u21d3<\/a><br \/>\n\u2022 Azienda certificata <strong>ISO 9001:2015<\/strong> (qualit\u00e0) <a href=\"http:\/\/www.granulati.it\/wp-content\/uploads\/2019\/01\/Z190117_Granulati-Zandobbio_9001.pdf\" class=\"mtli_attachment mtli_pdf\">\u21d3<\/a><br \/>\n<\/span><\/p>\n<\/div>\n<hr \/>\n<div style=\"background-color: #2b5768; height: 100px; width: 100%; margin-bottom: 30px;\">\n<div class=\"shortcode1-3\">\n<a href=\"https:\/\/www.granulati.it\/it\/chi-siamo\/ambasciatori-d-impresa-2025\/\" target=\"_blank\" rel=\"noopener noreferrer\"><img loading=\"lazy\" class=\"aligncenter colorbox-133\" style=\"align: center; padding-left: 10px; padding-top: 10px; float: left;\" src=\"http:\/\/www.granulati.it\/wp-content\/uploads\/2025\/10\/AI_logo_header_no_payoff_2.png\" alt=\"\" width=\"918\" height=\"193\" \/><\/a><\/div>\n<div class=\"shortcode2-3\">\n<h2 style=\"margin: 10px; font-size: 24px; color: white; background-color: #2b5768;\"><a href=\"https:\/\/www.granulati.it\/it\/chi-siamo\/ambasciatori-d-impresa-2025\/\" target=\"_blank\" rel=\"noopener noreferrer\"><strong>Ambasciatori d\u2019Impresa 2025:<br \/>\nun premio che celebra il valore umano<br \/>\ne innovativo di Granulati Zandobbio<\/strong><\/a><\/h2>\n<\/div>\n<\/div>\n<hr \/>\n<div style=\"background-color: #ef7d43; height: 100px; width: 100%; margin-bottom: 30px;\">\n<div class=\"shortcode3-4\">\n<h1 style=\"margin: 10px; font-size: 24px; color: white; background-color: #ef7d43;\"><strong>GRANULATI ZANDOBBIO nella speciale classifica &#8220;500 Champions 2018, 2019, 2020, 2021, 2022 e 2023&#8221; <\/strong><\/h1>\n<h3 style=\"font-size: 16px; margin: 10px; color: white; background-color: #ef7d43;\">tra le imprese che hanno sconfitto la crisi, crescendo e producendo utili e posti di lavoro<\/h3>\n<\/div>\n<div class=\"shortcode1-4\">\n<img class=\"colorbox-133\"  style=\"align: center; padding-left: 25%; float: left;\" src=\"http:\/\/www.granulati.it\/wp-content\/uploads\/2021\/05\/Badge_Quadrato-288x300-1.jpg\" width=\"90\" \/><\/div>\n<\/div>\n<hr \/>\n<div class=\"shortcode1-3\">\n<img class=\"colorbox-133\"  style=\"width: 300px; align: center;\" src=\"http:\/\/www.granulati.it\/wp-content\/uploads\/2021\/03\/Best-performance-award-Granulati-Zandobbio.jpg\" width=\"150\" \/>\n<\/div>\n<div class=\"shortcode2-3\">\n<h1 style=\"font-size: 24px;\"><strong>BEST PERFORMANCE AWARD 2020\/2021\/2022\/2023<\/strong><\/h1>\n<h3 style=\"font-size: 16px;\">Partendo da un database di 500mila bilanci, Granulati Zandobbio \u00e8 tra le 87 aziende selezionate per partecipare al <strong>Best Performing Award 2020\/2021\/2022\/2023<\/strong>, iniziativa promossa da Sda Bocconi, dedicata alle imprese italiane eccellenti economicamente e focalizzate sulla sostenibilit\u00e0 ambientale, sociale e di governance.<\/h3>\n<\/div>\n<hr \/>\n<div class=\"shortcode2-3\">\n<a href=\"https:\/\/www.stonecity.it\/it\/\"><img class=\"colorbox-133\"  src=\"http:\/\/www.granulati.it\/wp-content\/uploads\/2018\/03\/STONECITY-marchio.jpg\" alt=\"stone-city\" width=\"350px;\" \/><\/a><\/p>\n<h2>IL PERFETTO CONNUBIO TRA NATURA,<br \/>\nARREDO E CULTURA DELL&#8217;ARCHITETTURA DEL PAESAGGIO<\/h2>\n<p style=\"text-align: justify;\"><span style=\"color: #333333; font-family: 'Lucida Grande', Verdana, Arial, Helvetica, sans-serif;\"><br \/>\nSTONE CITY \u00e8 uno spazio magico, accattivante e suggestivo, fonte di ispirazione per ogni visitatore amante dell\u2019architettura del paesaggio: raccoglie le migliori soluzioni per esterni realizzate con i prodotti di Granulati Zandobbio e dei suoi brand collegati. <\/span><\/p>\n<p style=\"text-align: justify;\"><span style=\"color: #333333; font-family: 'Lucida Grande', Verdana, Arial, Helvetica, sans-serif;\"><br \/>\nQui si supera il concetto di showroom all\u2019aria aperta, in un parco valorizzato dalla presenza di numerose piante ed essenze di pregio, in cui diventa rilevante il ruolo giocato dall\u2019acqua, dai giochi di luce e dai suoni che caratterizzano in modo sempre pi\u00f9 marcato l\u2019arredo degli ambienti esterni contemporanei. <\/span><\/p>\n<p>&nbsp;<\/p>\n<p><a style=\"background-color: #006785; color: #ffffff; padding: 10px; margin-top: 10px; margin-button: 10px;\" href=\"https:\/\/www.stonecity.it\/it\/\" target=\"_blank\" rel=\"noopener noreferrer\"><strong>Scopri di pi\u00f9<\/strong><\/a>\n<\/div>\n<div class=\"shortcode1-3\">\n<p><img loading=\"lazy\" class=\"wp-image-40049 size-full alignright colorbox-133\" src=\"http:\/\/www.granulati.it\/wp-content\/uploads\/2018\/04\/stonecity.jpg\" alt=\"\" width=\"460\" height=\"400\" srcset=\"https:\/\/www.granulati.it\/wp-content\/uploads\/2018\/04\/stonecity.jpg 460w, https:\/\/www.granulati.it\/wp-content\/uploads\/2018\/04\/stonecity-58x50.jpg 58w, https:\/\/www.granulati.it\/wp-content\/uploads\/2018\/04\/stonecity-300x261.jpg 300w\" sizes=\"(max-width: 460px) 100vw, 460px\" \/>\n<\/div>\n<p><a href=\"http:\/\/www.stonecity.it\/it\/\"><img class=\"alignnone wp-image-40048 size-full colorbox-133\" src=\"http:\/\/www.granulati.it\/wp-content\/uploads\/2018\/04\/La-Casa-in-Legno-StoneCity-stonecity-st_v_5207_5298_s.jpg\" alt=\"\" width=\"100%\" srcset=\"https:\/\/www.granulati.it\/wp-content\/uploads\/2018\/04\/La-Casa-in-Legno-StoneCity-stonecity-st_v_5207_5298_s.jpg 1280w, https:\/\/www.granulati.it\/wp-content\/uploads\/2018\/04\/La-Casa-in-Legno-StoneCity-stonecity-st_v_5207_5298_s-104x50.jpg 104w, https:\/\/www.granulati.it\/wp-content\/uploads\/2018\/04\/La-Casa-in-Legno-StoneCity-stonecity-st_v_5207_5298_s-300x145.jpg 300w, https:\/\/www.granulati.it\/wp-content\/uploads\/2018\/04\/La-Casa-in-Legno-StoneCity-stonecity-st_v_5207_5298_s-768x371.jpg 768w, https:\/\/www.granulati.it\/wp-content\/uploads\/2018\/04\/La-Casa-in-Legno-StoneCity-stonecity-st_v_5207_5298_s-1024x494.jpg 1024w\" sizes=\"(max-width: 1280px) 100vw, 1280px\" \/><\/a><\/p>\n<hr \/>\n<h2>LA STORIA<\/h2>\n<h3>90 ANNI DI ESPERIENZA<\/h3>\n<h5>Quattro generazioni di imprenditori si impegnano nell\u2019azienda dal 1929 con attivit\u00e0 di cava, nel comune di Zandobbio, in provincia di Bergamo. La produzione e lo stoccaggio si sviluppano in 5 siti distinti su un\u2019area complessiva di oltre 200.000 m<sup>2<\/sup>.<\/h5>\n<p>&nbsp;<\/p>\n<div class=\"shortcode1-4\">\n<ul>\n<li>\n<h4>1929<\/h4>\n<p>Gino Sottocornola, il bisnonno degli attuali titolari, Direttore del cementificio Alta Val Brembana in seguito alla chiusura dello stabilimento si mette in proprio e nel 1929 apre un deposito di inerti in centro a Bergamo, in via Borgo Palazzo, e inizia una attivit\u00e0 di produzione e distribuzione di inerti destinati a cementasti locali.<\/li>\n<\/ul>\n<p>&nbsp;<\/p>\n<ul>\n<li>\n<h4>1934<\/h4>\n<p>L\u2019attivit\u00e0 viene trasferita nel comune di Zandobbio in prossimit\u00e0 del centro storico del paese (localit\u00e0 Mulino). Viene aperta in questa localit\u00e0 la prima cava di Zandobbio destinata alla produzione di Granulato del Marmo di Zandobbio.<\/li>\n<\/ul>\n<p>&nbsp;<\/p>\n<ul>\n<li>\n<h4>1950<\/h4>\n<p>L\u2019attivit\u00e0 si trasferisce dal centro del paese nella frazione Selva di Zandobbio (localit\u00e0 S.Anna), dove \u00e8 attualmente ancora attiva l\u2019attivit\u00e0 estrattiva.<\/li>\n<\/ul>\n<p>&nbsp;<\/p>\n<ul>\n<li>\n<h4>1955-1960<\/h4>\n<p>Apertura di altri due cantieri di produzione nel comune di Zandobbio (localit\u00e0 Carecchio e localit\u00e0 Madonne della Neve), destinati alla macinazione di marmi colorati per la produzione di Mattonelle in cemento.<\/li>\n<\/ul>\n<p>&nbsp;<\/p>\n<ul>\n<li>\n<h4>1970-1980<\/h4>\n<p>Acquisizione di altre tre piccole cave in prossimit\u00e0 di quella gi\u00e0 esistente in localit\u00e0 S. Anna. Si viene cos\u00ec a creare una grande ed unica cava, utilizzata ancora oggi.<\/li>\n<\/ul>\n<\/div>\n<div class=\"shortcode1-4\">\n<ul>\n<li>\n<h4>1972<\/h4>\n<p>Viene installato il primo impianto moderno di macinazione, per soddisfare la crescente richiesta del settore industriale del vetro, intonaci e collanti.<\/li>\n<\/ul>\n<p>&nbsp;<\/p>\n<ul>\n<li>\n<h4>1980<\/h4>\n<p>Granulati Zandobbio srl subentra alla originaria e storica azienda di famiglia, Sottocornola G. snc<\/li>\n<\/ul>\n<p>&nbsp;<\/p>\n<ul>\n<li>\n<h4>1985<\/h4>\n<p>Vengono smantellati tutti i vecchi impianti per crearne uno unico tecnologicamente all\u2019avanguardia: il nuovo impianto verr\u00e0 posizionato nella parte bassa della cava, zona strategica per impatto visivo ed acustico.<\/li>\n<\/ul>\n<p>&nbsp;<\/p>\n<ul>\n<li>\n<h4>1990-1995<\/h4>\n<p>Vengono modernizzati gli impianti per la produzione di granulati di marmo e creato il primo impianto di produzione dei ciottoli.<\/li>\n<\/ul>\n<p>&nbsp;<\/p>\n<ul>\n<li>\n<h4>2000<\/h4>\n<p>Si rinnova l\u2019impianto di produzione dei ciottoli, le cui caratteristiche lo rendono tutt\u2019ora all\u2019avanguardia e unico a livello europeo.<\/li>\n<\/ul>\n<p>&nbsp;<\/p>\n<ul>\n<li>\n<h4>2003-2006<\/h4>\n<p>Si ampliano, nel comune di Zandobbio, i depositi destinati allo stoccaggio delle materie primi e dei prodotti finiti, passando da una superficie di stoccaggio 20.000 a 50.000 mq.<\/li>\n<\/ul>\n<\/div>\n<div class=\"shortcode1-4\">\n<ul>\n<li>\n<h4>2006<\/h4>\n<p>Dal 1\u00b0 gennaio Granulati Zandobbio srl diventa una Societ\u00e0 per Azioni.<\/li>\n<\/ul>\n<p>&nbsp;<\/p>\n<ul>\n<li>\n<h4>2008<\/h4>\n<p>Acquisizione del piazzale di Marmi Mecca (che \u00e8 stata negli anni 1960 la pi\u00f9 importante azienda a livello mondiale nella produzione di granulati di marmo) : 50.000 mq in zona strategica sull\u2019autostrada A4 Milano-Venezia.<\/li>\n<\/ul>\n<p>&nbsp;<\/p>\n<ul>\n<li>\n<h4>2012<\/h4>\n<p>Nasce STONE CITY, un parco espositivo permanente di 3000 mq che raccoglie le migliori ambientazioni realizzate con i prodotti in pietra naturale di Granulati Zandobbio. Un\u2019area unica nel suo genere a livello mondiale.<\/li>\n<\/ul>\n<p>&nbsp;<\/p>\n<ul>\n<li>\n<h4>2013-2014<\/h4>\n<p>Realizzazione dell\u2019impianto di produzione dei Ciottoli di 3\u00b0 generazione, completamente automatizzato e sviluppato con caratteristiche sostenibili nel rispetto dell\u2019ambiente e dei lavoratori.<\/li>\n<\/ul>\n<p>&nbsp;<\/p>\n<ul>\n<li>\n<h4>2015<\/h4>\n<p><strong>STONE CITY<\/strong> si rileva un grande strumento di marketing e diventa una struttura polifunzionale di 5000 m<sup>2<\/sup>, ora in grado di dare un servizio sempre pi\u00f9 efficiente ai suoi clienti ospitando ogni tipologia di evento. Nasce <a href=\"https:\/\/sinteredstone.it\/category\/1-l_altra_pietra\/\" target=\"blank\" rel=\"noopener noreferrer\"><strong>L\u2019ALTRA PIETRA<\/strong><\/a> il brand a marchio registrato di pavimentazioni per esterno in pietra sinterizzata ad alto spessore.<\/li>\n<\/ul>\n<\/div>\n<div class=\"shortcode1-4\">\n<ul>\n<li>\n<h4>2016<\/h4>\n<p>Si acquisisce la rimanente porzione del piazzale della ex Marmi Mecca. Il sito di Bolgare, ora di 120.000 mq, \u00e8 destinato a divenire il cuore logistico dell\u2019azienda. STONE CITY diventa secondo sponsor di maglia dell\u2019Atalanta Bergamasca Calcio.<\/li>\n<\/ul>\n<p>&nbsp;<\/p>\n<ul>\n<li>\n<h4>2017<\/h4>\n<p>Granulati Zandobbio apre un bando finalizzato alla ricerca di un progetto esclusivo per la nuova sede aziendale da realizzare presso l\u2019area espositiva STONE CITY.<br \/>\n<a href=\"https:\/\/www.granulati.it\/it\/stone-city-hq\/\" target=\"_blank\" rel=\"noopener noreferrer\">&lt;buttontype=\u201dbutton\u201d style=&#8221;padding:4px; background-color:#95ad0d; color:white;&#8221;&gt;<strong>SCOPRI DI PI\u00d9<\/strong><\/a><\/li>\n<\/ul>\n<p>&nbsp;<\/p>\n<ul>\n<li>\n<h4>2018<\/h4>\n<p>+ 3000 m<sup>2<\/sup> d&#8217; esposizione di pavimentazioni in pietra sinterizzata.<\/li>\n<\/ul>\n<p>&nbsp;<\/p>\n<ul>\n<li>\n<h4>2019<\/h4>\n<p>Realizzazione della nuova sede aziendale a Bolgare, su progetto dell&#8217;architetto vincitore del <a href=\"https:\/\/www.granulati.it\/it\/stone-city-hq\/\" target=\"blank\" rel=\"noopener noreferrer\"><em>concorso internazionale<\/em><\/a> indetto nel 2017.<\/li>\n<\/ul>\n<\/div>\n<hr \/>\n<h2 style=\"font-size: 40px; font-weight: bold;\">MADE IN ITALY<\/h2>\n<p style=\"font-size: 14px;\">La maggior parte delle nostre pietre naturali sono provenienti da cave italiane: il nostro territorio \u00e8 noto per la ricchezza di materiali e rocce di diversa natura, fortemente caratterizzate da un punto di vista geologico e da sempre apprezzate per le loro qualit\u00e0 estetiche.<\/p>\n<p>Siamo specializzati nella produzione e lavorazione dei pi\u00f9 pregiati marmi italiani (ma anche di provenienza mondiale), per trasformarli, successivamente, in prodotti decorativi per giardini.<\/p>\n<p>La collaborazione con le migliori cave italiane e straniere garantisce quindi ai clienti e agli operatori la possibilit\u00e0 di scegliere tra una grande variet\u00e0 di pietre, marmi, graniti e onice, con una ricchezza di cromie e materiali lapidei che solo un partner qualificato come Granulati Zandobbio \u00e8 in grado di offrire.<\/p>\n<p><a href=\"http:\/\/www.granulati.it\/wp-content\/uploads\/2013\/06\/made-in-italy-cave1.jpg\"><img class=\"colorbox-133\"  src=\"http:\/\/www.granulati.it\/wp-content\/uploads\/2013\/06\/made-in-italy-cave1.jpg\" width=\"100%\" \/><\/a><\/p>\n<p>&nbsp;<\/p>\n<h4 style=\"text-align: center;\">Membro di:<\/h4>\n<p><img loading=\"lazy\" class=\"size-medium wp-image-42494 aligncenter colorbox-133\" src=\"http:\/\/www.granulati.it\/wp-content\/uploads\/2018\/07\/Logo_Member_of_CONFINDUSTRIA_MARMOMACCHINE_CLASSICO-300x112.jpg\" alt=\"\" width=\"300\" height=\"112\" srcset=\"https:\/\/www.granulati.it\/wp-content\/uploads\/2018\/07\/Logo_Member_of_CONFINDUSTRIA_MARMOMACCHINE_CLASSICO-300x112.jpg 300w, https:\/\/www.granulati.it\/wp-content\/uploads\/2018\/07\/Logo_Member_of_CONFINDUSTRIA_MARMOMACCHINE_CLASSICO-134x50.jpg 134w, https:\/\/www.granulati.it\/wp-content\/uploads\/2018\/07\/Logo_Member_of_CONFINDUSTRIA_MARMOMACCHINE_CLASSICO-768x286.jpg 768w, https:\/\/www.granulati.it\/wp-content\/uploads\/2018\/07\/Logo_Member_of_CONFINDUSTRIA_MARMOMACCHINE_CLASSICO-1024x381.jpg 1024w\" sizes=\"(max-width: 300px) 100vw, 300px\" \/><\/p>","protected":false},"excerpt":{"rendered":"<p>CHI SIAMO LA STORIA 90 ANNI DI ESPERIENZA Quattro generazioni di imprenditori si impegnano nell\u2019azienda dal 1929 con attivit\u00e0 di cava, nel comune di Zandobbio, in provincia di Bergamo. La produzione e lo stoccaggio si sviluppano in 5 siti distinti su un\u2019area complessiva di oltre 200.000 m2. &nbsp; MADE IN ITALY La maggior parte delle nostre pietre naturali sono provenienti da cave italiane: il nostro territorio \u00e8 noto per la ricchezza di materiali e rocce di diversa natura, fortemente caratterizzate da un punto di vista geologico e da sempre apprezzate per le loro qualit\u00e0 estetiche. Siamo specializzati nella produzione e lavorazione dei pi\u00f9 pregiati marmi italiani (ma anche di provenienza mondiale), per trasformarli, successivamente, in prodotti decorativi per giardini. La collaborazione con le migliori cave italiane e straniere garantisce quindi ai clienti e agli operatori la possibilit\u00e0 di scegliere tra una grande variet\u00e0 di pietre, marmi, graniti e onice, con una ricchezza di cromie e materiali lapidei che solo un partner qualificato come Granulati Zandobbio \u00e8 in grado di offrire. &nbsp; Membro di:<\/p>\n","protected":false},"author":1,"featured_media":0,"parent":0,"menu_order":0,"comment_status":"closed","ping_status":"closed","template":"chi_siamo2.php","meta":{"_links_to":"","_links_to_target":""},"aioseo_notices":[],"_links":{"self":[{"href":"https:\/\/www.granulati.it\/it\/wp-json\/wp\/v2\/pages\/133"}],"collection":[{"href":"https:\/\/www.granulati.it\/it\/wp-json\/wp\/v2\/pages"}],"about":[{"href":"https:\/\/www.granulati.it\/it\/wp-json\/wp\/v2\/types\/page"}],"author":[{"embeddable":true,"href":"https:\/\/www.granulati.it\/it\/wp-json\/wp\/v2\/users\/1"}],"replies":[{"embeddable":true,"href":"https:\/\/www.granulati.it\/it\/wp-json\/wp\/v2\/comments?post=133"}],"version-history":[{"count":269,"href":"https:\/\/www.granulati.it\/it\/wp-json\/wp\/v2\/pages\/133\/revisions"}],"predecessor-version":[{"id":84030,"href":"https:\/\/www.granulati.it\/it\/wp-json\/wp\/v2\/pages\/133\/revisions\/84030"}],"wp:attachment":[{"href":"https:\/\/www.granulati.it\/it\/wp-json\/wp\/v2\/media?parent=133"}],"curies":[{"name":"wp","href":"https:\/\/api.w.org\/{rel}","templated":true}]}}