{"id":131,"date":"2013-05-20T11:29:51","date_gmt":"2013-05-20T09:29:51","guid":{"rendered":"http:\/\/www.granulati.it\/it\/?page_id=131"},"modified":"2025-07-30T16:20:22","modified_gmt":"2025-07-30T14:20:22","slug":"storia","status":"publish","type":"page","link":"https:\/\/www.granulati.it\/it\/storia\/","title":{"rendered":"Storia"},"content":{"rendered":"<p><\/p>\n<h3 style=\"text-align: justify;\">\n<div class=\"shortcode1\"><\/h3>\n<h1 style=\"text-align: left;\">80 ANNI DI ESPERIENZA NELLA PRODUZIONE E COMMERCIALIZZAZIONE DI CIOTTOLI E GRANULATI<\/h1>\n<h6 style=\"text-align: justify;\">Quattro generazioni di imprenditori si impegnano nell&#8217;azienda dal 1929 con attivit\u00e0 di cava,<br \/>\nnel comune di Zandobbio, in provincia di Bergamo.<br \/>\nLa produzione e lo stoccaggio si sviluppano in 5 siti distinti su un\u2019area complessiva di oltre 200.000 metri quadrati.<\/h6>\n<\/div>\n<div style='clear:both; height:10px' ><\/div>\n<h5 style=\"text-align: justify;\">\n<div style='clear:both; height:10px' ><\/div>\n<\/h5>\n<div class=\"shortcode1-2\">\n<h5 style=\"text-align: justify;\"><strong>1929<\/strong><\/h5>\n<p style=\"text-align: justify;\">Gino Sottocornola, il bisnonno degli attuali titolari, Direttore del cementificio Alta Val Brembana\u00a0 in seguito alla chiusura dello stabilimento si mette in proprio e nel 1929 apre un deposito di inerti in centro a Bergamo, in via Borgo Palazzo, e inizia una attivit\u00e0 di produzione e distribuzione di inerti destinati a cementasti locali.<\/p>\n<p>&nbsp;<\/p>\n<h5 style=\"text-align: justify;\"><strong>1934<\/strong><\/h5>\n<p style=\"text-align: justify;\">L\u2019attivit\u00e0 viene trasferita nel comune di Zandobbio in prossimit\u00e0 del centro storico del paese (localit\u00e0 Mulino). Viene aperta in questa localit\u00e0 la prima cava di Zandobbio destinata alla produzione di Granulato del Marmo di Zandobbio.<\/p>\n<p>&nbsp;<\/p>\n<h5 style=\"text-align: justify;\"><strong>1950<\/strong><\/h5>\n<p style=\"text-align: justify;\">L\u2019attivit\u00e0 si trasferisce dal centro del paese nella frazione Selva di Zandobbio (localit\u00e0 S.Anna),\u00a0dove \u00e8 attualmente ancora attiva l\u2019attivit\u00e0 estrattiva.<\/p>\n<p>&nbsp;<\/p>\n<h5 style=\"text-align: justify;\"><strong>1955-1960<\/strong><\/h5>\n<p style=\"text-align: justify;\">Apertura di altri due cantieri di produzione nel comune di Zandobbio (localit\u00e0 Carecchio e localit\u00e0 Madonne della Neve),\u00a0destinati alla macinazione di marmi colorati\u00a0per la produzione di Mattonelle in cemento.<\/p>\n<p style=\"text-align: justify;\">\n<div style='clear:both; height:10px' ><\/div>\n<\/p>\n<p>&nbsp;<\/p>\n<h5 style=\"text-align: justify;\"><strong>1970-1980<\/strong><\/h5>\n<p style=\"text-align: justify;\">Acquisizione di altre tre piccole cave in prossimit\u00e0 di quella gi\u00e0 esistente in localit\u00e0 S. Anna. Si viene cos\u00ec a creare una grande ed unica cava, utilizzata ancora oggi.<\/p>\n<p>&nbsp;<\/p>\n<h5 style=\"text-align: justify;\"><strong>1972<\/strong><\/h5>\n<p style=\"text-align: justify;\">Viene installato il primo impianto moderno di macinazione, per soddisfare la crescente richiesta del settore industriale del vetro, intonaci e collanti.<\/p>\n<p>&nbsp;<\/p>\n<h5 style=\"text-align: justify;\"><strong>1980<\/strong><\/h5>\n<p style=\"text-align: justify;\">Granulati Zandobbio srl subentra alla originaria e storica azienda di famiglia, Sottocornola G. snc<\/p>\n<p>&nbsp;<\/p>\n<h5 style=\"text-align: justify;\"><strong>1985<\/strong><\/h5>\n<p style=\"text-align: justify;\">Vengono smantellati tutti i vecchi impianti per crearne uno unico tecnologicamente all\u2019avanguardia: il nuovo impianto verr\u00e0 posizionato nella parte bassa della cava,\u00a0zona strategica per impatto visivo ed acustico.<\/p>\n<p>&nbsp;<\/p>\n<h5 style=\"text-align: justify;\"><strong>1990-1995<\/strong><\/h5>\n<p style=\"text-align: justify;\">Vengono modernizzati gli impianti per la produzione di granulati di marmo e creato il primo impianto di produzione dei ciottoli.<\/p>\n<h5><\/div>\n<\/h5>\n<h5>\n<div class=\"shortcode1-2\"><\/h5>\n<h5 style=\"text-align: justify;\"><strong>2000<\/strong><\/h5>\n<p style=\"text-align: justify;\">Si rinnova l\u2019impianto di produzione dei ciottoli, le cui caratteristiche lo rendono tutt\u2019ora all\u2019avanguardia e unico a livello europeo.<\/p>\n<p>&nbsp;<\/p>\n<h5 style=\"text-align: justify;\"><strong>2003-2006\u00a0<\/strong><\/h5>\n<p style=\"text-align: justify;\">Si\u00a0ampliano, nel comune di Zandobbio, i depositi destinati allo stoccaggio delle materie primi e dei prodotti finiti, passando da una superficie di stoccaggio\u00a0 20.000 a 50.000 mq.<\/p>\n<p>&nbsp;<\/p>\n<h5 style=\"text-align: justify;\"><strong>2006<\/strong><\/h5>\n<p style=\"text-align: justify;\">Dal 1\u00b0 gennaio Granulati Zandobbio\u00a0srl diventa una Societ\u00e0 per Azioni.<\/p>\n<p>&nbsp;<\/p>\n<h5 style=\"text-align: justify;\"><strong>2008<\/strong><\/h5>\n<p style=\"text-align: justify;\">Acquisizione del piazzale di Marmi Mecca (che \u00e8 stata negli anni 1960 la pi\u00f9 importante azienda a livello mondiale nella produzione di granulati di marmo)\u00a0:\u00a050.000 mq in zona strategica sull\u2019autostrada\u00a0A4\u00a0Milano-Venezia.<\/p>\n<p>&nbsp;<\/p>\n<h5 style=\"text-align: justify;\"><strong>2012<\/strong><\/h5>\n<p style=\"text-align: justify;\">Nasce STONE CITY, un parco espositivo permanente di 3000 mq che raccoglie le migliori ambientazioni realizzate con i prodotti in pietra naturale\u00a0di Granulati Zandobbio. Un\u2019area unica nel suo genere a livello mondiale.<\/p>\n<p>&nbsp;<\/p>\n<h5 style=\"text-align: justify;\"><strong>2013-2014<\/strong><\/h5>\n<p style=\"text-align: justify;\">Realizzazione dell\u2019impianto di produzione dei Ciottoli di 3\u00b0 generazione, completamente automatizzato e sviluppato con caratteristiche sostenibili nel rispetto dell\u2019ambiente e dei lavoratori.<\/p>\n<p>&nbsp;<\/p>\n<h5 style=\"text-align: justify;\"><strong>2015<\/strong><\/h5>\n<p style=\"text-align: justify;\"><strong style=\"font-size: 16px;\">STONE CITY<\/strong><span style=\"font-size: 16px;\">\u00a0<\/span>si rileva un grande strumento di marketing e comunicazione e diventa una struttura polifunzionale di 5000 mq, ora in grado di dare un servizio sempre pi\u00f9 efficiente ai suoi clienti e visitatori ospitando ogni tipologia di evento. Nasce L&#8217;ALTRA PIETRA il brand a marchio registrato di pavimentazioni in gres porcellanato spessorato per esterno con l&#8217;offerta pi\u00f9 ampia sul mercato di questa categoria.<\/p>\n<p>&nbsp;<\/p>\n<h5 style=\"text-align: justify;\"><strong>2016<\/strong><\/h5>\n<p style=\"text-align: justify;\">Si acquisisce la rimanente porzione del piazzale della ex Marmi Mecca. Il sito di Bolgare, ora di 120.000 mq, \u00e8 destinato a divenire il cuore logistico dell&#8217;azienda. STONE CITY diventa secondo sponsor di maglia dell&#8217;Atalanta Bergamasca Calcio.<\/p>\n<hr \/>\n<h2 style=\"text-align: left;\">L&#8217;azienda \u00e8 certificata:<\/h2>\n<div style=\"float: left; padding: 15px;\">\n<p style=\"text-align: center;\">ISO 9001:2015<br \/>\n(qualit\u00e0)<\/p>\n<p style=\"text-align: center;\"><img class=\"wp-image-39613 aligncenter colorbox-131\" src=\"http:\/\/www.granulati.it\/wp-content\/uploads\/2018\/03\/IQNet-50x50.jpg\" alt=\"\" width=\"130\" srcset=\"https:\/\/www.granulati.it\/wp-content\/uploads\/2018\/03\/IQNet-50x50.jpg 50w, https:\/\/www.granulati.it\/wp-content\/uploads\/2018\/03\/IQNet-300x300.jpg 300w, https:\/\/www.granulati.it\/wp-content\/uploads\/2018\/03\/IQNet-472x472.jpg 472w, https:\/\/www.granulati.it\/wp-content\/uploads\/2018\/03\/IQNet-150x150.jpg 150w, https:\/\/www.granulati.it\/wp-content\/uploads\/2018\/03\/IQNet.jpg 618w\" sizes=\"(max-width: 50px) 100vw, 50px\" \/><\/p>\n<\/div>\n<div style=\"float: left; padding: 15px; text-align: center;\">\n<p style=\"text-align: center;\">ISO 14001:2015<br \/>\n(sostenibilit\u00e0 ambientale)<\/p>\n<p><img class=\"wp-image-39619 aligncenter colorbox-131\" src=\"http:\/\/www.granulati.it\/wp-content\/uploads\/2018\/03\/iso-14001-environmental-management-system-500x500-1-50x50.png\" alt=\"\" width=\"130\" srcset=\"https:\/\/www.granulati.it\/wp-content\/uploads\/2018\/03\/iso-14001-environmental-management-system-500x500-1-50x50.png 50w, https:\/\/www.granulati.it\/wp-content\/uploads\/2018\/03\/iso-14001-environmental-management-system-500x500-1-300x300.png 300w, https:\/\/www.granulati.it\/wp-content\/uploads\/2018\/03\/iso-14001-environmental-management-system-500x500-1-472x472.png 472w, https:\/\/www.granulati.it\/wp-content\/uploads\/2018\/03\/iso-14001-environmental-management-system-500x500-1-150x150.png 150w, https:\/\/www.granulati.it\/wp-content\/uploads\/2018\/03\/iso-14001-environmental-management-system-500x500-1.png 476w\" sizes=\"(max-width: 50px) 100vw, 50px\" \/><\/p>\n<\/div>\n<div style=\"float: left; padding: 15px;\">\n<p style=\"text-align: center;\">Confindustria Marmomacchine<\/p>\n<p><img class=\"alignnone wp-image-39613 aligncenter colorbox-131\" src=\"http:\/\/www.granulati.it\/wp-content\/uploads\/2018\/03\/CMM.png\" alt=\"\" width=\"130\" \/><\/p>\n<\/div>\n<p><\/p>","protected":false},"excerpt":{"rendered":"<p>2000 The pebble production plant was overhauled, the features of which still place it in the vanguard and make it unique in Europe. &nbsp; 2003-2006\u00a0 In Zandobbio, the storage facilities for raw materials and finished products were increased from 20,000 to 50,000 square metres. &nbsp; 2006 On 1 January Granulati Zandobbio srl, a limited liability company, became an SpA (joint-stock company). &nbsp; 2008 Acquisition of site of Marmi Mecca (which was the world\u2019s largest producer of marble chippings in the 1960s): 50,000 square metres in a strategic area on the A4 Milan-Venice motorway. &nbsp; 2012 Creation of StoneCity, a permanent exhibition extending over 3,000 square metres showing the best settings created with Granulati Zandobbio natural stone products. The only area of its kind anywhere in the world. &nbsp; 2013-2014 The third generation pebble production plant was built. It is completely automated and incorporates sustainability that respects the environment and workers. &nbsp; 2015 STONE CITY\u00a0STONE CITY is a great marketing and communication tool and becomes a multi-purpose structure of 5000 square meters, now able to provide an increasingly efficient service to its customers and visitors by hosting every type of event. L&#8217;ALTRA PIETRA is born the brand with registered trademark of outdoor porcelain stoneware flooring with the widest range on the market of this category. &nbsp; 2016 The remaining portion of the square of the former Marmi Mecca is acquired. The Bolgare site, now 120,000 square meters, is destined to become the logistic heart of the company. STONE CITY becomes second sponsor of Atalanta Bergamasca Calcio. The company is certified: ISO 9001:2015 (quality) ISO 14001:2015 (environmental sustainability) Confindustria Marmomacchine<\/p>\n","protected":false},"author":1,"featured_media":0,"parent":0,"menu_order":0,"comment_status":"open","ping_status":"closed","template":"","meta":{"_links_to":"","_links_to_target":""},"aioseo_notices":[],"_links":{"self":[{"href":"https:\/\/www.granulati.it\/it\/wp-json\/wp\/v2\/pages\/131"}],"collection":[{"href":"https:\/\/www.granulati.it\/it\/wp-json\/wp\/v2\/pages"}],"about":[{"href":"https:\/\/www.granulati.it\/it\/wp-json\/wp\/v2\/types\/page"}],"author":[{"embeddable":true,"href":"https:\/\/www.granulati.it\/it\/wp-json\/wp\/v2\/users\/1"}],"replies":[{"embeddable":true,"href":"https:\/\/www.granulati.it\/it\/wp-json\/wp\/v2\/comments?post=131"}],"version-history":[{"count":67,"href":"https:\/\/www.granulati.it\/it\/wp-json\/wp\/v2\/pages\/131\/revisions"}],"predecessor-version":[{"id":39673,"href":"https:\/\/www.granulati.it\/it\/wp-json\/wp\/v2\/pages\/131\/revisions\/39673"}],"wp:attachment":[{"href":"https:\/\/www.granulati.it\/it\/wp-json\/wp\/v2\/media?parent=131"}],"curies":[{"name":"wp","href":"https:\/\/api.w.org\/{rel}","templated":true}]}}