{"id":996,"date":"2013-10-18T15:35:34","date_gmt":"2013-10-18T13:35:34","guid":{"rendered":"http:\/\/www.granulati.it\/it\/?page_id=996"},"modified":"2023-02-01T14:44:07","modified_gmt":"2023-02-01T13:44:07","slug":"calcolatore-2","status":"publish","type":"page","link":"https:\/\/www.granulati.it\/fr\/calcolatore\/","title":{"rendered":"Ordinateur"},"content":{"rendered":"<div id=\"pl-996\"  class=\"panel-layout\" ><div id=\"pg-996-0\"  class=\"panel-grid panel-no-style\" ><div id=\"pgc-996-0-0\"  class=\"panel-grid-cell\" ><div id=\"panel-996-0-0-0\" class=\"so-panel widget widget_text panel-first-child\" data-index=\"0\" >\t\t\t<div class=\"textwidget\"><div style=\"background-color: #006785; height: 50px;\">\n<h1 style=\"padding-top: 10px;\"><span style=\"color: white;\">CALCULATRICE<\/span><\/h1>\n<\/div>\n<\/div>\n\t\t<\/div><div id=\"panel-996-0-0-1\" class=\"so-panel widget widget_text panel-last-child\" data-index=\"1\" >\t\t\t<div class=\"textwidget\"><p><img class=\"colorbox-996\"  style=\"width: 100%;\" src=\"http:\/\/www.granulati.it\/wp-content\/uploads\/2022\/12\/calcol2.jpg\" \/><\/p>\n<p style=\"text-align: center; font-size: 14px; font-family: Raleway, Thaoma, Helvetica, Arial;\">Utilisez la calculatrice pour d\u00e9terminer rapidement la quantit\u00e9 de <a href=\"http:\/\/www.granulati.it\/it\/prodotti\/pebbles\/\"><strong>ciottoli<\/strong><\/a>, <a href=\" https:\/\/www.granulati.it\/it\/prodotti\/gravels\/\"><strong>granul\u00e9s<\/strong><\/a> ou pierres ornementales n\u00e9cessaires<br \/>\npour couvrir la surface d&#8217;un parterre de fleurs, d&#8217;une all\u00e9e, d&#8217;une rotonde, d&#8217;une cour ou d&#8217;un patio.<\/p>\n<p>&nbsp;<\/p>\n<p style=\"text-align: center; font-size: 14px; font-family: Raleway, Thaoma, Helvetica, Arial;\">Attention: la plupart des produits sont vendus au poids (kg ou tonne), tandis que les autres produits sont vendus au volume (l ou m<sup>3<\/sup>).<br \/>\nSi vous avez besoin de calculer la quantit\u00e9 de granul\u00e9s ou de cailloux pour le <a href=\"www.gravelfix.it\"><strong>GRAVELFIX<\/strong><\/a><br \/>\nvous devrez consid\u00e9rer une \u00e9paisseur de 4 cm (H), la valeur \u00e0 consid\u00e9rer est en tonnes ou en kg.<br \/>\nAlors que l&#8217;\u00e9paisseur id\u00e9ale pour <a href=\"https:\/\/www.granulati.it\/it\/prodotti\/accessory-products-2\/calcestre\/\"><strong>CALCESTRE<\/strong><\/a> avec le liant d\u00e9velopp\u00e9 avec Italcementi, il est de 10 cm (H), la valeur \u00e0 consid\u00e9rer est en tonnes ou en kg.<br \/>\nPour calculer la quantit\u00e9 de <strong>PAMIDRE<\/strong> l&#8217;\u00e9paisseur id\u00e9ale \u00e0 prendre en consid\u00e9ration est de 2 cm (H), la valeur \u00e0 consid\u00e9rer est en l ou m<sup>3<\/sup>.<\/p>\n<\/div>\n\t\t<\/div><\/div><\/div><div id=\"pg-996-1\"  class=\"panel-grid panel-no-style\" ><div id=\"pgc-996-1-0\"  class=\"panel-grid-cell\" ><div id=\"panel-996-1-0-0\" class=\"so-panel widget widget_text panel-first-child panel-last-child\" data-index=\"2\" >\t\t\t<div class=\"textwidget\"><form name=\"cp_calculatedfieldsf_pform_1\" id=\"cp_calculatedfieldsf_pform_1\" action=\"?\" method=\"post\" enctype=\"multipart\/form-data\" class=\"cff-form \" >\n<input type=\"hidden\" name=\"cp_calculatedfieldsf_pform_psequence\" value=\"_1\" \/><br \/>\n<input type=\"hidden\" name=\"cp_calculatedfieldsf_id\" value=\"6\" \/><\/p>\n<pre style=\"display:none !important;\"><script type=\"text\/javascript\">form_structure_1=[[{\"form_identifier\":\"\",\"name\":\"fieldname1\",\"shortlabel\":\"\",\"index\":0,\"ftype\":\"fnumber\",\"userhelp\":\"\",\"audiotutorial\":\"\",\"userhelpTooltip\":false,\"tooltipIcon\":false,\"csslayout\":\"\",\"title\":\"H [cm]\",\"predefined\":\"\",\"predefinedClick\":false,\"required\":true,\"exclude\":false,\"readonly\":false,\"numberpad\":false,\"spinner\":false,\"size\":\"large\",\"thousandSeparator\":\"\",\"decimalSymbol\":\"\",\"min\":\"\",\"max\":\"\",\"formatDynamically\":false,\"dformat\":\"number\",\"formats\":[\"digits\",\"number\",\"percent\"],\"fBuild\":{},\"parent\":\"\"},{\"form_identifier\":\"\",\"name\":\"fieldname2\",\"shortlabel\":\"\",\"index\":1,\"ftype\":\"fnumber\",\"userhelp\":\"\",\"audiotutorial\":\"\",\"userhelpTooltip\":false,\"tooltipIcon\":false,\"csslayout\":\"\",\"title\":\"L [m]\",\"predefined\":\"\",\"predefinedClick\":false,\"required\":true,\"exclude\":false,\"readonly\":false,\"numberpad\":false,\"spinner\":false,\"size\":\"large\",\"thousandSeparator\":\"\",\"decimalSymbol\":\"\",\"min\":\"\",\"max\":\"\",\"formatDynamically\":false,\"dformat\":\"number\",\"formats\":[\"digits\",\"number\",\"percent\"],\"fBuild\":{},\"parent\":\"\"},{\"form_identifier\":\"\",\"name\":\"fieldname3\",\"shortlabel\":\"\",\"index\":2,\"ftype\":\"fnumber\",\"userhelp\":\"\",\"audiotutorial\":\"\",\"userhelpTooltip\":false,\"tooltipIcon\":false,\"csslayout\":\"\",\"title\":\"W [m]\",\"predefined\":\"\",\"predefinedClick\":false,\"required\":true,\"exclude\":false,\"readonly\":false,\"numberpad\":false,\"spinner\":false,\"size\":\"large\",\"thousandSeparator\":\"\",\"decimalSymbol\":\"\",\"min\":\"\",\"max\":\"\",\"formatDynamically\":false,\"dformat\":\"number\",\"formats\":[\"digits\",\"number\",\"percent\"],\"fBuild\":{},\"parent\":\"\"},{\"dependencies\":[{\"rule\":\"\",\"complex\":false,\"fields\":[\"\"]}],\"form_identifier\":\"\",\"name\":\"fieldname6\",\"shortlabel\":\"\",\"index\":3,\"ftype\":\"fCalculated\",\"userhelp\":\"\",\"audiotutorial\":\"\",\"userhelpTooltip\":false,\"tooltipIcon\":false,\"csslayout\":\"\",\"title\":\"m\\u003Csup\\u003E2\\u003C\\\/sup\\u003E\",\"predefined\":\"\",\"required\":false,\"exclude\":false,\"size\":\"large\",\"eq\":\"fieldname2*fieldname3\",\"min\":\"\",\"max\":\"\",\"suffix\":\"\",\"prefix\":\"\",\"decimalsymbol\":\".\",\"groupingsymbol\":\"\",\"readonly\":true,\"currency\":false,\"noEvalIfManual\":false,\"formatDynamically\":false,\"hidefield\":false,\"fBuild\":{},\"parent\":\"\"},{\"dependencies\":[{\"rule\":\"\",\"complex\":false,\"fields\":[\"\"]}],\"form_identifier\":\"\",\"name\":\"fieldname7\",\"shortlabel\":\"\",\"index\":4,\"ftype\":\"fCalculated\",\"userhelp\":\"\",\"audiotutorial\":\"\",\"userhelpTooltip\":false,\"tooltipIcon\":false,\"csslayout\":\"\",\"title\":\"kg\",\"predefined\":\"\",\"required\":false,\"exclude\":false,\"size\":\"large\",\"eq\":\"(fieldname1*fieldname2*fieldname3)*1.5*10\",\"min\":\"\",\"max\":\"\",\"suffix\":\"\",\"prefix\":\"\",\"decimalsymbol\":\",\",\"groupingsymbol\":\"\",\"readonly\":true,\"currency\":false,\"noEvalIfManual\":false,\"formatDynamically\":false,\"hidefield\":false,\"fBuild\":{},\"parent\":\"\"},{\"dependencies\":[{\"rule\":\"\",\"complex\":false,\"fields\":[\"\"]}],\"form_identifier\":\"\",\"name\":\"fieldname8\",\"shortlabel\":\"\",\"index\":5,\"ftype\":\"fCalculated\",\"userhelp\":\"\",\"audiotutorial\":\"\",\"userhelpTooltip\":false,\"tooltipIcon\":false,\"csslayout\":\"\",\"title\":\"ton\",\"predefined\":\"\",\"required\":false,\"exclude\":false,\"size\":\"large\",\"eq\":\"(fieldname1*fieldname2*fieldname3)*1.5\\\/100\",\"min\":\"\",\"max\":\"\",\"suffix\":\"\",\"prefix\":\"\",\"decimalsymbol\":\",\",\"groupingsymbol\":\"\",\"readonly\":true,\"currency\":false,\"noEvalIfManual\":false,\"formatDynamically\":false,\"hidefield\":false,\"fBuild\":{},\"parent\":\"\"},{\"dependencies\":[{\"rule\":\"\",\"complex\":false,\"fields\":[\"\"]}],\"form_identifier\":\"\",\"name\":\"fieldname4\",\"shortlabel\":\"\",\"index\":6,\"ftype\":\"fCalculated\",\"userhelp\":\"\",\"audiotutorial\":\"\",\"userhelpTooltip\":false,\"tooltipIcon\":false,\"csslayout\":\"\",\"title\":\"l\",\"predefined\":\"\",\"required\":false,\"exclude\":false,\"size\":\"large\",\"eq\":\"(fieldname1*fieldname2*fieldname3)*10\",\"min\":\"\",\"max\":\"\",\"suffix\":\"\",\"prefix\":\"\",\"decimalsymbol\":\",\",\"groupingsymbol\":\"\",\"readonly\":true,\"currency\":false,\"noEvalIfManual\":false,\"formatDynamically\":false,\"hidefield\":false,\"fBuild\":{},\"parent\":\"\"},{\"dependencies\":[{\"rule\":\"\",\"complex\":false,\"fields\":[\"\"]}],\"form_identifier\":\"\",\"name\":\"fieldname5\",\"shortlabel\":\"\",\"index\":7,\"ftype\":\"fCalculated\",\"userhelp\":\"\",\"audiotutorial\":\"\",\"userhelpTooltip\":false,\"tooltipIcon\":false,\"csslayout\":\"\",\"title\":\"m\\u003Csup\\u003E3\\u003C\\\/sup\\u003E\",\"predefined\":\"\",\"required\":false,\"exclude\":false,\"size\":\"large\",\"eq\":\"(fieldname1*fieldname2*fieldname3)\\\/100\",\"min\":\"\",\"max\":\"\",\"suffix\":\"\",\"prefix\":\"\",\"decimalsymbol\":\",\",\"groupingsymbol\":\"\",\"readonly\":true,\"currency\":false,\"noEvalIfManual\":false,\"formatDynamically\":false,\"hidefield\":false,\"fBuild\":{},\"parent\":\"\"}],{\"0\":{\"title\":\"\",\"description\":\"\",\"formlayout\":\"top_aligned\",\"formtemplate\":\"cp_cff_clean\",\"evalequations\":1,\"evalequationsevent\":2,\"loading_animation\":0,\"autocomplete\":1,\"persistence\":0,\"animate_form\":0,\"customstyles\":\"\"},\"formid\":\"cp_calculatedfieldsf_pform_1\"}];<\/script><\/pre>\n<div id=\"fbuilder\">\n<div id=\"fbuilder_1\">\n<div id=\"formheader_1\"><\/div>\n<div id=\"fieldlist_1\"><\/div>\n<div class=\"clearer\"><\/div>\n<\/p><\/div>\n<\/div>\n<div class=\"clearer\"><\/div>\n<\/form>\n<\/div>\n\t\t<\/div><\/div><div id=\"pgc-996-1-1\"  class=\"panel-grid-cell\" ><div id=\"panel-996-1-1-0\" class=\"so-panel widget widget_text panel-first-child panel-last-child\" data-index=\"3\" >\t\t\t<div class=\"textwidget\"><p><a href=\"http:\/\/www.granulati.it\/wp-content\/uploads\/2022\/12\/calcolatore_Tavola-disegno-1.jpg\"><img class=\"colorbox-996\"  src=\"http:\/\/www.granulati.it\/wp-content\/uploads\/2022\/12\/calcolatore_Tavola-disegno-1.jpg\" \/><\/a><\/p>\n<p style=\"margin-bottom: 20px; font-size: 14px; font-family: Raleway;\">Entrez les donn\u00e9es requises dans les champs appropri\u00e9s, le syst\u00e8me vous communiquera automatiquement la surface totale en m<sup>2<\/sup> de votre plan de travail, le poids en kilogrammes et tonnes et le volume en litres et m<sup>3 &lt; \/sup&gt; des agr\u00e9gats n\u00e9cessaires pour obtenir un r\u00e9sultat parfait.<\/sup><\/p>\n<ul style=\"margin-left: 0px;\">\n<li style=\"list-style-type: none;\">\n<ul>\n<li style=\"list-style-type: none;\">\n<ul>\n<li style=\"font-size: 14px; font-family: Raleway, Thaoma, Helvetica, Arial; line-height: 30px;\"><strong>H<\/strong>: Entrez la valeur d&#8217;\u00e9paisseur en centim\u00e8tres (cm) de votre zone de travail;<\/li>\n<li style=\"font-size: 14px; font-family: Raleway, Thaoma, Helvetica, Arial; line-height: 30px;\"><strong>L<\/strong>\u00a0: saisissez la valeur de la longueur en m\u00e8tres (m) de votre zone de travail;<\/li>\n<li style=\"font-size: 14px; font-family: Raleway, Thaoma, Helvetica, Arial; line-height: 30px;\"><strong>W<\/strong>\u00a0: saisissez la valeur de la largeur en m\u00e8tres (m) de votre zone de travail;<\/li>\n<li style=\"font-size: 14px; font-family: Raleway, Thaoma, Helvetica, Arial; line-height: 30px;\"><strong>m<sup>2<\/sup><\/strong>\u00a0: Aire en m<sup>2<\/sup> de la surface de travail, calcul\u00e9e en multipliant la valeur W pour le L;<\/li>\n<li style=\"font-size: 14px; font-family: Raleway, Thaoma, Helvetica, Arial; line-height: 30px;\"><strong>kg<\/strong>\u00a0:\u00a0Valeur en kilogrammes de granulats ou cailloux vendus au poids, n\u00e9cessaires pour remplir la surface de travail;<\/li>\n<li style=\"font-size: 14px; font-family: Raleway, Thaoma, Helvetica, Arial; line-height: 30px;\"><strong>tonne<\/strong>\u00a0:\u00a0Valeur en tonnes de granulats ou cailloux vendus au poids, n\u00e9cessaires pour remplir la surface de travail;<\/li>\n<li style=\"font-size: 14px; font-family: Raleway, Thaoma, Helvetica, Arial; line-height: 30px;\"><strong>l<\/strong> : Valeur en litres de granulats ou cailloux vendus au volume, n\u00e9cessaires pour remplir le plan de travail;<\/li>\n<li style=\"font-size: 14px; font-family: Raleway, Thaoma, Helvetica, Arial; line-height: 30px;\"><strong>m<sup>3<\/sup><\/strong>\u00a0: valeur en m<sup>3<\/sup> de granul\u00e9s ou cailloux vendus au volume, obligatoire remplir le plan de travail;<\/li>\n<\/ul>\n<\/li>\n<\/ul>\n<\/li>\n<\/ul>\n<\/li>\n<\/ul>\n<\/div>\n\t\t<\/div><\/div><\/div><\/div>","protected":false},"excerpt":{"rendered":"<p>CALCULATRICE Utilisez la calculatrice pour d\u00e9terminer rapidement la quantit\u00e9 de ciottoli, granul\u00e9s ou pierres ornementales n\u00e9cessaires pour couvrir la surface d&#8217;un parterre de fleurs, d&#8217;une all\u00e9e, d&#8217;une rotonde, d&#8217;une cour ou d&#8217;un patio. &nbsp; Attention: la plupart des produits sont vendus au poids (kg ou tonne), tandis que les autres produits sont vendus au volume (l ou m3). Si vous avez besoin de calculer la quantit\u00e9 de granul\u00e9s ou de cailloux pour le GRAVELFIX vous devrez consid\u00e9rer une \u00e9paisseur de 4 cm (H), la valeur \u00e0 consid\u00e9rer est en tonnes ou en kg. Alors que l&#8217;\u00e9paisseur id\u00e9ale pour CALCESTRE avec le liant d\u00e9velopp\u00e9 avec Italcementi, il est de 10 cm (H), la valeur \u00e0 consid\u00e9rer est en tonnes ou en kg. Pour calculer la quantit\u00e9 de PAMIDRE l&#8217;\u00e9paisseur id\u00e9ale \u00e0 prendre en consid\u00e9ration est de 2 cm (H), la valeur \u00e0 consid\u00e9rer est en l ou m3. Entrez les donn\u00e9es requises dans les champs appropri\u00e9s, le syst\u00e8me vous communiquera automatiquement la surface totale en m2 de votre plan de travail, le poids en kilogrammes et tonnes et le volume en litres et m3 &lt; \/sup&gt; des agr\u00e9gats n\u00e9cessaires pour obtenir un r\u00e9sultat parfait. H: Entrez la valeur d&#8217;\u00e9paisseur en centim\u00e8tres (cm) de votre zone de travail; L\u00a0: saisissez la valeur de la longueur en m\u00e8tres (m) de votre zone de travail; W\u00a0: saisissez la valeur de la largeur en m\u00e8tres (m) de votre zone de travail; m2\u00a0: Aire en m2 de la surface de travail, calcul\u00e9e en multipliant la valeur W pour le L; kg\u00a0:\u00a0Valeur en kilogrammes de granulats ou cailloux vendus au poids, n\u00e9cessaires pour remplir la surface de travail; tonne\u00a0:\u00a0Valeur en tonnes de granulats ou cailloux vendus au poids, n\u00e9cessaires pour remplir la surface de travail; l : Valeur en litres de granulats ou cailloux vendus au volume, n\u00e9cessaires pour remplir le plan de travail; m3\u00a0: valeur en m3 de granul\u00e9s ou cailloux vendus au volume, obligatoire remplir le plan de travail;<\/p>\n","protected":false},"author":1,"featured_media":0,"parent":0,"menu_order":17,"comment_status":"open","ping_status":"open","template":"","meta":{"_links_to":"","_links_to_target":""},"aioseo_notices":[],"_links":{"self":[{"href":"https:\/\/www.granulati.it\/fr\/wp-json\/wp\/v2\/pages\/996"}],"collection":[{"href":"https:\/\/www.granulati.it\/fr\/wp-json\/wp\/v2\/pages"}],"about":[{"href":"https:\/\/www.granulati.it\/fr\/wp-json\/wp\/v2\/types\/page"}],"author":[{"embeddable":true,"href":"https:\/\/www.granulati.it\/fr\/wp-json\/wp\/v2\/users\/1"}],"replies":[{"embeddable":true,"href":"https:\/\/www.granulati.it\/fr\/wp-json\/wp\/v2\/comments?post=996"}],"version-history":[{"count":24,"href":"https:\/\/www.granulati.it\/fr\/wp-json\/wp\/v2\/pages\/996\/revisions"}],"predecessor-version":[{"id":77638,"href":"https:\/\/www.granulati.it\/fr\/wp-json\/wp\/v2\/pages\/996\/revisions\/77638"}],"wp:attachment":[{"href":"https:\/\/www.granulati.it\/fr\/wp-json\/wp\/v2\/media?parent=996"}],"curies":[{"name":"wp","href":"https:\/\/api.w.org\/{rel}","templated":true}]}}