{"id":83895,"date":"2025-10-24T12:27:10","date_gmt":"2025-10-24T10:27:10","guid":{"rendered":"https:\/\/www.granulati.it\/it\/?page_id=83895"},"modified":"2025-10-24T14:45:29","modified_gmt":"2025-10-24T12:45:29","slug":"ambasciatori-d-impresa-2025","status":"publish","type":"page","link":"https:\/\/www.granulati.it\/fr\/qui-nous-sommes\/ambasciatori-d-impresa-2025\/","title":{"rendered":"Ambassadeurs d\u2019Entreprise 2025"},"content":{"rendered":"<p><\/p>\n<div style=\"background-color: #006785;height: 50px\">\n<h1 style=\"padding-top: 10px\"><span style=\"color: white;padding-left: 10px\">PRIX AMBASSADEURS D\u2019ENTREPRISE 2025<\/span><\/h1>\n<\/div>\n<p><span style=\"font-family: 'Lucida Grande', Verdana, Arial, Helvetica, sans-serif\"><img class=\"aligncenter wp-image-40045 size-full colorbox-83895\" title=\"granulati zandobbio\" src=\"http:\/\/www.granulati.it\/wp-content\/uploads\/2025\/10\/Sub-header-premio.jpg\" alt=\"\" width=\"100%\" \/><\/span><\/p>\n<div style=\"background-color: #2b5768; height: 120px; width: 100%; margin-bottom: 40 px;\">\n<div class=\"shortcode2-3\">\n<h2 style=\"margin: 10px; font-size: 24px; color: white; background-color: #2b5768; padding-top: 10px;\">\n<strong>Granulati Zandobbio a re\u00e7u la prestigieuse distinction Prix Ambassadeurs d\u2019Entreprise 2025, lors de la c\u00e9r\u00e9monie \u00e0 la Bourse Italienne de Milan.<\/strong><br \/>\n<\/h2>\n<\/div>\n<div class=\"shortcode1-3\">\n<a href=\"https:\/\/ambasciatoridimpresa.it\/\" target=\"_blank\" rel=\"noopener noreferrer\"><br \/>\n<img loading=\"lazy\" class=\"aligncenter colorbox-83895\" style=\"align: center; padding-right: 25%; float: left;\" src=\"http:\/\/www.granulati.it\/wp-content\/uploads\/2025\/10\/AI_logo_header_no_payoff_2.png\" alt=\"\" width=\"918\" height=\"193\" \/><\/a><\/div>\n<\/div>\n<h3 style=\"font-size: 16px; margin: 10px;\">\n<strong>Le th\u00e8me principal de cette deuxi\u00e8me \u00e9dition est la transmission g\u00e9n\u00e9rationnelle et l\u2019implication des nouvelles g\u00e9n\u00e9rations.<\/strong><br \/>\n<\/h3>\n<p style=\"text-align: justify; margin: 10px; text-align: justify;\"><span style=\"font-family: 'Lucida Grande', Verdana, Arial, Helvetica, sans-serif;\">L\u2019initiative, organis\u00e9e par <strong>KPMG<\/strong> et <strong>UBS<\/strong> en collaboration avec le <strong>Politecnico di Milano<\/strong> et <strong>Elite<\/strong>, et en partenariat m\u00e9dia avec <strong>Il Sole 24 Ore<\/strong>, est d\u00e9di\u00e9e aux <strong>entreprises familiales italiennes qui se distinguent par leur leadership, leur innovation, leur vision, leur attention au capital humain et leur gouvernance<\/strong>.<br \/>\nLors de l\u2019\u00e9v\u00e9nement, qui s\u2019est tenu le mercredi 22 octobre, une distinction a \u00e9t\u00e9 remise par certains des <strong>experts les plus renomm\u00e9s du family business<\/strong> en Italie, afin de valoriser l\u2019excellence des entreprises familiales italiennes et de partager des histoires de r\u00e9ussite pouvant servir de mod\u00e8le \u00e0 l\u2019ensemble du monde entrepreneurial italien.<\/span><\/p>\n<div style=\"max-width:1200px;margin:0 auto;display:flex;flex-wrap:wrap;justify-content:center;align-items:center;\">\n  <a href=\"https:\/\/www.borsaitaliana.it\/\" target=\"_blank\" rel=\"noopener\" style=\"flex:0 0 19.66%;display:flex;align-items:center;justify-content:center;box-sizing:border-box;padding:12px;\"><br \/>\n    <img class=\"colorbox-83895\"  src=\"http:\/\/www.granulati.it\/wp-content\/uploads\/2025\/10\/Logo_Borsa_Italiana_2021.svg_.png\" alt=\"Borsa Italiana\"\n         style=\"display:block;width:100%;max-width:190px;height:auto;object-fit:contain;\"><br \/>\n  <\/a><br \/>\n  <a href=\"https:\/\/www.ilsole24ore.com\/\" target=\"_blank\" rel=\"noopener\" style=\"flex:0 0 16.66%;display:flex;align-items:center;justify-content:center;box-sizing:border-box;padding:12px;\"><br \/>\n    <img class=\"colorbox-83895\"  src=\"http:\/\/www.granulati.it\/wp-content\/uploads\/2025\/10\/Il_Sole_24_Ore.svg_.png\" alt=\"Il Sole 24 Ore\"\n         style=\"display:block;width:100%;max-width:190px;height:auto;object-fit:contain;\"><br \/>\n  <\/a><br \/>\n  <a href=\"https:\/\/kpmg.com\/\" target=\"_blank\" rel=\"noopener\" style=\"flex:0 0 12.66%;display:flex;align-items:center;justify-content:center;box-sizing:border-box;padding:12px;\"><br \/>\n    <img class=\"colorbox-83895\"  src=\"http:\/\/www.granulati.it\/wp-content\/uploads\/2025\/10\/KPMG_blue_logo.svg_.png\" alt=\"KPMG\"\n         style=\"display:block;width:100%;max-width:190px;height:auto;object-fit:contain;\"><br \/>\n  <\/a><br \/>\n  <a href=\"https:\/\/www.elite-network.com\/\" target=\"_blank\" rel=\"noopener\" style=\"flex:0 0 16.66%;display:flex;align-items:center;justify-content:center;box-sizing:border-box;padding:12px;\"><br \/>\n    <img class=\"colorbox-83895\"  src=\"http:\/\/www.granulati.it\/wp-content\/uploads\/2025\/10\/elite.png\" alt=\"ELITE\"\n         style=\"display:block;width:100%;max-width:190px;height:auto;object-fit:contain;\"><br \/>\n  <\/a><br \/>\n  <a href=\"https:\/\/www.ubs.com\/\" target=\"_blank\" rel=\"noopener\" style=\"flex:0 0 13.66%;display:flex;align-items:center;justify-content:center;box-sizing:border-box;padding:12px;\"><br \/>\n    <img class=\"colorbox-83895\"  src=\"http:\/\/www.granulati.it\/wp-content\/uploads\/2025\/10\/UBS_Logo.png\" alt=\"UBS\"\n         style=\"display:block;width:100%;max-width:190px;height:auto;object-fit:contain;\"><br \/>\n  <\/a><br \/>\n  <a href=\"https:\/\/www.polimi.it\/\" target=\"_blank\" rel=\"noopener\" style=\"flex:0 0 20.66%;display:flex;align-items:center;justify-content:center;box-sizing:border-box;padding:12px;\"><br \/>\n    <img class=\"colorbox-83895\"  src=\"http:\/\/www.granulati.it\/wp-content\/uploads\/2025\/10\/images.png\" alt=\"Politecnico di Milano\"\n         style=\"display:block;width:100%;max-width:190px;height:auto;object-fit:contain;\"><br \/>\n  <\/a>\n<\/div>\n<p><\/p>","protected":false},"excerpt":{"rendered":"<p>PRIX AMBASSADEURS D\u2019ENTREPRISE 2025 Le th\u00e8me principal de cette deuxi\u00e8me \u00e9dition est la transmission g\u00e9n\u00e9rationnelle et l\u2019implication des nouvelles g\u00e9n\u00e9rations. L\u2019initiative, organis\u00e9e par KPMG et UBS en collaboration avec le Politecnico di Milano et Elite, et en partenariat m\u00e9dia avec Il Sole 24 Ore, est d\u00e9di\u00e9e aux entreprises familiales italiennes qui se distinguent par leur leadership, leur innovation, leur vision, leur attention au capital humain et leur gouvernance. Lors de l\u2019\u00e9v\u00e9nement, qui s\u2019est tenu le mercredi 22 octobre, une distinction a \u00e9t\u00e9 remise par certains des experts les plus renomm\u00e9s du family business en Italie, afin de valoriser l\u2019excellence des entreprises familiales italiennes et de partager des histoires de r\u00e9ussite pouvant servir de mod\u00e8le \u00e0 l\u2019ensemble du monde entrepreneurial italien.<\/p>\n","protected":false},"author":6,"featured_media":0,"parent":133,"menu_order":0,"comment_status":"closed","ping_status":"closed","template":"chi_siamo2.php","meta":{"_links_to":"","_links_to_target":""},"aioseo_notices":[],"_links":{"self":[{"href":"https:\/\/www.granulati.it\/fr\/wp-json\/wp\/v2\/pages\/83895"}],"collection":[{"href":"https:\/\/www.granulati.it\/fr\/wp-json\/wp\/v2\/pages"}],"about":[{"href":"https:\/\/www.granulati.it\/fr\/wp-json\/wp\/v2\/types\/page"}],"author":[{"embeddable":true,"href":"https:\/\/www.granulati.it\/fr\/wp-json\/wp\/v2\/users\/6"}],"replies":[{"embeddable":true,"href":"https:\/\/www.granulati.it\/fr\/wp-json\/wp\/v2\/comments?post=83895"}],"version-history":[{"count":87,"href":"https:\/\/www.granulati.it\/fr\/wp-json\/wp\/v2\/pages\/83895\/revisions"}],"predecessor-version":[{"id":84026,"href":"https:\/\/www.granulati.it\/fr\/wp-json\/wp\/v2\/pages\/83895\/revisions\/84026"}],"up":[{"embeddable":true,"href":"https:\/\/www.granulati.it\/fr\/wp-json\/wp\/v2\/pages\/133"}],"wp:attachment":[{"href":"https:\/\/www.granulati.it\/fr\/wp-json\/wp\/v2\/media?parent=83895"}],"curies":[{"name":"wp","href":"https:\/\/api.w.org\/{rel}","templated":true}]}}