{"id":82859,"date":"2025-08-18T13:55:54","date_gmt":"2025-08-18T11:55:54","guid":{"rendered":"https:\/\/www.granulati.it\/it\/?page_id=82859"},"modified":"2025-08-20T16:34:14","modified_gmt":"2025-08-20T14:34:14","slug":"sarissa-marrone","status":"publish","type":"page","link":"https:\/\/www.granulati.it\/fr\/idea-pietra\/ip-prodotti\/sarissa-marrone\/","title":{"rendered":"SARISSA MARRONE"},"content":{"rendered":"<div id=\"pl-82859\"  class=\"panel-layout\" ><div id=\"pg-82859-0\"  class=\"panel-grid panel-has-style\" ><div class=\"alignfull panel-row-style panel-row-style-for-82859-0\" ><div id=\"pgc-82859-0-0\"  class=\"panel-grid-cell\" ><div id=\"panel-82859-0-0-0\" class=\"so-panel widget widget_sow-editor panel-first-child panel-last-child\" data-index=\"0\" ><div\n\t\t\t\n\t\t\tclass=\"so-widget-sow-editor so-widget-sow-editor-base\"\n\t\t\t\n\t\t>\n<div class=\"siteorigin-widget-tinymce textwidget\">\n\t<div style=\"text-align: center;\">\n<p><a href=\"https:\/\/www.granulati.it\/fr\/idea-pietra\/\" target=\"_self\"><img class=\"colorbox-82859\"  style=\"display: block; margin: 0 auto;\" src=\"https:\/\/www.granulati.it\/wp-content\/uploads\/2025\/07\/logo-ideapietra.png\" alt=\"Logo Idea Pietra\" width=\"300px\" \/><\/a><\/p>\n<h2 style=\"font-family: 'Dosis', sans-serif; font-size: 30px; text-align: center; margin-top: 10px;\"><em>la mati\u00e8re qui habille vos murs<\/em><\/h2>\n<\/div>\n<\/div>\n<\/div><\/div><\/div><div id=\"pgc-82859-0-1\"  class=\"panel-grid-cell\" ><div id=\"panel-82859-0-1-0\" class=\"so-panel widget widget_sow-slider panel-first-child panel-last-child\" data-index=\"1\" ><div\n\t\t\t\n\t\t\tclass=\"so-widget-sow-slider so-widget-sow-slider-default-dcce56eaf7a2-82859\"\n\t\t\t\n\t\t>\t\t\t\t<div class=\"sow-slider-base\" style=\"display: none\" tabindex=\"0\">\n\t\t\t\t\t<ul\n\t\t\t\t\tclass=\"sow-slider-images\"\n\t\t\t\t\tdata-settings=\"{&quot;pagination&quot;:true,&quot;speed&quot;:800,&quot;timeout&quot;:8000,&quot;paused&quot;:false,&quot;pause_on_hover&quot;:false,&quot;swipe&quot;:true,&quot;nav_always_show_desktop&quot;:&quot;&quot;,&quot;nav_always_show_mobile&quot;:&quot;&quot;,&quot;breakpoint&quot;:&quot;780px&quot;,&quot;unmute&quot;:false,&quot;anchor&quot;:null}\"\n\t\t\t\t\t\t\t\t\t\tdata-anchor-id=\"\"\n\t\t\t\t>\t\t<li class=\"sow-slider-image\" style=\"visibility: visible;\" >\n\t\t\t\t\t\t<img class=\"sow-slider-background-image colorbox-82859\" style=\"\" loading=\"lazy\" srcset=\"\" sizes=\"\" src=\"https:\/\/www.granulati.it\/wp-content\/uploads\/2025\/08\/sarissa-marrone.jpg\" >\t\t<\/li>\n\t\t<\/ul>\t\t\t\t<ol class=\"sow-slider-pagination\">\n\t\t\t\t\t\t\t\t\t\t\t<li><a href=\"#\" data-goto=\"0\" aria-label=\"Display slide 1\"><\/a><\/li>\n\t\t\t\t\t\t\t\t\t<\/ol>\n\n\t\t\t\t<div class=\"sow-slide-nav sow-slide-nav-next\">\n\t\t\t\t\t<a href=\"#\" data-goto=\"next\" aria-label=\"Next slide\" data-action=\"next\">\n\t\t\t\t\t\t<em class=\"sow-sld-icon-thin-right\"><\/em>\n\t\t\t\t\t<\/a>\n\t\t\t\t<\/div>\n\n\t\t\t\t<div class=\"sow-slide-nav sow-slide-nav-prev\">\n\t\t\t\t\t<a href=\"#\" data-goto=\"previous\" aria-label=\"Previous slide\" data-action=\"prev\">\n\t\t\t\t\t\t<em class=\"sow-sld-icon-thin-left\"><\/em>\n\t\t\t\t\t<\/a>\n\t\t\t\t<\/div>\n\t\t\t\t<\/div><\/div><\/div><\/div><\/div><\/div><div id=\"pg-82859-1\"  class=\"panel-grid panel-has-style\" ><div class=\"siteorigin-panels-stretch panel-row-style panel-row-style-for-82859-1\" data-stretch-type=\"full-width-stretch\" ><div id=\"pgc-82859-1-0\"  class=\"panel-grid-cell\" ><div id=\"panel-82859-1-0-0\" class=\"so-panel widget widget_sow-headline panel-first-child panel-last-child\" data-index=\"2\" ><div\n\t\t\t\n\t\t\tclass=\"so-widget-sow-headline so-widget-sow-headline-default-b486e49aa92b-82859 so-widget-fittext-wrapper\"\n\t\t\t data-fit-text-compressor=\"0.85\"\n\t\t><div class=\"sow-headline-container \">\n\t\t\t\t\t\t\t<h2 class=\"sow-headline\">\n\t\t\t\t\t\tSARISSA MARRONE\t\t\t\t\t\t<\/h2>\n\t\t\t\t\t\t\t\t\t\t\t\t<h3 class=\"sow-sub-headline\">\n\t\t\t\t\t\t<p style=\"text-align: justify;font-family: 'Dosis';font-size: 16px;color: #575756\"><strong>SARISSA Marrone<\/strong> se distingue par une finition aux tons chauds et terreux, inspir\u00e9e des ma\u00e7onneries rurales traditionnelles. Sa g\u00e9om\u00e9trie irr\u00e9guli\u00e8re et sa texture riche apportent une touche d\u2019authenticit\u00e9 qui met en valeur chaque mur. Id\u00e9al pour les ext\u00e9rieurs au style rustique, champ\u00eatre ou classique revisit\u00e9 de mani\u00e8re contemporaine.<br \/>La <strong>pose avec joint<\/strong> est propos\u00e9e avec un <strong>joint couleur Marche<\/strong>, parfait pour adoucir les contrastes et accentuer l\u2019effet naturel du rev\u00eatement. Une solution d\u00e9corative qui marie style et fonctionnalit\u00e9, id\u00e9ale pour les fa\u00e7ades, murets et parois verticales au rendu visuel marqu\u00e9.<\/p>\t\t\t\t\t\t<\/h3>\n\t\t\t\t\t\t<\/div>\n<\/div><\/div><\/div><\/div><\/div><div id=\"pg-82859-2\"  class=\"panel-grid panel-has-style\" ><div class=\"panel-row-style panel-row-style-for-82859-2\" ><div id=\"pgc-82859-2-0\"  class=\"panel-grid-cell\" ><div id=\"panel-82859-2-0-0\" class=\"so-panel widget widget_sow-features panel-first-child panel-last-child\" data-index=\"3\" ><div class=\"panel-widget-style panel-widget-style-for-82859-2-0-0\" ><div\n\t\t\t\n\t\t\tclass=\"so-widget-sow-features so-widget-sow-features-default-6af1b7f46d1a-82859\"\n\t\t\t\n\t\t><ul\n\tclass=\"sow-features-list\n\tsow-features-responsive\">\n\n\t\t\t<li\n\t\t\tclass=\"sow-features-feature sow-icon-container-position-top\"\n\t\t\tstyle=\"display: flex; flex-direction: column; width: calc(100% - 25px);\"\n\t\t>\n\t\t\t\n\t\t\t\t\t\t<div\t\t\t\tclass=\"sow-icon-container sow-container-none\"\n\t\t\t\tstyle=\"color: #ffffff; \"\n\t\t\t\t\n\t\t\t\t\t\t\t>\n\t\t\t\t\t\t\t<\/div>\n\n\t\t\t<div class=\"textwidget\">\n\t\t\t\t\n\t\t\t\t\n\t\t\t\t\t\t\t\t\t<div class=\"sow-features-feature-text\">\n\t\t\t\t\t<h2 style=\"font-size: 25px;color: #706f6f;font-family: Dosis;text-align: center\"><span style=\"font-family: 'Dosis', sans-serif;font-weight: 300;text-align: center\">Pose avec un joint:<\/span><\/h2>\n<p>Stuc Marche<\/p><br \/>\n<img class=\"alignnone size-medium wp-image-23031 colorbox-82859\" src=\"https:\/\/www.granulati.it\/wp-content\/uploads\/2025\/08\/stucco-marche.jpg\" width=\"300\" align=\"center\" \/>\t\t\t\t\t<\/div>\n\t\t\t\t\t\t\t\t<\/div>\n\t\t\t\t\t\t\t\t<\/li>\n\n\t<\/ul>\n<\/div><\/div><\/div><\/div><div id=\"pgc-82859-2-1\"  class=\"panel-grid-cell\" ><div id=\"panel-82859-2-1-0\" class=\"so-panel widget widget_sow-image panel-first-child panel-last-child\" data-index=\"4\" ><div class=\"panel-widget-style panel-widget-style-for-82859-2-1-0\" ><div\n\t\t\t\n\t\t\tclass=\"so-widget-sow-image so-widget-sow-image-default-c67d20f9f743-82859\"\n\t\t\t\n\t\t>\n<div class=\"sow-image-container\">\n\t\t<img \n\tsrc=\"https:\/\/www.granulati.it\/wp-content\/uploads\/2025\/08\/sarissa-marrone1.jpg\" title=\"SARISSA MARRONE\" alt=\"\" loading=\"lazy\" \t\tclass=\"so-widget-image\"\/>\n\t<\/div>\n\n<\/div><\/div><\/div><\/div><div id=\"pgc-82859-2-2\"  class=\"panel-grid-cell\" ><div id=\"panel-82859-2-2-0\" class=\"so-panel widget widget_sow-features panel-first-child panel-last-child\" data-index=\"5\" ><div class=\"panel-widget-style panel-widget-style-for-82859-2-2-0\" ><div\n\t\t\t\n\t\t\tclass=\"so-widget-sow-features so-widget-sow-features-default-6af1b7f46d1a-82859\"\n\t\t\t\n\t\t><ul\n\tclass=\"sow-features-list\n\tsow-features-responsive\">\n\n\t\t\t<li\n\t\t\tclass=\"sow-features-feature sow-icon-container-position-top\"\n\t\t\tstyle=\"display: flex; flex-direction: column; width: calc(100% - 25px);\"\n\t\t>\n\t\t\t\n\t\t\t\t\t\t<div\t\t\t\tclass=\"sow-icon-container sow-container-round\"\n\t\t\t\tstyle=\"color: #ffffff; \"\n\t\t\t\t\n\t\t\t\t\t\t\t>\n\t\t\t\t\t\t\t<\/div>\n\n\t\t\t<div class=\"textwidget\">\n\t\t\t\t\n\t\t\t\t\n\t\t\t\t\t\t\t\t\t<div class=\"sow-features-feature-text\">\n\t\t\t\t\t<h2 style=\"font-size: 25px;color: #706f6f;font-family: Dosis;text-align: center\"><span style=\"font-family: 'Dosis', sans-serif;font-weight: 300;text-align: center\">\u00c9PAISSEUR<\/span><\/h2>\n<img class=\"alignnone size-medium wp-image-23031 colorbox-82859\" src=\"https:\/\/www.granulati.it\/wp-content\/uploads\/2025\/08\/spessore-3-4cm.jpg\" width=\"300\" align=\"center\" \/>\t\t\t\t\t<\/div>\n\t\t\t\t\t\t\t\t<\/div>\n\t\t\t\t\t\t\t\t<\/li>\n\n\t<\/ul>\n<\/div><\/div><\/div><\/div><\/div><\/div><div id=\"pg-82859-3\"  class=\"panel-grid panel-has-style\" ><div class=\"panel-row-style panel-row-style-for-82859-3\" ><div id=\"pgc-82859-3-0\"  class=\"panel-grid-cell\" ><div id=\"panel-82859-3-0-0\" class=\"so-panel widget widget_sow-headline panel-first-child panel-last-child\" data-index=\"6\" ><div\n\t\t\t\n\t\t\tclass=\"so-widget-sow-headline so-widget-sow-headline-default-a71a7805ce1e-82859\"\n\t\t\t\n\t\t><div class=\"sow-headline-container \">\n\t\t\t\t\t\t<div class=\"decoration\">\n\t\t\t\t\t\t<div class=\"decoration-inside\"><\/div>\n\t\t\t\t\t<\/div>\n\t\t\t\t\t<\/div>\n<\/div><\/div><\/div><\/div><\/div><div id=\"pg-82859-4\"  class=\"panel-grid panel-has-style\" ><div class=\"siteorigin-panels-stretch panel-row-style panel-row-style-for-82859-4\" data-stretch-type=\"full-width-stretch\" ><div id=\"pgc-82859-4-0\"  class=\"panel-grid-cell\" ><div id=\"panel-82859-4-0-0\" class=\"so-panel widget widget_sow-headline panel-first-child panel-last-child\" data-index=\"7\" ><div\n\t\t\t\n\t\t\tclass=\"so-widget-sow-headline so-widget-sow-headline-default-b486e49aa92b-82859 so-widget-fittext-wrapper\"\n\t\t\t data-fit-text-compressor=\"0.85\"\n\t\t><div class=\"sow-headline-container \">\n\t\t\t\t\t\t\t<h2 class=\"sow-headline\">\n\t\t\t\t\t\tVOIR AUSSI\t\t\t\t\t\t<\/h2>\n\t\t\t\t\t\t<\/div>\n<\/div><\/div><\/div><\/div><\/div><div id=\"pg-82859-5\"  class=\"panel-grid panel-no-style\" ><div id=\"pgc-82859-5-0\"  class=\"panel-grid-cell panel-grid-cell-empty\" ><\/div><div id=\"pgc-82859-5-1\"  class=\"panel-grid-cell\" ><div id=\"panel-82859-5-1-0\" class=\"so-panel widget widget_sow-editor panel-first-child panel-last-child\" data-index=\"8\" ><div\n\t\t\t\n\t\t\tclass=\"so-widget-sow-editor so-widget-sow-editor-base\"\n\t\t\t\n\t\t>\n<div class=\"siteorigin-widget-tinymce textwidget\">\n\t<p><a href=\"https:\/\/www.granulati.it\/fr\/idea-pietra\/ip-prodotti\/sarissa-grigio\/\"><img loading=\"lazy\" class=\"alignnone size-medium wp-image-23031 colorbox-82859\" src=\"https:\/\/www.granulati.it\/wp-content\/uploads\/2025\/08\/SARISSA-GRIGIO-QD.png\" width=\"300\" height=\"220\" align=\"center\" \/><\/a><\/p>\n<h2 style=\"font-size: 25px; color: #706f6f; font-family: Dosis; align: center; text-align: center;\"><span style=\"font-family: 'Dosis', sans-serif; font-weight: 300; align: center; text-align: center;\">SARISSA GRIGIO<\/span><\/h2>\n<div class=\"prodotti-ip-list\" style=\"align:center; text-align: center;\"><a class=\"custom-btn-outline\" href=\"https:\/\/www.granulati.it\/fr\/idea-pietra\/ip-prodotti\/sarissa-grigio\/\"><strong>\u276f VOIR LA PAGE PRODUIT<\/strong><\/a><\/div>\n<\/div>\n<\/div><\/div><\/div><div id=\"pgc-82859-5-2\"  class=\"panel-grid-cell\" ><div id=\"panel-82859-5-2-0\" class=\"so-panel widget widget_sow-editor panel-first-child panel-last-child\" data-index=\"9\" ><div\n\t\t\t\n\t\t\tclass=\"so-widget-sow-editor so-widget-sow-editor-base\"\n\t\t\t\n\t\t>\n<div class=\"siteorigin-widget-tinymce textwidget\">\n\t<p><a href=\"https:\/\/www.granulati.it\/fr\/idea-pietra\/ip-prodotti\/sarissa-sahara\/\"><img loading=\"lazy\" class=\"alignnone size-medium wp-image-23031 colorbox-82859\" src=\"https:\/\/www.granulati.it\/wp-content\/uploads\/2025\/08\/SARISSA-SAHARA-QD.jpg\" width=\"300\" height=\"220\" align=\"center\" \/><\/a><\/p>\n<h2 style=\"font-size: 25px; color: #706f6f; font-family: Dosis; align: center; text-align: center;\"><span style=\"font-family: 'Dosis', sans-serif; font-weight: 300; align: center; text-align: center;\">SARISSA SAHARA<\/span><\/h2>\n<div class=\"prodotti-ip-list\" style=\"align:center; text-align: center;\"><a class=\"custom-btn-outline\" href=\"https:\/\/www.granulati.it\/fr\/idea-pietra\/ip-prodotti\/sarissa-sahara\/\"><strong>\u276f VOIR LA PAGE PRODUIT<\/strong><\/a><\/div>\n<\/div>\n<\/div><\/div><\/div><div id=\"pgc-82859-5-3\"  class=\"panel-grid-cell panel-grid-cell-mobile-last\" ><div id=\"panel-82859-5-3-0\" class=\"so-panel widget widget_sow-editor panel-first-child panel-last-child\" data-index=\"10\" ><div\n\t\t\t\n\t\t\tclass=\"so-widget-sow-editor so-widget-sow-editor-base\"\n\t\t\t\n\t\t>\n<div class=\"siteorigin-widget-tinymce textwidget\">\n\t<p><a href=\"https:\/\/www.granulati.it\/fr\/idea-pietra\/ip-prodotti\/sarissa-antracite\/\"><img loading=\"lazy\" class=\"alignnone size-medium wp-image-23031 colorbox-82859\" src=\"https:\/\/www.granulati.it\/wp-content\/uploads\/2025\/08\/SARISSA-ANTRACITE-QD.jpg\" width=\"300\" height=\"220\" align=\"center\" \/><\/a><\/p>\n<h2 style=\"font-size: 25px; color: #706f6f; font-family: Dosis; align: center; text-align: center;\"><span style=\"font-family: 'Dosis', sans-serif; font-weight: 300; align: center; text-align: center;\">SARISSA ANTRACITE<\/span><\/h2>\n<div class=\"prodotti-ip-list\" style=\"align:center; text-align: center;\"><a class=\"custom-btn-outline\" href=\"https:\/\/www.granulati.it\/fr\/idea-pietra\/ip-prodotti\/sarissa-antracite\/\"><strong>\u276f VOIR LA PAGE PRODUIT<\/strong><\/a><\/div>\n<\/div>\n<\/div><\/div><\/div><div id=\"pgc-82859-5-4\"  class=\"panel-grid-cell panel-grid-cell-empty\" ><\/div><\/div><div id=\"pg-82859-6\"  class=\"panel-grid panel-has-style\" ><div class=\"siteorigin-panels-stretch panel-row-style panel-row-style-for-82859-6\" data-stretch-type=\"full-width-stretch\" ><div id=\"pgc-82859-6-0\"  class=\"panel-grid-cell\" ><div id=\"panel-82859-6-0-0\" class=\"so-panel widget widget_sow-editor panel-first-child panel-last-child\" data-index=\"11\" ><div\n\t\t\t\n\t\t\tclass=\"so-widget-sow-editor so-widget-sow-editor-base\"\n\t\t\t\n\t\t>\n<div class=\"siteorigin-widget-tinymce textwidget\">\n\t<div style=\"font-size: 20px; font-family: Dosis; align: center; text-align: center;\"\"><a class=\"custom-btn-outline\" href=\"https:\/\/www.granulati.it\/fr\/idea-pietra\/ip-prodotti\/\"><strong>\u276f RETOUR AUX PRODUITS<\/strong><\/a><\/div>\n<\/div>\n<\/div><\/div><\/div><\/div><\/div><\/div>","protected":false},"excerpt":{"rendered":"<p>la mati\u00e8re qui habille vos murs<\/p>\n","protected":false},"author":1,"featured_media":82081,"parent":81403,"menu_order":1,"comment_status":"closed","ping_status":"closed","template":"page-idea-pietra.php","meta":{"_links_to":"","_links_to_target":""},"aioseo_notices":[],"_links":{"self":[{"href":"https:\/\/www.granulati.it\/fr\/wp-json\/wp\/v2\/pages\/82859"}],"collection":[{"href":"https:\/\/www.granulati.it\/fr\/wp-json\/wp\/v2\/pages"}],"about":[{"href":"https:\/\/www.granulati.it\/fr\/wp-json\/wp\/v2\/types\/page"}],"author":[{"embeddable":true,"href":"https:\/\/www.granulati.it\/fr\/wp-json\/wp\/v2\/users\/1"}],"replies":[{"embeddable":true,"href":"https:\/\/www.granulati.it\/fr\/wp-json\/wp\/v2\/comments?post=82859"}],"version-history":[{"count":19,"href":"https:\/\/www.granulati.it\/fr\/wp-json\/wp\/v2\/pages\/82859\/revisions"}],"predecessor-version":[{"id":83739,"href":"https:\/\/www.granulati.it\/fr\/wp-json\/wp\/v2\/pages\/82859\/revisions\/83739"}],"up":[{"embeddable":true,"href":"https:\/\/www.granulati.it\/fr\/wp-json\/wp\/v2\/pages\/81403"}],"wp:featuredmedia":[{"embeddable":true,"href":"https:\/\/www.granulati.it\/fr\/wp-json\/wp\/v2\/media\/82081"}],"wp:attachment":[{"href":"https:\/\/www.granulati.it\/fr\/wp-json\/wp\/v2\/media?parent=82859"}],"curies":[{"name":"wp","href":"https:\/\/api.w.org\/{rel}","templated":true}]}}