{"id":79026,"date":"2024-11-14T09:03:44","date_gmt":"2024-11-14T08:03:44","guid":{"rendered":"http:\/\/www.granulati.it\/it\/easihold-copy\/"},"modified":"2024-12-12T13:19:09","modified_gmt":"2024-12-12T12:19:09","slug":"videoeasihold","status":"publish","type":"page","link":"https:\/\/www.granulati.it\/fr\/videoeasihold\/","title":{"rendered":"EASIHOLD Video"},"content":{"rendered":"<div id=\"pl-79026\"  class=\"panel-layout\" ><div id=\"pg-79026-0\"  class=\"panel-grid panel-has-style\" ><div class=\"panel-row-style panel-row-style-for-79026-0\" ><div id=\"pgc-79026-0-0\"  class=\"panel-grid-cell panel-grid-cell-empty\" ><div class=\"alubord panel-cell-style panel-cell-style-for-79026-0-0\" ><\/div><\/div><div id=\"pgc-79026-0-1\"  class=\"panel-grid-cell panel-grid-cell-mobile-last\" ><div class=\"alubord panel-cell-style panel-cell-style-for-79026-0-1\" ><div id=\"panel-79026-0-1-0\" class=\"so-panel widget widget_media_image panel-first-child panel-last-child\" data-index=\"0\" ><a href=\"https:\/\/www.granulati.it\/wp-content\/uploads\/2024\/11\/Easihold_Blue_NoBackground.png\"><img width=\"840\" height=\"248\" src=\"https:\/\/www.granulati.it\/wp-content\/uploads\/2024\/11\/Easihold_Blue_NoBackground.png\" class=\"image wp-image-79163  attachment-full size-full colorbox-79026 \" alt=\"\" loading=\"lazy\" style=\"max-width: 100%; height: auto;\" srcset=\"https:\/\/www.granulati.it\/wp-content\/uploads\/2024\/11\/Easihold_Blue_NoBackground.png 840w, https:\/\/www.granulati.it\/wp-content\/uploads\/2024\/11\/Easihold_Blue_NoBackground-300x89.png 300w, https:\/\/www.granulati.it\/wp-content\/uploads\/2024\/11\/Easihold_Blue_NoBackground-150x44.png 150w, https:\/\/www.granulati.it\/wp-content\/uploads\/2024\/11\/Easihold_Blue_NoBackground-768x227.png 768w\" sizes=\"(max-width: 840px) 100vw, 840px\" \/><\/a><\/div><\/div><\/div><div id=\"pgc-79026-0-2\"  class=\"panel-grid-cell panel-grid-cell-empty\" ><div class=\"alubord panel-cell-style panel-cell-style-for-79026-0-2\" ><\/div><\/div><\/div><\/div><div id=\"pg-79026-1\"  class=\"panel-grid panel-no-style\" ><div id=\"pgc-79026-1-0\"  class=\"panel-grid-cell\" ><div id=\"panel-79026-1-0-0\" class=\"so-panel widget widget_text panel-first-child panel-last-child\" data-index=\"1\" >\t\t\t<div class=\"textwidget\"><p style=\"font-size: 18px; text-align: center;\">EASIHOLD is a water based, air drying product. As the water evaporates, our patented Easihold particles crosslink to bond and stabilise your stones! It\u2019s very important Easihold is able to carry out this evaporation process to gain its strength. Warm weather and most importantly, dry conditions for the 48 hours after application will give you optimal performance.<\/p>\n<p>&gt;<\/p>\n<\/div>\n\t\t<\/div><\/div><\/div><div id=\"pg-79026-2\"  class=\"panel-grid panel-no-style\" ><div id=\"pgc-79026-2-0\"  class=\"panel-grid-cell\" ><div id=\"panel-79026-2-0-0\" class=\"widget_text so-panel widget widget_custom_html panel-first-child panel-last-child\" data-index=\"2\" ><div class=\"widget_text destinazioni panel-widget-style panel-widget-style-for-79026-2-0-0\" ><div class=\"textwidget custom-html-widget\"><h2><span style=\"font-size:30px; color: #006785;\"><strong>INSTRUCTIONS<\/strong><\/span><\/h2><\/div><\/div><\/div><\/div><\/div><div id=\"pg-79026-3\"  class=\"panel-grid panel-no-style\" ><div id=\"pgc-79026-3-0\"  class=\"panel-grid-cell panel-grid-cell-empty\" ><\/div><div id=\"pgc-79026-3-1\"  class=\"panel-grid-cell\" ><div id=\"panel-79026-3-1-0\" class=\"widget_text so-panel widget widget_custom_html panel-first-child\" data-index=\"3\" ><div class=\"widget_text panel-widget-style panel-widget-style-for-79026-3-1-0\" ><div class=\"textwidget custom-html-widget\"><img class=\"colorbox-79026\"  style=\"width:200px; margin:0 auto; align:center\" src=\"http:\/\/www.granulati.it\/wp-content\/uploads\/2024\/11\/spray.jpg\"\/>\n<\/div><\/div><\/div><div id=\"panel-79026-3-1-1\" class=\"so-panel widget widget_sow-button panel-last-child\" data-index=\"4\" ><div\n\t\t\t\n\t\t\tclass=\"so-widget-sow-button so-widget-sow-button-flat-93ee2b62f07b-79026\"\n\t\t\t\n\t\t><div class=\"ow-button-base ow-button-align-center\"\n>\n\t\t\t<a\n\t\t\t\t\thref=\"https:\/\/www.granulati.it\/ctl\/EASIHOLD_spray.pdf\"\n\t\t\t\t\tclass=\"sowb-button ow-icon-placement-left ow-button-hover\" target=\"_blank\" rel=\"noopener noreferrer\" \t>\n\t\t<span>\n\t\t\t<span class=\"sow-icon-fontawesome sow-far\" data-sow-icon=\"&#xf022;\"\n\t\tstyle=\"\" \n\t\taria-hidden=\"true\"><\/span>\n\t\t\tINSTRUCTIONS RELATIVES \u00c0 LA M\u00c9THODE SPRAY\t\t<\/span>\n\t\t\t<\/a>\n\t<\/div>\n<\/div><\/div><\/div><div id=\"pgc-79026-3-2\"  class=\"panel-grid-cell panel-grid-cell-mobile-last\" ><div id=\"panel-79026-3-2-0\" class=\"widget_text so-panel widget widget_custom_html panel-first-child\" data-index=\"5\" ><div class=\"widget_text panel-widget-style panel-widget-style-for-79026-3-2-0\" ><div class=\"textwidget custom-html-widget\"><img class=\"colorbox-79026\"  style=\"width:200px; margin:0 auto; align:center\" src=\"http:\/\/www.granulati.it\/wp-content\/uploads\/2024\/11\/mix.jpg\"\/>\n<\/div><\/div><\/div><div id=\"panel-79026-3-2-1\" class=\"so-panel widget widget_sow-button panel-last-child\" data-index=\"6\" ><div\n\t\t\t\n\t\t\tclass=\"so-widget-sow-button so-widget-sow-button-flat-93ee2b62f07b-79026\"\n\t\t\t\n\t\t><div class=\"ow-button-base ow-button-align-center\"\n>\n\t\t\t<a\n\t\t\t\t\thref=\"https:\/\/www.granulati.it\/ctl\/EASIHOLD_mix.pdf\"\n\t\t\t\t\tclass=\"sowb-button ow-icon-placement-left ow-button-hover\" target=\"_blank\" rel=\"noopener noreferrer\" \t>\n\t\t<span>\n\t\t\t<span class=\"sow-icon-fontawesome sow-far\" data-sow-icon=\"&#xf022;\"\n\t\tstyle=\"\" \n\t\taria-hidden=\"true\"><\/span>\n\t\t\tINSTRUCTIONS RELATIVES \u00c0 LA M\u00c9THODE DE M\u00c9LANGE:]\t\t<\/span>\n\t\t\t<\/a>\n\t<\/div>\n<\/div><\/div><\/div><div id=\"pgc-79026-3-3\"  class=\"panel-grid-cell panel-grid-cell-empty\" ><\/div><\/div><div id=\"pg-79026-4\"  class=\"panel-grid panel-no-style\" ><div id=\"pgc-79026-4-0\"  class=\"panel-grid-cell\" ><div id=\"panel-79026-4-0-0\" class=\"widget_text so-panel widget widget_custom_html panel-first-child\" data-index=\"7\" ><div class=\"widget_text panel-widget-style panel-widget-style-for-79026-4-0-0\" ><div class=\"textwidget custom-html-widget\"><img class=\"colorbox-79026\"  style=\"width:200px; margin:0 auto; align:center\" src=\"http:\/\/www.granulati.it\/wp-content\/uploads\/2024\/11\/water.jpg\"\/>\n<\/div><\/div><\/div><div id=\"panel-79026-4-0-1\" class=\"so-panel widget widget_text panel-last-child\" data-index=\"8\" >\t\t\t<div class=\"textwidget\"><h2 style=\"font-size: 20px; text-align: center; font-weight: bold;\">\u00c0 BASE D&#8217;EAU<\/h2>\n<\/div>\n\t\t<\/div><\/div><div id=\"pgc-79026-4-1\"  class=\"panel-grid-cell panel-grid-cell-empty\" ><\/div><div id=\"pgc-79026-4-2\"  class=\"panel-grid-cell\" ><div id=\"panel-79026-4-2-0\" class=\"widget_text so-panel widget widget_custom_html panel-first-child\" data-index=\"9\" ><div class=\"widget_text panel-widget-style panel-widget-style-for-79026-4-2-0\" ><div class=\"textwidget custom-html-widget\"><img class=\"colorbox-79026\"  style=\"width:200px; margin:0 auto; align:center\" src=\"http:\/\/www.granulati.it\/wp-content\/uploads\/2024\/11\/nontoxic.jpg\"\/>\n<\/div><\/div><\/div><div id=\"panel-79026-4-2-1\" class=\"so-panel widget widget_text panel-last-child\" data-index=\"10\" >\t\t\t<div class=\"textwidget\"><h2 style=\"font-size: 20px; text-align: center; font-weight: bold;\">NON-TOXIQUE<\/h2>\n<\/div>\n\t\t<\/div><\/div><div id=\"pgc-79026-4-3\"  class=\"panel-grid-cell panel-grid-cell-empty\" ><\/div><div id=\"pgc-79026-4-4\"  class=\"panel-grid-cell\" ><div id=\"panel-79026-4-4-0\" class=\"widget_text so-panel widget widget_custom_html panel-first-child\" data-index=\"11\" ><div class=\"widget_text panel-widget-style panel-widget-style-for-79026-4-4-0\" ><div class=\"textwidget custom-html-widget\"><img class=\"colorbox-79026\"  style=\"width:200px; margin:0 auto; align:center\" src=\"http:\/\/www.granulati.it\/wp-content\/uploads\/2024\/11\/notharmful.jpg\"\/>\n<\/div><\/div><\/div><div id=\"panel-79026-4-4-1\" class=\"so-panel widget widget_text panel-last-child\" data-index=\"12\" >\t\t\t<div class=\"textwidget\"><h2 style=\"font-size: 20px; text-align: center; font-weight: bold;\">NON-HARMONIEUX<\/h2>\n<\/div>\n\t\t<\/div><\/div><\/div><div id=\"pg-79026-5\"  class=\"panel-grid panel-no-style\" ><div id=\"pgc-79026-5-0\"  class=\"panel-grid-cell\" ><div id=\"panel-79026-5-0-0\" class=\"so-panel widget widget_sow-button panel-first-child panel-last-child\" data-index=\"13\" ><div\n\t\t\t\n\t\t\tclass=\"so-widget-sow-button so-widget-sow-button-flat-93ee2b62f07b-79026\"\n\t\t\t\n\t\t><div class=\"ow-button-base ow-button-align-center\"\n>\n\t\t\t<a\n\t\t\t\tclass=\"sowb-button ow-icon-placement-left ow-button-hover\" download=\"\" \t>\n\t\t<span>\n\t\t\t<span class=\"sow-icon-fontawesome sow-far\" data-sow-icon=\"&#xf358;\"\n\t\tstyle=\"color: #ffffff\" \n\t\taria-hidden=\"true\"><\/span>\n\t\t\tFICHE TECHNIQUE\t\t<\/span>\n\t\t\t<\/a>\n\t<\/div>\n<\/div><\/div><\/div><\/div><div id=\"pg-79026-6\"  class=\"panel-grid panel-no-style\" ><div id=\"pgc-79026-6-0\"  class=\"panel-grid-cell panel-grid-cell-empty\" ><\/div><div id=\"pgc-79026-6-1\"  class=\"panel-grid-cell panel-grid-cell-mobile-last\" ><div id=\"panel-79026-6-1-0\" class=\"so-panel widget widget_media_video panel-first-child panel-last-child\" data-index=\"14\" ><div style=\"width:100%;\" class=\"wp-video\"><!--[if lt IE 9]><script>document.createElement('video');<\/script><![endif]-->\n<video class=\"wp-video-shortcode\" id=\"video-79026-1\" preload=\"metadata\" controls=\"controls\"><source type=\"video\/youtube\" src=\"https:\/\/youtu.be\/y-LZmQT3HyQ?_=1\" \/><a href=\"https:\/\/youtu.be\/y-LZmQT3HyQ\">https:\/\/youtu.be\/y-LZmQT3HyQ<\/a><\/video><\/div><\/div><\/div><div id=\"pgc-79026-6-2\"  class=\"panel-grid-cell panel-grid-cell-empty\" ><\/div><\/div><div id=\"pg-79026-7\"  class=\"panel-grid panel-no-style\" ><div id=\"pgc-79026-7-0\"  class=\"panel-grid-cell\" ><div id=\"panel-79026-7-0-0\" class=\"so-panel widget widget_sow-button panel-first-child panel-last-child\" data-index=\"15\" ><div\n\t\t\t\n\t\t\tclass=\"so-widget-sow-button so-widget-sow-button-flat-93ee2b62f07b-79026\"\n\t\t\t\n\t\t><div class=\"ow-button-base ow-button-align-center\"\n>\n\t\t\t<a\n\t\t\t\t\thref=\"https:\/\/youtube.com\/playlist?list=PLVeYbR6F1U-CFBFngEluV2L0t2he8viJu&#038;feature=shared\"\n\t\t\t\t\tclass=\"sowb-button ow-icon-placement-left ow-button-hover\" target=\"_blank\" rel=\"noopener noreferrer\" \t>\n\t\t<span>\n\t\t\t<span class=\"sow-icon-fontawesome sow-far\" data-sow-icon=\"&#xf144;\"\n\t\tstyle=\"color: #ffffff\" \n\t\taria-hidden=\"true\"><\/span>\n\t\t\tSEE ALL THE VIDEOS\t\t<\/span>\n\t\t\t<\/a>\n\t<\/div>\n<\/div><\/div><\/div><\/div><\/div>","protected":false},"excerpt":{"rendered":"<p>EASIHOLD is a water based, air drying product. As the water evaporates, our patented Easihold particles crosslink to bond and stabilise your stones! It\u2019s very important Easihold is able to carry out this evaporation process to gain its strength. Warm weather and most importantly, dry conditions for the 48 hours after application will give you optimal performance. &gt;<\/p>\n","protected":false},"author":1,"featured_media":79209,"parent":0,"menu_order":1,"comment_status":"closed","ping_status":"closed","template":"","meta":{"_links_to":"","_links_to_target":""},"aioseo_notices":[],"_links":{"self":[{"href":"https:\/\/www.granulati.it\/fr\/wp-json\/wp\/v2\/pages\/79026"}],"collection":[{"href":"https:\/\/www.granulati.it\/fr\/wp-json\/wp\/v2\/pages"}],"about":[{"href":"https:\/\/www.granulati.it\/fr\/wp-json\/wp\/v2\/types\/page"}],"author":[{"embeddable":true,"href":"https:\/\/www.granulati.it\/fr\/wp-json\/wp\/v2\/users\/1"}],"replies":[{"embeddable":true,"href":"https:\/\/www.granulati.it\/fr\/wp-json\/wp\/v2\/comments?post=79026"}],"version-history":[{"count":48,"href":"https:\/\/www.granulati.it\/fr\/wp-json\/wp\/v2\/pages\/79026\/revisions"}],"predecessor-version":[{"id":79396,"href":"https:\/\/www.granulati.it\/fr\/wp-json\/wp\/v2\/pages\/79026\/revisions\/79396"}],"wp:featuredmedia":[{"embeddable":true,"href":"https:\/\/www.granulati.it\/fr\/wp-json\/wp\/v2\/media\/79209"}],"wp:attachment":[{"href":"https:\/\/www.granulati.it\/fr\/wp-json\/wp\/v2\/media?parent=79026"}],"curies":[{"name":"wp","href":"https:\/\/api.w.org\/{rel}","templated":true}]}}