{"id":76732,"date":"2022-08-04T11:45:21","date_gmt":"2022-08-04T09:45:21","guid":{"rendered":"http:\/\/www.granulati.it\/it\/prodotti\/granulati-2-copy\/"},"modified":"2022-10-04T17:02:19","modified_gmt":"2022-10-04T15:02:19","slug":"granulati-2-copy","status":"publish","type":"page","link":"https:\/\/www.granulati.it\/fr\/azienda\/","title":{"rendered":"Compagnie"},"content":{"rendered":"<div id=\"pl-76732\"  class=\"panel-layout\" ><div id=\"pg-76732-0\"  class=\"panel-grid panel-no-style\" ><div id=\"pgc-76732-0-0\"  class=\"panel-grid-cell\" ><div id=\"panel-76732-0-0-0\" class=\"so-panel widget widget_text panel-first-child panel-last-child\" data-index=\"0\" >\t\t\t<div class=\"textwidget\"><div style=\"background-color: #006785; height: 50px;\">\n<h1 style=\"padding-top: 10px;\"><span style=\"color: white;\">COMPAGNIE<\/span><\/h1>\n<\/div>\n<div style=\"margin-top:20px;\"><\/div>\n<\/div>\n\t\t<\/div><\/div><\/div><div id=\"pg-76732-1\"  class=\"panel-grid panel-no-style\" ><div id=\"pgc-76732-1-0\"  class=\"panel-grid-cell\" ><div id=\"panel-76732-1-0-0\" class=\"so-panel widget widget_text panel-first-child panel-last-child\" data-index=\"1\" >\t\t\t<div class=\"textwidget\"><p><a href=\"https:\/\/www.granulati.it\/fr\/company\/chi-siamo\/\" target=\"blank\" rel=\"noopener\"><img loading=\"lazy\" class=\"alignnone size-medium wp-image-23031 colorbox-76732\" src=\"http:\/\/www.granulati.it\/wp-content\/uploads\/2022\/08\/chi-siamo.jpg\" alt=\"\" width=\"300\" height=\"200\" \/><\/a><\/p>\n<h1 style=\"font-size: 25px; color: #006785;\"><strong>QUI NOUS SOMMES<\/strong><\/h1>\n<hr \/>\n<p style=\"text-align: justify;\"><span style=\"font-family: 'Lucida Grande', Verdana, Arial, Helvetica, sans-serif;\">Granulati Zandobbio est un fabricant et distributeur de produits pour le mobilier d&#8217;ext\u00e9rieur.<br \/>\n<\/span><\/p>\n<p><a href=\"https:\/\/www.granulati.it\/fr\/company\/chi-siamo\/\" target=\"blank\" rel=\"noopener\"><input style=\"color: white; background-color: #006785;\" name=\"button\" type=\"submit\" value=\"EN SAVOIR PLUS\" \/><\/a><\/p>\n<\/div>\n\t\t<\/div><\/div><div id=\"pgc-76732-1-1\"  class=\"panel-grid-cell\" ><div id=\"panel-76732-1-1-0\" class=\"so-panel widget widget_text panel-first-child panel-last-child\" data-index=\"2\" >\t\t\t<div class=\"textwidget\"><p><a href=\"https:\/\/www.granulati.it\/fr\/sostenibilita\/\" target=\"blank\" rel=\"noopener\"><img loading=\"lazy\" class=\"alignnone size-medium wp-image-23031 colorbox-76732\" src=\"http:\/\/www.granulati.it\/wp-content\/uploads\/2022\/08\/sostenibilita.jpg\" alt=\"\" width=\"300\" height=\"200\" \/><\/a><\/p>\n<h1 style=\"font-size: 25px; color: #006785;\"><strong>DURABILIT\u00c9<\/strong><\/h1>\n<hr \/>\n<p style=\"text-align: justify;\"><span style=\"font-family: 'Lucida Grande', Verdana, Arial, Helvetica, sans-serif;\">Nous essayons de fonctionner en minimisant l&#8217;impact de nos activit\u00e9s sur l&#8217;environnement.<br \/>\n<\/span><\/p>\n<p><a href=\"https:\/\/www.granulati.it\/fr\/sostenibilita\/\" target=\"blank\" rel=\"noopener\"><input style=\"color: white; background-color: #006785;\" name=\"button\" type=\"submit\" value=\"EN SAVOIR PLUS\" \/><\/a><\/p>\n<\/div>\n\t\t<\/div><\/div><div id=\"pgc-76732-1-2\"  class=\"panel-grid-cell\" ><div id=\"panel-76732-1-2-0\" class=\"so-panel widget widget_text panel-first-child panel-last-child\" data-index=\"3\" >\t\t\t<div class=\"textwidget\"><p><a href=\"https:\/\/www.granulati.it\/fr\/impegno-sociale\/\" target=\"blank\" rel=\"noopener\"><img loading=\"lazy\" class=\"alignnone size-medium wp-image-23031 colorbox-76732\" src=\"http:\/\/www.granulati.it\/wp-content\/uploads\/2022\/08\/impegno-sociale.jpg\" alt=\"\" width=\"300\" height=\"200\" \/><\/a><\/p>\n<h1 style=\"font-size: 25px; color: #006785;\"><strong>ENGAGEMENT SOCIAL<\/strong><\/h1>\n<hr \/>\n<p style=\"text-align: justify;\"><span style=\"font-family: 'Lucida Grande', Verdana, Arial, Helvetica, sans-serif;\">Granulati Zandobbio s&#8217;engage \u00e0: durabilit\u00e9, volontariat, qualit\u00e9, int\u00e9gration.<br \/>\n<\/span><\/p>\n<p><a href=\"https:\/\/www.granulati.it\/fr\/impegno-sociale\/\" target=\"blank\" rel=\"noopener\"><input style=\"color: white; background-color: #006785;\" name=\"button\" type=\"submit\" value=\"EN SAVOIR PLUS\" \/><\/a><\/p>\n<\/div>\n\t\t<\/div><\/div><\/div><div id=\"pg-76732-2\"  class=\"panel-grid panel-no-style\" ><div id=\"pgc-76732-2-0\"  class=\"panel-grid-cell\" ><div id=\"panel-76732-2-0-0\" class=\"so-panel widget widget_text panel-first-child panel-last-child\" data-index=\"4\" >\t\t\t<div class=\"textwidget\"><p><a href=\"https:\/\/www.granulati.it\/fr\/servizi-al-cliente\/\" target=\"blank\" rel=\"noopener\"><img loading=\"lazy\" class=\"alignnone size-medium wp-image-23031 colorbox-76732\" src=\"http:\/\/www.granulati.it\/wp-content\/uploads\/2022\/08\/servizi.jpg\" alt=\"\" width=\"300\" height=\"200\" \/><\/a><\/p>\n<h1 style=\"font-size: 25px; color: #006785;\"><strong>SERVICE CLIENT<\/strong><\/h1>\n<hr \/>\n<p style=\"text-align: justify;\"><span style=\"font-family: 'Lucida Grande', Verdana, Arial, Helvetica, sans-serif;\">Nous fournissons des supports promotionnels sp\u00e9cifiques destin\u00e9s \u00e0 am\u00e9liorer le produit.<br \/>\n<\/span><\/p>\n<p><a href=\"https:\/\/www.granulati.it\/fr\/servizi-al-cliente\/\" target=\"blank\" rel=\"noopener\"><input style=\"color: white; background-color: #006785;\" name=\"button\" type=\"submit\" value=\"EN SAVOIR PLUS\" \/><\/a><\/p>\n<\/div>\n\t\t<\/div><\/div><div id=\"pgc-76732-2-1\"  class=\"panel-grid-cell\" ><div id=\"panel-76732-2-1-0\" class=\"so-panel widget widget_text panel-first-child panel-last-child\" data-index=\"5\" >\t\t\t<div class=\"textwidget\"><p><a href=\"https:\/\/www.granulati.it\/fr\/lavora-con-noi\/\" target=\"blank\" rel=\"noopener\"><img loading=\"lazy\" class=\"alignnone size-medium wp-image-23031 colorbox-76732\" src=\"http:\/\/www.granulati.it\/wp-content\/uploads\/2022\/08\/lavora-con-noi.jpg\" alt=\"\" width=\"300\" height=\"200\" \/><\/a><\/p>\n<h1 style=\"font-size: 25px; color: #006785;\"><strong>TRAVAILLE AVEC NOUS<\/strong><\/h1>\n<hr \/>\n<p style=\"text-align: justify;\"><span style=\"font-family: 'Lucida Grande', Verdana, Arial, Helvetica, sans-serif;\">Vous souhaitez rejoindre l&#8217;\u00e9quipe Granulati Zandobbio?<br \/>\n<\/span><\/p>\n<p><a href=\"https:\/\/www.granulati.it\/fr\/lavora-con-noi\/\"><input style=\"color: white; background-color: #006785;\" name=\"button\" type=\"submit\" value=\"EN SAVOIR PLUS\" \/><\/a><\/p>\n<\/div>\n\t\t<\/div><\/div><div id=\"pgc-76732-2-2\"  class=\"panel-grid-cell\" ><div id=\"panel-76732-2-2-0\" class=\"so-panel widget widget_text panel-first-child panel-last-child\" data-index=\"6\" >\t\t\t<div class=\"textwidget\"><p><a href=\"https:\/\/www.granulati.it\/fr\/dicono-di-noi\/\" target=\"blank\" rel=\"noopener\"><img loading=\"lazy\" class=\"alignnone size-medium wp-image-23031 colorbox-76732\" src=\"http:\/\/www.granulati.it\/wp-content\/uploads\/2022\/10\/press.jpg\" alt=\"\" width=\"300\" height=\"200\" \/><\/a><\/p>\n<h1 style=\"font-size: 25px; color: #006785;\"><strong>\u00c0 PROPOS DE NOUS<\/strong><\/h1>\n<hr \/>\n<p style=\"text-align: justify;\"><span style=\"font-family: 'Lucida Grande', Verdana, Arial, Helvetica, sans-serif;\">Section d\u00e9di\u00e9e aux articles qui parlent de Granulati Zandobbio et de son travail.<br \/>\n<\/span><\/p>\n<p><a href=\"https:\/\/www.granulati.it\/fr\/dicono-di-noi\/\"><input style=\"color: white; background-color: #006785;\" name=\"button\" type=\"submit\" value=\"TROUVE PLUS\" \/><\/a><\/p>\n<\/div>\n\t\t<\/div><\/div><\/div><\/div>","protected":false},"excerpt":{"rendered":"<p>COMPAGNIE QUI NOUS SOMMES Granulati Zandobbio est un fabricant et distributeur de produits pour le mobilier d&#8217;ext\u00e9rieur. DURABILIT\u00c9 Nous essayons de fonctionner en minimisant l&#8217;impact de nos activit\u00e9s sur l&#8217;environnement. ENGAGEMENT SOCIAL Granulati Zandobbio s&#8217;engage \u00e0: durabilit\u00e9, volontariat, qualit\u00e9, int\u00e9gration.<\/p>\n","protected":false},"author":1,"featured_media":472,"parent":0,"menu_order":1,"comment_status":"open","ping_status":"closed","template":"","meta":{"_links_to":"","_links_to_target":""},"aioseo_notices":[],"_links":{"self":[{"href":"https:\/\/www.granulati.it\/fr\/wp-json\/wp\/v2\/pages\/76732"}],"collection":[{"href":"https:\/\/www.granulati.it\/fr\/wp-json\/wp\/v2\/pages"}],"about":[{"href":"https:\/\/www.granulati.it\/fr\/wp-json\/wp\/v2\/types\/page"}],"author":[{"embeddable":true,"href":"https:\/\/www.granulati.it\/fr\/wp-json\/wp\/v2\/users\/1"}],"replies":[{"embeddable":true,"href":"https:\/\/www.granulati.it\/fr\/wp-json\/wp\/v2\/comments?post=76732"}],"version-history":[{"count":14,"href":"https:\/\/www.granulati.it\/fr\/wp-json\/wp\/v2\/pages\/76732\/revisions"}],"predecessor-version":[{"id":77189,"href":"https:\/\/www.granulati.it\/fr\/wp-json\/wp\/v2\/pages\/76732\/revisions\/77189"}],"wp:featuredmedia":[{"embeddable":true,"href":"https:\/\/www.granulati.it\/fr\/wp-json\/wp\/v2\/media\/472"}],"wp:attachment":[{"href":"https:\/\/www.granulati.it\/fr\/wp-json\/wp\/v2\/media?parent=76732"}],"curies":[{"name":"wp","href":"https:\/\/api.w.org\/{rel}","templated":true}]}}