{"id":76355,"date":"2022-06-08T16:41:56","date_gmt":"2022-06-08T14:41:56","guid":{"rendered":"http:\/\/www.granulati.it\/it\/prodotti\/granulati-2\/granulati-di-vetro-e-pietre-semi-preziose-copy-copy\/"},"modified":"2026-03-31T13:17:10","modified_gmt":"2026-03-31T11:17:10","slug":"inerti-per-resine","status":"publish","type":"page","link":"https:\/\/www.granulati.it\/fr\/ciottoli-per-resine\/","title":{"rendered":"Galets pour r\u00e9sines"},"content":{"rendered":"<div id=\"pl-76355\"  class=\"panel-layout\" ><div id=\"pg-76355-0\"  class=\"panel-grid panel-no-style\" ><div id=\"pgc-76355-0-0\"  class=\"panel-grid-cell\" ><div id=\"panel-76355-0-0-0\" class=\"so-panel widget widget_text panel-first-child panel-last-child\" data-index=\"0\" >\t\t\t<div class=\"textwidget\"><div style=\"background-color: #006785; height: 50px;\">\n<h1 style=\"padding-top: 10px;\"><span style=\"color: white;\">GALETS POUR LIANTS EN R\u00c9SINE<\/span><\/h1>\n<\/div>\n<\/div>\n\t\t<\/div><\/div><\/div><div id=\"pg-76355-1\"  class=\"panel-grid panel-no-style\" ><div id=\"pgc-76355-1-0\"  class=\"panel-grid-cell\" ><div id=\"panel-76355-1-0-0\" class=\"so-panel widget widget_text panel-first-child panel-last-child\" data-index=\"1\" >\t\t\t<div class=\"textwidget\"><p style=\"font-size: 14px;\">Les sols en r\u00e9sine pr\u00e9sentent d&#8217;excellentes caract\u00e9ristiques de r\u00e9sistance, d&#8217;hygi\u00e8ne, de conductivit\u00e9 \u00e9lectrique et de facilit\u00e9 d&#8217;installation. Les sols en r\u00e9sine sont con\u00e7us pour \u00eatre utilis\u00e9s dans tout type de b\u00e2timent (entrep\u00f4ts, environnements de production, alimentaires, pharmaceutiques, entrep\u00f4ts, zones de stockage de marchandises, etc.), pour les activit\u00e9s de travail et les zones d&#8217;accueil du public et dans tous les domaines o\u00f9 cela est n\u00e9cessaire. une surface antid\u00e9rapante. Cependant, il est \u00e9galement largement utilis\u00e9 pour les piscines bio pour un effet r\u00e9aliste qui reproduit les plages des Cara\u00efbes.<br \/>\nLe rev\u00eatement de sol qui en r\u00e9sulte offre d&#8217;innombrables avantages, notamment:<\/p>\n<ul>\n<li>Aspect esth\u00e9tique remarquable<\/li>\n<li>Absence totale de formation de poussi\u00e8re<\/li>\n<li>Imperm\u00e9abilit\u00e9 aux liquides et aux huiles<\/li>\n<li>Extr\u00eamement facile \u00e0 nettoyer<\/li>\n<li>Haute r\u00e9sistance chimique et m\u00e9canique, ce qui le rend adapt\u00e9 m\u00eame au trafic intensif de v\u00e9hicules lourds<\/li>\n<li>L\u00e9g\u00e8re reprise des irr\u00e9gularit\u00e9s de la chauss\u00e9e pr\u00e9c\u00e9dente<\/li>\n<\/ul>\n<p style=\"font-size: 14px;\">Pour assurer le succ\u00e8s du processus, il <strong>est n\u00e9cessaire d&#8217;inclure le service de s\u00e9chage<\/strong> fourni par Granulati Zandobbio avec l&#8217;achat des produits.<\/p>\n<\/div>\n\t\t<\/div><\/div><\/div><div id=\"pg-76355-2\"  class=\"panel-grid panel-no-style\" ><div id=\"pgc-76355-2-0\"  class=\"panel-grid-cell\" ><div id=\"panel-76355-2-0-0\" class=\"so-panel widget widget_text panel-first-child panel-last-child\" data-index=\"2\" >\t\t\t<div class=\"textwidget\"><p><a href=\"http:\/\/www.granulati.it\/wp-content\/uploads\/2022\/06\/arabescato-1.jpg\"><img class=\"colorbox-76355\"  src=\"http:\/\/www.granulati.it\/wp-content\/uploads\/2022\/06\/arabescato-1.jpg\" \/><\/a><\/p>\n<h5 style=\"font-size: 15px; color: #006785;\">ARABESCATO<\/h5>\n<hr style=\"margin-bottom:2px;\" \/>\n<p><strong>1-4 mm<\/strong><br \/>\nBig Bag 1500 kg<br \/>\n25 kg \/ PCS<\/p>\n<p><strong>4-8 mm<\/strong><br \/>\nBig Bag 1500 kg<br \/>\n25 kg \/ PCS<\/p>\n<\/div>\n\t\t<\/div><\/div><div id=\"pgc-76355-2-1\"  class=\"panel-grid-cell\" ><div id=\"panel-76355-2-1-0\" class=\"so-panel widget widget_text panel-first-child panel-last-child\" data-index=\"3\" >\t\t\t<div class=\"textwidget\"><p><a href=\"http:\/\/www.granulati.it\/wp-content\/uploads\/2022\/06\/orobico-1.jpg\"><img class=\"colorbox-76355\"  src=\"http:\/\/www.granulati.it\/wp-content\/uploads\/2022\/06\/orobico-1.jpg\" \/><\/a><\/p>\n<h5 style=\"font-size: 15px; color: #006785;\">OROBICO<\/h5>\n<hr style=\"margin-bottom:2px;\" \/>\n<p><strong>1-4 mm<\/strong><br \/>\nBig Bag 1500 kg<br \/>\n25 kg \/ PCS<\/p>\n<p><strong>4-8 mm<\/strong><br \/>\nBig Bag 1500 kg<br \/>\n25 kg \/ PCS<\/p>\n<\/div>\n\t\t<\/div><\/div><div id=\"pgc-76355-2-2\"  class=\"panel-grid-cell\" ><div id=\"panel-76355-2-2-0\" class=\"so-panel widget widget_text panel-first-child panel-last-child\" data-index=\"4\" >\t\t\t<div class=\"textwidget\"><p><a href=\"http:\/\/www.granulati.it\/wp-content\/uploads\/2026\/03\/cbordeaux.jpg\"><img class=\"colorbox-76355\"  src=\"http:\/\/www.granulati.it\/wp-content\/uploads\/2026\/03\/cbordeaux.jpg\" \/><\/a><\/p>\n<h5 style=\"font-size: 15px; color: #006785;\">BORDEAUX<\/h5>\n<hr style=\"margin-bottom: 2px;\" \/>\n<p><strong>1-4 mm<\/strong><br \/>\nBig Bag 1500 kg<br \/>\n25 kg \/ PCS<\/p>\n<\/div>\n\t\t<\/div><\/div><div id=\"pgc-76355-2-3\"  class=\"panel-grid-cell\" ><div id=\"panel-76355-2-3-0\" class=\"so-panel widget widget_text panel-first-child panel-last-child\" data-index=\"5\" >\t\t\t<div class=\"textwidget\"><p><a href=\"http:\/\/www.granulati.it\/wp-content\/uploads\/2026\/03\/ccaramel.jpg\"><img class=\"colorbox-76355\"  src=\"http:\/\/www.granulati.it\/wp-content\/uploads\/2026\/03\/ccaramel.jpg\" \/><\/a><\/p>\n<h5 style=\"font-size: 15px; color: #006785;\">CARAMEL<\/h5>\n<hr style=\"margin-bottom: 2px;\" \/>\n<p><strong>1-4 mm<\/strong><br \/>\nBig Bag 1500 kg<br \/>\n25 kg \/ PCS<\/p>\n<\/div>\n\t\t<\/div><\/div><\/div><div id=\"pg-76355-3\"  class=\"panel-grid panel-no-style\" ><div id=\"pgc-76355-3-0\"  class=\"panel-grid-cell\" ><div id=\"panel-76355-3-0-0\" class=\"so-panel widget widget_text panel-first-child panel-last-child\" data-index=\"6\" >\t\t\t<div class=\"textwidget\"><p><a href=\"http:\/\/www.granulati.it\/wp-content\/uploads\/2026\/03\/cgrgiobrasile.jpg\"><img class=\"colorbox-76355\"  src=\"http:\/\/www.granulati.it\/wp-content\/uploads\/2026\/03\/cgrgiobrasile.jpg\" \/><\/a><\/p>\n<h5 style=\"font-size: 15px; color: #006785;\">GRIGIO BRASILE<\/h5>\n<hr style=\"margin-bottom: 2px;\" \/>\n<p><strong>1-4 mm<\/strong><br \/>\nBig Bag 1500 kg<br \/>\n25 kg \/ PCS<\/p>\n<\/div>\n\t\t<\/div><\/div><div id=\"pgc-76355-3-1\"  class=\"panel-grid-cell\" ><div id=\"panel-76355-3-1-0\" class=\"so-panel widget widget_text panel-first-child panel-last-child\" data-index=\"7\" >\t\t\t<div class=\"textwidget\"><p><a href=\"http:\/\/www.granulati.it\/wp-content\/uploads\/2022\/06\/sky-blue-1.jpg\"><img class=\"colorbox-76355\"  src=\"http:\/\/www.granulati.it\/wp-content\/uploads\/2022\/06\/sky-blue-1.jpg\" \/><\/a><\/p>\n<h5 style=\"font-size: 15px; color: #006785;\">ICE BLUE<\/h5>\n<hr style=\"margin-bottom: 2px;\" \/>\n<p><strong>1-4 mm<\/strong><br \/>\nBig Bag 1500 kg<br \/>\n25 kg \/ PCS<\/p>\n<p><strong>4-8 mm<\/strong><br \/>\nBig Bag 1500 kg<br \/>\n25 kg \/ PCS<\/p>\n<\/div>\n\t\t<\/div><\/div><div id=\"pgc-76355-3-2\"  class=\"panel-grid-cell\" ><div id=\"panel-76355-3-2-0\" class=\"so-panel widget widget_text panel-first-child panel-last-child\" data-index=\"8\" >\t\t\t<div class=\"textwidget\"><p><a href=\"http:\/\/www.granulati.it\/wp-content\/uploads\/2022\/06\/bardiglio-1.jpg\"><img class=\"colorbox-76355\"  src=\"http:\/\/www.granulati.it\/wp-content\/uploads\/2022\/06\/bardiglio-1.jpg\" \/><\/a><\/p>\n<h5 style=\"font-size: 15px; color: #006785;\">SKY<\/h5>\n<hr style=\"margin-bottom: 2px;\" \/>\n<p><strong>1-4 mm<\/strong><br \/>\nBig Bag 1500 kg<br \/>\n25 kg \/ PCS<\/p>\n<p><strong>4-8 mm<\/strong><br \/>\nBig Bag 1500 kg<br \/>\n25 kg \/ PCS<\/p>\n<\/div>\n\t\t<\/div><\/div><div id=\"pgc-76355-3-3\"  class=\"panel-grid-cell\" ><div id=\"panel-76355-3-3-0\" class=\"so-panel widget widget_text panel-first-child panel-last-child\" data-index=\"9\" >\t\t\t<div class=\"textwidget\"><p><a href=\"http:\/\/www.granulati.it\/wp-content\/uploads\/2022\/06\/carrara-1.jpg\"><img class=\"colorbox-76355\"  src=\"http:\/\/www.granulati.it\/wp-content\/uploads\/2022\/06\/carrara-1.jpg\" \/><\/a><\/p>\n<h5 style=\"font-size: 15px; color: #006785;\">BIANCO CARRARA<\/h5>\n<hr style=\"margin-bottom:2px;\" \/>\n<p><strong>1-4 mm<\/strong><br \/>\nBig Bag 1500 kg<br \/>\n25 kg \/ PCS<\/p>\n<p><strong>4-8 mm<\/strong><br \/>\nBig Bag 1500 kg<br \/>\n25 kg \/ PCS<\/p>\n<\/div>\n\t\t<\/div><\/div><\/div><div id=\"pg-76355-4\"  class=\"panel-grid panel-no-style\" ><div id=\"pgc-76355-4-0\"  class=\"panel-grid-cell\" ><div id=\"panel-76355-4-0-0\" class=\"so-panel widget widget_text panel-first-child panel-last-child\" data-index=\"10\" >\t\t\t<div class=\"textwidget\"><p><a href=\"http:\/\/www.granulati.it\/wp-content\/uploads\/2022\/06\/zandobbio-1.jpg\"><img class=\"colorbox-76355\"  src=\"http:\/\/www.granulati.it\/wp-content\/uploads\/2022\/06\/zandobbio-1.jpg\" \/><\/a><\/p>\n<h5 style=\"font-size: 15px; color: #006785;\">BIANCO ZANDOBBIO<\/h5>\n<hr style=\"margin-bottom:2px;\" \/>\n<p><strong>1-4 mm<\/strong><br \/>\nBig Bag 1500 kg<br \/>\n25 kg \/ PCS<\/p>\n<p><strong>4-8 mm<\/strong><br \/>\nBig Bag 1500 kg<br \/>\n25 kg \/ PCS<\/p>\n<\/div>\n\t\t<\/div><\/div><div id=\"pgc-76355-4-1\"  class=\"panel-grid-cell\" ><div id=\"panel-76355-4-1-0\" class=\"so-panel widget widget_text panel-first-child panel-last-child\" data-index=\"11\" >\t\t\t<div class=\"textwidget\"><p><a href=\"http:\/\/www.granulati.it\/wp-content\/uploads\/2022\/06\/botticino-1.jpg\"><img class=\"colorbox-76355\"  src=\"http:\/\/www.granulati.it\/wp-content\/uploads\/2022\/06\/botticino-1.jpg\" \/><\/a><\/p>\n<h5 style=\"font-size: 15px; color: #006785;\">BOTTICINO<\/h5>\n<hr style=\"margin-bottom:2px;\" \/>\n<p><strong>1-4 mm<\/strong><br \/>\nBig Bag 1500 kg<br \/>\n25 kg \/ PCS<\/p>\n<p><strong>4-8 mm<\/strong><br \/>\nBig Bag 1500 kg<br \/>\n25 kg \/ PCS<\/p>\n<\/div>\n\t\t<\/div><\/div><div id=\"pgc-76355-4-2\"  class=\"panel-grid-cell\" ><div id=\"panel-76355-4-2-0\" class=\"so-panel widget widget_text panel-first-child panel-last-child\" data-index=\"12\" >\t\t\t<div class=\"textwidget\"><p><a href=\"http:\/\/www.granulati.it\/wp-content\/uploads\/2022\/06\/bianco-verona-1.jpg\"><img class=\"colorbox-76355\"  src=\"http:\/\/www.granulati.it\/wp-content\/uploads\/2022\/06\/bianco-verona-1.jpg\" \/><\/a><\/p>\n<h5 style=\"font-size: 15px; color: #006785;\">BIANCO VERONA<\/h5>\n<hr style=\"margin-bottom:2px;\" \/>\n<p><strong>1-4 mm<\/strong><br \/>\nBig Bag 1500 kg<br \/>\n25 kg \/ PCS<\/p>\n<p><strong>4-8 mm<\/strong><br \/>\nBig Bag 1500 kg<br \/>\n25 kg \/ PCS<\/p>\n<\/div>\n\t\t<\/div><\/div><div id=\"pgc-76355-4-3\"  class=\"panel-grid-cell\" ><div id=\"panel-76355-4-3-0\" class=\"so-panel widget widget_text panel-first-child panel-last-child\" data-index=\"13\" >\t\t\t<div class=\"textwidget\"><p><a href=\"http:\/\/www.granulati.it\/wp-content\/uploads\/2022\/06\/aurora-1.jpg\"><img class=\"colorbox-76355\"  src=\"http:\/\/www.granulati.it\/wp-content\/uploads\/2022\/06\/aurora-1.jpg\" \/><\/a><\/p>\n<h5 style=\"font-size: 15px; color: #006785;\">BRECCIA AURORA<\/h5>\n<hr style=\"margin-bottom:2px;\" \/>\n<p><strong>1-4 mm<\/strong><br \/>\nBig Bag 1500 kg<br \/>\n25 kg \/ PCS<\/p>\n<p><strong>4-8 mm<\/strong><br \/>\nBig Bag 1500 kg<br \/>\n25 kg \/ PCS<\/p>\n<\/div>\n\t\t<\/div><\/div><\/div><div id=\"pg-76355-5\"  class=\"panel-grid panel-no-style\" ><div id=\"pgc-76355-5-0\"  class=\"panel-grid-cell\" ><div id=\"panel-76355-5-0-0\" class=\"so-panel widget widget_text panel-first-child panel-last-child\" data-index=\"14\" >\t\t\t<div class=\"textwidget\"><p><a href=\"http:\/\/www.granulati.it\/wp-content\/uploads\/2022\/06\/pernice-1.jpg\"><img class=\"colorbox-76355\"  src=\"http:\/\/www.granulati.it\/wp-content\/uploads\/2022\/06\/pernice-1.jpg\" \/><\/a><\/p>\n<h5 style=\"font-size: 15px; color: #006785;\">BRECCIA PERNICE<\/h5>\n<hr style=\"margin-bottom:2px;\" \/>\n<p><strong>1-4 mm<\/strong><br \/>\nBig Bag 1500 kg<br \/>\n25 kg \/ PCS<\/p>\n<p><strong>4-8 mm<\/strong><br \/>\nBig Bag 1500 kg<br \/>\n25 kg \/ PCS<\/p>\n<\/div>\n\t\t<\/div><\/div><div id=\"pgc-76355-5-1\"  class=\"panel-grid-cell\" ><div id=\"panel-76355-5-1-0\" class=\"so-panel widget widget_text panel-first-child panel-last-child\" data-index=\"15\" >\t\t\t<div class=\"textwidget\"><p><a href=\"http:\/\/www.granulati.it\/wp-content\/uploads\/2022\/06\/giallo-mori-1.jpg\"><img class=\"colorbox-76355\"  src=\"http:\/\/www.granulati.it\/wp-content\/uploads\/2022\/06\/giallo-mori-1.jpg\" \/><\/a><\/p>\n<h5 style=\"font-size: 15px; color: #006785;\">GIALLO MORI<\/h5>\n<hr style=\"margin-bottom:2px;\" \/>\n<p><strong>1-4 mm<\/strong><br \/>\nBig Bag 1500 kg<br \/>\n25 kg \/ PCS<\/p>\n<p><strong>4-8 mm<\/strong><br \/>\nBig Bag 1500 kg<br \/>\n25 kg \/ PCS<\/p>\n<\/div>\n\t\t<\/div><\/div><div id=\"pgc-76355-5-2\"  class=\"panel-grid-cell\" ><div id=\"panel-76355-5-2-0\" class=\"so-panel widget widget_text panel-first-child panel-last-child\" data-index=\"16\" >\t\t\t<div class=\"textwidget\"><p><a href=\"http:\/\/www.granulati.it\/wp-content\/uploads\/2022\/06\/giallo-siena-1.jpg\"><img class=\"colorbox-76355\"  src=\"http:\/\/www.granulati.it\/wp-content\/uploads\/2022\/06\/giallo-siena-1.jpg\" \/><\/a><\/p>\n<h5 style=\"font-size: 15px; color: #006785;\">GIALLO SIENA<\/h5>\n<hr style=\"margin-bottom:2px;\" \/>\n<p><strong>1-4 mm<\/strong><br \/>\nBig Bag 1500 kg<br \/>\n25 kg \/ PCS<\/p>\n<p><strong>4-8 mm<\/strong><br \/>\nBig Bag 1500 kg<br \/>\n25 kg \/ PCS<\/p>\n<\/div>\n\t\t<\/div><\/div><div id=\"pgc-76355-5-3\"  class=\"panel-grid-cell\" ><div id=\"panel-76355-5-3-0\" class=\"so-panel widget widget_text panel-first-child panel-last-child\" data-index=\"17\" >\t\t\t<div class=\"textwidget\"><p><a href=\"http:\/\/www.granulati.it\/wp-content\/uploads\/2022\/06\/grigio-cenere-1.jpg\"><img class=\"colorbox-76355\"  src=\"http:\/\/www.granulati.it\/wp-content\/uploads\/2022\/06\/grigio-cenere-1.jpg\" \/><\/a><\/p>\n<h5 style=\"font-size: 15px; color: #006785;\">GRIGIO CENERE<\/h5>\n<hr style=\"margin-bottom:2px;\" \/>\n<p><strong>1-4 mm<\/strong><br \/>\nBig Bag 1500 kg<br \/>\n25 kg \/ PCS<\/p>\n<p><strong>4-8 mm<\/strong><br \/>\nBig Bag 1500 kg<br \/>\n25 kg \/ PCS<\/p>\n<\/div>\n\t\t<\/div><\/div><\/div><div id=\"pg-76355-6\"  class=\"panel-grid panel-no-style\" ><div id=\"pgc-76355-6-0\"  class=\"panel-grid-cell\" ><div id=\"panel-76355-6-0-0\" class=\"so-panel widget widget_text panel-first-child panel-last-child\" data-index=\"18\" >\t\t\t<div class=\"textwidget\"><p><a href=\"http:\/\/www.granulati.it\/wp-content\/uploads\/2023\/12\/grigotrieste.jpg\"><img loading=\"lazy\" class=\"alignnone  wp-image-78501 colorbox-76355\" src=\"http:\/\/www.granulati.it\/wp-content\/uploads\/2023\/12\/grigotrieste-300x176.jpg\" alt=\"\" width=\"377\" height=\"221\" srcset=\"https:\/\/www.granulati.it\/wp-content\/uploads\/2023\/12\/grigotrieste-300x176.jpg 300w, https:\/\/www.granulati.it\/wp-content\/uploads\/2023\/12\/grigotrieste-85x50.jpg 85w, https:\/\/www.granulati.it\/wp-content\/uploads\/2023\/12\/grigotrieste.jpg 570w\" sizes=\"(max-width: 377px) 100vw, 377px\" \/><\/a><\/p>\n<h5 style=\"font-size: 15px; color: #006785;\">GRIGO TRIESTE<\/h5>\n<hr style=\"margin-bottom: 2px;\" \/>\n<p><strong>1-4 mm<\/strong><br \/>\nBig Bag 1500 kg<br \/>\n25 kg \/ PCS<\/p>\n<\/div>\n\t\t<\/div><\/div><div id=\"pgc-76355-6-1\"  class=\"panel-grid-cell\" ><div id=\"panel-76355-6-1-0\" class=\"so-panel widget widget_text panel-first-child panel-last-child\" data-index=\"19\" >\t\t\t<div class=\"textwidget\"><p><a href=\"http:\/\/www.granulati.it\/wp-content\/uploads\/2022\/06\/canico.jpg\"><img class=\"colorbox-76355\"  src=\"http:\/\/www.granulati.it\/wp-content\/uploads\/2022\/06\/canico.jpg\" \/><\/a><\/p>\n<h5 style=\"font-size: 15px; color: #006785;\">GRIGIO CARNICO<\/h5>\n<hr style=\"margin-bottom:2px;\" \/>\n<p><strong>1-4 mm<\/strong><br \/>\nBig Bag 1500 kg<br \/>\n25 kg \/ PCS<\/p>\n<p><strong>4-8 mm<\/strong><br \/>\nBig Bag 1500 kg<br \/>\n25 kg \/ PCS<\/p>\n<\/div>\n\t\t<\/div><\/div><div id=\"pgc-76355-6-2\"  class=\"panel-grid-cell\" ><div id=\"panel-76355-6-2-0\" class=\"so-panel widget widget_text panel-first-child panel-last-child\" data-index=\"20\" >\t\t\t<div class=\"textwidget\"><p><a href=\"http:\/\/www.granulati.it\/wp-content\/uploads\/2022\/06\/occhialino-1.jpg\"><img class=\"colorbox-76355\"  src=\"http:\/\/www.granulati.it\/wp-content\/uploads\/2022\/06\/occhialino-1.jpg\" \/><\/a><\/p>\n<h5 style=\"font-size: 15px; color: #006785;\">OCCHIALINO<\/h5>\n<hr style=\"margin-bottom:2px;\" \/>\n<p><strong>1-4 mm<\/strong><br \/>\nBig Bag 1500 kg<br \/>\n25 kg \/ PCS<\/p>\n<p><strong>4-8 mm<\/strong><br \/>\nBig Bag 1500 kg<br \/>\n25 kg \/ PCS<\/p>\n<\/div>\n\t\t<\/div><\/div><div id=\"pgc-76355-6-3\"  class=\"panel-grid-cell\" ><div id=\"panel-76355-6-3-0\" class=\"so-panel widget widget_text panel-first-child panel-last-child\" data-index=\"21\" >\t\t\t<div class=\"textwidget\"><p><a href=\"http:\/\/www.granulati.it\/wp-content\/uploads\/2022\/06\/grigio-topo-1.jpg\"><img class=\"colorbox-76355\"  src=\"http:\/\/www.granulati.it\/wp-content\/uploads\/2022\/06\/grigio-topo-1.jpg\" \/><\/a><\/p>\n<h5 style=\"font-size: 15px; color: #006785;\">GRIGIO TOPO<\/h5>\n<hr style=\"margin-bottom:2px;\" \/>\n<p><strong>3-8 mm<\/strong><br \/>\nBig Bag 1500 kg<br \/>\n25 kg \/ PCS<\/p>\n<\/div>\n\t\t<\/div><\/div><\/div><div id=\"pg-76355-7\"  class=\"panel-grid panel-no-style\" ><div id=\"pgc-76355-7-0\"  class=\"panel-grid-cell\" ><div id=\"panel-76355-7-0-0\" class=\"so-panel widget widget_text panel-first-child panel-last-child\" data-index=\"22\" >\t\t\t<div class=\"textwidget\"><p><a href=\"http:\/\/www.granulati.it\/wp-content\/uploads\/2022\/06\/marrone-1.jpg\"><img class=\"colorbox-76355\"  src=\"http:\/\/www.granulati.it\/wp-content\/uploads\/2022\/06\/marrone-1.jpg\" \/><\/a><\/p>\n<h5 style=\"font-size: 15px; color: #006785;\">MARRONE<\/h5>\n<hr style=\"margin-bottom:2px;\" \/>\n<p><strong>1-4 mm<\/strong><br \/>\nBig Bag 1500 kg<br \/>\n25 kg \/ PCS<\/p>\n<p><strong>4-8 mm<\/strong><br \/>\nBig Bag 1500 kg<br \/>\n25 kg \/ PCS<\/p>\n<\/div>\n\t\t<\/div><\/div><div id=\"pgc-76355-7-1\"  class=\"panel-grid-cell\" ><div id=\"panel-76355-7-1-0\" class=\"so-panel widget widget_text panel-first-child panel-last-child\" data-index=\"23\" >\t\t\t<div class=\"textwidget\"><p><a href=\"http:\/\/www.granulati.it\/wp-content\/uploads\/2022\/06\/nero-ebano-1.jpg\"><img class=\"colorbox-76355\"  src=\"http:\/\/www.granulati.it\/wp-content\/uploads\/2022\/06\/nero-ebano-1.jpg\" \/><\/a><\/p>\n<h5 style=\"font-size: 15px; color: #006785;\">NERO EBANO<\/h5>\n<hr style=\"margin-bottom:2px;\" \/>\n<p><strong>1-4 mm<\/strong><br \/>\nBig Bag 1500 kg<br \/>\n25 kg \/ PCS<\/p>\n<p><strong>4-8 mm<\/strong><br \/>\nBig Bag 1500 kg<br \/>\n25 kg \/ PCS<\/p>\n<\/div>\n\t\t<\/div><\/div><div id=\"pgc-76355-7-2\"  class=\"panel-grid-cell\" ><div id=\"panel-76355-7-2-0\" class=\"so-panel widget widget_text panel-first-child panel-last-child\" data-index=\"24\" >\t\t\t<div class=\"textwidget\"><p><a href=\"http:\/\/www.granulati.it\/wp-content\/uploads\/2022\/06\/rosa-corallo-1.jpg\"><img class=\"colorbox-76355\"  src=\"http:\/\/www.granulati.it\/wp-content\/uploads\/2022\/06\/rosa-corallo-1.jpg\" \/><\/a><\/p>\n<h5 style=\"font-size: 15px; color: #006785;\">ROSA CORALLO<\/h5>\n<hr style=\"margin-bottom: 2px;\" \/>\n<p><strong>1-4 mm<\/strong><br \/>\nBig Bag 1500 kg<br \/>\n25 kg \/ PCS<\/p>\n<p><strong>4-8 mm<\/strong><br \/>\nBig Bag 1500 kg<br \/>\n25 kg \/ PCS<\/p>\n<\/div>\n\t\t<\/div><\/div><div id=\"pgc-76355-7-3\"  class=\"panel-grid-cell\" ><div id=\"panel-76355-7-3-0\" class=\"so-panel widget widget_text panel-first-child panel-last-child\" data-index=\"25\" >\t\t\t<div class=\"textwidget\"><p><a href=\"http:\/\/www.granulati.it\/wp-content\/uploads\/2022\/06\/rossov-erona-1.jpg\"><img class=\"colorbox-76355\"  src=\"http:\/\/www.granulati.it\/wp-content\/uploads\/2022\/06\/rossov-erona-1.jpg\" \/><\/a><\/p>\n<h5 style=\"font-size: 15px; color: #006785;\">ROSSO VERONA<\/h5>\n<hr style=\"margin-bottom: 2px;\" \/>\n<p><strong>1-4 mm<\/strong><br \/>\nBig Bag 1500 kg<br \/>\n25 kg \/ PCS<\/p>\n<p><strong>4-8 mm<\/strong><br \/>\nBig Bag 1500 kg<br \/>\n25 kg \/ PCS<\/p>\n<\/div>\n\t\t<\/div><\/div><\/div><div id=\"pg-76355-8\"  class=\"panel-grid panel-no-style\" ><div id=\"pgc-76355-8-0\"  class=\"panel-grid-cell\" ><div id=\"panel-76355-8-0-0\" class=\"so-panel widget widget_text panel-first-child panel-last-child\" data-index=\"26\" >\t\t\t<div class=\"textwidget\"><p><a href=\"http:\/\/www.granulati.it\/wp-content\/uploads\/2022\/06\/rosso-levanto-1.jpg\"><img class=\"colorbox-76355\"  src=\"http:\/\/www.granulati.it\/wp-content\/uploads\/2022\/06\/rosso-levanto-1.jpg\" \/><\/a><\/p>\n<h5 style=\"font-size: 15px; color: #006785;\">ROSSO LEVANTO<\/h5>\n<hr style=\"margin-bottom: 2px;\" \/>\n<p><strong>1-4 mm<\/strong><br \/>\nBig Bag 1500 kg<br \/>\n25 kg \/ PCS<\/p>\n<p><strong>4-8 mm<\/strong><br \/>\nBig Bag 1500 kg<br \/>\n25 kg \/ PCS<\/p>\n<\/div>\n\t\t<\/div><\/div><div id=\"pgc-76355-8-1\"  class=\"panel-grid-cell\" ><div id=\"panel-76355-8-1-0\" class=\"so-panel widget widget_text panel-first-child panel-last-child\" data-index=\"27\" >\t\t\t<div class=\"textwidget\"><p><a href=\"http:\/\/www.granulati.it\/wp-content\/uploads\/2022\/06\/rouge-royal-1.jpg\"><img class=\"colorbox-76355\"  src=\"http:\/\/www.granulati.it\/wp-content\/uploads\/2022\/06\/rouge-royal-1.jpg\" \/><\/a><\/p>\n<h5 style=\"font-size: 15px; color: #006785;\">ROUGE ROYAL<\/h5>\n<hr style=\"margin-bottom: 2px;\" \/>\n<p><strong>1-4 mm<\/strong><br \/>\nBig Bag 1500 kg<br \/>\n25 kg \/ PCS<\/p>\n<p><strong>4-8 mm<\/strong><br \/>\nBig Bag 1500 kg<br \/>\n25 kg \/ PCS<\/p>\n<\/div>\n\t\t<\/div><\/div><div id=\"pgc-76355-8-2\"  class=\"panel-grid-cell\" ><div id=\"panel-76355-8-2-0\" class=\"so-panel widget widget_text panel-first-child panel-last-child\" data-index=\"28\" >\t\t\t<div class=\"textwidget\"><p><a href=\"http:\/\/www.granulati.it\/wp-content\/uploads\/2022\/06\/thassos-1.jpg\"><img class=\"colorbox-76355\"  src=\"http:\/\/www.granulati.it\/wp-content\/uploads\/2022\/06\/thassos-1.jpg\" \/><\/a><\/p>\n<h5 style=\"font-size: 15px; color: #006785;\">THASSOS WHITE<\/h5>\n<hr style=\"margin-bottom: 2px;\" \/>\n<p><strong>1-4 mm<\/strong><br \/>\nBig Bag 1500 kg<br \/>\n25 kg \/ PCS<\/p>\n<p><strong>4-8 mm<\/strong><br \/>\nBig Bag 1500 kg<br \/>\n25 kg \/ PCS<\/p>\n<\/div>\n\t\t<\/div><\/div><div id=\"pgc-76355-8-3\"  class=\"panel-grid-cell\" ><div id=\"panel-76355-8-3-0\" class=\"so-panel widget widget_text panel-first-child panel-last-child\" data-index=\"29\" >\t\t\t<div class=\"textwidget\"><p><a href=\"http:\/\/www.granulati.it\/wp-content\/uploads\/2022\/06\/verde-alpi-1.jpg\"><img class=\"colorbox-76355\"  src=\"http:\/\/www.granulati.it\/wp-content\/uploads\/2022\/06\/verde-alpi-1.jpg\" \/><\/a><\/p>\n<h5 style=\"font-size: 15px; color: #006785;\">VERDE ALPI<\/h5>\n<hr style=\"margin-bottom: 2px;\" \/>\n<p><strong>1-4 mm<\/strong><br \/>\nBig Bag 1500 kg<br \/>\n25 kg \/ PCS<\/p>\n<p><strong>4-8 mm<\/strong><br \/>\nBig Bag 1500 kg<br \/>\n25 kg \/ PCS<\/p>\n<\/div>\n\t\t<\/div><\/div><\/div><\/div>","protected":false},"excerpt":{"rendered":"<p>GALETS POUR LIANTS EN R\u00c9SINE Les sols en r\u00e9sine pr\u00e9sentent d&#8217;excellentes caract\u00e9ristiques de r\u00e9sistance, d&#8217;hygi\u00e8ne, de conductivit\u00e9 \u00e9lectrique et de facilit\u00e9 d&#8217;installation. Les sols en r\u00e9sine sont con\u00e7us pour \u00eatre utilis\u00e9s dans tout type de b\u00e2timent (entrep\u00f4ts, environnements de production, alimentaires, pharmaceutiques, entrep\u00f4ts, zones de stockage de marchandises, etc.), pour les activit\u00e9s de travail et les zones d&#8217;accueil du public et dans tous les domaines o\u00f9 cela est n\u00e9cessaire. une surface antid\u00e9rapante. Cependant, il est \u00e9galement largement utilis\u00e9 pour les piscines bio pour un effet r\u00e9aliste qui reproduit les plages des Cara\u00efbes. Le rev\u00eatement de sol qui en r\u00e9sulte offre d&#8217;innombrables avantages, notamment: Aspect esth\u00e9tique remarquable Absence totale de formation de poussi\u00e8re Imperm\u00e9abilit\u00e9 aux liquides et aux huiles Extr\u00eamement facile \u00e0 nettoyer Haute r\u00e9sistance chimique et m\u00e9canique, ce qui le rend adapt\u00e9 m\u00eame au trafic intensif de v\u00e9hicules lourds L\u00e9g\u00e8re reprise des irr\u00e9gularit\u00e9s de la chauss\u00e9e pr\u00e9c\u00e9dente Pour assurer le succ\u00e8s du processus, il est n\u00e9cessaire d&#8217;inclure le service de s\u00e9chage fourni par Granulati Zandobbio avec l&#8217;achat des produits.<\/p>\n","protected":false},"author":1,"featured_media":78,"parent":0,"menu_order":34,"comment_status":"closed","ping_status":"closed","template":"","meta":{"_links_to":"","_links_to_target":""},"aioseo_notices":[],"_links":{"self":[{"href":"https:\/\/www.granulati.it\/fr\/wp-json\/wp\/v2\/pages\/76355"}],"collection":[{"href":"https:\/\/www.granulati.it\/fr\/wp-json\/wp\/v2\/pages"}],"about":[{"href":"https:\/\/www.granulati.it\/fr\/wp-json\/wp\/v2\/types\/page"}],"author":[{"embeddable":true,"href":"https:\/\/www.granulati.it\/fr\/wp-json\/wp\/v2\/users\/1"}],"replies":[{"embeddable":true,"href":"https:\/\/www.granulati.it\/fr\/wp-json\/wp\/v2\/comments?post=76355"}],"version-history":[{"count":20,"href":"https:\/\/www.granulati.it\/fr\/wp-json\/wp\/v2\/pages\/76355\/revisions"}],"predecessor-version":[{"id":84451,"href":"https:\/\/www.granulati.it\/fr\/wp-json\/wp\/v2\/pages\/76355\/revisions\/84451"}],"wp:featuredmedia":[{"embeddable":true,"href":"https:\/\/www.granulati.it\/fr\/wp-json\/wp\/v2\/media\/78"}],"wp:attachment":[{"href":"https:\/\/www.granulati.it\/fr\/wp-json\/wp\/v2\/media?parent=76355"}],"curies":[{"name":"wp","href":"https:\/\/api.w.org\/{rel}","templated":true}]}}