{"id":6696,"date":"2017-02-15T10:55:08","date_gmt":"2017-02-15T09:55:08","guid":{"rendered":"http:\/\/www.granulati.it\/it\/sei-un-rivenditore-copy\/"},"modified":"2022-08-04T15:49:47","modified_gmt":"2022-08-04T13:49:47","slug":"sei-un-rivenditore-copy","status":"publish","type":"page","link":"https:\/\/www.granulati.it\/fr\/servizi-al-cliente\/","title":{"rendered":"Services pour les clients"},"content":{"rendered":"<p><\/p>\n<div style=\"background-color: #006785; height: 50px;\">\n<h1 style=\"padding-top: 10px;\"><span style=\"color: white;\">SERVICES POUR LES CLIENTS<\/span><\/h1>\n<\/div>\n\n<p><img loading=\"lazy\" class=\"wp-image-40189 size-full alignleft colorbox-6696\" src=\"http:\/\/www.granulati.it\/wp-content\/uploads\/2018\/04\/Allestimento-corner.jpg\" alt=\"\" width=\"1701\" height=\"497\" srcset=\"https:\/\/www.granulati.it\/wp-content\/uploads\/2018\/04\/Allestimento-corner.jpg 1701w, https:\/\/www.granulati.it\/wp-content\/uploads\/2018\/04\/Allestimento-corner-150x44.jpg 150w, https:\/\/www.granulati.it\/wp-content\/uploads\/2018\/04\/Allestimento-corner-300x88.jpg 300w, https:\/\/www.granulati.it\/wp-content\/uploads\/2018\/04\/Allestimento-corner-768x224.jpg 768w, https:\/\/www.granulati.it\/wp-content\/uploads\/2018\/04\/Allestimento-corner-1024x299.jpg 1024w\" sizes=\"(max-width: 1701px) 100vw, 1701px\" \/><\/p>\n<p style=\"text-align: justify;\"><span style=\"font-family: 'Lucida Grande', Verdana, Arial, Helvetica, sans-serif;\">La philosophie de la proximit\u00e9 du march\u00e9 nous a permis de grandir dans les secteurs du rev\u00eatement de sol avec des produits de haute qualit\u00e9 et des solutions complexes. Nous fournissons des supports promotionnels sp\u00e9cifiques, con\u00e7us pour optimiser chaque type de produit. Nous offrons, \u00e0 la demande du d\u00e9taillant, la conception d&#8217;un espace ou d&#8217;un coin d\u00e9di\u00e9 \u00e0 l&#8217;affichage de produits avec des exposants sp\u00e9cifiques, garantissant une visibilit\u00e9 maximale des mat\u00e9riaux au client. En outre, des pages de publicit\u00e9, la planification sur les principaux m\u00e9dias et la participation \u00e0 des foires commerciales.<\/span><\/p>\n<p><\/p>","protected":false},"excerpt":{"rendered":"<p>SERVICES POUR LES CLIENTS La philosophie de la proximit\u00e9 du march\u00e9 nous a permis de grandir dans les secteurs du rev\u00eatement de sol avec des produits de haute qualit\u00e9 et des solutions complexes. Nous fournissons des supports promotionnels sp\u00e9cifiques, con\u00e7us pour optimiser chaque type de produit. Nous offrons, \u00e0 la demande du d\u00e9taillant, la conception d&#8217;un espace ou d&#8217;un coin d\u00e9di\u00e9 \u00e0 l&#8217;affichage de produits avec des exposants sp\u00e9cifiques, garantissant une visibilit\u00e9 maximale des mat\u00e9riaux au client. En outre, des pages de publicit\u00e9, la planification sur les principaux m\u00e9dias et la participation \u00e0 des foires commerciales.<\/p>\n","protected":false},"author":1,"featured_media":0,"parent":0,"menu_order":17,"comment_status":"open","ping_status":"closed","template":"page-rivenditore.php","meta":{"_links_to":"","_links_to_target":""},"aioseo_notices":[],"_links":{"self":[{"href":"https:\/\/www.granulati.it\/fr\/wp-json\/wp\/v2\/pages\/6696"}],"collection":[{"href":"https:\/\/www.granulati.it\/fr\/wp-json\/wp\/v2\/pages"}],"about":[{"href":"https:\/\/www.granulati.it\/fr\/wp-json\/wp\/v2\/types\/page"}],"author":[{"embeddable":true,"href":"https:\/\/www.granulati.it\/fr\/wp-json\/wp\/v2\/users\/1"}],"replies":[{"embeddable":true,"href":"https:\/\/www.granulati.it\/fr\/wp-json\/wp\/v2\/comments?post=6696"}],"version-history":[{"count":27,"href":"https:\/\/www.granulati.it\/fr\/wp-json\/wp\/v2\/pages\/6696\/revisions"}],"predecessor-version":[{"id":76768,"href":"https:\/\/www.granulati.it\/fr\/wp-json\/wp\/v2\/pages\/6696\/revisions\/76768"}],"wp:attachment":[{"href":"https:\/\/www.granulati.it\/fr\/wp-json\/wp\/v2\/media?parent=6696"}],"curies":[{"name":"wp","href":"https:\/\/api.w.org\/{rel}","templated":true}]}}