{"id":61,"date":"2013-05-16T09:34:29","date_gmt":"2013-05-16T07:34:29","guid":{"rendered":"http:\/\/www.granulati.it\/it\/prodotti\/granulati\/granulati-2\/granulati-di-vetro-e-pietre-semi-preziose\/"},"modified":"2026-03-31T11:24:06","modified_gmt":"2026-03-31T09:24:06","slug":"granulati-di-vetro-e-pietre-semi-preziose","status":"publish","type":"page","link":"https:\/\/www.granulati.it\/fr\/produits\/gravels\/granulati-di-vetro\/","title":{"rendered":"Graviers de verre"},"content":{"rendered":"<div id=\"pl-61\"  class=\"panel-layout\" ><div id=\"pg-61-0\"  class=\"panel-grid panel-no-style\" ><div id=\"pgc-61-0-0\"  class=\"panel-grid-cell\" ><div id=\"panel-61-0-0-0\" class=\"so-panel widget widget_text panel-first-child panel-last-child\" data-index=\"0\" >\t\t\t<div class=\"textwidget\"><div style=\"background-color: #006785; height: 50px;\">\n<h1 style=\"padding-top: 10px;\"><span style=\"color: white;\">VERRE<\/span><\/h1>\n<\/div>\n<\/div>\n\t\t<\/div><\/div><\/div><div id=\"pg-61-1\"  class=\"panel-grid panel-no-style\" ><div id=\"pgc-61-1-0\"  class=\"panel-grid-cell\" ><div id=\"panel-61-1-0-0\" class=\"so-panel widget widget_text panel-first-child panel-last-child\" data-index=\"1\" >\t\t\t<div class=\"textwidget\"><p style=\"font-size: 14px;\">Granul\u00e9s Zandobbio propose une large s\u00e9lection de granul\u00e9s de verre pour la construction, des mat\u00e9riaux uniques du monde entier \u00e0 utiliser dans les plus belles d\u00e9corations.<br \/>\nGr\u00e2ce \u00e0 leur raret\u00e9, leur duret\u00e9, leur brillance et leur couleur, ils donnent des suggestions chromatiques irrempla\u00e7ables et d\u00e9corent les chambres avec charme et exclusivit\u00e9.<br \/>\nDans notre <a href=\"\/it\/download\/\"> catalogue <\/a>, vous pouvez trouver des pierres de verre id\u00e9ales pour les environnements r\u00e9sidentiels avec jardins.<\/p>\n<p>Le verre recycl\u00e9 garantit l&#8217;aspect durable d&#8217;un produit rehauss\u00e9 par le jeu de la lumi\u00e8re naturelle. Pierres provenant de r\u00e9gions du monde entier pour \u00eatre utilis\u00e9es dans de belles d\u00e9corations. Produit adapt\u00e9 \u00e0 l&#8217;aquarium gr\u00e2ce \u00e0 l&#8217;absence de carbonate.<\/p>\n<\/div>\n\t\t<\/div><\/div><\/div><div id=\"pg-61-2\"  class=\"panel-grid panel-no-style\" ><div id=\"pgc-61-2-0\"  class=\"panel-grid-cell\" ><div id=\"panel-61-2-0-0\" class=\"so-panel widget widget_text panel-first-child panel-last-child\" data-index=\"2\" >\t\t\t<div class=\"textwidget\"><p><a href=\"https:\/\/www.granulati.it\/wp-content\/uploads\/2013\/11\/vetro-azzurro.jpg\"><img class=\"colorbox-61\"  src=\"https:\/\/www.granulati.it\/wp-content\/uploads\/2013\/11\/vetro-azzurro.jpg\" \/><\/a><\/p>\n<h5 style=\"font-size: 15px; color: #006785;\">GRAVEL<\/h5>\n<h5 style=\"font-size: 15px; color: #006785;\">VETRO AZZURRO<\/h5>\n<hr \/>\n<p>3-5 mm (Big Bag 1000 kg, Bag 5 kg)<br \/>\n5-10 mm (Big Bag 1000 kg, Bag 5 kg)<br \/>\n30-70 mm (Big Bag 1000 kg, Basket 600 kg)<br \/>\n70-120 mm (Big Bag 1000 kg, Basket 600 kg)<br \/>\n100-200 mm (Big Bag 1000 kg, Basket 600 kg)<\/p>\n<\/div>\n\t\t<\/div><\/div><div id=\"pgc-61-2-1\"  class=\"panel-grid-cell\" ><div id=\"panel-61-2-1-0\" class=\"so-panel widget widget_text panel-first-child panel-last-child\" data-index=\"3\" >\t\t\t<div class=\"textwidget\"><p><a href=\"https:\/\/www.granulati.it\/wp-content\/uploads\/2013\/11\/vetro-blu.jpg\"><img class=\"colorbox-61\"  src=\"https:\/\/www.granulati.it\/wp-content\/uploads\/2013\/11\/vetro-blu.jpg\" \/><\/a><\/p>\n<h5 style=\"font-size: 15px; color: #006785;\">GRAVEL<\/h5>\n<h5 style=\"font-size: 15px; color: #006785;\">VETRO BLU<\/h5>\n<hr \/>\n<p>3-5 mm (Big Bag 1000 kg, Bag 5 kg)<br \/>\n5-10 mm (Big Bag 1000 kg, Bag 5 kg)<br \/>\n30-70 mm (Big Bag 1000 kg, Basket 600 kg)<br \/>\n70-120 mm (Big Bag 1000 kg, Basket 600 kg)<br \/>\n100-200 mm (Big Bag 1000 kg, Basket 600 kg)<\/p>\n<\/div>\n\t\t<\/div><\/div><div id=\"pgc-61-2-2\"  class=\"panel-grid-cell\" ><div id=\"panel-61-2-2-0\" class=\"so-panel widget widget_text panel-first-child panel-last-child\" data-index=\"4\" >\t\t\t<div class=\"textwidget\"><p><a href=\"https:\/\/www.granulati.it\/wp-content\/uploads\/2013\/11\/vetro-trasparente.jpg\"><img class=\"colorbox-61\"  src=\"https:\/\/www.granulati.it\/wp-content\/uploads\/2013\/11\/vetro-trasparente.jpg\" \/><\/a><\/p>\n<h5 style=\"font-size: 15px; color: #006785;\">GRAVEL<\/h5>\n<h5 style=\"font-size: 15px; color: #006785;\">VETRO TRASPARENTE<\/h5>\n<hr \/>\n<p>3-5 mm (Big Bag 1000 kg, Bag 5 kg)<br \/>\n5-10 mm (Big Bag 1000 kg, Bag 5 kg)<br \/>\n30-70 mm (Big Bag 1350 kg, Basket 600 kg)<br \/>\n70-120 mm (Big Bag 1350 kg, Basket 600 kg)<br \/>\n100-200 mm (Big Bag 1350 kg, Basket 600 kg)<\/p>\n<\/div>\n\t\t<\/div><\/div><div id=\"pgc-61-2-3\"  class=\"panel-grid-cell\" ><div id=\"panel-61-2-3-0\" class=\"so-panel widget widget_text panel-first-child panel-last-child\" data-index=\"5\" >\t\t\t<div class=\"textwidget\"><p><a href=\"https:\/\/www.granulati.it\/wp-content\/uploads\/2013\/11\/vetro-verde.jpg\"><img class=\"colorbox-61\"  src=\"https:\/\/www.granulati.it\/wp-content\/uploads\/2013\/11\/vetro-verde.jpg\" \/><\/a><\/p>\n<h5 style=\"font-size: 15px; color: #006785;\">GRAVEL<\/h5>\n<h5 style=\"font-size: 15px; color: #006785;\">VETRO VERDE<\/h5>\n<hr \/>\n<p>3-5 mm (Big Bag 1000 kg, Bag 5 kg)<br \/>\n5-10 mm (Big Bag 1000 kg, Bag 5 kg)<br \/>\n30-70 mm (Big Bag 1350 kg, Basket 600 kg)<br \/>\n70-120 mm (Big Bag 1350 kg, Basket 600 kg)<br \/>\n100-200 mm (Big Bag 1350 kg, Basket 600 kg)<\/p>\n<\/div>\n\t\t<\/div><\/div><\/div><div id=\"pg-61-3\"  class=\"panel-grid panel-no-style\" ><div id=\"pgc-61-3-0\"  class=\"panel-grid-cell\" ><div id=\"panel-61-3-0-0\" class=\"so-panel widget widget_text panel-first-child panel-last-child\" data-index=\"6\" >\t\t\t<div class=\"textwidget\"><p><a href=\"https:\/\/www.granulati.it\/wp-content\/uploads\/2013\/11\/vetro-ambra.jpg\"><img class=\"colorbox-61\"  src=\"https:\/\/www.granulati.it\/wp-content\/uploads\/2013\/11\/vetro-ambra.jpg\" \/><\/a><\/p>\n<h5 style=\"font-size: 15px; color: #006785;\">GRAVEL<\/h5>\n<h5 style=\"font-size: 15px; color: #006785;\">VETRO AMBRA<\/h5>\n<hr \/>\n<p>3-5 mm (Big Bag 1000 kg, Bag 5 kg)<br \/>\n5-10 mm (Big Bag 1000 kg, Bag 5 kg)<br \/>\n30-70 mm (Big Bag 1350 kg, Basket 600 kg)<br \/>\n70-120 mm (Big Bag 1350 kg, Basket 600 kg)<br \/>\n100-200 mm (Big Bag 1350 kg, Basket 600 kg)<\/p>\n<\/div>\n\t\t<\/div><\/div><div id=\"pgc-61-3-1\"  class=\"panel-grid-cell\" ><div id=\"panel-61-3-1-0\" class=\"so-panel widget widget_text panel-first-child panel-last-child\" data-index=\"7\" >\t\t\t<div class=\"textwidget\"><p><a href=\"http:\/\/www.granulati.it\/wp-content\/uploads\/2020\/07\/vetro-grigio.jpg\"><img class=\"colorbox-61\"  src=\"http:\/\/www.granulati.it\/wp-content\/uploads\/2020\/07\/vetro-grigio.jpg\" \/><\/a><\/p>\n<h5 style=\"font-size: 15px; color: #006785;\">GRAVEL<\/h5>\n<h5 style=\"font-size: 15px; color: #006785;\">VETRO GRIGIO<\/h5>\n<hr \/>\n<p>10-30 mm (Basket 600 kg)<br \/>\n30-70 mm (Basket 600 kg)<br \/>\n70-120 mm (Basket 600 kg)<br \/>\n200-600 mm (Basket 600 kg)<\/p>\n<\/div>\n\t\t<\/div><\/div><div id=\"pgc-61-3-2\"  class=\"panel-grid-cell panel-grid-cell-mobile-last\" ><div id=\"panel-61-3-2-0\" class=\"so-panel widget widget_text panel-first-child panel-last-child\" data-index=\"8\" >\t\t\t<div class=\"textwidget\"><p><a href=\"https:\/\/www.granulati.it\/wp-content\/uploads\/2013\/11\/vetro-a-specchio.jpg\"><img class=\"colorbox-61\"  src=\"https:\/\/www.granulati.it\/wp-content\/uploads\/2013\/11\/vetro-a-specchio.jpg\" \/><\/a><\/p>\n<h5 style=\"font-size: 15px; color: #006785;\">GRAVEL<\/h5>\n<h5 style=\"font-size: 15px; color: #006785;\">VETRO SPECCHIO<\/h5>\n<hr \/>\n<p>3-5 mm (Big Bag 1000 kg, Bag 5kg)<br \/>\n5-10 mm (Big Bag 1000 kg, Bag 5kg)<\/p>\n<\/div>\n\t\t<\/div><\/div><div id=\"pgc-61-3-3\"  class=\"panel-grid-cell panel-grid-cell-empty\" ><\/div><\/div><\/div>","protected":false},"excerpt":{"rendered":"<p>VERRE Granul\u00e9s Zandobbio propose une large s\u00e9lection de granul\u00e9s de verre pour la construction, des mat\u00e9riaux uniques du monde entier \u00e0 utiliser dans les plus belles d\u00e9corations. Gr\u00e2ce \u00e0 leur raret\u00e9, leur duret\u00e9, leur brillance et leur couleur, ils donnent des suggestions chromatiques irrempla\u00e7ables et d\u00e9corent les chambres avec charme et exclusivit\u00e9. Dans notre catalogue , vous pouvez trouver des pierres de verre id\u00e9ales pour les environnements r\u00e9sidentiels avec jardins. Le verre recycl\u00e9 garantit l&#8217;aspect durable d&#8217;un produit rehauss\u00e9 par le jeu de la lumi\u00e8re naturelle. Pierres provenant de r\u00e9gions du monde entier pour \u00eatre utilis\u00e9es dans de belles d\u00e9corations. Produit adapt\u00e9 \u00e0 l&#8217;aquarium gr\u00e2ce \u00e0 l&#8217;absence de carbonate.<\/p>\n","protected":false},"author":1,"featured_media":78,"parent":36,"menu_order":34,"comment_status":"open","ping_status":"open","template":"page-cat_prodotti.php","meta":{"_links_to":"","_links_to_target":""},"aioseo_notices":[],"_links":{"self":[{"href":"https:\/\/www.granulati.it\/fr\/wp-json\/wp\/v2\/pages\/61"}],"collection":[{"href":"https:\/\/www.granulati.it\/fr\/wp-json\/wp\/v2\/pages"}],"about":[{"href":"https:\/\/www.granulati.it\/fr\/wp-json\/wp\/v2\/types\/page"}],"author":[{"embeddable":true,"href":"https:\/\/www.granulati.it\/fr\/wp-json\/wp\/v2\/users\/1"}],"replies":[{"embeddable":true,"href":"https:\/\/www.granulati.it\/fr\/wp-json\/wp\/v2\/comments?post=61"}],"version-history":[{"count":11,"href":"https:\/\/www.granulati.it\/fr\/wp-json\/wp\/v2\/pages\/61\/revisions"}],"predecessor-version":[{"id":84417,"href":"https:\/\/www.granulati.it\/fr\/wp-json\/wp\/v2\/pages\/61\/revisions\/84417"}],"up":[{"embeddable":true,"href":"https:\/\/www.granulati.it\/fr\/wp-json\/wp\/v2\/pages\/36"}],"wp:featuredmedia":[{"embeddable":true,"href":"https:\/\/www.granulati.it\/fr\/wp-json\/wp\/v2\/media\/78"}],"wp:attachment":[{"href":"https:\/\/www.granulati.it\/fr\/wp-json\/wp\/v2\/media?parent=61"}],"curies":[{"name":"wp","href":"https:\/\/api.w.org\/{rel}","templated":true}]}}