{"id":58270,"date":"2020-06-12T14:29:34","date_gmt":"2020-06-12T12:29:34","guid":{"rendered":"http:\/\/www.granulati.it\/it\/prodotti\/granulati-2\/granulati-di-vetro-e-pietre-semi-preziose-copy-2\/"},"modified":"2026-03-31T11:24:44","modified_gmt":"2026-03-31T09:24:44","slug":"granulati-di-vetro-e-pietre-semi-preziose-copy-2","status":"publish","type":"page","link":"https:\/\/www.granulati.it\/fr\/produits\/gravels\/color-stones\/","title":{"rendered":"Color stones"},"content":{"rendered":"<div id=\"pl-58270\"  class=\"panel-layout\" ><div id=\"pg-58270-0\"  class=\"panel-grid panel-no-style\" ><div id=\"pgc-58270-0-0\"  class=\"panel-grid-cell\" ><div id=\"panel-58270-0-0-0\" class=\"so-panel widget widget_text panel-first-child panel-last-child\" data-index=\"0\" >\t\t\t<div class=\"textwidget\"><div style=\"background-color: #006785; height: 50px;\">\n<h1 style=\"padding-top: 10px;\"><span style=\"color: white;\">COLOR STONES<\/span><\/h1>\n<\/div>\n<\/div>\n\t\t<\/div><\/div><\/div><div id=\"pg-58270-1\"  class=\"panel-grid panel-no-style\" ><div id=\"pgc-58270-1-0\"  class=\"panel-grid-cell\" ><div id=\"panel-58270-1-0-0\" class=\"so-panel widget widget_text panel-first-child panel-last-child\" data-index=\"1\" >\t\t\t<div class=\"textwidget\"><p style=\"font-size: 14px;\">Gravillons de marbre concass\u00e9s color\u00e9s artificiellement<br \/>\npour une d\u00e9coration alternative qui tape-\u00e0-l\u2019oeil.<\/p>\n<\/div>\n\t\t<\/div><\/div><\/div><div id=\"pg-58270-2\"  class=\"panel-grid panel-no-style\" ><div id=\"pgc-58270-2-0\"  class=\"panel-grid-cell\" ><div id=\"panel-58270-2-0-0\" class=\"so-panel widget widget_text panel-first-child panel-last-child\" data-index=\"2\" >\t\t\t<div class=\"textwidget\"><p><a href=\"https:\/\/www.granulati.it\/wp-content\/uploads\/2013\/11\/EVID-color-stone-rosso-12-16-copia.jpg\"><img class=\"colorbox-58270\"  src=\"https:\/\/www.granulati.it\/wp-content\/uploads\/2013\/11\/EVID-color-stone-rosso-12-16-copia.jpg\" \/><\/a><\/p>\n<h5 style=\"font-size: 15px; color: #006785;\">ROSSO<\/h5>\n<hr \/>\n<p>12-16 mm (Big Bag 1500 kg, Bag 5 kg)<\/p>\n<\/div>\n\t\t<\/div><\/div><div id=\"pgc-58270-2-1\"  class=\"panel-grid-cell\" ><div id=\"panel-58270-2-1-0\" class=\"so-panel widget widget_text panel-first-child panel-last-child\" data-index=\"3\" >\t\t\t<div class=\"textwidget\"><p><a href=\"https:\/\/www.granulati.it\/wp-content\/uploads\/2013\/11\/EVID-color-stone-fucsia-12-16-copia.jpg\"><img class=\"colorbox-58270\"  src=\"https:\/\/www.granulati.it\/wp-content\/uploads\/2013\/11\/EVID-color-stone-fucsia-12-16-copia.jpg\" \/><\/a><\/p>\n<h5 style=\"font-size: 15px; color: #006785;\">FUCHSIA<\/h5>\n<hr \/>\n<p>12-16 mm (Bag 5 kg)<\/p>\n<\/div>\n\t\t<\/div><\/div><div id=\"pgc-58270-2-2\"  class=\"panel-grid-cell panel-grid-cell-mobile-last\" ><div id=\"panel-58270-2-2-0\" class=\"so-panel widget widget_text panel-first-child panel-last-child\" data-index=\"4\" >\t\t\t<div class=\"textwidget\"><p><a href=\"https:\/\/www.granulati.it\/wp-content\/uploads\/2013\/11\/EVID-color-stone-blue-12-16-copia1.jpg\"><img class=\"colorbox-58270\"  src=\"https:\/\/www.granulati.it\/wp-content\/uploads\/2013\/11\/EVID-color-stone-blue-12-16-copia1.jpg\" \/><\/a><\/p>\n<h5 style=\"font-size: 15px; color: #006785;\">AZZURRO<\/h5>\n<hr \/>\n<p>12-16 mm (Big Bag 1500 kg, Bag 5 kg)<\/p>\n<\/div>\n\t\t<\/div><\/div><div id=\"pgc-58270-2-3\"  class=\"panel-grid-cell panel-grid-cell-empty\" ><\/div><\/div><\/div>","protected":false},"excerpt":{"rendered":"<p>COLOR STONES Gravillons de marbre concass\u00e9s color\u00e9s artificiellement pour une d\u00e9coration alternative qui tape-\u00e0-l\u2019oeil.<\/p>\n","protected":false},"author":1,"featured_media":0,"parent":36,"menu_order":34,"comment_status":"open","ping_status":"open","template":"page-cat_prodotti2.php","meta":{"_links_to":"","_links_to_target":""},"aioseo_notices":[],"_links":{"self":[{"href":"https:\/\/www.granulati.it\/fr\/wp-json\/wp\/v2\/pages\/58270"}],"collection":[{"href":"https:\/\/www.granulati.it\/fr\/wp-json\/wp\/v2\/pages"}],"about":[{"href":"https:\/\/www.granulati.it\/fr\/wp-json\/wp\/v2\/types\/page"}],"author":[{"embeddable":true,"href":"https:\/\/www.granulati.it\/fr\/wp-json\/wp\/v2\/users\/1"}],"replies":[{"embeddable":true,"href":"https:\/\/www.granulati.it\/fr\/wp-json\/wp\/v2\/comments?post=58270"}],"version-history":[{"count":8,"href":"https:\/\/www.granulati.it\/fr\/wp-json\/wp\/v2\/pages\/58270\/revisions"}],"predecessor-version":[{"id":84418,"href":"https:\/\/www.granulati.it\/fr\/wp-json\/wp\/v2\/pages\/58270\/revisions\/84418"}],"up":[{"embeddable":true,"href":"https:\/\/www.granulati.it\/fr\/wp-json\/wp\/v2\/pages\/36"}],"wp:attachment":[{"href":"https:\/\/www.granulati.it\/fr\/wp-json\/wp\/v2\/media?parent=58270"}],"curies":[{"name":"wp","href":"https:\/\/api.w.org\/{rel}","templated":true}]}}