{"id":49928,"date":"2019-05-14T16:22:02","date_gmt":"2019-05-14T14:22:02","guid":{"rendered":"http:\/\/www.granulati.it\/it\/prodotti\/ciottoli\/ciottoli-di-marmo-porfido-e-granito\/rosario-copy\/"},"modified":"2026-03-30T16:52:14","modified_gmt":"2026-03-30T14:52:14","slug":"rosario-copy","status":"publish","type":"page","link":"https:\/\/www.granulati.it\/fr\/produits\/pebbles\/galets-de-marbre-porphyre-et-granite\/nero-tahiti-2\/","title":{"rendered":"GALET NERO TAHITI"},"content":{"rendered":"<p><\/p>\n<p>Expos\u00e9 aux rayons du soleil, le traitement subit une alt\u00e9ration, recommand\u00e9e pour une utilisation en int\u00e9rieur.<\/p>\n<p><a href=\"https:\/\/www.granulati.it\/fr\/download\/\" target=\"_self\" class=\"gdl-button shortcode-medium-button\" style=\"color:#ffffff; background-color:#006785; border-color:#00627e; \"><strong> T\u00c9L\u00c9CHARGER LE CATALOGUE <\/strong><\/a><\/p>\n<p><a href=\"http:\/\/www.granulati.it\/wp-content\/uploads\/2026\/03\/nerotahiti26.jpg\"><img class=\"colorbox-49928\"  alt=\"ciottolo nero tahiti\" src=\"http:\/\/www.granulati.it\/wp-content\/uploads\/2026\/03\/nerotahiti26.jpg\"><\/a><\/p>","protected":false},"excerpt":{"rendered":"<p>Expos\u00e9 aux rayons du soleil, le traitement subit une alt\u00e9ration, recommand\u00e9e pour une utilisation en int\u00e9rieur.<\/p>\n","protected":false},"author":1,"featured_media":49931,"parent":400,"menu_order":80,"comment_status":"open","ping_status":"open","template":"","meta":{"_links_to":"","_links_to_target":""},"aioseo_notices":[],"_links":{"self":[{"href":"https:\/\/www.granulati.it\/fr\/wp-json\/wp\/v2\/pages\/49928"}],"collection":[{"href":"https:\/\/www.granulati.it\/fr\/wp-json\/wp\/v2\/pages"}],"about":[{"href":"https:\/\/www.granulati.it\/fr\/wp-json\/wp\/v2\/types\/page"}],"author":[{"embeddable":true,"href":"https:\/\/www.granulati.it\/fr\/wp-json\/wp\/v2\/users\/1"}],"replies":[{"embeddable":true,"href":"https:\/\/www.granulati.it\/fr\/wp-json\/wp\/v2\/comments?post=49928"}],"version-history":[{"count":10,"href":"https:\/\/www.granulati.it\/fr\/wp-json\/wp\/v2\/pages\/49928\/revisions"}],"predecessor-version":[{"id":84311,"href":"https:\/\/www.granulati.it\/fr\/wp-json\/wp\/v2\/pages\/49928\/revisions\/84311"}],"up":[{"embeddable":true,"href":"https:\/\/www.granulati.it\/fr\/wp-json\/wp\/v2\/pages\/400"}],"wp:featuredmedia":[{"embeddable":true,"href":"https:\/\/www.granulati.it\/fr\/wp-json\/wp\/v2\/media\/49931"}],"wp:attachment":[{"href":"https:\/\/www.granulati.it\/fr\/wp-json\/wp\/v2\/media?parent=49928"}],"curies":[{"name":"wp","href":"https:\/\/api.w.org\/{rel}","templated":true}]}}