{"id":451,"date":"2013-06-21T11:08:22","date_gmt":"2013-06-21T09:08:22","guid":{"rendered":"http:\/\/www.granulati.it\/it\/?page_id=451"},"modified":"2026-03-12T11:32:07","modified_gmt":"2026-03-12T10:32:07","slug":"sostenibilita","status":"publish","type":"page","link":"https:\/\/www.granulati.it\/fr\/durabilite\/","title":{"rendered":"DURABILIT\u00c9"},"content":{"rendered":"<p><\/p>\n<div style=\"background-color: #006785; height: 50px;\">\n<h1 style=\"padding-top: 10px;\"><span style=\"color: white;\">DURABILIT\u00c9<\/span><\/h1>\n<\/div>\n<div><img loading=\"lazy\" class=\"alignnone wp-image-40146 size-full colorbox-451\" src=\"https:\/\/www.granulati.it\/wp-content\/uploads\/2018\/04\/sostenibilita-granulati.jpg\" alt=\"\" width=\"1920\" height=\"814\" \/><\/div>\n<div class=\"shortcode1-2\">\n<img loading=\"lazy\" class=\"alignleft wp-image-40153 size-full colorbox-451\" src=\"https:\/\/www.granulati.it\/wp-content\/uploads\/2018\/04\/sostenibilit\u00e0-granulati1.jpg\" alt=\"\" width=\"450\" height=\"233\" srcset=\"https:\/\/www.granulati.it\/wp-content\/uploads\/2018\/04\/sostenibilit\u00e0-granulati1.jpg 450w, https:\/\/www.granulati.it\/wp-content\/uploads\/2018\/04\/sostenibilit\u00e0-granulati1-97x50.jpg 97w, https:\/\/www.granulati.it\/wp-content\/uploads\/2018\/04\/sostenibilit\u00e0-granulati1-300x155.jpg 300w\" sizes=\"(max-width: 450px) 100vw, 450px\" \/>\n<\/div>\n<div class=\"shortcode1-2\">\n<h2 style=\"line-height:38px; font-family: 'Raleway'\"><span style=\"font-size:40px;\"><strong>DURABILIT\u00c9<\/strong><\/span><br \/>\nASPECT FONDAMENTAL DE NOTRE STRAT\u00c9GIE D&#8217;ENTREPRISE<\/h2>\n<p>&nbsp;<\/p>\n<h4 style=\"line-height:24px; font-family: 'Raleway'\">Nous essayons d&#8217;op\u00e9rer de mani\u00e8re socialement et \u00e9cologiquement responsable, en minimisant l&#8217;impact de nos activit\u00e9s sur l&#8217;environnement.<\/h4>\n<\/div>\n<hr \/>\n<div class=\"shortcode1-2\">\n<p><span style=\"font-size:18px; font-family: 'Raleway'\"><em>Notre entreprise est certifi\u00e9e:<\/em> <a target=\"blank\" href=\"http:\/\/www.granulati.it\/wp-content\/uploads\/2019\/01\/Z190117_Granulati-Zandobbio_14001.pdf\" class=\"mtli_attachment mtli_pdf\" rel=\"noopener noreferrer\"><strong>ISO 14001:2015 (durabilit\u00e9 environnementale)<\/strong><\/a><br \/>\n<a target=\"blank\" href=\"http:\/\/www.granulati.it\/wp-content\/uploads\/2019\/01\/Z190117_Granulati-Zandobbio_9001.pdf\" class=\"mtli_attachment mtli_pdf\" rel=\"noopener noreferrer\"><strong>ISO 9001:2015 (qualit\u00e9)<\/strong><\/a><\/span><\/p>\n<p>&nbsp;<\/p>\n<p><span style=\"font-size:14px; font-family: 'Raleway'\">L&#8217;entreprise s&#8217;engage \u00e0 utiliser des solutions de production qui lui permettent d&#8217;avoir le meilleur impact environnemental et un comportement \u00e9thique correct envers l&#8217;ensemble de son personnel.<br \/>\n&nbsp;<\/p>\n<p><strong>PRODUCTION:<\/strong><\/p>\n<ul style=\"font-size:14px; font-family: 'Raleway'\">\n<li>Installations de derni\u00e8re g\u00e9n\u00e9ration conformes \u00e0 la loi<\/li>\n<li>Syst\u00e8mes insonoris\u00e9s<\/li>\n<li>R\u00e9duction de la poussi\u00e8re a\u00e9rienne sur tous les syst\u00e8mes<\/li>\n<li>Nettoyage des v\u00e9hicules quittant les usines<\/li>\n<li>Nouvelles installations de s\u00e9chage avec r\u00e9cup\u00e9ration d&#8217;\u00e9nergie<\/li>\n<li>R\u00e9utilisation des eaux us\u00e9es<\/li>\n<li>Mati\u00e8re recycl\u00e9e comme mati\u00e8re premi\u00e8re<\/li>\n<\/ul>\n<p>&nbsp;<\/p>\n<p><strong>PERSONNEL:<\/strong><\/p>\n<ul style=\"font-size:14px; font-family: 'Raleway'\">\n<li>30% du personnel est f\u00e9minin, m\u00eame avec des r\u00f4les cl\u00e9s, avec les m\u00eames salaires que les hommes<\/li>\n<li>60% du personnel de bureau est une femme<\/li>\n<li>20% du personnel, hommes et femmes, vient de 9 pays \u00e9trangers<\/li>\n<li>Offrir un lieu de travail s\u00fbr et sain<\/li>\n<li>Interdiction du travail des enfants, du travail forc\u00e9 ou forc\u00e9<\/li>\n<li>Des salaires conformes aux normes juridiques nationales<\/li>\n<li>Autoproduction d&#8217;\u00e9lectricit\u00e9 \u00e0 partir de sources solaires (environ 70% de la consommation totale d&#8217;\u00e9lectricit\u00e9)<\/li>\n<\/ul>\n<p>&nbsp;<\/p>\n<p><\/span><\/p>\n<\/div>\n<div class=\"shortcode1-2\">\n<img loading=\"lazy\" class=\"wp-image-40152 size-full alignright colorbox-451\" src=\"https:\/\/www.granulati.it\/wp-content\/uploads\/2018\/04\/sostenibilit\u00e0-granulati3-1.jpg\" alt=\"\" width=\"450\" height=\"320\" srcset=\"https:\/\/www.granulati.it\/wp-content\/uploads\/2018\/04\/sostenibilit\u00e0-granulati3-1.jpg 450w, https:\/\/www.granulati.it\/wp-content\/uploads\/2018\/04\/sostenibilit\u00e0-granulati3-1-70x50.jpg 70w, https:\/\/www.granulati.it\/wp-content\/uploads\/2018\/04\/sostenibilit\u00e0-granulati3-1-300x213.jpg 300w, https:\/\/www.granulati.it\/wp-content\/uploads\/2018\/04\/sostenibilit\u00e0-granulati3-1-100x70.jpg 100w\" sizes=\"(max-width: 450px) 100vw, 450px\" \/><br \/>\n<img loading=\"lazy\" class=\"wp-image-40152 size-full alignright colorbox-451\" src=\"https:\/\/www.granulati.it\/wp-content\/uploads\/2018\/04\/sostenibilita-granulati2.jpg\" alt=\"\" width=\"450\" height=\"320\" \/>\n<\/div>\n<hr \/>\n<div class=\"shortcode1-2\">\n<img class=\"wp-image-40152 size-full alignright colorbox-451\" src=\"https:\/\/www.granulati.it\/wp-content\/uploads\/2026\/03\/sostenibilita-granulati4-1.jpg\" alt=\"\" width=\"450\" \/>\n<\/div>\n<div class=\"shortcode1-2\">\n<p><span style=\"font-size:18px; font-family: 'Raleway'\"><em>Certifications de responsabilit\u00e9 sociale <strong>ICS-B et SEDEX<\/strong><\/span>:<\/em><\/p>\n<p>&nbsp;<\/p>\n<p><span style=\"font-size:14px; font-family: 'Raleway'\">L\u2019entreprise est enregistr\u00e9e sur la plateforme internationale SEDEX (Supplier Ethical Data Exchange), qui permet de partager et de suivre des informations relatives aux conditions de travail, \u00e0 la s\u00e9curit\u00e9, \u00e0 la gestion environnementale et \u00e0 l\u2019\u00e9thique des entreprises tout au long de la cha\u00eene d\u2019approvisionnement.<br \/>\nLes v\u00e9rifications sont r\u00e9alis\u00e9es par le biais d\u2019audits SMETA, l\u2019un des standards les plus utilis\u00e9s pour l\u2019\u00e9valuation de la responsabilit\u00e9 sociale des fournisseurs.<br \/>\nL\u2019entreprise adh\u00e8re \u00e9galement au programme ICS \u2013 Initiative for Compliance and Sustainability et a obtenu l\u2019\u00e9valuation ICS-B, attestant d\u2019un bon niveau de conformit\u00e9 aux normes relatives aux droits des travailleurs, \u00e0 la s\u00e9curit\u00e9, \u00e0 l\u2019environnement et aux pratiques \u00e9thiques.<\/p>\n<p>&nbsp;<\/p>\n<p>Regarde le n\u00f4tre <a target=\"blank\" href=\"https:\/\/www.granulati.it\/fr\/politica-aziendale\/\" rel=\"noopener noreferrer\"><strong>POLITIQUE D&#8217;ENTREPRISE<\/strong><\/a><\/p>\n<p><\/span><\/p>\n<\/div>\n<\/div>\n<p><iframe loading=\"lazy\" width=\"100%\" height=\"315\" src=\"https:\/\/www.youtube.com\/embed\/UZz2r2K5Xtw\" title=\"YouTube video player\" frameborder=\"0\" allow=\"accelerometer; autoplay; clipboard-write; encrypted-media; gyroscope; picture-in-picture\" allowfullscreen><\/iframe><\/p>","protected":false},"excerpt":{"rendered":"<p>DURABILIT\u00c9<\/p>\n","protected":false},"author":1,"featured_media":0,"parent":0,"menu_order":17,"comment_status":"open","ping_status":"open","template":"","meta":{"_links_to":"","_links_to_target":""},"aioseo_notices":[],"_links":{"self":[{"href":"https:\/\/www.granulati.it\/fr\/wp-json\/wp\/v2\/pages\/451"}],"collection":[{"href":"https:\/\/www.granulati.it\/fr\/wp-json\/wp\/v2\/pages"}],"about":[{"href":"https:\/\/www.granulati.it\/fr\/wp-json\/wp\/v2\/types\/page"}],"author":[{"embeddable":true,"href":"https:\/\/www.granulati.it\/fr\/wp-json\/wp\/v2\/users\/1"}],"replies":[{"embeddable":true,"href":"https:\/\/www.granulati.it\/fr\/wp-json\/wp\/v2\/comments?post=451"}],"version-history":[{"count":75,"href":"https:\/\/www.granulati.it\/fr\/wp-json\/wp\/v2\/pages\/451\/revisions"}],"predecessor-version":[{"id":84191,"href":"https:\/\/www.granulati.it\/fr\/wp-json\/wp\/v2\/pages\/451\/revisions\/84191"}],"wp:attachment":[{"href":"https:\/\/www.granulati.it\/fr\/wp-json\/wp\/v2\/media?parent=451"}],"curies":[{"name":"wp","href":"https:\/\/api.w.org\/{rel}","templated":true}]}}