{"id":405,"date":"2013-06-12T17:11:34","date_gmt":"2013-06-12T15:11:34","guid":{"rendered":"http:\/\/www.granulati.it\/it\/?page_id=405"},"modified":"2026-03-31T09:26:14","modified_gmt":"2026-03-31T07:26:14","slug":"ciottoli-di-vetro-e-semipreziosi","status":"publish","type":"page","link":"https:\/\/www.granulati.it\/fr\/produits\/pebbles\/ciottoli-di-vetro-2\/","title":{"rendered":"Verre et semipr\u00e9cieux galets"},"content":{"rendered":"<div id=\"pl-405\"  class=\"panel-layout\" ><div id=\"pg-405-0\"  class=\"panel-grid panel-no-style\" ><div id=\"pgc-405-0-0\"  class=\"panel-grid-cell\" ><div id=\"panel-405-0-0-0\" class=\"so-panel widget widget_sow-editor panel-first-child panel-last-child\" data-index=\"0\" ><div\n\t\t\t\n\t\t\tclass=\"so-widget-sow-editor so-widget-sow-editor-base\"\n\t\t\t\n\t\t>\n<div class=\"siteorigin-widget-tinymce textwidget\">\n\t<div style=\"background-color: #006785; height: 50px;\">\n<h1 style=\"padding-top: 10px;\"><span style=\"color: white;\">GALETS DE VERRE<\/span><\/h1>\n<\/div>\n<\/div>\n<\/div><\/div><\/div><\/div><div id=\"pg-405-1\"  class=\"panel-grid panel-no-style\" ><div id=\"pgc-405-1-0\"  class=\"panel-grid-cell\" ><div id=\"panel-405-1-0-0\" class=\"so-panel widget widget_sow-editor panel-first-child panel-last-child\" data-index=\"1\" ><div\n\t\t\t\n\t\t\tclass=\"so-widget-sow-editor so-widget-sow-editor-base\"\n\t\t\t\n\t\t>\n<div class=\"siteorigin-widget-tinymce textwidget\">\n\t<p style=\"font-size: 16px;\">Le design et la transparence de ces galets de jardin en verre cr\u00e9ent un \u00e9l\u00e9ment d\u00e9coratif extraordinaire. Ces pierres d\u00e9coratives sont lumineuses, r\u00e9fl\u00e9chissantes, brillantes et donnent un effet scintillant lorsqu'elles sont frapp\u00e9es par la lumi\u00e8re. Magnifique lorsqu'il est immerg\u00e9 dans l'eau. Les galets color\u00e9s peuvent \u00eatre utilis\u00e9s dans un vase ou un centre de table pour une composition \u00e9blouissante.<\/p>\n<\/div>\n<\/div><\/div><\/div><\/div><div id=\"pg-405-2\"  class=\"panel-grid panel-no-style\" ><div id=\"pgc-405-2-0\"  class=\"panel-grid-cell\" ><div id=\"panel-405-2-0-0\" class=\"so-panel widget widget_text panel-first-child panel-last-child\" data-index=\"2\" >\t\t\t<div class=\"textwidget\"><p><a href=\"https:\/\/www.granulati.it\/wp-content\/uploads\/2022\/02\/vetro-trasparente.jpg\"><img class=\"colorbox-405\"  style=\"height: 120px;\" src=\"https:\/\/www.granulati.it\/wp-content\/uploads\/2022\/02\/vetro-trasparente.jpg\" \/><\/a><\/p>\n<h5 style=\"font-size: 15px; color: #006785;\">GALET<\/h5>\n<h5 style=\"font-size: 15px; color: #006785;\"><strong>VETRO TRASPARENTE<\/strong><\/h5>\n<hr style=\"margin-bottom: 5px;\" \/>\n<p>10-20 mm (bag 5 kg\/PCS)<\/p>\n<\/div>\n\t\t<\/div><\/div><div id=\"pgc-405-2-1\"  class=\"panel-grid-cell\" ><div id=\"panel-405-2-1-0\" class=\"so-panel widget widget_text panel-first-child panel-last-child\" data-index=\"3\" >\t\t\t<div class=\"textwidget\"><p><a href=\"https:\/\/www.granulati.it\/wp-content\/uploads\/2022\/02\/vetro-azzurro.jpg\"><img class=\"colorbox-405\"  style=\"height: 120px;\" src=\"https:\/\/www.granulati.it\/wp-content\/uploads\/2022\/02\/vetro-azzurro.jpg\" \/><\/a><\/p>\n<h5 style=\"font-size: 15px; color: #006785;\">GALET<\/h5>\n<h5 style=\"font-size: 15px; color: #006785;\"><strong>VETRO AZZURRO<\/strong><\/h5>\n<hr style=\"margin-bottom: 5px;\" \/>\n<p>10-20 mm (bag 5 kg\/PCS)<\/p>\n<\/div>\n\t\t<\/div><\/div><div id=\"pgc-405-2-2\"  class=\"panel-grid-cell\" ><div id=\"panel-405-2-2-0\" class=\"so-panel widget widget_text panel-first-child panel-last-child\" data-index=\"4\" >\t\t\t<div class=\"textwidget\"><p><a href=\"https:\/\/www.granulati.it\/wp-content\/uploads\/2022\/02\/vetro-blu.jpg\"><img class=\"colorbox-405\"  style=\"height: 120px;\" src=\"https:\/\/www.granulati.it\/wp-content\/uploads\/2022\/02\/vetro-blu.jpg\" \/><\/a><\/p>\n<h5 style=\"font-size: 15px; color: #006785;\">GALET<\/h5>\n<h5 style=\"font-size: 15px; color: #006785;\"><strong>VETRO BLU<\/strong><\/h5>\n<hr style=\"margin-bottom: 5px;\" \/>\n<p>10-20 mm (bag 5 kg\/PCS, 0,53 kg\/PCS 0,35 kg \/ PCS)<\/p>\n<\/div>\n\t\t<\/div><\/div><div id=\"pgc-405-2-3\"  class=\"panel-grid-cell\" ><div id=\"panel-405-2-3-0\" class=\"so-panel widget widget_text panel-first-child panel-last-child\" data-index=\"5\" >\t\t\t<div class=\"textwidget\"><p><a href=\"https:\/\/www.granulati.it\/wp-content\/uploads\/2022\/02\/vetro-ambra.jpg\"><img class=\"colorbox-405\"  style=\"height: 120px;\" src=\"https:\/\/www.granulati.it\/wp-content\/uploads\/2022\/02\/vetro-ambra.jpg\" \/><\/a><\/p>\n<h5 style=\"font-size: 15px; color: #006785;\">GALET<\/h5>\n<h5 style=\"font-size: 15px; color: #006785;\"><strong>VETRO AMBRA<\/strong><\/h5>\n<hr style=\"margin-bottom: 5px;\" \/>\n<p>10-20 mm (bag 5 kg\/PCS, 0,35 kg\/PCS)<\/p>\n<\/div>\n\t\t<\/div><\/div><\/div><div id=\"pg-405-3\"  class=\"panel-grid panel-no-style\" ><div id=\"pgc-405-3-0\"  class=\"panel-grid-cell\" ><div id=\"panel-405-3-0-0\" class=\"so-panel widget widget_text panel-first-child panel-last-child\" data-index=\"6\" >\t\t\t<div class=\"textwidget\"><p><a href=\"https:\/\/www.granulati.it\/wp-content\/uploads\/2022\/02\/vetro-verd.jpg\"><img class=\"colorbox-405\"  style=\"height: 120px;\" src=\"https:\/\/www.granulati.it\/wp-content\/uploads\/2022\/02\/vetro-verd.jpg\" \/><\/a><\/p>\n<h5 style=\"font-size: 15px; color: #006785;\">GALET<\/h5>\n<h5 style=\"font-size: 15px; color: #006785;\"><strong>VETRO VERDE<\/strong><\/h5>\n<hr style=\"margin-bottom: 5px;\" \/>\n<p>10-20 mm (5 kg\/pcs)<\/p>\n<\/div>\n\t\t<\/div><\/div><div id=\"pgc-405-3-1\"  class=\"panel-grid-cell\" ><div id=\"panel-405-3-1-0\" class=\"so-panel widget widget_text panel-first-child panel-last-child\" data-index=\"7\" >\t\t\t<div class=\"textwidget\"><p><a href=\"https:\/\/www.granulati.it\/wp-content\/uploads\/2022\/02\/vetro-rosa.jpg\"><img class=\"colorbox-405\"  style=\"height: 120px;\" src=\"https:\/\/www.granulati.it\/wp-content\/uploads\/2022\/02\/vetro-rosa.jpg\" \/><\/a><\/p>\n<h5 style=\"font-size: 15px; color: #006785;\">GALET<\/h5>\n<h5 style=\"font-size: 15px; color: #006785;\"><strong>VETRO ROSA<\/strong><\/h5>\n<hr style=\"margin-bottom: 5px;\" \/>\n<p>10-20 mm (bag 5 kg\/PCS, 0,53 kg\/PCS)<\/p>\n<\/div>\n\t\t<\/div><\/div><div id=\"pgc-405-3-2\"  class=\"panel-grid-cell\" ><div id=\"panel-405-3-2-0\" class=\"so-panel widget widget_text panel-first-child panel-last-child\" data-index=\"8\" >\t\t\t<div class=\"textwidget\"><p><a href=\"https:\/\/www.granulati.it\/wp-content\/uploads\/2013\/12\/vetri-2364.jpg\"><img class=\"colorbox-405\"  style=\"height: 120px;\" src=\"https:\/\/www.granulati.it\/wp-content\/uploads\/2013\/12\/vetri-2364.jpg\" \/><\/a><\/p>\n<h5 style=\"font-size: 15px; color: #006785;\">GALET<\/h5>\n<h5 style=\"font-size: 15px; color: #006785;\"><strong>RAINBOW BIANCO<\/strong><\/h5>\n<hr style=\"margin-bottom: 5px;\" \/>\n<p>20-30 mm (5 kg\/pcs, 0,53 kg\/pcs)<\/p>\n<\/div>\n\t\t<\/div><\/div><div id=\"pgc-405-3-3\"  class=\"panel-grid-cell\" ><div id=\"panel-405-3-3-0\" class=\"so-panel widget widget_text panel-first-child panel-last-child\" data-index=\"9\" >\t\t\t<div class=\"textwidget\"><p><a href=\"https:\/\/www.granulati.it\/wp-content\/uploads\/2013\/12\/ciot-vetro-raimbow-rosso.jpg\"><img class=\"colorbox-405\"  style=\"height: 120px;\" src=\"https:\/\/www.granulati.it\/wp-content\/uploads\/2013\/12\/ciot-vetro-raimbow-rosso.jpg\" \/><\/a><\/p>\n<h5 style=\"font-size: 15px; color: #006785;\">GALET<\/h5>\n<h5 style=\"font-size: 15px; color: #006785;\"><strong>RAINBOW ROSSO<\/strong><\/h5>\n<hr style=\"margin-bottom: 5px;\" \/>\n<p>20-30 mm (5 kg\/pcs, 0,53 kg\/pcs)<\/p>\n<\/div>\n\t\t<\/div><\/div><\/div><div id=\"pg-405-4\"  class=\"panel-grid panel-no-style\" ><div id=\"pgc-405-4-0\"  class=\"panel-grid-cell\" ><div id=\"panel-405-4-0-0\" class=\"so-panel widget widget_text panel-first-child panel-last-child\" data-index=\"10\" >\t\t\t<div class=\"textwidget\"><p><a href=\"https:\/\/www.granulati.it\/wp-content\/uploads\/2013\/12\/ciot-vetro-raimbow-blu.jpg\"><img class=\"colorbox-405\"  style=\"height: 120px;\" src=\"https:\/\/www.granulati.it\/wp-content\/uploads\/2013\/12\/ciot-vetro-raimbow-blu.jpg\" \/><\/a><\/p>\n<h5 style=\"font-size: 15px; color: #006785;\">GALET<\/h5>\n<h5 style=\"font-size: 15px; color: #006785;\"><strong>RAINBOW BLU<\/strong><\/h5>\n<hr style=\"margin-bottom: 5px;\" \/>\n<p>20-30 mm (5 kg\/pcs, 0,53 kg\/pcs, 0,35 kg\/pcs)<\/p>\n<\/div>\n\t\t<\/div><\/div><div id=\"pgc-405-4-1\"  class=\"panel-grid-cell\" ><div id=\"panel-405-4-1-0\" class=\"so-panel widget widget_text panel-first-child panel-last-child\" data-index=\"11\" >\t\t\t<div class=\"textwidget\"><p><a href=\"https:\/\/www.granulati.it\/wp-content\/uploads\/2013\/12\/ciot-vetro-raimbow-giallo.jpg\"><img class=\"colorbox-405\"  style=\"height: 120px;\" src=\"https:\/\/www.granulati.it\/wp-content\/uploads\/2013\/12\/ciot-vetro-raimbow-giallo.jpg\" \/><\/a><\/p>\n<h5 style=\"font-size: 15px; color: #006785;\">GALET<\/h5>\n<h5 style=\"font-size: 15px; color: #006785;\"><strong>RAINBOW GIALLO<\/strong><\/h5>\n<hr style=\"margin-bottom: 5px;\" \/>\n<p>20-30 mm (5 kg\/pcs, 0,53 kg\/pcs, 0,35 kg\/pcs)<\/p>\n<\/div>\n\t\t<\/div><\/div><div id=\"pgc-405-4-2\"  class=\"panel-grid-cell\" ><div id=\"panel-405-4-2-0\" class=\"so-panel widget widget_text panel-first-child panel-last-child\" data-index=\"12\" >\t\t\t<div class=\"textwidget\"><p><a href=\"https:\/\/www.granulati.it\/wp-content\/uploads\/2013\/12\/ciot-vetro-raimbow-verde.jpg\"><img class=\"colorbox-405\"  style=\"height: 120px;\" src=\"https:\/\/www.granulati.it\/wp-content\/uploads\/2013\/12\/ciot-vetro-raimbow-verde.jpg\" \/><\/a><\/p>\n<h5 style=\"font-size: 15px; color: #006785;\">GALET<\/h5>\n<h5 style=\"font-size: 15px; color: #006785;\"><strong>RAINBOW VERDE<\/strong><\/h5>\n<hr style=\"margin-bottom: 5px;\" \/>\n<p>20-30 mm (5 kg\/pcs)<\/p>\n<\/div>\n\t\t<\/div><\/div><div id=\"pgc-405-4-3\"  class=\"panel-grid-cell\" ><div id=\"panel-405-4-3-0\" class=\"so-panel widget widget_text panel-first-child panel-last-child\" data-index=\"13\" >\t\t\t<div class=\"textwidget\"><p><a href=\"https:\/\/www.granulati.it\/wp-content\/uploads\/2013\/12\/ciot-vetro-raimbow-azzurro.jpg\"><img class=\"colorbox-405\"  style=\"height: 120px;\" src=\"https:\/\/www.granulati.it\/wp-content\/uploads\/2013\/12\/ciot-vetro-raimbow-azzurro.jpg\" \/><\/a><\/p>\n<h5 style=\"font-size: 15px; color: #006785;\">GALET<\/h5>\n<h5 style=\"font-size: 15px; color: #006785;\"><strong>RAINBOW AZZURRO<\/strong><\/h5>\n<hr style=\"margin-bottom: 5px;\" \/>\n<p>20-30 mm (0,53 kg\/pcs, 0,35 kg\/pcs)<\/p>\n<\/div>\n\t\t<\/div><\/div><\/div><div id=\"pg-405-5\"  class=\"panel-grid panel-no-style\" ><div id=\"pgc-405-5-0\"  class=\"panel-grid-cell\" ><div id=\"panel-405-5-0-0\" class=\"so-panel widget widget_text panel-first-child panel-last-child\" data-index=\"14\" >\t\t\t<div class=\"textwidget\"><p><a href=\"https:\/\/www.granulati.it\/wp-content\/uploads\/2013\/12\/vetro-extra-trasp.jpg\"><img class=\"colorbox-405\"  style=\"height: 120px;\" src=\"https:\/\/www.granulati.it\/wp-content\/uploads\/2013\/12\/vetro-extra-trasp.jpg\" \/><\/a><\/p>\n<h5 style=\"font-size: 15px; color: #006785;\">GALET<\/h5>\n<h5 style=\"font-size: 15px; color: #006785;\"><strong>EXTRA TRASPARENTE<\/strong><\/h5>\n<hr style=\"margin-bottom: 5px;\" \/>\n<p>1-3 mm (10 kg\/pcs)<br \/>\n3-6 mm (10 kg\/pcs)<br \/>\n6-9 mm (10 kg\/pcs)<\/p>\n<\/div>\n\t\t<\/div><\/div><div id=\"pgc-405-5-1\"  class=\"panel-grid-cell\" ><div id=\"panel-405-5-1-0\" class=\"so-panel widget widget_text panel-first-child panel-last-child\" data-index=\"15\" >\t\t\t<div class=\"textwidget\"><p><a href=\"https:\/\/www.granulati.it\/wp-content\/uploads\/2013\/12\/vetro-extra-blu.jpg\"><img class=\"colorbox-405\"  style=\"height: 120px;\" src=\"https:\/\/www.granulati.it\/wp-content\/uploads\/2013\/12\/vetro-extra-blu.jpg\" \/><\/a><\/p>\n<h5 style=\"font-size: 15px; color: #006785;\">GALET<\/h5>\n<h5 style=\"font-size: 15px; color: #006785;\"><strong>EXTRA BLU<\/strong><\/h5>\n<hr style=\"margin-bottom: 5px;\" \/>\n<p>1-3 mm (10 kg\/pcs)<br \/>\n3-6 mm (10 kg\/pcs)<br \/>\n6-9 mm (10 kg\/pcs)<\/p>\n<\/div>\n\t\t<\/div><\/div><div id=\"pgc-405-5-2\"  class=\"panel-grid-cell\" ><div id=\"panel-405-5-2-0\" class=\"so-panel widget widget_text panel-first-child panel-last-child\" data-index=\"16\" >\t\t\t<div class=\"textwidget\"><p><a href=\"https:\/\/www.granulati.it\/wp-content\/uploads\/2013\/12\/vetro-extra-verde.jpg\"><img class=\"colorbox-405\"  style=\"height: 120px;\" src=\"https:\/\/www.granulati.it\/wp-content\/uploads\/2013\/12\/vetro-extra-verde.jpg\" \/><\/a><\/p>\n<h5 style=\"font-size: 15px; color: #006785;\">GALET<\/h5>\n<h5 style=\"font-size: 15px; color: #006785;\"><strong>EXTRA VERDE<\/strong><\/h5>\n<hr style=\"margin-bottom: 5px;\" \/>\n<p>3-6 mm (10 kg\/pcs)<br \/>\n6-9 mm (10 kg\/pcs)<\/p>\n<\/div>\n\t\t<\/div><\/div><div id=\"pgc-405-5-3\"  class=\"panel-grid-cell\" ><div id=\"panel-405-5-3-0\" class=\"so-panel widget widget_text panel-first-child panel-last-child\" data-index=\"17\" >\t\t\t<div class=\"textwidget\"><p><a href=\"https:\/\/www.granulati.it\/wp-content\/uploads\/2013\/12\/vetro-extra-azzurro.jpg\"><img class=\"colorbox-405\"  style=\"height: 120px;\" src=\"https:\/\/www.granulati.it\/wp-content\/uploads\/2013\/12\/vetro-extra-azzurro.jpg\" \/><\/a><\/p>\n<h5 style=\"font-size: 15px; color: #006785;\">GALET<\/h5>\n<h5 style=\"font-size: 15px; color: #006785;\"><strong>EXTRA AZZURRO<\/strong><\/h5>\n<hr style=\"margin-bottom: 5px;\" \/>\n<p>1-3 mm (10 kg\/pcs)<br \/>\n3-6 mm (10 kg\/pcs)<br \/>\n6-9 mm (10 kg\/pcs)<\/p>\n<\/div>\n\t\t<\/div><\/div><\/div><div id=\"pg-405-6\"  class=\"panel-grid panel-no-style\" ><div id=\"pgc-405-6-0\"  class=\"panel-grid-cell\" ><div id=\"panel-405-6-0-0\" class=\"so-panel widget widget_text panel-first-child panel-last-child\" data-index=\"18\" >\t\t\t<div class=\"textwidget\"><p><a href=\"https:\/\/www.granulati.it\/wp-content\/uploads\/2013\/12\/vetro-extra-rosso.jpg\"><img class=\"colorbox-405\"  style=\"height: 120px;\" src=\"https:\/\/www.granulati.it\/wp-content\/uploads\/2013\/12\/vetro-extra-rosso.jpg\" \/><\/a><\/p>\n<h5 style=\"font-size: 15px; color: #006785;\">GALET<\/h5>\n<h5 style=\"font-size: 15px; color: #006785;\"><strong>EXTRA ROSSO<\/strong><\/h5>\n<hr style=\"margin-bottom: 5px;\" \/>\n<p>1-3 mm (10 kg\/pcs)<br \/>\n3-6 mm (10 kg\/pcs)<\/p>\n<\/div>\n\t\t<\/div><\/div><div id=\"pgc-405-6-1\"  class=\"panel-grid-cell\" ><div id=\"panel-405-6-1-0\" class=\"so-panel widget widget_text panel-first-child panel-last-child\" data-index=\"19\" >\t\t\t<div class=\"textwidget\"><p><a href=\"https:\/\/www.granulati.it\/wp-content\/uploads\/2013\/12\/vetro-extra-giallo.jpg\"><img class=\"colorbox-405\"  style=\"height: 120px;\" src=\"https:\/\/www.granulati.it\/wp-content\/uploads\/2013\/12\/vetro-extra-giallo.jpg\" \/><\/a><\/p>\n<h5 style=\"font-size: 15px; color: #006785;\">GALET<\/h5>\n<h5 style=\"font-size: 15px; color: #006785;\"><strong>EXTRA GIALLO<\/strong><\/h5>\n<hr style=\"margin-bottom: 5px;\" \/>\n<p>1-3 mm (10 kg\/pcs)<br \/>\n3-6 mm (10 kg\/pcs)<br \/>\n6-9 mm (10 kg\/pcs)<\/p>\n<\/div>\n\t\t<\/div><\/div><div id=\"pgc-405-6-2\"  class=\"panel-grid-cell\" ><div id=\"panel-405-6-2-0\" class=\"so-panel widget widget_text panel-first-child panel-last-child\" data-index=\"20\" >\t\t\t<div class=\"textwidget\"><p><a href=\"https:\/\/www.granulati.it\/wp-content\/uploads\/2013\/12\/vetro-extra-viola.jpg\"><img class=\"colorbox-405\"  style=\"height: 120px;\" src=\"https:\/\/www.granulati.it\/wp-content\/uploads\/2013\/12\/vetro-extra-viola.jpg\" \/><\/a><\/p>\n<h5 style=\"font-size: 15px; color: #006785;\">GALET<\/h5>\n<h5 style=\"font-size: 15px; color: #006785;\"><strong>EXTRA VIOLA<\/strong><\/h5>\n<hr style=\"margin-bottom: 5px;\" \/>\n<p>1-3 mm (10 kg\/pcs)<br \/>\n3-6 mm (10 kg\/pcs)<\/p>\n<\/div>\n\t\t<\/div><\/div><div id=\"pgc-405-6-3\"  class=\"panel-grid-cell\" ><div id=\"panel-405-6-3-0\" class=\"so-panel widget widget_text panel-first-child panel-last-child\" data-index=\"21\" >\t\t\t<div class=\"textwidget\"><p><a href=\"https:\/\/www.granulati.it\/wp-content\/uploads\/2013\/12\/vetro-extra-ambra_scurita.jpg\"><img class=\"colorbox-405\"  style=\"height: 120px;\" src=\"https:\/\/www.granulati.it\/wp-content\/uploads\/2013\/12\/vetro-extra-ambra_scurita.jpg\" \/><\/a><\/p>\n<h5 style=\"font-size: 15px; color: #006785;\">GALET<\/h5>\n<h5 style=\"font-size: 15px; color: #006785;\"><strong>EXTRA AMBRA<\/strong><\/h5>\n<hr style=\"margin-bottom: 5px;\" \/>\n<p>3-6 mm (10 kg\/pcs)<br \/>\n6-9 mm (10 kg\/pcs)<\/p>\n<\/div>\n\t\t<\/div><\/div><\/div><div id=\"pg-405-7\"  class=\"panel-grid panel-no-style\" ><div id=\"pgc-405-7-0\"  class=\"panel-grid-cell\" ><div id=\"panel-405-7-0-0\" class=\"so-panel widget widget_text panel-first-child panel-last-child\" data-index=\"22\" >\t\t\t<div class=\"textwidget\"><p><a href=\"https:\/\/www.granulati.it\/wp-content\/uploads\/2013\/12\/vetro-extra-nero.jpg\"><img class=\"colorbox-405\"  style=\"height: 120px;\" src=\"https:\/\/www.granulati.it\/wp-content\/uploads\/2013\/12\/vetro-extra-nero.jpg\" \/><\/a><\/p>\n<h5 style=\"font-size: 15px; color: #006785;\">GALET<\/h5>\n<h5 style=\"font-size: 15px; color: #006785;\"><strong>EXTRA NERO<\/strong><\/h5>\n<hr style=\"margin-bottom: 5px;\" \/>\n<p>1-3 mm (10 kg\/pcs)<br \/>\n3-6 mm (10 kg\/pcs)<\/p>\n<\/div>\n\t\t<\/div><\/div><div id=\"pgc-405-7-1\"  class=\"panel-grid-cell panel-grid-cell-empty\" ><\/div><div id=\"pgc-405-7-2\"  class=\"panel-grid-cell panel-grid-cell-empty panel-grid-cell-mobile-last\" ><\/div><div id=\"pgc-405-7-3\"  class=\"panel-grid-cell panel-grid-cell-empty\" ><\/div><\/div><\/div>","protected":false},"excerpt":{"rendered":"<p>GALETS DE VERRE Le design et la transparence de ces galets de jardin en verre cr\u00e9ent un \u00e9l\u00e9ment d\u00e9coratif extraordinaire. Ces pierres d\u00e9coratives sont lumineuses, r\u00e9fl\u00e9chissantes, brillantes et donnent un effet scintillant lorsqu&#8217;elles sont frapp\u00e9es par la lumi\u00e8re. Magnifique lorsqu&#8217;il est immerg\u00e9 dans l&#8217;eau. Les galets color\u00e9s peuvent \u00eatre utilis\u00e9s dans un vase ou un centre de table pour une composition \u00e9blouissante.<\/p>\n","protected":false},"author":1,"featured_media":4827,"parent":34,"menu_order":20,"comment_status":"open","ping_status":"open","template":"","meta":{"_links_to":"","_links_to_target":""},"aioseo_notices":[],"_links":{"self":[{"href":"https:\/\/www.granulati.it\/fr\/wp-json\/wp\/v2\/pages\/405"}],"collection":[{"href":"https:\/\/www.granulati.it\/fr\/wp-json\/wp\/v2\/pages"}],"about":[{"href":"https:\/\/www.granulati.it\/fr\/wp-json\/wp\/v2\/types\/page"}],"author":[{"embeddable":true,"href":"https:\/\/www.granulati.it\/fr\/wp-json\/wp\/v2\/users\/1"}],"replies":[{"embeddable":true,"href":"https:\/\/www.granulati.it\/fr\/wp-json\/wp\/v2\/comments?post=405"}],"version-history":[{"count":18,"href":"https:\/\/www.granulati.it\/fr\/wp-json\/wp\/v2\/pages\/405\/revisions"}],"predecessor-version":[{"id":84350,"href":"https:\/\/www.granulati.it\/fr\/wp-json\/wp\/v2\/pages\/405\/revisions\/84350"}],"up":[{"embeddable":true,"href":"https:\/\/www.granulati.it\/fr\/wp-json\/wp\/v2\/pages\/34"}],"wp:featuredmedia":[{"embeddable":true,"href":"https:\/\/www.granulati.it\/fr\/wp-json\/wp\/v2\/media\/4827"}],"wp:attachment":[{"href":"https:\/\/www.granulati.it\/fr\/wp-json\/wp\/v2\/media?parent=405"}],"curies":[{"name":"wp","href":"https:\/\/api.w.org\/{rel}","templated":true}]}}