{"id":404,"date":"2013-06-12T17:11:17","date_gmt":"2013-06-12T15:11:17","guid":{"rendered":"http:\/\/www.granulati.it\/it\/?page_id=404"},"modified":"2022-12-01T18:01:10","modified_gmt":"2022-12-01T17:01:10","slug":"ciottoli-orientali","status":"publish","type":"page","link":"https:\/\/www.granulati.it\/fr\/produits\/pebbles\/galets-orientaux\/","title":{"rendered":"Galets Decorative"},"content":{"rendered":"<p>Pierres qui se distinguent pour leurs caract\u00e9ristiques chromatiques, uniques et tr\u00e8s suggestives, de la beaut\u00e9 du caillou arrondi de tailles diff\u00e9rentes.<\/p>","protected":false},"excerpt":{"rendered":"<p>Pierres qui se distinguent pour leurs caract\u00e9ristiques chromatiques, uniques et tr\u00e8s suggestives, de la beaut\u00e9 du caillou arrondi de tailles diff\u00e9rentes.<\/p>\n","protected":false},"author":1,"featured_media":4829,"parent":34,"menu_order":17,"comment_status":"open","ping_status":"open","template":"page-cat_prodotti2.php","meta":{"_links_to":"","_links_to_target":""},"aioseo_notices":[],"_links":{"self":[{"href":"https:\/\/www.granulati.it\/fr\/wp-json\/wp\/v2\/pages\/404"}],"collection":[{"href":"https:\/\/www.granulati.it\/fr\/wp-json\/wp\/v2\/pages"}],"about":[{"href":"https:\/\/www.granulati.it\/fr\/wp-json\/wp\/v2\/types\/page"}],"author":[{"embeddable":true,"href":"https:\/\/www.granulati.it\/fr\/wp-json\/wp\/v2\/users\/1"}],"replies":[{"embeddable":true,"href":"https:\/\/www.granulati.it\/fr\/wp-json\/wp\/v2\/comments?post=404"}],"version-history":[{"count":1,"href":"https:\/\/www.granulati.it\/fr\/wp-json\/wp\/v2\/pages\/404\/revisions"}],"predecessor-version":[{"id":77415,"href":"https:\/\/www.granulati.it\/fr\/wp-json\/wp\/v2\/pages\/404\/revisions\/77415"}],"up":[{"embeddable":true,"href":"https:\/\/www.granulati.it\/fr\/wp-json\/wp\/v2\/pages\/34"}],"wp:featuredmedia":[{"embeddable":true,"href":"https:\/\/www.granulati.it\/fr\/wp-json\/wp\/v2\/media\/4829"}],"wp:attachment":[{"href":"https:\/\/www.granulati.it\/fr\/wp-json\/wp\/v2\/media?parent=404"}],"curies":[{"name":"wp","href":"https:\/\/api.w.org\/{rel}","templated":true}]}}