{"id":401,"date":"2013-06-12T17:10:25","date_gmt":"2013-06-12T15:10:25","guid":{"rendered":"http:\/\/www.granulati.it\/it\/?page_id=401"},"modified":"2020-07-27T11:10:59","modified_gmt":"2020-07-27T09:10:59","slug":"ciottoli-piatti-di-mare","status":"publish","type":"page","link":"https:\/\/www.granulati.it\/fr\/produits\/pebbles\/galets-plats-de-mer\/","title":{"rendered":"Galets plats de mer"},"content":{"rendered":"<p>Une collection unique, un produit naturel auquel l&#8217;eau a donn\u00e9 la forme plate et arrondie caract\u00e9ristique : id\u00e9ale pour d\u00e9corer en surface jardins, bacs \u00e0 fleurs et zones urbaines.<\/p>","protected":false},"excerpt":{"rendered":"<p>Une collection unique, un produit naturel auquel l&#8217;eau a donn\u00e9 la forme plate et arrondie caract\u00e9ristique : id\u00e9ale pour d\u00e9corer en surface jardins, bacs \u00e0 fleurs et zones urbaines.<\/p>\n","protected":false},"author":1,"featured_media":4830,"parent":34,"menu_order":13,"comment_status":"open","ping_status":"open","template":"page-cat_prodotti2.php","meta":{"_links_to":"","_links_to_target":""},"aioseo_notices":[],"_links":{"self":[{"href":"https:\/\/www.granulati.it\/fr\/wp-json\/wp\/v2\/pages\/401"}],"collection":[{"href":"https:\/\/www.granulati.it\/fr\/wp-json\/wp\/v2\/pages"}],"about":[{"href":"https:\/\/www.granulati.it\/fr\/wp-json\/wp\/v2\/types\/page"}],"author":[{"embeddable":true,"href":"https:\/\/www.granulati.it\/fr\/wp-json\/wp\/v2\/users\/1"}],"replies":[{"embeddable":true,"href":"https:\/\/www.granulati.it\/fr\/wp-json\/wp\/v2\/comments?post=401"}],"version-history":[{"count":1,"href":"https:\/\/www.granulati.it\/fr\/wp-json\/wp\/v2\/pages\/401\/revisions"}],"predecessor-version":[{"id":60558,"href":"https:\/\/www.granulati.it\/fr\/wp-json\/wp\/v2\/pages\/401\/revisions\/60558"}],"up":[{"embeddable":true,"href":"https:\/\/www.granulati.it\/fr\/wp-json\/wp\/v2\/pages\/34"}],"wp:featuredmedia":[{"embeddable":true,"href":"https:\/\/www.granulati.it\/fr\/wp-json\/wp\/v2\/media\/4830"}],"wp:attachment":[{"href":"https:\/\/www.granulati.it\/fr\/wp-json\/wp\/v2\/media?parent=401"}],"curies":[{"name":"wp","href":"https:\/\/api.w.org\/{rel}","templated":true}]}}