{"id":400,"date":"2013-06-12T17:09:51","date_gmt":"2013-06-12T15:09:51","guid":{"rendered":"http:\/\/www.granulati.it\/it\/?page_id=400"},"modified":"2017-03-28T16:24:00","modified_gmt":"2017-03-28T14:24:00","slug":"ciottoli-di-marmo-porfido-e-granito","status":"publish","type":"page","link":"https:\/\/www.granulati.it\/fr\/produits\/pebbles\/galets-de-marbre-porphyre-et-granite\/","title":{"rendered":"Marbre, Porphyre et Granite"},"content":{"rendered":"<p>Depuis toujours appr\u00e9ci\u00e9s pour leurs caract\u00e9ristiques techniques et de luminosit\u00e9, ils sont utilis\u00e9s dans de nombreuses applications pour lesquelles on demande un produit au niveau qualitatif \u00e9lev\u00e9 propos\u00e9 dans un vaste assortiment de granulom\u00e9tries. Les formes arrondies favorisent la lisibilit\u00e9 des veinures naturelles.<\/p>","protected":false},"excerpt":{"rendered":"<p>Depuis toujours appr\u00e9ci\u00e9s pour leurs caract\u00e9ristiques techniques et de luminosit\u00e9, ils sont utilis\u00e9s dans de nombreuses applications pour lesquelles on demande un produit au niveau qualitatif \u00e9lev\u00e9 propos\u00e9 dans un vaste assortiment de granulom\u00e9tries. Les formes arrondies favorisent la lisibilit\u00e9 des veinures naturelles.<\/p>\n","protected":false},"author":1,"featured_media":4828,"parent":34,"menu_order":10,"comment_status":"open","ping_status":"open","template":"page-cat_prodotti2.php","meta":{"_links_to":"","_links_to_target":""},"aioseo_notices":[],"_links":{"self":[{"href":"https:\/\/www.granulati.it\/fr\/wp-json\/wp\/v2\/pages\/400"}],"collection":[{"href":"https:\/\/www.granulati.it\/fr\/wp-json\/wp\/v2\/pages"}],"about":[{"href":"https:\/\/www.granulati.it\/fr\/wp-json\/wp\/v2\/types\/page"}],"author":[{"embeddable":true,"href":"https:\/\/www.granulati.it\/fr\/wp-json\/wp\/v2\/users\/1"}],"replies":[{"embeddable":true,"href":"https:\/\/www.granulati.it\/fr\/wp-json\/wp\/v2\/comments?post=400"}],"version-history":[{"count":0,"href":"https:\/\/www.granulati.it\/fr\/wp-json\/wp\/v2\/pages\/400\/revisions"}],"up":[{"embeddable":true,"href":"https:\/\/www.granulati.it\/fr\/wp-json\/wp\/v2\/pages\/34"}],"wp:featuredmedia":[{"embeddable":true,"href":"https:\/\/www.granulati.it\/fr\/wp-json\/wp\/v2\/media\/4828"}],"wp:attachment":[{"href":"https:\/\/www.granulati.it\/fr\/wp-json\/wp\/v2\/media?parent=400"}],"curies":[{"name":"wp","href":"https:\/\/api.w.org\/{rel}","templated":true}]}}