{"id":39,"date":"2013-05-16T09:30:42","date_gmt":"2013-05-16T07:30:42","guid":{"rendered":"http:\/\/www.granulati.it\/it\/?page_id=39"},"modified":"2020-07-14T09:39:11","modified_gmt":"2020-07-14T07:39:11","slug":"granulati-di-marmo-porfido-e-granito","status":"publish","type":"page","link":"https:\/\/www.granulati.it\/fr\/produits\/gravels\/granulats-de-marbre-porphyre-et-granite\/","title":{"rendered":"Marbre, Porphyre et Granite"},"content":{"rendered":"<p>Granulati Zandobbio a une large gamme de gravillons de marbre, de porphyre et de granit, des pierres naturelles d&#8217;excellente qualit\u00e9. Nos produits proviennent de gisements mondiaux et de carri\u00e8res italiennes.<br \/>\nIls sont utilis\u00e9s dans divers secteurs de la construction, de l&#8217;industrie, du mobilier urbain, de l&#8217;agriculture, de la pharmacie, de l&#8217;\u00e9levage et de l&#8217;alimentation, avec une gamme de tailles et de nuances capables de satisfaire m\u00eame les clients les plus exigeants.<\/p>\n<p>Dans notre catalogue, vous trouverez la s\u00e9lection des principaux granulats de marbre, porphyre et granit Made in Italy comme le prestigieux Bianco Carrara, qui se distingue par sa couleur blanche unique dans le monde, mais aussi le Bianco Zandobbio, Rosso V\u00e9rone, Giallo Siena , Nero Ebano, les Alpes vertes, les granites de Montorfano et Baveno, r\u00e9sistants et beaux.<\/p>","protected":false},"excerpt":{"rendered":"<p>Granulati Zandobbio a une large gamme de gravillons de marbre, de porphyre et de granit, des pierres naturelles d&#8217;excellente qualit\u00e9. Nos produits proviennent de gisements mondiaux et de carri\u00e8res italiennes. Ils sont utilis\u00e9s dans divers secteurs de la construction, de l&#8217;industrie, du mobilier urbain, de l&#8217;agriculture, de la pharmacie, de l&#8217;\u00e9levage et de l&#8217;alimentation, avec une gamme de tailles et de nuances capables de satisfaire m\u00eame les clients les plus exigeants. Dans notre catalogue, vous trouverez la s\u00e9lection des principaux granulats de marbre, porphyre et granit Made in Italy comme le prestigieux Bianco Carrara, qui se distingue par sa couleur blanche unique dans le monde, mais aussi le Bianco Zandobbio, Rosso V\u00e9rone, Giallo Siena , Nero Ebano, les Alpes vertes, les granites de Montorfano et Baveno, r\u00e9sistants et beaux.<\/p>\n","protected":false},"author":1,"featured_media":77,"parent":36,"menu_order":14,"comment_status":"open","ping_status":"open","template":"page-cat_prodotti2.php","meta":{"_links_to":"","_links_to_target":""},"aioseo_notices":[],"_links":{"self":[{"href":"https:\/\/www.granulati.it\/fr\/wp-json\/wp\/v2\/pages\/39"}],"collection":[{"href":"https:\/\/www.granulati.it\/fr\/wp-json\/wp\/v2\/pages"}],"about":[{"href":"https:\/\/www.granulati.it\/fr\/wp-json\/wp\/v2\/types\/page"}],"author":[{"embeddable":true,"href":"https:\/\/www.granulati.it\/fr\/wp-json\/wp\/v2\/users\/1"}],"replies":[{"embeddable":true,"href":"https:\/\/www.granulati.it\/fr\/wp-json\/wp\/v2\/comments?post=39"}],"version-history":[{"count":2,"href":"https:\/\/www.granulati.it\/fr\/wp-json\/wp\/v2\/pages\/39\/revisions"}],"predecessor-version":[{"id":49642,"href":"https:\/\/www.granulati.it\/fr\/wp-json\/wp\/v2\/pages\/39\/revisions\/49642"}],"up":[{"embeddable":true,"href":"https:\/\/www.granulati.it\/fr\/wp-json\/wp\/v2\/pages\/36"}],"wp:featuredmedia":[{"embeddable":true,"href":"https:\/\/www.granulati.it\/fr\/wp-json\/wp\/v2\/media\/77"}],"wp:attachment":[{"href":"https:\/\/www.granulati.it\/fr\/wp-json\/wp\/v2\/media?parent=39"}],"curies":[{"name":"wp","href":"https:\/\/api.w.org\/{rel}","templated":true}]}}