{"id":384,"date":"2013-06-20T10:32:36","date_gmt":"2013-06-20T08:32:36","guid":{"rendered":"http:\/\/www.granulati.it\/it\/?page_id=384"},"modified":"2024-06-07T13:18:47","modified_gmt":"2024-06-07T11:18:47","slug":"calcestre-bianco","status":"publish","type":"page","link":"https:\/\/www.granulati.it\/fr\/produits\/accessory-products-2\/calcestre\/","title":{"rendered":"Calcestre et Zandobbio stabilis\u00e9"},"content":{"rendered":"<p><\/p>\n<p>&nbsp;<\/p>\n<div style=\"background-color: #006785; height: 50px;\">\n<h1 style=\"padding-top: 10px;\"><span style=\"color: white;\">ZANDOBBIO STABILIS\u00c9<\/span><\/h1>\n<\/div>\n<p>&nbsp;<\/p>\n<p style=\"text-align: justify;\"><span style=\"font-family: 'Lucida Grande', Verdana, Arial, Helvetica, sans-serif;\"><br \/>\nProduit adapt\u00e9 \u00e0 la construction de voies pi\u00e9tonnes et cyclables. Puisqu\u2019il contient des composants organiques qui facilitent le compactage, aucun liant n\u2019a besoin d\u2019\u00eatre ajout\u00e9.<br \/>\n<\/span><\/p>\n<div class=\"shortcode2-3\">\n<table style=\"font-family: 'Lucida Grande', Verdana, Arial, Helvetica, sans-serif; padding: 5px; border: 1px solid black;\">\n<tbody>\n<tr style=\"background-color: #006083;\">\n<td style=\"width: 25%; color: white;\"><strong>GRANULOMETRY<\/strong><\/td>\n<td style=\"width: 25%; color: white;\"><strong>PACKING<\/strong><\/td>\n<\/tr>\n<tr>\n<td style=\"color: #006083;\">0-12 mm<\/td>\n<td style=\"color: #006083;\">Bulk and Big Bag 1500 kg<\/td>\n<\/tr>\n<\/tbody>\n<\/table>\n<p>&nbsp;<\/p>\n<\/div>\n<div class=\"shortcode1-3\">\n<img class=\"alignright wp-image-2843 size-full colorbox-384\" src=\"http:\/\/www.granulati.it\/wp-content\/uploads\/2022\/12\/stabilizzato.jpg\" alt=\"Prodotti complementari Granulati zandobbio\" width=\"536\" \/>\n<\/div>\n<p>&nbsp;<\/p>\n<div style=\"background-color: #006785; height: 50px;\">\n<h1 style=\"padding-top: 10px;\"><span style=\"color: white;\">CALCESTRE POUR LES ROUTES<\/span><\/h1>\n<\/div>\n<p>&nbsp;<\/p>\n<p style=\"text-align: justify;\"><span style=\"font-family: 'Lucida Grande', Verdana, Arial, Helvetica, sans-serif;\">Mat\u00e9riau naturel stabilis\u00e9, le produit id\u00e9al pour cr\u00e9er des pav\u00e9s ext\u00e9rieurs, des chemins de terre pi\u00e9tonniers, esth\u00e9tiques et des pistes cyclables. Calcestre est disponible en blanc obtenu \u00e0 partir d&#8217;un m\u00e9lange de divers morceaux de pierre de dolomie blanche pure. <\/span><\/p>\n<p style=\"text-align: justify;\"><span style=\"font-family: 'Lucida Grande', Verdana, Arial, Helvetica, sans-serif;\">L&#8217;aspect final sera celui d&#8217;un chemin r\u00e9alis\u00e9 avec une finition en gravier fin. \u00c9tant donn\u00e9 que ce produit a une capacit\u00e9 de drainage limit\u00e9e, il est conseill\u00e9 de donner la bonne pente.<\/span><\/p>\n<p>&nbsp;<\/p>\n<div class=\"shortcode2-3\">\n<table style=\"font-family: 'Lucida Grande', Verdana, Arial, Helvetica, sans-serif; padding: 5px; border: 1px solid black;\">\n<tbody>\n<tr style=\"background-color: #006083;\">\n<td style=\"width: 25%; color: white;\"><strong>GRANULOM\u00c9TRIE<\/strong><\/td>\n<td style=\"width: 25%; color: white;\"><strong>\u00c9PAISSEUR SUGG\u00c9R\u00c9E<\/strong><\/td>\n<td style=\"width: 25%; color: white;\"><strong>REMARQUE<\/strong><\/td>\n<\/tr>\n<tr>\n<td style=\"color: #006083;\">0-12 mm | 0-16 mm<\/td>\n<td style=\"color: #006083;\">2-4 cm<\/td>\n<td style=\"color: #006083;\">To be laid over a roadbed<\/td>\n<\/tr>\n<tr>\n<td style=\"color: #006083;\">0-50 mm<\/td>\n<td style=\"color: #006083;\">15 cm<\/td>\n<td style=\"color: #006083;\">To be laid in direct contact with the soil<\/td>\n<\/tr>\n<\/tbody>\n<\/table>\n<p>&nbsp;<\/p>\n<\/div>\n<div class=\"shortcode1-3\">\n<img class=\"alignright wp-image-2843 size-full colorbox-384\" src=\"http:\/\/www.granulati.it\/wp-content\/uploads\/2013\/06\/compl_calcestre.jpg\" alt=\"Prodotti complementari Granulati zandobbio\" width=\"536\" srcset=\"https:\/\/www.granulati.it\/wp-content\/uploads\/2013\/06\/compl_calcestre.jpg 436w, https:\/\/www.granulati.it\/wp-content\/uploads\/2013\/06\/compl_calcestre-83x50.jpg 83w, https:\/\/www.granulati.it\/wp-content\/uploads\/2013\/06\/compl_calcestre-300x180.jpg 300w\" sizes=\"(max-width: 436px) 100vw, 436px\" \/>\n<\/div>\n<h3><strong>M\u00c9THODE DE POSE<\/strong><\/h3>\n<p style=\"text-align: justify;\"><span style=\"font-family: 'Lucida Grande', Verdana, Arial, Helvetica, sans-serif;\"><br \/>\nNous recommandons de poser le Calcestre \u00e0 l&#8217;aide du pav\u00e9 et en m\u00eame temps d&#8217;effectuer un arrosage abondant avec de l&#8217;eau avec des buses \u00e0 jet fin pour humidifier le mat\u00e9riau. Puis compactez \u00e0 l&#8217;aide d&#8217;un rouleau compacteur.<\/span><\/p>\n<div style=\"background-color: #006083; padding: 10px; border-radius: 10px; -moz-box-shadow: 0 1px 3px rgba(0,0,0,0.5); -webkit-box-shadow: 0 1px 3px rgba(0,0,0,0.5); box-shadow: 0 1px 3px rgba(0,0,0,0.5);\">\n<p style=\"text-align: center; color: white;\"><a href=\"https:\/\/www.granulati.it\/pdf\/CALCESTRE-Technical-Features.pdf\" class=\"mtli_attachment mtli_pdf\" target=\"blank\" rel=\"noopener noreferrer\">T\u00c9L\u00c9CHARGEZ LA FICHE TECHNIQUE<\/a><\/p>\n<\/div>\n<p>&nbsp;<\/p>\n<div style=\"background-color: #81806f; padding: 20px;\">\n<h3 style=\"color: white;\"><strong>CALCESTRE + CLASSEUR<\/strong><\/h3>\n<p style=\"text-align: justify; color: white;\"><span style=\"font-family: 'Lucida Grande', Verdana, Arial, Helvetica, sans-serif;\">Il est possible de r\u00e9aliser un dallage solide en utilisant Calcestre avec de l&#8217;eau et du ciment blanc ou du mortier blanc.<br \/>\nLorsque nous parlons de ciment blanc, nous nous r\u00e9f\u00e9rons aux produits haut de gamme \u00abbianchi of Italcementi\u00bb pour la puret\u00e9 des mati\u00e8res premi\u00e8res qu&#8217;ils utilisent et pour le processus de production sp\u00e9cifique, avec une valeur esth\u00e9tique in\u00e9gal\u00e9e et constante dans le temps du blanc.<br \/>\nLa coop\u00e9ration avec Italcementi a conduit \u00e0 l&#8217;optimisation d&#8217;un mat\u00e9riau destin\u00e9 \u00e0 l&#8217;usage pi\u00e9ton et \/ ou cycliste, stable, non poussi\u00e9reux dont la r\u00e9sistance est fonction du degr\u00e9 de compactage.<br \/>\nAu moment de la commande Calcestre seront fournis les instructions d&#8217;installation et les caract\u00e9ristiques techniques du meilleur liant pour votre application en fonction des r\u00e9sultats du processus d&#8217;optimisation effectu\u00e9.<\/span><\/p>\n<hr \/>\n<table style=\"font-family: 'Lucida Grande', Verdana, Arial, Helvetica, sans-serif; padding: 5px; border: 1px solid white;\">\n<tbody>\n<tr style=\"background-color: white;\">\n<td style=\"width: 25%; color: #81806f;\"><strong>FLEXURAL<br \/>\nSTRENGTH<\/strong><\/td>\n<td style=\"width: 25%; color: #81806f;\"><strong>COMPRESSIVE<br \/>\nSTRENGTH<\/strong><\/td>\n<td style=\"width: 25%; color: #81806f;\"><strong>\u00a0EMPTIES<\/strong><\/td>\n<\/tr>\n<tr>\n<td style=\"color: white;\">&gt;0,70 Mpa<\/td>\n<td style=\"color: white;\">&gt;6 Mpa<\/td>\n<td style=\"color: white;\">&gt;10%<\/td>\n<\/tr>\n<\/tbody>\n<\/table>\n<p>&nbsp;<\/p>\n<hr \/>\n<h3 style=\"color: white;\"><strong>M\u00c9THODE DE POSE<\/strong><\/h3>\n<p style=\"text-align: justify; color: white;\"><span style=\"font-family: 'Lucida Grande', Verdana, Arial, Helvetica, sans-serif;\">Poser le produit en maintenant l&#8217;\u00e9paisseur de plus de 10 cm au-dessus d&#8217;une plate-forme consolid\u00e9e faite de mani\u00e8re artisanale. Compresser le dallage r\u00e9alis\u00e9 par un moyen appropri\u00e9.<br \/>\nAttendre la p\u00e9riode de maturation de 28 jours du calcestre et si possible recouvrir d&#8217;une feuille de plastique pendant au moins 3 jours apr\u00e8s la coul\u00e9e.<br \/>\nLe produit se caract\u00e9rise initialement par une bonne capacit\u00e9 de drainage qui avec le temps, compte tenu de l&#8217;action des cycles froid chaud et du compactage m\u00e9canique r\u00e9sultant de l&#8217;action du cyclisme et du passage pour pi\u00e9tons, diminuera. Le produit est garanti pour le passage cycliste pi\u00e9ton.<\/span><\/p>\n<hr \/>\n<p style=\"color: white;\">Produit optimis\u00e9 avec:<\/p>\n<p><img loading=\"lazy\" class=\"alignnone wp-image-40636 size-medium colorbox-384\" src=\"http:\/\/www.granulati.it\/wp-content\/uploads\/2018\/05\/2000px-Italcementi_Logo.svg_-300x80.png\" alt=\"\" width=\"300\" height=\"80\" srcset=\"https:\/\/www.granulati.it\/wp-content\/uploads\/2018\/05\/2000px-Italcementi_Logo.svg_-300x80.png 300w, https:\/\/www.granulati.it\/wp-content\/uploads\/2018\/05\/2000px-Italcementi_Logo.svg_-150x40.png 150w, https:\/\/www.granulati.it\/wp-content\/uploads\/2018\/05\/2000px-Italcementi_Logo.svg_-768x205.png 768w, https:\/\/www.granulati.it\/wp-content\/uploads\/2018\/05\/2000px-Italcementi_Logo.svg_-1024x274.png 1024w, https:\/\/www.granulati.it\/wp-content\/uploads\/2018\/05\/2000px-Italcementi_Logo.svg_.png 2000w\" sizes=\"(max-width: 300px) 100vw, 300px\" \/><\/p>\n<\/div>\n<p><\/p>","protected":false},"excerpt":{"rendered":"<p>&nbsp; ZANDOBBIO STABILIS\u00c9 &nbsp; Produit adapt\u00e9 \u00e0 la construction de voies pi\u00e9tonnes et cyclables. Puisqu\u2019il contient des composants organiques qui facilitent le compactage, aucun liant n\u2019a besoin d\u2019\u00eatre ajout\u00e9. &nbsp; CALCESTRE POUR LES ROUTES &nbsp; Mat\u00e9riau naturel stabilis\u00e9, le produit id\u00e9al pour cr\u00e9er des pav\u00e9s ext\u00e9rieurs, des chemins de terre pi\u00e9tonniers, esth\u00e9tiques et des pistes cyclables. Calcestre est disponible en blanc obtenu \u00e0 partir d&#8217;un m\u00e9lange de divers morceaux de pierre de dolomie blanche pure. L&#8217;aspect final sera celui d&#8217;un chemin r\u00e9alis\u00e9 avec une finition en gravier fin. \u00c9tant donn\u00e9 que ce produit a une capacit\u00e9 de drainage limit\u00e9e, il est conseill\u00e9 de donner la bonne pente. &nbsp; M\u00c9THODE DE POSE Nous recommandons de poser le Calcestre \u00e0 l&#8217;aide du pav\u00e9 et en m\u00eame temps d&#8217;effectuer un arrosage abondant avec de l&#8217;eau avec des buses \u00e0 jet fin pour humidifier le mat\u00e9riau. Puis compactez \u00e0 l&#8217;aide d&#8217;un rouleau compacteur. T\u00c9L\u00c9CHARGEZ LA FICHE TECHNIQUE &nbsp; CALCESTRE + CLASSEUR Il est possible de r\u00e9aliser un dallage solide en utilisant Calcestre avec de l&#8217;eau et du ciment blanc ou du mortier blanc. Lorsque nous parlons de ciment blanc, nous nous r\u00e9f\u00e9rons aux produits haut de gamme \u00abbianchi of Italcementi\u00bb pour la puret\u00e9 des mati\u00e8res premi\u00e8res qu&#8217;ils utilisent et pour le processus de production sp\u00e9cifique, avec une valeur esth\u00e9tique in\u00e9gal\u00e9e et constante dans le temps du blanc. La coop\u00e9ration avec Italcementi a conduit \u00e0 l&#8217;optimisation d&#8217;un mat\u00e9riau destin\u00e9 \u00e0 l&#8217;usage pi\u00e9ton et \/ ou cycliste, stable, non poussi\u00e9reux dont la r\u00e9sistance est fonction du degr\u00e9 de compactage. Au moment de la commande Calcestre seront fournis les instructions d&#8217;installation et les caract\u00e9ristiques techniques du meilleur liant pour votre application en fonction des r\u00e9sultats du processus d&#8217;optimisation effectu\u00e9. FLEXURAL STRENGTH COMPRESSIVE STRENGTH \u00a0EMPTIES &gt;0,70 Mpa &gt;6 Mpa &gt;10% &nbsp; M\u00c9THODE DE POSE Poser le produit en maintenant l&#8217;\u00e9paisseur de plus de 10 cm au-dessus d&#8217;une plate-forme consolid\u00e9e faite de mani\u00e8re artisanale. Compresser le dallage r\u00e9alis\u00e9 par un moyen appropri\u00e9. Attendre la p\u00e9riode de maturation de 28 jours du calcestre et si possible recouvrir d&#8217;une feuille de plastique pendant au moins 3 jours apr\u00e8s la coul\u00e9e. Le produit se caract\u00e9rise initialement par une bonne capacit\u00e9 de drainage qui avec le temps, compte tenu de l&#8217;action des cycles froid chaud et du compactage m\u00e9canique r\u00e9sultant de l&#8217;action du cyclisme et du passage pour pi\u00e9tons, diminuera. Le produit est garanti pour le passage cycliste pi\u00e9ton. Produit optimis\u00e9 avec:<\/p>\n","protected":false},"author":1,"featured_media":23140,"parent":284,"menu_order":9,"comment_status":"open","ping_status":"open","template":"page-cat_prodotti.php","meta":{"_links_to":"","_links_to_target":""},"aioseo_notices":[],"_links":{"self":[{"href":"https:\/\/www.granulati.it\/fr\/wp-json\/wp\/v2\/pages\/384"}],"collection":[{"href":"https:\/\/www.granulati.it\/fr\/wp-json\/wp\/v2\/pages"}],"about":[{"href":"https:\/\/www.granulati.it\/fr\/wp-json\/wp\/v2\/types\/page"}],"author":[{"embeddable":true,"href":"https:\/\/www.granulati.it\/fr\/wp-json\/wp\/v2\/users\/1"}],"replies":[{"embeddable":true,"href":"https:\/\/www.granulati.it\/fr\/wp-json\/wp\/v2\/comments?post=384"}],"version-history":[{"count":101,"href":"https:\/\/www.granulati.it\/fr\/wp-json\/wp\/v2\/pages\/384\/revisions"}],"predecessor-version":[{"id":78751,"href":"https:\/\/www.granulati.it\/fr\/wp-json\/wp\/v2\/pages\/384\/revisions\/78751"}],"up":[{"embeddable":true,"href":"https:\/\/www.granulati.it\/fr\/wp-json\/wp\/v2\/pages\/284"}],"wp:featuredmedia":[{"embeddable":true,"href":"https:\/\/www.granulati.it\/fr\/wp-json\/wp\/v2\/media\/23140"}],"wp:attachment":[{"href":"https:\/\/www.granulati.it\/fr\/wp-json\/wp\/v2\/media?parent=384"}],"curies":[{"name":"wp","href":"https:\/\/api.w.org\/{rel}","templated":true}]}}