{"id":383,"date":"2013-06-19T10:32:08","date_gmt":"2013-06-19T08:32:08","guid":{"rendered":"http:\/\/www.granulati.it\/it\/?page_id=383"},"modified":"2026-03-31T12:53:30","modified_gmt":"2026-03-31T10:53:30","slug":"sabbia-per-bambini","status":"publish","type":"page","link":"https:\/\/www.granulati.it\/fr\/produits\/accessory-products-2\/babysand\/","title":{"rendered":"BABY SAND, sable pour enfants"},"content":{"rendered":"<p><\/p>\n<div style=\"background-color: #006785; height: 50px;\">\n<h1 style=\"padding-top: 10px;\"><span style=\"color: white;\">BabySand, sable pour enfants<\/span><\/h1>\n<\/div>\n<p>&nbsp;<\/p>\n<div class=\"shortcode2-3\">\nLe sable pour enfants est un produit naturel et \u00e9cologique, r\u00e9alis\u00e9 pour garantir des conditions optimales aussi bien du point de vue hygi\u00e9nique que du point de vue de la s\u00e9curit\u00e9.<br \/>\nCribl\u00e9 et lav\u00e9, on conseille de l\u2019utiliser dans les aires de jeux, les parcs, les jardins ou les espaces communs de b\u00e2timents r\u00e9sidentiels. <\/p>\n<p><a href=\"http:\/\/www.granulati.it\/wp-content\/uploads\/2026\/03\/bbsand26.jpg\"><img loading=\"lazy\" class=\"size-full wp-image-5068 aligncenter colorbox-383\" style=\"margin-top: 20px;\" src=\"http:\/\/www.granulati.it\/wp-content\/uploads\/2026\/03\/bbsand26.jpg\" alt=\"colori\" width=\"694\" height=\"208\" \/><\/a>\n<\/div>\n<div class=\"shortcode1-3\">\n<img loading=\"lazy\" class=\"alignnone size-full wp-image-5066 colorbox-383\" src=\"https:\/\/www.granulati.it\/wp-content\/uploads\/2013\/06\/bambino-dansand-babysand-granulati.png\" alt=\"bambino\" width=\"411\" height=\"627\" srcset=\"https:\/\/www.granulati.it\/wp-content\/uploads\/2013\/06\/bambino-dansand-babysand-granulati.png 411w, https:\/\/www.granulati.it\/wp-content\/uploads\/2013\/06\/bambino-dansand-babysand-granulati-33x50.png 33w, https:\/\/www.granulati.it\/wp-content\/uploads\/2013\/06\/bambino-dansand-babysand-granulati-197x300.png 197w\" sizes=\"(max-width: 411px) 100vw, 411px\" \/>\n<\/div>\n<p><\/p>","protected":false},"excerpt":{"rendered":"<p>BabySand, sable pour enfants &nbsp;<\/p>\n","protected":false},"author":1,"featured_media":2838,"parent":284,"menu_order":8,"comment_status":"open","ping_status":"open","template":"","meta":{"_links_to":"","_links_to_target":""},"aioseo_notices":[],"_links":{"self":[{"href":"https:\/\/www.granulati.it\/fr\/wp-json\/wp\/v2\/pages\/383"}],"collection":[{"href":"https:\/\/www.granulati.it\/fr\/wp-json\/wp\/v2\/pages"}],"about":[{"href":"https:\/\/www.granulati.it\/fr\/wp-json\/wp\/v2\/types\/page"}],"author":[{"embeddable":true,"href":"https:\/\/www.granulati.it\/fr\/wp-json\/wp\/v2\/users\/1"}],"replies":[{"embeddable":true,"href":"https:\/\/www.granulati.it\/fr\/wp-json\/wp\/v2\/comments?post=383"}],"version-history":[{"count":31,"href":"https:\/\/www.granulati.it\/fr\/wp-json\/wp\/v2\/pages\/383\/revisions"}],"predecessor-version":[{"id":84435,"href":"https:\/\/www.granulati.it\/fr\/wp-json\/wp\/v2\/pages\/383\/revisions\/84435"}],"up":[{"embeddable":true,"href":"https:\/\/www.granulati.it\/fr\/wp-json\/wp\/v2\/pages\/284"}],"wp:featuredmedia":[{"embeddable":true,"href":"https:\/\/www.granulati.it\/fr\/wp-json\/wp\/v2\/media\/2838"}],"wp:attachment":[{"href":"https:\/\/www.granulati.it\/fr\/wp-json\/wp\/v2\/media?parent=383"}],"curies":[{"name":"wp","href":"https:\/\/api.w.org\/{rel}","templated":true}]}}