{"id":381,"date":"2013-06-17T10:30:47","date_gmt":"2013-06-17T08:30:47","guid":{"rendered":"http:\/\/www.granulati.it\/it\/?page_id=381"},"modified":"2026-03-31T13:05:38","modified_gmt":"2026-03-31T11:05:38","slug":"sale-neve","status":"publish","type":"page","link":"https:\/\/www.granulati.it\/fr\/produits\/accessory-products-2\/sale\/","title":{"rendered":"S\u00e9l de deneigement"},"content":{"rendered":"<p><\/p>\n<div style=\"background-color: #006785; height: 50px;\">\n<h1 style=\"padding-top: 10px;\"><span style=\"color: white;\">S\u00e9l de deneigement<\/span><\/h1>\n<\/div>\n<p>&nbsp;<\/p>\n<div class=\"shortcode1-2\">\nLe sel (Chlorure de Sodium, NaCl) est un des produits davantage utilis\u00e9s pour faire fondre la neige et la glace du sol. \u00c9tal\u00e9 sur les surfaces couvertes de verglas, il en provoque la fonte et s&#8217;il est appliqu\u00e9 d\u00e8s les premi\u00e8res heures d\u2019une chute de neige, forme une couche qui emp\u00eache la formation de verglas et contribue \u00e0 \u00e9liminer le risque de glissements et de chutes pour les pi\u00e9tons aussi. L\u2019hiver, le traitement de d\u00e9gel des routes par le sel est une ressource essentielle pour assurer aux utilisateurs un plus haut niveau de s\u00e9curit\u00e9 durant les chutes de neige ou lorsque le rev\u00eatement routier est verglac\u00e9. \u00c0 utiliser \u00e9galement dans les all\u00e9es et les acc\u00e8s.\n<\/div>\n<div class=\"shortcode1-2\"><a href=\"http:\/\/www.granulati.it\/wp-content\/uploads\/2013\/06\/neve.png\"><img loading=\"lazy\" class=\"alignnone size-full wp-image-5070 colorbox-381\" src=\"http:\/\/www.granulati.it\/wp-content\/uploads\/2013\/06\/neve.png\" alt=\"3\" width=\"567\" height=\"378\" srcset=\"https:\/\/www.granulati.it\/wp-content\/uploads\/2013\/06\/neve.png 567w, https:\/\/www.granulati.it\/wp-content\/uploads\/2013\/06\/neve-75x50.png 75w, https:\/\/www.granulati.it\/wp-content\/uploads\/2013\/06\/neve-300x200.png 300w\" sizes=\"(max-width: 567px) 100vw, 567px\" \/><\/a>\n<\/div>\n<div class=\"shortcode1-2\"><img loading=\"lazy\" class=\"alignnone wp-image-4814 size-large colorbox-381\" src=\"http:\/\/www.granulati.it\/wp-content\/uploads\/2013\/06\/Pallet-saleneve_bolgare-3086-1024x839.jpg\" alt=\"\" width=\"980\" height=\"803\" srcset=\"https:\/\/www.granulati.it\/wp-content\/uploads\/2013\/06\/Pallet-saleneve_bolgare-3086-1024x839.jpg 1024w, https:\/\/www.granulati.it\/wp-content\/uploads\/2013\/06\/Pallet-saleneve_bolgare-3086-61x50.jpg 61w, https:\/\/www.granulati.it\/wp-content\/uploads\/2013\/06\/Pallet-saleneve_bolgare-3086-300x246.jpg 300w, https:\/\/www.granulati.it\/wp-content\/uploads\/2013\/06\/Pallet-saleneve_bolgare-3086-768x629.jpg 768w, https:\/\/www.granulati.it\/wp-content\/uploads\/2013\/06\/Pallet-saleneve_bolgare-3086.jpg 1045w\" sizes=\"(max-width: 980px) 100vw, 980px\" \/>\n<\/div>\n<div class=\"shortcode1-2\">\n<div style=\"margin-top: 20px; font-size: 18px;\"><strong>Sacs de 25 kg<\/strong><\/div>\n<p>50 pi\u00e8ces\/plate-forme<\/p>\n<div style=\"margin-top: 20px; font-size: 18px;\"><strong>Sacs de 10 kg<\/strong><\/div>\n<p>99 pi\u00e8ces\/plate-forme<\/p>\n<\/div>\n<p><\/p>","protected":false},"excerpt":{"rendered":"<p>S\u00e9l de deneigement &nbsp;<\/p>\n","protected":false},"author":1,"featured_media":2839,"parent":284,"menu_order":6,"comment_status":"open","ping_status":"open","template":"","meta":{"_links_to":"","_links_to_target":""},"aioseo_notices":[],"_links":{"self":[{"href":"https:\/\/www.granulati.it\/fr\/wp-json\/wp\/v2\/pages\/381"}],"collection":[{"href":"https:\/\/www.granulati.it\/fr\/wp-json\/wp\/v2\/pages"}],"about":[{"href":"https:\/\/www.granulati.it\/fr\/wp-json\/wp\/v2\/types\/page"}],"author":[{"embeddable":true,"href":"https:\/\/www.granulati.it\/fr\/wp-json\/wp\/v2\/users\/1"}],"replies":[{"embeddable":true,"href":"https:\/\/www.granulati.it\/fr\/wp-json\/wp\/v2\/comments?post=381"}],"version-history":[{"count":13,"href":"https:\/\/www.granulati.it\/fr\/wp-json\/wp\/v2\/pages\/381\/revisions"}],"predecessor-version":[{"id":84446,"href":"https:\/\/www.granulati.it\/fr\/wp-json\/wp\/v2\/pages\/381\/revisions\/84446"}],"up":[{"embeddable":true,"href":"https:\/\/www.granulati.it\/fr\/wp-json\/wp\/v2\/pages\/284"}],"wp:featuredmedia":[{"embeddable":true,"href":"https:\/\/www.granulati.it\/fr\/wp-json\/wp\/v2\/media\/2839"}],"wp:attachment":[{"href":"https:\/\/www.granulati.it\/fr\/wp-json\/wp\/v2\/media?parent=381"}],"curies":[{"name":"wp","href":"https:\/\/api.w.org\/{rel}","templated":true}]}}