{"id":38,"date":"2013-05-16T09:30:17","date_gmt":"2013-05-16T07:30:17","guid":{"rendered":"http:\/\/www.granulati.it\/it\/?page_id=38"},"modified":"2025-07-30T14:48:05","modified_gmt":"2025-07-30T12:48:05","slug":"monoliti","status":"publish","type":"page","link":"https:\/\/www.granulati.it\/fr\/produits\/monoliths\/","title":{"rendered":"Monolithes"},"content":{"rendered":"<div id=\"pl-38\"  class=\"panel-layout\" ><div id=\"pg-38-0\"  class=\"panel-grid panel-no-style\" ><div id=\"pgc-38-0-0\"  class=\"panel-grid-cell\" ><div id=\"panel-38-0-0-0\" class=\"so-panel widget widget_text panel-first-child panel-last-child\" data-index=\"0\" >\t\t\t<div class=\"textwidget\"><div style=\"background-color: #006785; height: 50px; padding-left:20px\">\n<h1 style=\"padding-top: 10px;\"><span style=\"color: white;\">MONOLITHES<\/span><\/h1>\n<\/div>\n<\/div>\n\t\t<\/div><\/div><\/div><div id=\"pg-38-1\"  class=\"panel-grid panel-no-style\" ><div id=\"pgc-38-1-0\"  class=\"panel-grid-cell\" ><div id=\"panel-38-1-0-0\" class=\"so-panel widget widget_text panel-first-child panel-last-child\" data-index=\"1\" >\t\t\t<div class=\"textwidget\"><\/div>\n\t\t<\/div><\/div><\/div><div id=\"pg-38-2\"  class=\"panel-grid panel-no-style\" ><div id=\"pgc-38-2-0\"  class=\"panel-grid-cell\" ><div id=\"panel-38-2-0-0\" class=\"so-panel widget widget_text panel-first-child panel-last-child\" data-index=\"2\" >\t\t\t<div class=\"textwidget\"><p>Un monolithe est une formation g\u00e9ologique constitu\u00e9e d\u2019un seul bloc massif de pierre ou de roche qui appara\u00eet normalement \u00e0 la suite de longues activit\u00e9s d\u2019\u00e9rosion sur des couches g\u00e9ologiques, souvent compos\u00e9es de roches m\u00e9tamorphiques et magmatiques tr\u00e8s solides et dures. Pierres sculpt\u00e9es par le temps donc, prot\u00e9g\u00e9es par la terre et recueillies par l\u2019homme dans le profond respect du milieu naturel.<\/p>\n<\/div>\n\t\t<\/div><\/div><\/div><div id=\"pg-38-3\"  class=\"panel-grid panel-no-style\" ><div id=\"pgc-38-3-0\"  class=\"panel-grid-cell\" ><div id=\"panel-38-3-0-0\" class=\"so-panel widget widget_text panel-first-child panel-last-child\" data-index=\"3\" >\t\t\t<div class=\"textwidget\"><p><a href=\"https:\/\/www.granulati.it\/fr\/produits\/monoliths\/pointus\/\" target=\"blank;\" rel=\"noopener\"><img loading=\"lazy\" class=\"alignnone size-medium wp-image-23031 colorbox-38\" src=\"https:\/\/www.granulati.it\/wp-content\/uploads\/2020\/07\/punte-granulati-zandobbio.jpg\" alt=\"\" width=\"300\" height=\"200\" \/><\/a><\/p>\n<h1 style=\"font-size: 25px; color: #006785;\"><strong>POINTUS<\/strong><\/h1>\n<hr \/>\n<p style=\"text-align: justify;\"><span style=\"font-family: 'Lucida Grande', Verdana, Arial, Helvetica, sans-serif;\">Monolithes dont la forme allong\u00e9e repr\u00e9sente un \u00e9l\u00e9ment particuli\u00e8rement innovant dans la d\u00e9coration d\u2019espaces verts.<br \/>\n<\/span><\/p>\n<p><a href=\"https:\/\/www.granulati.it\/fr\/produits\/monoliths\/pointus\/\" target=\"blank;\" rel=\"noopener\"><input style=\"color: white; background-color: #006785;\" name=\"button\" type=\"submit\" value=\"VIEW MORE\" \/><\/a><\/p>\n<\/div>\n\t\t<\/div><\/div><div id=\"pgc-38-3-1\"  class=\"panel-grid-cell\" ><div id=\"panel-38-3-1-0\" class=\"so-panel widget widget_text panel-first-child panel-last-child\" data-index=\"4\" >\t\t\t<div class=\"textwidget\"><p><a href=\"https:\/\/www.granulati.it\/fr\/produits\/monoliths\/exemplaires\/\" target=\"blank;\" rel=\"noopener\"><img loading=\"lazy\" class=\"alignnone size-medium wp-image-23031 colorbox-38\" src=\"https:\/\/www.granulati.it\/wp-content\/uploads\/2020\/07\/esemplari-granulati-zandobbio.jpg\" alt=\"\" width=\"300\" height=\"200\" \/><\/a><\/p>\n<h1 style=\"font-size: 25px; color: #006785;\"><strong>EXEMPLAIRES<\/strong><\/h1>\n<hr \/>\n<p style=\"text-align: justify;\"><span style=\"font-family: 'Lucida Grande', Verdana, Arial, Helvetica, sans-serif;\">Monolithes aux formes particuli\u00e8res, larges, parfois m\u00eame tr\u00e8s grands et qui, de par leur conformation, sont faciles \u00e0 installer.<br \/>\n<\/span><\/p>\n<p><a href=\"https:\/\/www.granulati.it\/fr\/produits\/monoliths\/exemplaires\/\" target=\"blank;\" rel=\"noopener\"><input style=\"color: white; background-color: #006785;\" name=\"button\" type=\"submit\" value=\"VIEW MORE\" \/><\/a><\/p>\n<\/div>\n\t\t<\/div><\/div><div id=\"pgc-38-3-2\"  class=\"panel-grid-cell\" ><div id=\"panel-38-3-2-0\" class=\"so-panel widget widget_text panel-first-child panel-last-child\" data-index=\"5\" >\t\t\t<div class=\"textwidget\"><p><a href=\"https:\/\/www.granulati.it\/fr\/produits\/monoliths\/jeux-d-eau\/\" target=\"blank;\" rel=\"noopener\"><img loading=\"lazy\" class=\"alignnone size-medium wp-image-23031 colorbox-38\" src=\"https:\/\/www.granulati.it\/wp-content\/uploads\/2020\/07\/giochi-dacqua-granulati-zandobbio.jpg\" alt=\"\" width=\"300\" height=\"200\" \/><\/a><\/p>\n<h1 style=\"font-size: 25px; color: #006785;\"><strong>JEUX D&#8217;EAU<\/strong><\/h1>\n<hr \/>\n<p style=\"text-align: justify;\"><span style=\"font-family: 'Lucida Grande', Verdana, Arial, Helvetica, sans-serif;\">Arcs, sculptures et totems pr\u00e9sentant une fente qui permet l\u2019\u00e9coulement continu de l\u2019eau sur leur surface.<br \/>\n<\/span><\/p>\n<p><a href=\"https:\/\/www.granulati.it\/fr\/produits\/monoliths\/jeux-d-eau\/\" target=\"blank;\" rel=\"noopener\"><input style=\"color: white; background-color: #006785;\" name=\"button\" type=\"submit\" value=\"VIEW MORE\" \/><\/a><\/p>\n<\/div>\n\t\t<\/div><\/div><\/div><\/div>","protected":false},"excerpt":{"rendered":"<p>MONOLITHES<\/p>\n","protected":false},"author":1,"featured_media":473,"parent":32,"menu_order":23,"comment_status":"open","ping_status":"closed","template":"","meta":{"_links_to":"","_links_to_target":""},"aioseo_notices":[],"_links":{"self":[{"href":"https:\/\/www.granulati.it\/fr\/wp-json\/wp\/v2\/pages\/38"}],"collection":[{"href":"https:\/\/www.granulati.it\/fr\/wp-json\/wp\/v2\/pages"}],"about":[{"href":"https:\/\/www.granulati.it\/fr\/wp-json\/wp\/v2\/types\/page"}],"author":[{"embeddable":true,"href":"https:\/\/www.granulati.it\/fr\/wp-json\/wp\/v2\/users\/1"}],"replies":[{"embeddable":true,"href":"https:\/\/www.granulati.it\/fr\/wp-json\/wp\/v2\/comments?post=38"}],"version-history":[{"count":16,"href":"https:\/\/www.granulati.it\/fr\/wp-json\/wp\/v2\/pages\/38\/revisions"}],"predecessor-version":[{"id":80584,"href":"https:\/\/www.granulati.it\/fr\/wp-json\/wp\/v2\/pages\/38\/revisions\/80584"}],"up":[{"embeddable":true,"href":"https:\/\/www.granulati.it\/fr\/wp-json\/wp\/v2\/pages\/32"}],"wp:featuredmedia":[{"embeddable":true,"href":"https:\/\/www.granulati.it\/fr\/wp-json\/wp\/v2\/media\/473"}],"wp:attachment":[{"href":"https:\/\/www.granulati.it\/fr\/wp-json\/wp\/v2\/media?parent=38"}],"curies":[{"name":"wp","href":"https:\/\/api.w.org\/{rel}","templated":true}]}}