{"id":379,"date":"2013-06-16T10:29:55","date_gmt":"2013-06-16T08:29:55","guid":{"rendered":"http:\/\/www.granulati.it\/it\/?page_id=379"},"modified":"2022-03-30T12:29:51","modified_gmt":"2022-03-30T10:29:51","slug":"dan-sand-no-weed-basta-esbaccie","status":"publish","type":"page","link":"https:\/\/www.granulati.it\/fr\/produits\/accessory-products-2\/dan-sand\/","title":{"rendered":"DANSAND, herbicide"},"content":{"rendered":"<p><\/p>\n<div style=\"background-color: #006785; height: 50px;\">\n<h1 style=\"padding-top: 10px;\"><span style=\"color: white;\">DANSAND, sable anti-mauvaises herbes<\/span><\/h1>\n<\/div>\n<div style='clear:both; height:30px' ><\/div>\n<p><strong><span style=\"color: #006785;\">SABLE POUR JOINTOIEMENT DE PAVAGE EXT\u00c9RIEUR<\/span><\/strong><br \/>\nDeux types de sables pour inhiber en permanence la croissance des mauvaises herbes dans les rainures et les joints des chauss\u00e9es.<br \/>\nFaciles \u00e0 utiliser et avec des caract\u00e9ristiques durables, ils peuvent r\u00e9sister \u00e0 de nombreuses ann\u00e9es de pluie sans perdre leur effet inhibiteur contre les mauvaises herbes.<\/p>\n<div style='clear:both; height:30px' ><\/div>\n<div class=\"shortcode1-3\"><img class=\"alignnone size-full wp-image-4698 colorbox-379\" src=\"http:\/\/www.granulati.it\/wp-content\/uploads\/2013\/06\/DANSAND-sacco-rosso.jpg\" alt=\"dansand\" width=\"180px\" \/><br \/>\n<strong>SABLE ANTI-HERBE<\/strong><br \/>\n(<strong>sac rouge <\/strong> pour joints clairs de 1 \u00e0 5 mm)<\/p>\n<div style='clear:both; height:30px' ><\/div>\n<\/div>\n<div class=\"shortcode2-3\"><a href=\"https:\/\/www.granulati.it\/wp-content\/uploads\/2013\/06\/pavimentazione-cubetti.jpg\"><img class=\"alignnone size-full wp-image-3340 colorbox-379\" src=\"https:\/\/www.granulati.it\/wp-content\/uploads\/2013\/06\/pavimentazione-cubetti.jpg\" alt=\"Dansand_Undgaa_ukrudt_belaegningsfugemoertel_A_6921\" width=\"1000px\" \/><\/a><\/div>\n<div style=\"clear: both; height: 15px;\"><\/div>\n<div style='clear:both; height:10px' ><\/div>\n<div style=\"clear: both;\">\n<strong><span style=\"color: #006785;\">REMARQUES<\/span><\/strong><br \/>\n\u2022 Le mat\u00e9riau de remplissage des joints ne convient pas aux rev\u00eatements de sol en brique et \u00e0 certains types de pierre naturelle.<br \/>\n\u2022 Ne convient pas aux gros joints.<br \/>\n\u2022 Le mat\u00e9riau de remplissage des joints est \u00e0 usage externe uniquement et ne doit pas entrer en contact avec des fondations ou de la ma\u00e7onnerie.<br \/>\n\u2022 Dans des conditions m\u00e9t\u00e9orologiques extr\u00eamement s\u00e8ches, le mat\u00e9riau de jointoiement peut causer des taches blanches sur la surface du rev\u00eatement de sol qui peuvent \u00eatre facilement enlev\u00e9es avec de l&#8217;eau.<\/p>\n<table style=\"width: 100%; background-color: #ffffff; border-color: #000000;\" border=\"1\" cellspacing=\"1\">\n<thead>\n<tr style=\"border-color: #000000;\">\n<td style=\"width: 10px; border-color: #000000;\"><strong>\u00a0<\/strong><\/td>\n<td style=\"width: 270px; border-color: #000000;\"><strong>ANTI-GRASS SAND (sac rouge)<\/strong><\/td>\n<\/tr>\n<\/thead>\n<tbody>\n<tr style=\"border-color: #000000;\">\n<td style=\"width: 10px; border-color: #000000;\"><strong>COULEUR GAP<\/strong><\/td>\n<td style=\"width: 270px; border-color: #000000;\">Lumi\u00e8re<\/td>\n<\/tr>\n<tr style=\"border-color: #000000;\">\n<td style=\"width: 10px; border-color: #000000;\"><strong>GRANULOM\u00c9TRIE<\/strong><\/td>\n<td style=\"width: 270px; border-color: #000000;\">0-1.5 mm<\/td>\n<\/tr>\n<tr style=\"border-color: #000000;\">\n<td style=\"width: 10px; border-color: #000000;\"><strong>DIMENSION DU JOINT<\/strong><\/td>\n<td style=\"width: 270px; border-color: #000000;\">1-5 mm<\/td>\n<\/tr>\n<tr style=\"border-color: #000000;\">\n<td style=\"width: 10px; border-color: #000000;\"><strong>ABANDON<\/strong><\/td>\n<td style=\"width: 270px; border-color: #000000;\">20 kg de couverture environ 5-10 m<sup>2<\/sup>.<br \/>\nExemple: taille autobloquante 14x21x5 cm, avec joint de 2-3 mm de large, il faut environ 2 kg \/ m<sup>2<\/sup>.<\/td>\n<\/tr>\n<tr style=\"border-color: #000000;\">\n<td style=\"width: 10px; border-color: #000000;\"><strong>JOINTS DE PROFONDEUR<\/strong><\/td>\n<td style=\"width: 270px; border-color: #000000;\">Au moins 5 cm pour les zones \u00e0 faible trafic et au moins 4 cm sur les terrasses.<\/td>\n<\/tr>\n<tr style=\"border-color: #000000;\">\n<td style=\"width: 10px; border-color: #000000;\"><strong>EMBALLAGE<\/strong><\/td>\n<td style=\"width: 270px; border-color: #000000;\">Sac de 20 kg \/ mati\u00e8re s\u00e8che<\/td>\n<\/tr>\n<tr style=\"border-color: #000000;\">\n<td style=\"width: 10px; border-color: #000000;\"><strong>POLYM\u00c9RISATION<\/strong><\/td>\n<td style=\"width: 270px; border-color: #000000;\">&#8211;<\/td>\n<\/tr>\n<tr style=\"border-color: #000000;\">\n<td style=\"width: 10px; border-color: #000000;\"><strong>S\u00c9CHAGE<\/strong><\/td>\n<td style=\"width: 270px; border-color: #000000;\">&#8211;<\/td>\n<\/tr>\n<tr style=\"border-color: #000000;\">\n<td style=\"width: 10px; border-color: #000000;\"><strong>PR\u00caT \u00c0 L&#8217;EMPLOI<\/strong><\/td>\n<td style=\"width: 270px; border-color: #000000;\">Oui<\/td>\n<\/tr>\n<\/tbody>\n<\/table>\n<\/div>\n<p>&nbsp;<\/p>\n<div class=\"shortcode1-2\"><strong><span style=\"color: #006785;\">Pose de sable anti-herbe<\/span><\/strong><br \/>\nLes blocs ou dalles de pierre doivent \u00eatre pos\u00e9s sur un substrat normal, tel que sp\u00e9cifi\u00e9 dans les normes de tout travail de pavage. Le sable pour l&#8217;\u00e9vacuation est perm\u00e9able \u00e0 l&#8217;eau et le fond doit \u00e9galement \u00eatre perm\u00e9able. Lorsque le sol est sec, \u00e9talez le sable avec une pelle et balayez-le dans les joints avec un balai, avec des mouvements diagonaux dans les sections de joint comme vous le feriez avec le sable d&#8217;un sol commun. Utilisez un compacteur vibrant sur la nouvelle chauss\u00e9e pour de meilleurs r\u00e9sultats. Effectuer le passage au moins deux fois et, si n\u00e9cessaire, remplir le joint.<br \/>\n<strong><span style=\"color: #006785;\">R\u00c9PARATION DE REV\u00caTEMENTS EXISTANTS<\/span><\/strong><br \/>\nD\u00e9truisez et \u00e9liminez les mauvaises herbes avant de commencer la r\u00e9paration du sol. Le nouveau sable n&#8217;est pas capable de lutter contre les vieilles mauvaises herbes qui ont d\u00e9j\u00e0 pris racine et il est donc n\u00e9cessaire de commencer \u00e0 travailler sur les joints propres.<\/div>\n<div class=\"shortcode1-2\"><a href=\"https:\/\/www.granulati.it\/wp-content\/uploads\/2013\/06\/cubetti-multicolor.jpg\"><img loading=\"lazy\" class=\"alignnone size-full wp-image-3344 colorbox-379\" src=\"https:\/\/www.granulati.it\/wp-content\/uploads\/2013\/06\/cubetti-multicolor.jpg\" alt=\"indiano_DSC7995\" width=\"717\" height=\"660\" \/><\/a><\/div>\n<div style=\"clear: both;\"><\/div>\n<p><\/p>","protected":false},"excerpt":{"rendered":"<p>DANSAND, sable anti-mauvaises herbes SABLE POUR JOINTOIEMENT DE PAVAGE EXT\u00c9RIEUR Deux types de sables pour inhiber en permanence la croissance des mauvaises herbes dans les rainures et les joints des chauss\u00e9es. Faciles \u00e0 utiliser et avec des caract\u00e9ristiques durables, ils peuvent r\u00e9sister \u00e0 de nombreuses ann\u00e9es de pluie sans perdre leur effet inhibiteur contre les mauvaises herbes. REMARQUES \u2022 Le mat\u00e9riau de remplissage des joints ne convient pas aux rev\u00eatements de sol en brique et \u00e0 certains types de pierre naturelle. \u2022 Ne convient pas aux gros joints. \u2022 Le mat\u00e9riau de remplissage des joints est \u00e0 usage externe uniquement et ne doit pas entrer en contact avec des fondations ou de la ma\u00e7onnerie. \u2022 Dans des conditions m\u00e9t\u00e9orologiques extr\u00eamement s\u00e8ches, le mat\u00e9riau de jointoiement peut causer des taches blanches sur la surface du rev\u00eatement de sol qui peuvent \u00eatre facilement enlev\u00e9es avec de l&#8217;eau. \u00a0 ANTI-GRASS SAND (sac rouge) COULEUR GAP Lumi\u00e8re GRANULOM\u00c9TRIE 0-1.5 mm DIMENSION DU JOINT 1-5 mm ABANDON 20 kg de couverture environ 5-10 m2. Exemple: taille autobloquante 14x21x5 cm, avec joint de 2-3 mm de large, il faut environ 2 kg \/ m2. JOINTS DE PROFONDEUR Au moins 5 cm pour les zones \u00e0 faible trafic et au moins 4 cm sur les terrasses. EMBALLAGE Sac de 20 kg \/ mati\u00e8re s\u00e8che POLYM\u00c9RISATION &#8211; S\u00c9CHAGE &#8211; PR\u00caT \u00c0 L&#8217;EMPLOI Oui &nbsp;<\/p>\n","protected":false},"author":1,"featured_media":2842,"parent":284,"menu_order":5,"comment_status":"open","ping_status":"closed","template":"","meta":{"_links_to":"","_links_to_target":""},"aioseo_notices":[],"_links":{"self":[{"href":"https:\/\/www.granulati.it\/fr\/wp-json\/wp\/v2\/pages\/379"}],"collection":[{"href":"https:\/\/www.granulati.it\/fr\/wp-json\/wp\/v2\/pages"}],"about":[{"href":"https:\/\/www.granulati.it\/fr\/wp-json\/wp\/v2\/types\/page"}],"author":[{"embeddable":true,"href":"https:\/\/www.granulati.it\/fr\/wp-json\/wp\/v2\/users\/1"}],"replies":[{"embeddable":true,"href":"https:\/\/www.granulati.it\/fr\/wp-json\/wp\/v2\/comments?post=379"}],"version-history":[{"count":61,"href":"https:\/\/www.granulati.it\/fr\/wp-json\/wp\/v2\/pages\/379\/revisions"}],"predecessor-version":[{"id":75984,"href":"https:\/\/www.granulati.it\/fr\/wp-json\/wp\/v2\/pages\/379\/revisions\/75984"}],"up":[{"embeddable":true,"href":"https:\/\/www.granulati.it\/fr\/wp-json\/wp\/v2\/pages\/284"}],"wp:featuredmedia":[{"embeddable":true,"href":"https:\/\/www.granulati.it\/fr\/wp-json\/wp\/v2\/media\/2842"}],"wp:attachment":[{"href":"https:\/\/www.granulati.it\/fr\/wp-json\/wp\/v2\/media?parent=379"}],"curies":[{"name":"wp","href":"https:\/\/api.w.org\/{rel}","templated":true}]}}