{"id":368,"date":"2013-06-12T10:24:02","date_gmt":"2013-06-12T08:24:02","guid":{"rendered":"http:\/\/www.granulati.it\/it\/?page_id=368"},"modified":"2022-10-11T16:43:54","modified_gmt":"2022-10-11T14:43:54","slug":"lanterne-e-sfere","status":"publish","type":"page","link":"https:\/\/www.granulati.it\/fr\/produits\/complements-pour-le-jardin-et-la-maison\/lanternes-et-spheres\/","title":{"rendered":"Lanternes et Sph\u00e8res"},"content":{"rendered":"<div id=\"pl-368\"  class=\"panel-layout\" ><div id=\"pg-368-0\"  class=\"panel-grid panel-no-style\" ><div id=\"pgc-368-0-0\"  class=\"panel-grid-cell\" ><div id=\"panel-368-0-0-0\" class=\"so-panel widget widget_sow-editor panel-first-child\" data-index=\"0\" ><div\n\t\t\t\n\t\t\tclass=\"so-widget-sow-editor so-widget-sow-editor-base\"\n\t\t\t\n\t\t>\n<div class=\"siteorigin-widget-tinymce textwidget\">\n\t<div style=\"background-color: #006785; height: 50px;\">\n<h1 style=\"padding-top: 10px;\"><span style=\"color: white;\">LANTERNES ET SPH\u00c8RES<\/span><\/h1>\n<\/div>\n<\/div>\n<\/div><\/div><div id=\"panel-368-0-0-1\" class=\"so-panel widget widget_text panel-last-child\" data-index=\"1\" >\t\t\t<div class=\"textwidget\"><p style=\"font-size:16px;\">Une touche d&#8217;Orient pour am\u00e9nager des espaces et des aper\u00e7us de votre jardin. Formes travaill\u00e9es avec des dessins typiquement japonais.<\/p>\n<\/div>\n\t\t<\/div><\/div><\/div><div id=\"pg-368-1\"  class=\"panel-grid panel-no-style\" ><div id=\"pgc-368-1-0\"  class=\"panel-grid-cell\" ><div id=\"panel-368-1-0-0\" class=\"so-panel widget widget_text panel-first-child panel-last-child\" data-index=\"2\" >\t\t\t<div class=\"textwidget\"><p><a href=\"https:\/\/www.granulati.it\/wp-content\/uploads\/2014\/01\/RANKEI.jpg\"><img class=\"colorbox-368\"  src=\"https:\/\/www.granulati.it\/wp-content\/uploads\/2014\/01\/RANKEI.jpg\" \/><\/a><\/p>\n<h5 style=\"font-size: 15px; color: #006785;\">RANKEI<\/h5>\n<hr style=\"margin-bottom:5px;\" \/>\n<p>35 x 20 cm &#8211; H 75 cm &#8211; kg 45<\/p>\n<\/div>\n\t\t<\/div><\/div><div id=\"pgc-368-1-1\"  class=\"panel-grid-cell\" ><div id=\"panel-368-1-1-0\" class=\"so-panel widget widget_text panel-first-child panel-last-child\" data-index=\"3\" >\t\t\t<div class=\"textwidget\"><p><a href=\"https:\/\/www.granulati.it\/wp-content\/uploads\/2014\/01\/ROKKAKU-YUKIMI.jpg\"><img class=\"colorbox-368\"  src=\"https:\/\/www.granulati.it\/wp-content\/uploads\/2014\/01\/ROKKAKU-YUKIMI.jpg\" \/><\/a><\/p>\n<h5 style=\"font-size: 15px; color: #006785;\">ROKKAKU YUKIMI<\/h5>\n<hr style=\"margin-bottom:5px;\"\/>\n<p>\u00f8 45 cm &#8211; H 55 cm &#8211; kg 45<\/p>\n<\/div>\n\t\t<\/div><\/div><div id=\"pgc-368-1-2\"  class=\"panel-grid-cell\" ><div id=\"panel-368-1-2-0\" class=\"so-panel widget widget_text panel-first-child panel-last-child\" data-index=\"4\" >\t\t\t<div class=\"textwidget\"><p><a href=\"https:\/\/www.granulati.it\/wp-content\/uploads\/2014\/01\/YUKIMI-MARU.jpg\"><img class=\"colorbox-368\"  src=\"https:\/\/www.granulati.it\/wp-content\/uploads\/2014\/01\/YUKIMI-MARU.jpg\" \/><\/a><\/p>\n<h5 style=\"font-size: 15px; color: #006785;\">YUKIMI MARU<\/h5>\n<hr style=\"margin-bottom:5px;\" \/>\n<p>\u00f8 45 cm &#8211; H 55 cm &#8211; kg 45<\/p>\n<\/div>\n\t\t<\/div><\/div><\/div><div id=\"pg-368-2\"  class=\"panel-grid panel-no-style\" ><div id=\"pgc-368-2-0\"  class=\"panel-grid-cell\" ><div id=\"panel-368-2-0-0\" class=\"so-panel widget widget_text panel-first-child panel-last-child\" data-index=\"5\" >\t\t\t<div class=\"textwidget\"><p><a href=\"https:\/\/www.granulati.it\/wp-content\/uploads\/2014\/01\/SFERE.jpg\"><img class=\"colorbox-368\"  src=\"https:\/\/www.granulati.it\/wp-content\/uploads\/2014\/01\/SFERE.jpg\" \/><\/a><\/p>\n<h5 style=\"font-size: 15px; color: #006785;\">SFERE<\/h5>\n<hr \/>\n<p>\u00f8 20 cm &#8211; kg 13<br \/>\n\u00f8 30 cm &#8211; kg 38<br \/>\n\u00f8 40 cm &#8211; kg 100<br \/>\n\u00f8 50 cm &#8211; kg 200<\/p>\n<\/div>\n\t\t<\/div><\/div><div id=\"pgc-368-2-1\"  class=\"panel-grid-cell panel-grid-cell-empty panel-grid-cell-mobile-last\" ><\/div><div id=\"pgc-368-2-2\"  class=\"panel-grid-cell panel-grid-cell-empty\" ><\/div><\/div><\/div>","protected":false},"excerpt":{"rendered":"<p>LANTERNES ET SPH\u00c8RES Une touche d&#8217;Orient pour am\u00e9nager des espaces et des aper\u00e7us de votre jardin. Formes travaill\u00e9es avec des dessins typiquement japonais. RANKEI 35 x 20 cm &#8211; H 75 cm &#8211; kg 45 ROKKAKU YUKIMI \u00f8 45 cm &#8211; H 55 cm &#8211; kg 45 YUKIMI MARU \u00f8 45 cm &#8211; H 55 cm &#8211; kg 45<\/p>\n","protected":false},"author":1,"featured_media":1400,"parent":283,"menu_order":46,"comment_status":"open","ping_status":"open","template":"","meta":{"_links_to":"","_links_to_target":""},"aioseo_notices":[],"_links":{"self":[{"href":"https:\/\/www.granulati.it\/fr\/wp-json\/wp\/v2\/pages\/368"}],"collection":[{"href":"https:\/\/www.granulati.it\/fr\/wp-json\/wp\/v2\/pages"}],"about":[{"href":"https:\/\/www.granulati.it\/fr\/wp-json\/wp\/v2\/types\/page"}],"author":[{"embeddable":true,"href":"https:\/\/www.granulati.it\/fr\/wp-json\/wp\/v2\/users\/1"}],"replies":[{"embeddable":true,"href":"https:\/\/www.granulati.it\/fr\/wp-json\/wp\/v2\/comments?post=368"}],"version-history":[{"count":5,"href":"https:\/\/www.granulati.it\/fr\/wp-json\/wp\/v2\/pages\/368\/revisions"}],"predecessor-version":[{"id":77227,"href":"https:\/\/www.granulati.it\/fr\/wp-json\/wp\/v2\/pages\/368\/revisions\/77227"}],"up":[{"embeddable":true,"href":"https:\/\/www.granulati.it\/fr\/wp-json\/wp\/v2\/pages\/283"}],"wp:featuredmedia":[{"embeddable":true,"href":"https:\/\/www.granulati.it\/fr\/wp-json\/wp\/v2\/media\/1400"}],"wp:attachment":[{"href":"https:\/\/www.granulati.it\/fr\/wp-json\/wp\/v2\/media?parent=368"}],"curies":[{"name":"wp","href":"https:\/\/api.w.org\/{rel}","templated":true}]}}