{"id":352,"date":"2013-06-12T10:12:42","date_gmt":"2013-06-12T08:12:42","guid":{"rendered":"http:\/\/www.granulati.it\/it\/?page_id=352"},"modified":"2026-03-31T12:37:49","modified_gmt":"2026-03-31T10:37:49","slug":"opus","status":"publish","type":"page","link":"https:\/\/www.granulati.it\/fr\/produits\/pavements-en-pierre-naturelle\/opus\/","title":{"rendered":"Opus"},"content":{"rendered":"<div id=\"pl-352\"  class=\"panel-layout\" ><div id=\"pg-352-0\"  class=\"panel-grid panel-no-style\" ><div id=\"pgc-352-0-0\"  class=\"panel-grid-cell\" ><div id=\"panel-352-0-0-0\" class=\"so-panel widget widget_text panel-first-child\" data-index=\"0\" >\t\t\t<div class=\"textwidget\"><div style=\"background-color: #006785; height: 50px;\">\n<h1 style=\"padding-top: 10px;\"><span style=\"color: white;\">OPUS INCERTUM<\/span><\/h1>\n<\/div>\n<\/div>\n\t\t<\/div><div id=\"panel-352-0-0-1\" class=\"so-panel widget widget_text panel-last-child\" data-index=\"1\" >\t\t\t<div class=\"textwidget\"><p style=\"font-size: 18px;\">Plaques au format r\u00e9duit, adapt\u00e9es aux rev\u00eatements \u00e0 la fois de sol et muraux, caract\u00e9ris\u00e9es par des formes, des couleurs et des contours irr\u00e9guliers. La particularit\u00e9 de cette forme ancienne de pavement est donn\u00e9e par le caract\u00e8re unique de ses pi\u00e8ces.<\/p>\n<\/div>\n\t\t<\/div><\/div><\/div><div id=\"pg-352-1\"  class=\"panel-grid panel-no-style\" ><div id=\"pgc-352-1-0\"  class=\"panel-grid-cell\" ><div id=\"panel-352-1-0-0\" class=\"so-panel widget widget_text panel-first-child panel-last-child\" data-index=\"2\" >\t\t\t<div class=\"textwidget\"><p><a href=\"https:\/\/www.granulati.it\/wp-content\/uploads\/2013\/11\/quarzite.jpg\"><img class=\"colorbox-352\"  src=\"https:\/\/www.granulati.it\/wp-content\/uploads\/2013\/11\/quarzite.jpg\" \/><\/a><\/p>\n<h5 style=\"font-size: 15px; color: #006785;\">QUARZITE BRASILIANA ROSA<\/h5>\n<hr \/>\n<p>(8-12) pcs m2 &#8211; H (0,8-1,5) cm<br \/>\n(8-12) pcs m2 &#8211; H (1,5-2,5) cm<br \/>\n(8-12) pcs m2 &#8211; H (1,5-2,5) cm mini pallet<br \/>\n0,25 m2\/filet[] &#8211; H (1,5-2,5) cm<br \/>\nMat\u00e9riau friable<\/p>\n<\/div>\n\t\t<\/div><\/div><div id=\"pgc-352-1-1\"  class=\"panel-grid-cell\" ><div id=\"panel-352-1-1-0\" class=\"so-panel widget widget_text panel-first-child panel-last-child\" data-index=\"3\" >\t\t\t<div class=\"textwidget\"><p><a href=\"https:\/\/www.granulati.it\/wp-content\/uploads\/2013\/11\/quarzite-gialla.jpg\"><img class=\"colorbox-352\"  src=\"https:\/\/www.granulati.it\/wp-content\/uploads\/2013\/11\/quarzite-gialla.jpg\" \/><\/a><\/p>\n<h5 style=\"font-size: 15px; color: #006785;\">QUARZITE BRASILIANA GIALLA<\/h5>\n<hr \/>\n<p>(8-20) pcs m2 &#8211; H (0,8-1,5) cm<\/p>\n<p>(8-12) pcs m2 &#8211; H (0,8-1,5) cm<br \/>\n(8-12) pcs m2 &#8211; H (1,5-2,5) cm<br \/>\n(8-12) pcs m2 &#8211; H (1,5-2,5) cm<br \/>\n0,25 m2\/filet[] &#8211; H (1,5-2,5) cm<br \/>\nMat\u00e9riau friable<\/p>\n<\/div>\n\t\t<\/div><\/div><div id=\"pgc-352-1-2\"  class=\"panel-grid-cell\" ><div id=\"panel-352-1-2-0\" class=\"so-panel widget widget_text panel-first-child panel-last-child\" data-index=\"4\" >\t\t\t<div class=\"textwidget\"><p><a href=\"https:\/\/www.granulati.it\/wp-content\/uploads\/2013\/11\/quarzite-argento.jpg\"><img class=\"colorbox-352\"  src=\"https:\/\/www.granulati.it\/wp-content\/uploads\/2013\/11\/quarzite-argento.jpg\" \/><\/a><\/p>\n<h5 style=\"font-size: 15px; color: #006785;\">QUARZITE ARGENTO<\/h5>\n<hr \/>\n<p>(8-12) pcs m2 &#8211; H (1-2) cm<br \/>\n(8-12) pcs m2 &#8211; H (1-2) cm mini pallet<br \/>\n(8-12) pcs m2 &#8211; H (2-3) cm<br \/>\n(1-2)g\u00e9ant pcs m2 H (3-5) cm<br \/>\n0,25 m2\/filet[] &#8211; H (1-2) cm<\/p>\n<\/div>\n\t\t<\/div><\/div><div id=\"pgc-352-1-3\"  class=\"panel-grid-cell\" ><div id=\"panel-352-1-3-0\" class=\"so-panel widget widget_text panel-first-child panel-last-child\" data-index=\"5\" >\t\t\t<div class=\"textwidget\"><p><a href=\"https:\/\/www.granulati.it\/wp-content\/uploads\/2013\/11\/quarzite-naturale.jpg\"><img class=\"colorbox-352\"  src=\"https:\/\/www.granulati.it\/wp-content\/uploads\/2013\/11\/quarzite-naturale.jpg\" \/><\/a><\/p>\n<h5 style=\"font-size: 15px; color: #006785;\">QUARZITE MISTA<\/h5>\n<hr \/>\n<p>(5-10) pcs m2 H (2-3) cm<\/p>\n<\/div>\n\t\t<\/div><\/div><\/div><div id=\"pg-352-2\"  class=\"panel-grid panel-no-style\" ><div id=\"pgc-352-2-0\"  class=\"panel-grid-cell\" ><div id=\"panel-352-2-0-0\" class=\"so-panel widget widget_text panel-first-child panel-last-child\" data-index=\"6\" >\t\t\t<div class=\"textwidget\"><p><a href=\"https:\/\/www.granulati.it\/wp-content\/uploads\/2013\/11\/luserna.jpg\"><img class=\"colorbox-352\"  src=\"https:\/\/www.granulati.it\/wp-content\/uploads\/2013\/11\/luserna.jpg\" \/><\/a><\/p>\n<h5 style=\"font-size: 15px; color: #006785;\">LUSERNA<\/h5>\n<hr \/>\n<p>(8-12) pcs m2 H (1-2) cm<br \/>\n(8-12) pcs m2 H (2-4) cm<br \/>\n(8-12) pcs m2 H (2-4) cm mini pallet<br \/>\n(1-3)g\u00e9ant pcs m2 H (6-8) cm<\/p>\n<\/div>\n\t\t<\/div><\/div><div id=\"pgc-352-2-1\"  class=\"panel-grid-cell\" ><div id=\"panel-352-2-1-0\" class=\"so-panel widget widget_text panel-first-child panel-last-child\" data-index=\"7\" >\t\t\t<div class=\"textwidget\"><p><a href=\"https:\/\/www.granulati.it\/wp-content\/uploads\/2013\/11\/porfido.jpg\"><img class=\"colorbox-352\"  src=\"https:\/\/www.granulati.it\/wp-content\/uploads\/2013\/11\/porfido.jpg\" \/><\/a><\/p>\n<h5 style=\"font-size: 15px; color: #006785;\">PORFIDO MISTO<\/h5>\n<hr \/>\n<p>(8-12) pcs m2 H (1-3) cm mini pallet<br \/>\n(8-12) pcs m2 H (3-5) cm mini pallet<br \/>\n(3-5)g\u00e9ant pcs m2 H (4-6) cm<\/p>\n<\/div>\n\t\t<\/div><\/div><div id=\"pgc-352-2-2\"  class=\"panel-grid-cell\" ><div id=\"panel-352-2-2-0\" class=\"so-panel widget widget_text panel-first-child panel-last-child\" data-index=\"8\" >\t\t\t<div class=\"textwidget\"><p><a href=\"https:\/\/www.granulati.it\/wp-content\/uploads\/2013\/11\/opus-in-quarzite.jpg\"><img class=\"colorbox-352\"  src=\"https:\/\/www.granulati.it\/wp-content\/uploads\/2013\/11\/opus-in-quarzite.jpg\" \/><\/a><\/p>\n<h5 style=\"font-size: 15px; color: #006785;\">BEOLA GRIGIA<\/h5>\n<hr \/>\n<p>(5-10) pcs m2 H (3-6) cm<\/p>\n<\/div>\n\t\t<\/div><\/div><div id=\"pgc-352-2-3\"  class=\"panel-grid-cell\" ><div id=\"panel-352-2-3-0\" class=\"so-panel widget widget_text panel-first-child panel-last-child\" data-index=\"9\" >\t\t\t<div class=\"textwidget\"><p><a href=\"https:\/\/www.granulati.it\/wp-content\/uploads\/2013\/11\/quarzite-finitura-naturale.jpg\"><img class=\"colorbox-352\"  src=\"https:\/\/www.granulati.it\/wp-content\/uploads\/2013\/11\/quarzite-finitura-naturale.jpg\" \/><\/a><\/p>\n<h5 style=\"font-size: 15px; color: #006785;\">TRANI<\/h5>\n<hr \/>\n<p>(8-12)pcs m2 H (1-2) cm<\/p>\n<p>(8-12) pcs m2 H (2-4) cm<br \/>\n(8-12) pcs m2 H (4-6) cm<br \/>\n(2-3)g\u00e9ant pcs m2 H (6-10) cm<br \/>\nBlock step H (10-20) cm<\/p>\n<\/div>\n\t\t<\/div><\/div><\/div><div id=\"pg-352-3\"  class=\"panel-grid panel-no-style\" ><div id=\"pgc-352-3-0\"  class=\"panel-grid-cell\" ><div id=\"panel-352-3-0-0\" class=\"so-panel widget widget_text panel-first-child panel-last-child\" data-index=\"10\" >\t\t\t<div class=\"textwidget\"><p><a href=\"https:\/\/www.granulati.it\/wp-content\/uploads\/2013\/11\/ardesia-nera.jpg\"><img class=\"colorbox-352\"  src=\"http:\/\/www.granulati.it\/wp-content\/uploads\/2021\/04\/ardesia-nera.jpg\" \/><\/a><\/p>\n<h5 style=\"font-size: 15px; color: #006785;\">ARDESIA NERA ITALIANA<\/h5>\n<hr \/>\n<p>(8-12) pcs m2 H (1-2) cm<br \/>\n(5-10) pcs m2 H (2-4) cm<br \/>\n(1-2)g\u00e9ant pcs m2 H (2-4) cm<\/p>\n<\/div>\n\t\t<\/div><\/div><div id=\"pgc-352-3-1\"  class=\"panel-grid-cell\" ><div id=\"panel-352-3-1-0\" class=\"so-panel widget widget_text panel-first-child panel-last-child\" data-index=\"11\" >\t\t\t<div class=\"textwidget\"><p><a href=\"https:\/\/www.granulati.it\/wp-content\/uploads\/2013\/11\/quarzite-anticata.jpg\"><img class=\"colorbox-352\"  src=\"https:\/\/www.granulati.it\/wp-content\/uploads\/2013\/11\/quarzite-anticata.jpg\" \/><\/a><\/p>\n<h5 style=\"font-size: 15px; color: #006785;\">TRANI ANTICATO<\/h5>\n<hr \/>\n<p>(8-12) pcs m2 H (2-4) cm<br \/>\n(8-12) pcs m2 H (4-6) cm<\/p>\n<\/div>\n\t\t<\/div><\/div><div id=\"pgc-352-3-2\"  class=\"panel-grid-cell\" ><div id=\"panel-352-3-2-0\" class=\"so-panel widget widget_text panel-first-child panel-last-child\" data-index=\"12\" >\t\t\t<div class=\"textwidget\"><p><a href=\"https:\/\/www.granulati.it\/wp-content\/uploads\/2013\/11\/quarzite-finitura-anticata.jpg\"><img class=\"colorbox-352\"  src=\"https:\/\/www.granulati.it\/wp-content\/uploads\/2013\/11\/quarzite-finitura-anticata.jpg\" \/><\/a><\/p>\n<h5 style=\"font-size: 15px; color: #006785;\">SPUGNA GIALLA ANTICATA<\/h5>\n<hr \/>\n<p>(8-12) pcs m2 H (4-6) cm<\/p>\n<\/div>\n\t\t<\/div><\/div><div id=\"pgc-352-3-3\"  class=\"panel-grid-cell\" ><div id=\"panel-352-3-3-0\" class=\"so-panel widget widget_text panel-first-child panel-last-child\" data-index=\"13\" >\t\t\t<div class=\"textwidget\"><p><a href=\"https:\/\/www.granulati.it\/wp-content\/uploads\/2013\/11\/quarzite-anticate.jpg\"><img class=\"colorbox-352\"  src=\"https:\/\/www.granulati.it\/wp-content\/uploads\/2013\/11\/quarzite-anticate.jpg\" \/><\/a><\/p>\n<h5 style=\"font-size: 15px; color: #006785;\">QUARZITE MISTA ANTICATA<\/h5>\n<hr \/>\n<p>(8-12) pcs m2 H (2-3) cm<\/p>\n<\/div>\n\t\t<\/div><\/div><\/div><\/div>","protected":false},"excerpt":{"rendered":"<p>OPUS INCERTUM Plaques au format r\u00e9duit, adapt\u00e9es aux rev\u00eatements \u00e0 la fois de sol et muraux, caract\u00e9ris\u00e9es par des formes, des couleurs et des contours irr\u00e9guliers. La particularit\u00e9 de cette forme ancienne de pavement est donn\u00e9e par le caract\u00e8re unique de ses pi\u00e8ces. QUARZITE BRASILIANA ROSA (8-12) pcs m2 &#8211; H (0,8-1,5) cm (8-12) pcs m2 &#8211; H (1,5-2,5) cm (8-12) pcs m2 &#8211; H (1,5-2,5) cm mini pallet 0,25 m2\/filet[] &#8211; H (1,5-2,5) cm Mat\u00e9riau friable QUARZITE BRASILIANA GIALLA (8-20) pcs m2 &#8211; H (0,8-1,5) cm (8-12) pcs m2 &#8211; H (0,8-1,5) cm (8-12) pcs m2 &#8211; H (1,5-2,5) cm (8-12) pcs m2 &#8211; H (1,5-2,5) cm 0,25 m2\/filet[] &#8211; H (1,5-2,5) cm Mat\u00e9riau friable QUARZITE ARGENTO (8-12) pcs m2 &#8211; H (1-2) cm (8-12) pcs m2 &#8211; H (1-2) cm mini pallet (8-12) pcs m2 &#8211; H (2-3) cm (1-2)g\u00e9ant pcs m2 H (3-5) cm 0,25 m2\/filet[] &#8211; H (1-2) cm QUARZITE MISTA (5-10) pcs m2 H (2-3) cm<\/p>\n","protected":false},"author":1,"featured_media":1666,"parent":280,"menu_order":6,"comment_status":"open","ping_status":"closed","template":"page-prodotto-opus.php","meta":{"_links_to":"","_links_to_target":""},"aioseo_notices":[],"_links":{"self":[{"href":"https:\/\/www.granulati.it\/fr\/wp-json\/wp\/v2\/pages\/352"}],"collection":[{"href":"https:\/\/www.granulati.it\/fr\/wp-json\/wp\/v2\/pages"}],"about":[{"href":"https:\/\/www.granulati.it\/fr\/wp-json\/wp\/v2\/types\/page"}],"author":[{"embeddable":true,"href":"https:\/\/www.granulati.it\/fr\/wp-json\/wp\/v2\/users\/1"}],"replies":[{"embeddable":true,"href":"https:\/\/www.granulati.it\/fr\/wp-json\/wp\/v2\/comments?post=352"}],"version-history":[{"count":29,"href":"https:\/\/www.granulati.it\/fr\/wp-json\/wp\/v2\/pages\/352\/revisions"}],"predecessor-version":[{"id":84431,"href":"https:\/\/www.granulati.it\/fr\/wp-json\/wp\/v2\/pages\/352\/revisions\/84431"}],"up":[{"embeddable":true,"href":"https:\/\/www.granulati.it\/fr\/wp-json\/wp\/v2\/pages\/280"}],"wp:featuredmedia":[{"embeddable":true,"href":"https:\/\/www.granulati.it\/fr\/wp-json\/wp\/v2\/media\/1666"}],"wp:attachment":[{"href":"https:\/\/www.granulati.it\/fr\/wp-json\/wp\/v2\/media?parent=352"}],"curies":[{"name":"wp","href":"https:\/\/api.w.org\/{rel}","templated":true}]}}