{"id":32,"date":"2013-05-16T09:28:57","date_gmt":"2013-05-16T07:28:57","guid":{"rendered":"http:\/\/www.granulati.it\/it\/?page_id=32"},"modified":"2025-07-30T15:59:34","modified_gmt":"2025-07-30T13:59:34","slug":"prodotti","status":"publish","type":"page","link":"https:\/\/www.granulati.it\/fr\/produits\/","title":{"rendered":"Produits"},"content":{"rendered":"<div id=\"pl-32\"  class=\"panel-layout\" ><div id=\"pg-32-0\"  class=\"panel-grid panel-has-style\" ><div class=\"panel-row-style panel-row-style-for-32-0\" ><div id=\"pgc-32-0-0\"  class=\"panel-grid-cell\" ><div id=\"panel-32-0-0-0\" class=\"widget_text so-panel widget widget_custom_html panel-first-child\" data-index=\"0\" ><div class=\"textwidget custom-html-widget\"><div style=\"background-color: #006785;\">\n\n\n\n\n\n\n\n<h2 style=\"margin-top:20px; font-size:34px; padding:10px; text-align:center; color:white;\"><strong>PRODUITS DE DESIGN PAYSAGER<\/strong><\/h2>\n\n<\/div><\/div><\/div><div id=\"panel-32-0-0-1\" class=\"widget_text so-panel widget widget_custom_html panel-last-child\" data-index=\"1\" ><div class=\"textwidget custom-html-widget\"><h2 style=\"font-size: 16px; font-family: Raleway;\">\n\t<strong> Galets, granul\u00e9s, monolithes, sols et murs en pierre naturelle et gre <\/strong>, mais aussi <strong> bordures <\/strong> pour le jardin disponibles en diff\u00e9rents mat\u00e9riaux ou <strong> gabions d\u00e9coratifs et fonctionnels <\/strong>. Visitez notre exposition <b>STONE CITY<\/b>, une salle d'exposition permanente de produits d'am\u00e9nagement paysager con\u00e7us pour recr\u00e9er des environnements de styles diff\u00e9rents.<\/h2>\n\n<h3 style=\"color: #006181; font-size: 16px; font-family: Raleway;\"><strong>Combien de sacs de granulats dois-je acheter pour remplir ma surface ?<\/strong><\/h3>\n<h2 style=\"font-size: 16px; font-family: Raleway;\">Utilisez la <strong>CALCULATRICE<\/strong> pour d\u00e9terminer rapidement la quantit\u00e9 de <strong>cailloux<\/strong>, <strong>granul\u00e9s<\/strong> ou pierres ornementales n\u00e9cessaires pour couvrir la surface d'un parterre de fleurs, d'une all\u00e9e , rond-point, cour ou patio.<\/h2>\n<a href=\"http:\/\/www.granulati.it\/it\/calcolatore\/\" target=\"_blank\" rel=\"noopener\"><button style=\"background: #006181; color: white; font-size: 20px; font-family: Raleway, Helvetica, Arial;\">ALLER \u00c0 LA CALCULATRICE<\/button><\/a><\/div><\/div><\/div><\/div><\/div><div id=\"pg-32-1\"  class=\"panel-grid panel-no-style\" ><div id=\"pgc-32-1-0\"  class=\"panel-grid-cell\" ><div id=\"panel-32-1-0-0\" class=\"widget_text so-panel widget widget_custom_html panel-first-child\" data-index=\"2\" ><div class=\"textwidget custom-html-widget\"><a href=\"http:\/\/www.granulati.it\/fr\/produits\/pebbles\/\" target=\"blank\" rel=\"noopener\"><img class=\"colorbox-32\"  src=\"https:\/\/www.granulati.it\/wp-content\/uploads\/2022\/08\/ciottoli-1.gif\"\/><\/a><\/div><\/div><div id=\"panel-32-1-0-1\" class=\"widget_text so-panel widget widget_custom_html\" data-index=\"3\" ><div class=\"textwidget custom-html-widget\"><h2 style=\"text-align:center; margin-bottom:3px;\"><strong>GALETS<\/strong><\/h2><\/div><\/div><div id=\"panel-32-1-0-2\" class=\"widget_text so-panel widget widget_custom_html\" data-index=\"4\" ><div class=\"textwidget custom-html-widget\"><a href=\"https:\/\/www.granulati.it\/fr\/produits\/gravels\/\" target=\"blank\" rel=\"noopener\"><img class=\"colorbox-32\"  src=\"https:\/\/www.granulati.it\/wp-content\/uploads\/2022\/08\/granulati-1.gif\"\/><\/a><\/div><\/div><div id=\"panel-32-1-0-3\" class=\"widget_text so-panel widget widget_custom_html\" data-index=\"5\" ><div class=\"textwidget custom-html-widget\"><h2 style=\"text-align:center; margin-bottom:3px;\"><strong>GRAVIERS<\/strong><\/h2><\/div><\/div><div id=\"panel-32-1-0-4\" class=\"widget_text so-panel widget widget_custom_html\" data-index=\"6\" ><div class=\"textwidget custom-html-widget\"><a href=\"http:\/\/www.sinteredstone.it\/fr\/\" target=\"blank\" rel=\"noopener\"><img class=\"colorbox-32\"  src=\"http:\/\/www.granulati.it\/wp-content\/uploads\/2022\/08\/pietra-sinterizzata-1.gif\"\/><\/a><\/div><\/div><div id=\"panel-32-1-0-5\" class=\"widget_text so-panel widget widget_custom_html\" data-index=\"7\" ><div class=\"textwidget custom-html-widget\"><h2 style=\"text-align:center; margin-bottom:3px;\"><strong>GR\u00c8S C\u00c9RAME<\/strong><\/h2><\/div><\/div><div id=\"panel-32-1-0-6\" class=\"widget_text so-panel widget widget_custom_html\" data-index=\"8\" ><div class=\"textwidget custom-html-widget\"><a href=\"https:\/\/www.granulati.it\/fr\/produits\/monoliths\/\" target=\"blank\" rel=\"noopener\"><img class=\"colorbox-32\"  src=\"http:\/\/www.granulati.it\/wp-content\/uploads\/2022\/08\/monoliti.gif\"\/><\/a><\/div><\/div><div id=\"panel-32-1-0-7\" class=\"widget_text so-panel widget widget_custom_html\" data-index=\"9\" ><div class=\"textwidget custom-html-widget\"><h2 style=\"text-align:center; margin-bottom:3px;\"><strong>MONOLITHES<\/strong><\/h2><\/div><\/div><div id=\"panel-32-1-0-8\" class=\"widget_text so-panel widget widget_custom_html\" data-index=\"10\" ><div class=\"textwidget custom-html-widget\"><a href=\"https:\/\/www.granulati.it\/fr\/produits\/complements-pour-le-jardin-et-la-maison\/\" target=\"blank\" rel=\"noopener\"><img class=\"colorbox-32\"  src=\"http:\/\/www.granulati.it\/wp-content\/uploads\/2022\/08\/garden.gif\"\/><\/a><\/div><\/div><div id=\"panel-32-1-0-9\" class=\"widget_text so-panel widget widget_custom_html panel-last-child\" data-index=\"11\" ><div class=\"textwidget custom-html-widget\"><h2 style=\"text-align:center; margin-bottom:3px;\"><strong>MOBILIER DE JARDIN<\/strong><\/h2><\/div><\/div><\/div><div id=\"pgc-32-1-1\"  class=\"panel-grid-cell\" ><div id=\"panel-32-1-1-0\" class=\"widget_text so-panel widget widget_custom_html panel-first-child\" data-index=\"12\" ><div class=\"textwidget custom-html-widget\"><a href=\"https:\/\/www.granulati.it\/fr\/easi-hold\/\" target=\"blank\" rel=\"noopener\"><img class=\"colorbox-32\"  src=\"http:\/\/www.granulati.it\/wp-content\/uploads\/2025\/05\/easihold.gif\"\/><\/a><\/div><\/div><div id=\"panel-32-1-1-1\" class=\"widget_text so-panel widget widget_custom_html\" data-index=\"13\" ><div class=\"textwidget custom-html-widget\"><h2 style=\"text-align:center; margin-bottom:3px;\"><strong>EASIHOLD<\/strong><\/h2><\/div><\/div><div id=\"panel-32-1-1-2\" class=\"widget_text so-panel widget widget_custom_html\" data-index=\"14\" ><div class=\"textwidget custom-html-widget\"><a href=\"https:\/\/www.granulati.it\/fr\/produits\/pavements-en-pierre-naturelle\/\" target=\"blank\" rel=\"noopener\"><img class=\"colorbox-32\"  src=\"http:\/\/www.granulati.it\/wp-content\/uploads\/2022\/08\/pavimenti-pietra-naturale-1.gif\"\/><\/a><\/div><\/div><div id=\"panel-32-1-1-3\" class=\"widget_text so-panel widget widget_custom_html\" data-index=\"15\" ><div class=\"textwidget custom-html-widget\"><h2 style=\"text-align:center; margin-bottom:3px;\"><strong>PAVAGE EN PIERRE NATURELLE<\/strong><\/h2><\/div><\/div><div id=\"panel-32-1-1-4\" class=\"widget_text so-panel widget widget_custom_html\" data-index=\"16\" ><div class=\"textwidget custom-html-widget\"><a href=\"https:\/\/www.fastbase.it\/\" target=\"blank\" rel=\"noopener\"><img class=\"colorbox-32\"  src=\"http:\/\/www.granulati.it\/wp-content\/uploads\/2025\/05\/fastbase.gif\"\/><\/a><\/div><\/div><div id=\"panel-32-1-1-5\" class=\"widget_text so-panel widget widget_custom_html\" data-index=\"17\" ><div class=\"textwidget custom-html-widget\"><h2 style=\"text-align:center; margin-bottom:3px;\"><strong>FASTBASE<\/strong><\/h2><\/div><\/div><div id=\"panel-32-1-1-6\" class=\"widget_text so-panel widget widget_custom_html\" data-index=\"18\" ><div class=\"textwidget custom-html-widget\"><a href=\"https:\/\/www.granulati.it\/fr\/produits\/murets-blocs-et-revetements\/\" target=\"blank\" rel=\"noopener\"><img class=\"colorbox-32\"  src=\"http:\/\/www.granulati.it\/wp-content\/uploads\/2022\/08\/muretti-2.gif\"\/><\/a><\/div><\/div><div id=\"panel-32-1-1-7\" class=\"widget_text so-panel widget widget_custom_html\" data-index=\"19\" ><div class=\"textwidget custom-html-widget\"><h2 style=\"text-align:center; margin-bottom:3px;\"><strong>MURS ET REV\u00caTEMENTS<\/strong><\/h2><\/div><\/div><div id=\"panel-32-1-1-8\" class=\"widget_text so-panel widget widget_custom_html\" data-index=\"20\" ><div class=\"textwidget custom-html-widget\"><a href=\"https:\/\/www.granulati.it\/fr\/produits\/accessory-products-2\/\" target=\"blank\" rel=\"noopener\"><img class=\"colorbox-32\"  src=\"http:\/\/www.granulati.it\/wp-content\/uploads\/2022\/08\/prodotti-complementari.gif\"\/><\/a><\/div><\/div><div id=\"panel-32-1-1-9\" class=\"widget_text so-panel widget widget_custom_html panel-last-child\" data-index=\"21\" ><div class=\"textwidget custom-html-widget\"><h2 style=\"text-align:center; margin-bottom:3px;\"><strong>PRODUITS COMPL\u00c9MENTAIRES<\/strong><\/h2><\/div><\/div><\/div><\/div><\/div>","protected":false},"excerpt":{"rendered":"<p>PRODUITS DE DESIGN PAYSAGER Galets, granul\u00e9s, monolithes, sols et murs en pierre naturelle et gre , mais aussi bordures pour le jardin disponibles en diff\u00e9rents mat\u00e9riaux ou gabions d\u00e9coratifs et fonctionnels . Visitez notre exposition STONE CITY, une salle d&#8217;exposition permanente de produits d&#8217;am\u00e9nagement paysager con\u00e7us pour recr\u00e9er des environnements de styles diff\u00e9rents. Combien de sacs de granulats dois-je acheter pour remplir ma surface ? Utilisez la CALCULATRICE pour d\u00e9terminer rapidement la quantit\u00e9 de cailloux, granul\u00e9s ou pierres ornementales n\u00e9cessaires pour couvrir la surface d&#8217;un parterre de fleurs, d&#8217;une all\u00e9e , rond-point, cour ou patio. ALLER \u00c0 LA CALCULATRICEGALETSGRAVIERSGR\u00c8S C\u00c9RAMEMONOLITHESMOBILIER DE JARDINEASIHOLDPAVAGE EN PIERRE NATURELLEFASTBASEMURS ET REV\u00caTEMENTSPRODUITS COMPL\u00c9MENTAIRES<\/p>\n","protected":false},"author":1,"featured_media":0,"parent":0,"menu_order":30,"comment_status":"closed","ping_status":"closed","template":"cat_prodotti_home.php","meta":{"_links_to":"","_links_to_target":""},"aioseo_notices":[],"_links":{"self":[{"href":"https:\/\/www.granulati.it\/fr\/wp-json\/wp\/v2\/pages\/32"}],"collection":[{"href":"https:\/\/www.granulati.it\/fr\/wp-json\/wp\/v2\/pages"}],"about":[{"href":"https:\/\/www.granulati.it\/fr\/wp-json\/wp\/v2\/types\/page"}],"author":[{"embeddable":true,"href":"https:\/\/www.granulati.it\/fr\/wp-json\/wp\/v2\/users\/1"}],"replies":[{"embeddable":true,"href":"https:\/\/www.granulati.it\/fr\/wp-json\/wp\/v2\/comments?post=32"}],"version-history":[{"count":121,"href":"https:\/\/www.granulati.it\/fr\/wp-json\/wp\/v2\/pages\/32\/revisions"}],"predecessor-version":[{"id":81698,"href":"https:\/\/www.granulati.it\/fr\/wp-json\/wp\/v2\/pages\/32\/revisions\/81698"}],"wp:attachment":[{"href":"https:\/\/www.granulati.it\/fr\/wp-json\/wp\/v2\/media?parent=32"}],"curies":[{"name":"wp","href":"https:\/\/api.w.org\/{rel}","templated":true}]}}