{"id":308,"date":"2013-06-11T11:35:21","date_gmt":"2013-06-11T09:35:21","guid":{"rendered":"http:\/\/www.granulati.it\/it\/?page_id=308"},"modified":"2026-03-31T09:37:35","modified_gmt":"2026-03-31T07:37:35","slug":"nero-ebano","status":"publish","type":"page","link":"https:\/\/www.granulati.it\/fr\/produits\/gravels\/granulats-de-marbre-porphyre-et-granite\/italiano-nero-ebano\/","title":{"rendered":"Gravier Nero Ebano"},"content":{"rendered":"<p><a href=\"https:\/\/www.granulati.it\/fr\/download\/\" target=\"_self\" class=\"gdl-button shortcode-medium-button\" style=\"color:#ffffff; background-color:#006785; border-color:#00627e; \"><strong> T\u00c9L\u00c9CHARGER LE CATALOGUE <\/strong><\/a><\/p>\n<p><a href=\"http:\/\/www.granulati.it\/wp-content\/uploads\/2026\/03\/gneroebano26.jpg\"><img class=\"colorbox-308\"  src=\"http:\/\/www.granulati.it\/wp-content\/uploads\/2026\/03\/gneroebano26.jpg\" \/><\/a><br \/>\n<a href=\"http:\/\/www.granulati.it\/wp-content\/uploads\/2022\/03\/nero-ebano2.jpg\"><img class=\"colorbox-308\"  src=\"http:\/\/www.granulati.it\/wp-content\/uploads\/2022\/03\/nero-ebano2.jpg\" alt=\"granulati nero ebano\" \/><\/a><br \/>\n<a href=\"http:\/\/www.granulati.it\/wp-content\/uploads\/2026\/03\/gneroebano26_2.jpg\"><img class=\"alignnone colorbox-308\" src=\"http:\/\/www.granulati.it\/wp-content\/uploads\/2026\/03\/gneroebano26_2.jpg\" \n\n\n<p style=\"font-size: 18px;\">Nos produits ont une coloration naturelle, de diff\u00e9rentes intensit\u00e9s et diff\u00e9rentes m\u00e9sures en fonction de la gen\u00e8se des roches. Certains produits peuvent appara\u00eetre dand une couleur plus fonc\u00e9e quand ils sont humides.<\/p>\n<p><a href=\"http:\/\/www.granulati.it\/wp-content\/uploads\/2023\/05\/GranulatiNero-Ebano-Dry-Wet.jpg\"><img class=\"colorbox-308\"  src=\"http:\/\/www.granulati.it\/wp-content\/uploads\/2023\/05\/GranulatiNero-Ebano-Dry-Wet.jpg\" alt=\"ciottolo nero ebano\" \/><\/a><\/p>","protected":false},"excerpt":{"rendered":"","protected":false},"author":1,"featured_media":309,"parent":39,"menu_order":16,"comment_status":"open","ping_status":"open","template":"","meta":{"_links_to":"","_links_to_target":""},"aioseo_notices":[],"_links":{"self":[{"href":"https:\/\/www.granulati.it\/fr\/wp-json\/wp\/v2\/pages\/308"}],"collection":[{"href":"https:\/\/www.granulati.it\/fr\/wp-json\/wp\/v2\/pages"}],"about":[{"href":"https:\/\/www.granulati.it\/fr\/wp-json\/wp\/v2\/types\/page"}],"author":[{"embeddable":true,"href":"https:\/\/www.granulati.it\/fr\/wp-json\/wp\/v2\/users\/1"}],"replies":[{"embeddable":true,"href":"https:\/\/www.granulati.it\/fr\/wp-json\/wp\/v2\/comments?post=308"}],"version-history":[{"count":12,"href":"https:\/\/www.granulati.it\/fr\/wp-json\/wp\/v2\/pages\/308\/revisions"}],"predecessor-version":[{"id":84356,"href":"https:\/\/www.granulati.it\/fr\/wp-json\/wp\/v2\/pages\/308\/revisions\/84356"}],"up":[{"embeddable":true,"href":"https:\/\/www.granulati.it\/fr\/wp-json\/wp\/v2\/pages\/39"}],"wp:featuredmedia":[{"embeddable":true,"href":"https:\/\/www.granulati.it\/fr\/wp-json\/wp\/v2\/media\/309"}],"wp:attachment":[{"href":"https:\/\/www.granulati.it\/fr\/wp-json\/wp\/v2\/media?parent=308"}],"curies":[{"name":"wp","href":"https:\/\/api.w.org\/{rel}","templated":true}]}}