{"id":284,"date":"2013-06-07T16:22:25","date_gmt":"2013-06-07T14:22:25","guid":{"rendered":"http:\/\/www.granulati.it\/it\/?page_id=284"},"modified":"2025-07-14T17:36:36","modified_gmt":"2025-07-14T15:36:36","slug":"servizi-e-prodotti-complementari","status":"publish","type":"page","link":"https:\/\/www.granulati.it\/fr\/produits\/accessory-products-2\/","title":{"rendered":"Construction et compl\u00e9mentaire"},"content":{"rendered":"<div id=\"pl-284\"  class=\"panel-layout\" ><div id=\"pg-284-0\"  class=\"panel-grid panel-no-style\" ><div id=\"pgc-284-0-0\"  class=\"panel-grid-cell\" ><div id=\"panel-284-0-0-0\" class=\"so-panel widget widget_text panel-first-child panel-last-child\" data-index=\"0\" >\t\t\t<div class=\"textwidget\"><div style=\"background-color: #006785; height: 50px; padding-left:20px\">\n<h1 style=\"padding-top: 10px;\"><span style=\"color: white;\">IMMEUBLE ET COMPLEMENTAIRE<\/span><\/h1>\n<\/div>\n<\/div>\n\t\t<\/div><\/div><\/div><div id=\"pg-284-1\"  class=\"panel-grid panel-no-style\" ><div id=\"pgc-284-1-0\"  class=\"panel-grid-cell\" ><div id=\"panel-284-1-0-0\" class=\"so-panel widget widget_text panel-first-child panel-last-child\" data-index=\"1\" >\t\t\t<div class=\"textwidget\"><\/div>\n\t\t<\/div><\/div><\/div><div id=\"pg-284-2\"  class=\"panel-grid panel-no-style\" ><div id=\"pgc-284-2-0\"  class=\"panel-grid-cell\" ><div id=\"panel-284-2-0-0\" class=\"so-panel widget widget_text panel-first-child panel-last-child\" data-index=\"2\" >\t\t\t<div class=\"textwidget\"><\/p>\n<p><a href=\"https:\/\/www.fastbase.it\/\"><img loading=\"lazy\" class=\"alignnone wp-image-79209 size-full colorbox-284\" src=\"http:\/\/www.granulati.it\/wp-content\/uploads\/2025\/02\/fastbase-272x182-1-1.jpg\" alt=\"\" width=\"300\" height=\"200\" \/><\/a><\/p>\n<h1 style=\"font-size: 25px; color: #006785;\"><strong>FAST BASE<\/strong><\/h1>\n<hr \/>\n<p style=\"text-align: justify;\"><span style=\"font-family: 'Lucida Grande', Verdana, Arial, Helvetica, sans-serif;\">FAST BASE est la nouvelle g\u00e9n\u00e9ration de syst\u00e8me de pose fait avec des panneaux haute densit\u00e9 qui remplacent les installations traditionnelles \u00e0 base de granulats compact\u00e9s.<\/span><\/p>\n<p style=\"text-align: justify;\"><span style=\"font-family: 'Lucida Grande', Verdana, Arial, Helvetica, sans-serif;\">\u00a0<\/span><\/p>\n<p><a href=\"https:\/\/www.fastbase.it\/\" target=\"blank;\" rel=\"noopener\"><input style=\"color: white; background-color: #006785;\" name=\"button\" type=\"submit\" value=\"En savoir plus\" \/><\/a><\/p>\n<\/div>\n\t\t<\/div><\/div><div id=\"pgc-284-2-1\"  class=\"panel-grid-cell\" ><div id=\"panel-284-2-1-0\" class=\"so-panel widget widget_text panel-first-child panel-last-child\" data-index=\"3\" >\t\t\t<div class=\"textwidget\"><\/p>\n<p><a href=\"https:\/\/www.granulati.it\/fr\/easi-hold\/\" target=\"_blank\" rel=\"noopener\"><img loading=\"lazy\" class=\"alignnone wp-image-79209 size-full colorbox-284\" src=\"http:\/\/www.granulati.it\/wp-content\/uploads\/2024\/11\/easihold.jpg\" alt=\"\" width=\"300\" height=\"200\" srcset=\"https:\/\/www.granulati.it\/wp-content\/uploads\/2024\/11\/easihold.jpg 300w, https:\/\/www.granulati.it\/wp-content\/uploads\/2024\/11\/easihold-75x50.jpg 75w, https:\/\/www.granulati.it\/wp-content\/uploads\/2024\/11\/easihold-272x182.jpg 272w\" sizes=\"(max-width: 300px) 100vw, 300px\" \/><\/a><\/p>\n<h1 style=\"font-size: 25px; color: #006785;\"><strong>EASIHOLD<\/strong><\/h1>\n<hr \/>\n<p style=\"text-align: justify;\"><span style=\"font-family: 'Lucida Grande', Verdana, Arial, Helvetica, sans-serif;\">Easihold est parfait pour arr\u00eater les cailloux sur les all\u00e9es de gravier et les surfaces d\u00e9coratives. Avec Easihold, les galets re\u00e7oivent imm\u00e9diatement une couche protectrice contre les taches et la d\u00e9coloration. C&#8217;est un liant \u00e0 base d&#8217;eau et ne contient pas de substances toxiques. Apr\u00e8s avoir appliqu\u00e9 le liquide, l&#8217;eau s&#8217;\u00e9vapore. Easihold fait son travail.<\/span><\/p>\n<p style=\"text-align: justify;\"><span style=\"font-family: 'Lucida Grande', Verdana, Arial, Helvetica, sans-serif;\">\u00a0<\/span><\/p>\n<p><a href=\"https:\/\/www.granulati.it\/en\/easi-hold\/\" target=\"blank;\" rel=\"noopener\"><input style=\"color: white; background-color: #006785;\" name=\"button\" type=\"submit\" value=\"VIEW MORE\" \/><\/a><\/p>\n<\/div>\n\t\t<\/div><\/div><div id=\"pgc-284-2-2\"  class=\"panel-grid-cell\" ><div id=\"panel-284-2-2-0\" class=\"so-panel widget widget_text panel-first-child panel-last-child\" data-index=\"4\" >\t\t\t<div class=\"textwidget\"><p><a href=\"https:\/\/www.granulati.it\/fr\/produits\/accessory-products-2\/bordure\/\" target=\"blank;\" rel=\"noopener\"><img loading=\"lazy\" class=\"alignnone size-medium wp-image-23031 colorbox-284\" src=\"http:\/\/www.granulati.it\/wp-content\/uploads\/2022\/08\/bordura.jpg\" alt=\"\" width=\"300\" height=\"200\" \/><\/a><\/p>\n<h1 style=\"font-size: 25px; color: #006785;\"><strong>BORDURES<\/strong><\/h1>\n<hr \/>\n<p style=\"text-align: justify;\"><span style=\"font-family: 'Lucida Grande', Verdana, Arial, Helvetica, sans-serif;\">Bordures qui permet de d\u00e9limiter les pavements et les parterre de fleurs, pour s\u00e9parer nettement les d\u00e9corations r\u00e9alis\u00e9es en toute sorte de gravillons ou de cailloutis.<br \/>\n<\/span><\/p>\n<p><a href=\"https:\/\/www.granulati.it\/fr\/produits\/accessory-products-2\/bordure\/\" target=\"blank;\" rel=\"noopener\"><input style=\"color: white; background-color: #006785;\" name=\"button\" type=\"submit\" value=\"VIEW MORE\" \/><\/a><\/p>\n<\/div>\n\t\t<\/div><\/div><\/div><div id=\"pg-284-3\"  class=\"panel-grid panel-no-style\" ><div id=\"pgc-284-3-0\"  class=\"panel-grid-cell\" ><div id=\"panel-284-3-0-0\" class=\"so-panel widget widget_text panel-first-child panel-last-child\" data-index=\"5\" >\t\t\t<div class=\"textwidget\"><p><a href=\"https:\/\/www.gravelfix.it\/fr\/\" target=\"blank;\" rel=\"noopener\"><img loading=\"lazy\" class=\"alignnone size-medium wp-image-41113 colorbox-284\" src=\"https:\/\/www.granulati.it\/wp-content\/uploads\/2018\/05\/Gravelfix-300x200.jpg\" alt=\"\" width=\"300\" height=\"200\" srcset=\"https:\/\/www.granulati.it\/wp-content\/uploads\/2018\/05\/Gravelfix-300x200.jpg 300w, https:\/\/www.granulati.it\/wp-content\/uploads\/2018\/05\/Gravelfix-75x50.jpg 75w, https:\/\/www.granulati.it\/wp-content\/uploads\/2018\/05\/Gravelfix-768x512.jpg 768w, https:\/\/www.granulati.it\/wp-content\/uploads\/2018\/05\/Gravelfix-1024x683.jpg 1024w, https:\/\/www.granulati.it\/wp-content\/uploads\/2018\/05\/Gravelfix.jpg 1147w\" sizes=\"(max-width: 300px) 100vw, 300px\" \/><\/a><\/p>\n<h1 style=\"font-size: 25px; color: #006785;\"><strong>GRAVELFIX<\/strong><br \/>\nla structure alv\u00e9olaire<\/h1>\n<hr \/>\n<p style=\"text-align: justify;\"><span style=\"font-family: 'Lucida Grande', Verdana, Arial, Helvetica, sans-serif;\">C&#8217;est la solution recommand\u00e9e pour stabiliser les granul\u00e9s d\u00e9coratifs et les cailloux et obtenir les meilleurs r\u00e9sultats pour un rev\u00eatement \u00e9conomique, stable et durable.<br \/>\n<\/span><\/p>\n<p><a href=\"https:\/\/www.gravelfix.it\/fr\/\" target=\"blank;\" rel=\"noopener\"><input style=\"color: white; background-color: #006785;\" name=\"button\" type=\"submit\" value=\"VIEW MORE\" \/><\/a><\/p>\n<\/div>\n\t\t<\/div><\/div><div id=\"pgc-284-3-1\"  class=\"panel-grid-cell\" ><div id=\"panel-284-3-1-0\" class=\"so-panel widget widget_text panel-first-child panel-last-child\" data-index=\"6\" >\t\t\t<div class=\"textwidget\"><p><a href=\"https:\/\/www.granulati.it\/fr\/produits\/accessory-products-2\/calcestre\/\" target=\"blank;\" rel=\"noopener\"><img loading=\"lazy\" class=\"alignnone size-medium wp-image-23140 colorbox-284\" src=\"https:\/\/www.granulati.it\/wp-content\/uploads\/2013\/06\/Calcestre-logo-1-300x200.jpg\" alt=\"\" width=\"300\" height=\"200\" srcset=\"https:\/\/www.granulati.it\/wp-content\/uploads\/2013\/06\/Calcestre-logo-1-300x200.jpg 300w, https:\/\/www.granulati.it\/wp-content\/uploads\/2013\/06\/Calcestre-logo-1-75x50.jpg 75w, https:\/\/www.granulati.it\/wp-content\/uploads\/2013\/06\/Calcestre-logo-1-768x512.jpg 768w, https:\/\/www.granulati.it\/wp-content\/uploads\/2013\/06\/Calcestre-logo-1-1024x683.jpg 1024w, https:\/\/www.granulati.it\/wp-content\/uploads\/2013\/06\/Calcestre-logo-1.jpg 1147w\" sizes=\"(max-width: 300px) 100vw, 300px\" \/><\/a><\/p>\n<h1 style=\"font-size: 25px; color: #006785;\"><strong>CALCESTRE <\/strong><br \/>\net ZANDOBBIO STABILIS\u00c9<\/h1>\n<hr \/>\n<p style=\"text-align: justify;\"><span style=\"font-family: 'Lucida Grande', Verdana, Arial, Helvetica, sans-serif;\">Stabilized natural material, the ideal product to create outdoor paving, pedestrian, aesthetic dirt roads and cycle paths.<br \/>\n<\/span><\/p>\n<p><a href=\"https:\/\/www.granulati.it\/fr\/produits\/accessory-products-2\/calcestre\/\" target=\"blank;\" rel=\"noopener\"><input style=\"color: white; background-color: #006785;\" name=\"button\" type=\"submit\" value=\"VIEW MORE\" \/><\/a><\/p>\n<\/div>\n\t\t<\/div><\/div><div id=\"pgc-284-3-2\"  class=\"panel-grid-cell\" ><div id=\"panel-284-3-2-0\" class=\"so-panel widget widget_text panel-first-child panel-last-child\" data-index=\"7\" >\t\t\t<div class=\"textwidget\"><p><a href=\"https:\/\/www.granulati.it\/fr\/produits\/accessory-products-2\/pamidre-2\/\" target=\"blank;\" rel=\"noopener\"><img loading=\"lazy\" class=\"alignnone size-medium wp-image-23032 colorbox-284\" src=\"https:\/\/www.granulati.it\/wp-content\/uploads\/2013\/06\/giardino-granulati-zandobbio-300x200.jpg\" alt=\"\" width=\"300\" height=\"200\" srcset=\"https:\/\/www.granulati.it\/wp-content\/uploads\/2013\/06\/giardino-granulati-zandobbio-300x200.jpg 300w, https:\/\/www.granulati.it\/wp-content\/uploads\/2013\/06\/giardino-granulati-zandobbio-75x50.jpg 75w, https:\/\/www.granulati.it\/wp-content\/uploads\/2013\/06\/giardino-granulati-zandobbio-768x512.jpg 768w, https:\/\/www.granulati.it\/wp-content\/uploads\/2013\/06\/giardino-granulati-zandobbio-1024x683.jpg 1024w, https:\/\/www.granulati.it\/wp-content\/uploads\/2013\/06\/giardino-granulati-zandobbio.jpg 1342w\" sizes=\"(max-width: 300px) 100vw, 300px\" \/><\/a><\/p>\n<h1 style=\"font-size: 25px; color: #006785;\"><strong>PAMIDRE<\/strong><br \/>\npaillage drainant<\/h1>\n<hr \/>\n<p style=\"text-align: justify;\"><span style=\"font-family: 'Lucida Grande', Verdana, Arial, Helvetica, sans-serif;\">Est une couche de mat\u00e9riau min\u00e9ral qui se positionne dans les plates-bandes ou autour de la tige des arbustes pour \u00e9viter la croissance excessive de plantes invasives.<br \/>\n<\/span><\/p>\n<p><a href=\"https:\/\/www.granulati.it\/fr\/produits\/accessory-products-2\/pamidre-2\/\" target=\"blank;\" rel=\"noopener\"><input style=\"color: white; background-color: #006785;\" name=\"button\" type=\"submit\" value=\"VIEW MORE\" \/><\/a><\/p>\n<\/div>\n\t\t<\/div><\/div><\/div><div id=\"pg-284-4\"  class=\"panel-grid panel-no-style\" ><div id=\"pgc-284-4-0\"  class=\"panel-grid-cell\" ><div id=\"panel-284-4-0-0\" class=\"so-panel widget widget_text panel-first-child panel-last-child\" data-index=\"8\" >\t\t\t<div class=\"textwidget\"><p><a href=\"https:\/\/www.granulati.it\/fr\/produits\/accessory-products-2\/babysand\/\" target=\"blank;\" rel=\"noopener\"><img loading=\"lazy\" class=\"alignnone size-medium wp-image-41124 colorbox-284\" src=\"https:\/\/www.granulati.it\/wp-content\/uploads\/2018\/05\/babysand-300x200.jpg\" alt=\"\" width=\"300\" height=\"200\" srcset=\"https:\/\/www.granulati.it\/wp-content\/uploads\/2018\/05\/babysand-300x200.jpg 300w, https:\/\/www.granulati.it\/wp-content\/uploads\/2018\/05\/babysand-75x50.jpg 75w, https:\/\/www.granulati.it\/wp-content\/uploads\/2018\/05\/babysand-768x512.jpg 768w, https:\/\/www.granulati.it\/wp-content\/uploads\/2018\/05\/babysand-1024x683.jpg 1024w, https:\/\/www.granulati.it\/wp-content\/uploads\/2018\/05\/babysand.jpg 1147w\" sizes=\"(max-width: 300px) 100vw, 300px\" \/><\/a><\/p>\n<h1 style=\"font-size: 25px; color: #006785;\"><strong>BABYSAND<\/strong><br \/>\nsable pour enfants<\/h1>\n<hr \/>\n<p style=\"text-align: justify;\"><span style=\"font-family: 'Lucida Grande', Verdana, Arial, Helvetica, sans-serif;\">Le sable pour enfants est un produit naturel et \u00e9cologique, r\u00e9alis\u00e9 pour garantir des conditions optimales aussi bien du point de vue hygi\u00e9nique que du point de vue de la s\u00e9curit\u00e9.<br \/>\n<\/span><\/p>\n<p><a href=\"https:\/\/www.granulati.it\/fr\/produits\/accessory-products-2\/babysand\/\" target=\"blank;\" rel=\"noopener\"><input style=\"color: white; background-color: #006785;\" name=\"button\" type=\"submit\" value=\"VIEW MORE\" \/><\/a><\/p>\n<\/div>\n\t\t<\/div><\/div><div id=\"pgc-284-4-1\"  class=\"panel-grid-cell\" ><div id=\"panel-284-4-1-0\" class=\"so-panel widget widget_text panel-first-child panel-last-child\" data-index=\"9\" >\t\t\t<div class=\"textwidget\"><p><a href=\"https:\/\/www.granulati.it\/fr\/produits\/accessory-products-2\/sabbia-al-quarzo\/\" target=\"blank;\" rel=\"noopener\"><img loading=\"lazy\" class=\"alignnone size-medium wp-image-41123 colorbox-284\" src=\"https:\/\/www.granulati.it\/wp-content\/uploads\/2018\/05\/sabbia-quarzo-300x200.jpg\" alt=\"\" width=\"300\" height=\"200\" srcset=\"https:\/\/www.granulati.it\/wp-content\/uploads\/2018\/05\/sabbia-quarzo-300x200.jpg 300w, https:\/\/www.granulati.it\/wp-content\/uploads\/2018\/05\/sabbia-quarzo-75x50.jpg 75w, https:\/\/www.granulati.it\/wp-content\/uploads\/2018\/05\/sabbia-quarzo-768x512.jpg 768w, https:\/\/www.granulati.it\/wp-content\/uploads\/2018\/05\/sabbia-quarzo-1024x683.jpg 1024w, https:\/\/www.granulati.it\/wp-content\/uploads\/2018\/05\/sabbia-quarzo.jpg 1147w\" sizes=\"(max-width: 300px) 100vw, 300px\" \/><\/a><\/p>\n<h1 style=\"font-size: 25px; color: #006785;\"><strong>Quartz<\/strong><br \/>\nsablages<\/h1>\n<hr \/>\n<p style=\"text-align: justify;\"><span style=\"font-family: 'Lucida Grande', Verdana, Arial, Helvetica, sans-serif;\">C\u2019est un sable siliceux sph\u00e9rique, utilis\u00e9 pour les filtres de l\u2019eau pr\u00e9sents dans les piscines ou dans les \u00e9purateurs, afin de retenir les particules solides suspendues dans l\u2019eau.<br \/>\n<\/span><\/p>\n<p><a href=\"https:\/\/www.granulati.it\/fr\/produits\/accessory-products-2\/sabbia-al-quarzo\/\" target=\"blank;\" rel=\"noopener\"><input style=\"color: white; background-color: #006785;\" name=\"button\" type=\"submit\" value=\"VIEW MORE\" \/><\/a><\/p>\n<\/div>\n\t\t<\/div><\/div><div id=\"pgc-284-4-2\"  class=\"panel-grid-cell\" ><div id=\"panel-284-4-2-0\" class=\"so-panel widget widget_text panel-first-child panel-last-child\" data-index=\"10\" >\t\t\t<div class=\"textwidget\"><p><a href=\"https:\/\/www.granulati.it\/fr\/produits\/accessory-products-2\/edilizia\/\" target=\"blank;\" rel=\"noopener\"><img loading=\"lazy\" class=\"alignnone size-medium wp-image-41123 colorbox-284\" src=\"http:\/\/www.granulati.it\/wp-content\/uploads\/2022\/12\/edilizia.jpg\" alt=\"\" width=\"300\" height=\"200\" \/><\/a><\/p>\n<h1 style=\"font-size: 25px; color: #006785;\"><strong>Partie <\/strong><br \/>\nb\u00e2timent<\/h1>\n<hr \/>\n<p style=\"text-align: justify;\"><span style=\"font-family: 'Lucida Grande', Verdana, Arial, Helvetica, sans-serif;\">Agr\u00e9gats utiles dans les travaux de construction.<br \/>\n<\/span><\/p>\n<p><a href=\"https:\/\/www.granulati.it\/fr\/produits\/accessory-products-2\/edilizia\/\" target=\"blank;\" rel=\"noopener\"><input style=\"color: white; background-color: #006785;\" name=\"button\" type=\"submit\" value=\"VIEW MORE\" \/><\/a><\/p>\n<\/div>\n\t\t<\/div><\/div><\/div><div id=\"pg-284-5\"  class=\"panel-grid panel-no-style\" ><div id=\"pgc-284-5-0\"  class=\"panel-grid-cell\" ><div id=\"panel-284-5-0-0\" class=\"so-panel widget widget_text panel-first-child panel-last-child\" data-index=\"11\" >\t\t\t<div class=\"textwidget\"><p><a href=\"https:\/\/www.granulati.it\/fr\/produits\/accessory-products-2\/dan-sand\/\" target=\"blank;\" rel=\"noopener\"><img loading=\"lazy\" class=\"alignnone size-medium wp-image-41121 colorbox-284\" src=\"https:\/\/www.granulati.it\/wp-content\/uploads\/2018\/05\/DASAND-300x200.jpg\" alt=\"\" width=\"300\" height=\"200\" srcset=\"https:\/\/www.granulati.it\/wp-content\/uploads\/2018\/05\/DASAND-300x200.jpg 300w, https:\/\/www.granulati.it\/wp-content\/uploads\/2018\/05\/DASAND-75x50.jpg 75w, https:\/\/www.granulati.it\/wp-content\/uploads\/2018\/05\/DASAND-768x512.jpg 768w, https:\/\/www.granulati.it\/wp-content\/uploads\/2018\/05\/DASAND-1024x683.jpg 1024w, https:\/\/www.granulati.it\/wp-content\/uploads\/2018\/05\/DASAND.jpg 1147w\" sizes=\"(max-width: 300px) 100vw, 300px\" \/><\/a><\/p>\n<h1 style=\"font-size: 25px; color: #006785;\"><strong>DANSAND<\/strong><br \/>\nsable anti-herbe<\/h1>\n<hr \/>\n<p style=\"text-align: justify;\"><span style=\"font-family: 'Lucida Grande', Verdana, Arial, Helvetica, sans-serif;\">Deux typologies de sables pour emp\u00eacher d\u00e9finitivement la croissance des mauvaises herbes dans les rainures et dans les jointures des pavements.<br \/>\n<\/span><\/p>\n<p><a href=\"https:\/\/www.granulati.it\/fr\/produits\/accessory-products-2\/dan-sand\/\" target=\"blank;\" rel=\"noopener\"><input style=\"color: white; background-color: #006785;\" name=\"button\" type=\"submit\" value=\"VIEW MORE\" \/><\/a><\/p>\n<\/div>\n\t\t<\/div><\/div><div id=\"pgc-284-5-1\"  class=\"panel-grid-cell\" ><div id=\"panel-284-5-1-0\" class=\"so-panel widget widget_text panel-first-child panel-last-child\" data-index=\"12\" >\t\t\t<div class=\"textwidget\"><p><a href=\"https:\/\/www.granulati.it\/fr\/produits\/accessory-products-2\/rekord\/\" target=\"blank;\" rel=\"noopener\"><img loading=\"lazy\" class=\"alignnone size-medium wp-image-41114 colorbox-284\" src=\"https:\/\/www.granulati.it\/wp-content\/uploads\/2018\/05\/Record-300x200.jpg\" alt=\"\" width=\"300\" height=\"200\" srcset=\"https:\/\/www.granulati.it\/wp-content\/uploads\/2018\/05\/Record-300x200.jpg 300w, https:\/\/www.granulati.it\/wp-content\/uploads\/2018\/05\/Record-75x50.jpg 75w, https:\/\/www.granulati.it\/wp-content\/uploads\/2018\/05\/Record-768x512.jpg 768w, https:\/\/www.granulati.it\/wp-content\/uploads\/2018\/05\/Record-1024x683.jpg 1024w, https:\/\/www.granulati.it\/wp-content\/uploads\/2018\/05\/Record.jpg 1147w\" sizes=\"(max-width: 300px) 100vw, 300px\" \/><\/a><\/p>\n<h1 style=\"font-size: 25px; color: #006785;\"><strong>REKORD<\/strong><br \/>\nla tuile<\/h1>\n<hr \/>\n<p style=\"text-align: justify;\"><span style=\"font-family: 'Lucida Grande', Verdana, Arial, Helvetica, sans-serif;\">Un produit \u00e0 100% d\u2019origine naturelle mais, contrairement au bois qui br\u00fble rapidement, la briquette REKORD br\u00fble lentement en rel\u00e2chant de la chaleur de fa\u00e7on constante pendant une p\u00e9riode prolong\u00e9e, garantissant des valeurs \u00e9lev\u00e9es de combustion.<br \/>\n<\/span><\/p>\n<p><a href=\"https:\/\/www.granulati.it\/fr\/produits\/accessory-products-2\/rekord\/\" target=\"blank;\" rel=\"noopener\"><input style=\"color: white; background-color: #006785;\" name=\"button\" type=\"submit\" value=\"VIEW MORE\" \/><\/a><\/p>\n<\/div>\n\t\t<\/div><\/div><div id=\"pgc-284-5-2\"  class=\"panel-grid-cell\" ><div id=\"panel-284-5-2-0\" class=\"so-panel widget widget_text panel-first-child panel-last-child\" data-index=\"13\" >\t\t\t<div class=\"textwidget\"><p><a href=\"https:\/\/www.granulati.it\/fr\/produits\/accessory-products-2\/sale\/\" target=\"blank;\" rel=\"noopener\"><img loading=\"lazy\" class=\"alignnone size-medium wp-image-41122 colorbox-284\" src=\"https:\/\/www.granulati.it\/wp-content\/uploads\/2018\/05\/Sale-neve-300x200.jpg\" alt=\"\" width=\"300\" height=\"200\" srcset=\"https:\/\/www.granulati.it\/wp-content\/uploads\/2018\/05\/Sale-neve-300x200.jpg 300w, https:\/\/www.granulati.it\/wp-content\/uploads\/2018\/05\/Sale-neve-75x50.jpg 75w, https:\/\/www.granulati.it\/wp-content\/uploads\/2018\/05\/Sale-neve-768x512.jpg 768w, https:\/\/www.granulati.it\/wp-content\/uploads\/2018\/05\/Sale-neve-1024x683.jpg 1024w, https:\/\/www.granulati.it\/wp-content\/uploads\/2018\/05\/Sale-neve.jpg 1147w\" sizes=\"(max-width: 300px) 100vw, 300px\" \/><\/a><\/p>\n<h1 style=\"font-size: 25px; color: #006785;\"><strong>S\u00c8L<\/strong><br \/>\nde deneigement<\/h1>\n<hr \/>\n<p style=\"text-align: justify;\"><span style=\"font-family: 'Lucida Grande', Verdana, Arial, Helvetica, sans-serif;\">Le sel (Chlorure de Sodium, NaCl) est un des produits davantage utilis\u00e9s pour faire fondre la neige et la glace du sol.<br \/>\n<\/span><\/p>\n<p><a href=\"https:\/\/www.granulati.it\/fr\/produits\/accessory-products-2\/sale\/\" target=\"blank;\" rel=\"noopener\"><input style=\"color: white; background-color: #006785;\" name=\"button\" type=\"submit\" value=\"VIEW MORE\" \/><\/a><\/p>\n<\/div>\n\t\t<\/div><\/div><\/div><div id=\"pg-284-6\"  class=\"panel-grid panel-no-style\" ><div id=\"pgc-284-6-0\"  class=\"panel-grid-cell\" ><div id=\"panel-284-6-0-0\" class=\"so-panel widget widget_text panel-first-child panel-last-child\" data-index=\"14\" >\t\t\t<div class=\"textwidget\"><p><a href=\"https:\/\/www.granulati.it\/fr\/produits\/accessory-products-2\/inerti-per-resine\/\" target=\"blank;\" rel=\"noopener\"><img loading=\"lazy\" class=\"alignnone size-medium wp-image-41121 colorbox-284\" src=\"http:\/\/www.granulati.it\/wp-content\/uploads\/2022\/06\/inerti-per-resine.jpg\" alt=\"\" width=\"300\" height=\"200\" \/><\/a><\/p>\n<h1 style=\"font-size: 25px; color: #006785;\"><strong>GRANULATS <\/strong><br \/>\nPOUR LIANTS DE R\u00c9SINE<\/h1>\n<hr \/>\n<p style=\"text-align: justify;\"><span style=\"font-family: 'Lucida Grande', Verdana, Arial, Helvetica, sans-serif;\">Cailloux et granul\u00e9s disponibles pour une utilisation dans le traitement de la r\u00e9sine.<br \/>\n<\/span><\/p>\n<p><a href=\"https:\/\/www.granulati.it\/fr\/produits\/accessory-products-2\/inerti-per-resine\/\" target=\"blank;\" rel=\"noopener\"><input style=\"color: white; background-color: #006785;\" name=\"button\" type=\"submit\" value=\"VIEW MORE\" \/><\/a><\/p>\n<\/div>\n\t\t<\/div><\/div><div id=\"pgc-284-6-1\"  class=\"panel-grid-cell panel-grid-cell-empty panel-grid-cell-mobile-last\" ><\/div><div id=\"pgc-284-6-2\"  class=\"panel-grid-cell panel-grid-cell-empty\" ><\/div><\/div><\/div>","protected":false},"excerpt":{"rendered":"<p>IMMEUBLE ET COMPLEMENTAIRE<\/p>\n","protected":false},"author":1,"featured_media":469,"parent":32,"menu_order":36,"comment_status":"open","ping_status":"open","template":"page-cat_prodotti.php","meta":{"_links_to":"","_links_to_target":""},"aioseo_notices":[],"_links":{"self":[{"href":"https:\/\/www.granulati.it\/fr\/wp-json\/wp\/v2\/pages\/284"}],"collection":[{"href":"https:\/\/www.granulati.it\/fr\/wp-json\/wp\/v2\/pages"}],"about":[{"href":"https:\/\/www.granulati.it\/fr\/wp-json\/wp\/v2\/types\/page"}],"author":[{"embeddable":true,"href":"https:\/\/www.granulati.it\/fr\/wp-json\/wp\/v2\/users\/1"}],"replies":[{"embeddable":true,"href":"https:\/\/www.granulati.it\/fr\/wp-json\/wp\/v2\/comments?post=284"}],"version-history":[{"count":99,"href":"https:\/\/www.granulati.it\/fr\/wp-json\/wp\/v2\/pages\/284\/revisions"}],"predecessor-version":[{"id":80587,"href":"https:\/\/www.granulati.it\/fr\/wp-json\/wp\/v2\/pages\/284\/revisions\/80587"}],"up":[{"embeddable":true,"href":"https:\/\/www.granulati.it\/fr\/wp-json\/wp\/v2\/pages\/32"}],"wp:featuredmedia":[{"embeddable":true,"href":"https:\/\/www.granulati.it\/fr\/wp-json\/wp\/v2\/media\/469"}],"wp:attachment":[{"href":"https:\/\/www.granulati.it\/fr\/wp-json\/wp\/v2\/media?parent=284"}],"curies":[{"name":"wp","href":"https:\/\/api.w.org\/{rel}","templated":true}]}}