{"id":283,"date":"2013-06-07T16:22:11","date_gmt":"2013-06-07T14:22:11","guid":{"rendered":"http:\/\/www.granulati.it\/it\/?page_id=283"},"modified":"2025-07-14T17:35:35","modified_gmt":"2025-07-14T15:35:35","slug":"complementi-per-il-giardino-e-la-casa","status":"publish","type":"page","link":"https:\/\/www.granulati.it\/fr\/produits\/complements-pour-le-jardin-et-la-maison\/","title":{"rendered":"Compl\u00e9ments pour le jardin et la maison"},"content":{"rendered":"<div id=\"pl-283\"  class=\"panel-layout\" ><div id=\"pg-283-0\"  class=\"panel-grid panel-no-style\" ><div id=\"pgc-283-0-0\"  class=\"panel-grid-cell\" ><div id=\"panel-283-0-0-0\" class=\"so-panel widget widget_text panel-first-child panel-last-child\" data-index=\"0\" >\t\t\t<div class=\"textwidget\"><div style=\"background-color: #006785; height: 50px; padding-left:20px\">\n<h1 style=\"padding-top: 10px;\"><span style=\"color: white;\">COMPL\u00c8MENTS POUR LE JARDIN ET LA MAISON<\/span><\/h1>\n<\/div>\n<\/div>\n\t\t<\/div><\/div><\/div><div id=\"pg-283-1\"  class=\"panel-grid panel-no-style\" ><div id=\"pgc-283-1-0\"  class=\"panel-grid-cell\" ><div id=\"panel-283-1-0-0\" class=\"so-panel widget widget_text panel-first-child panel-last-child\" data-index=\"1\" >\t\t\t<div class=\"textwidget\"><\/div>\n\t\t<\/div><\/div><\/div><div id=\"pg-283-2\"  class=\"panel-grid panel-no-style\" ><div id=\"pgc-283-2-0\"  class=\"panel-grid-cell\" ><div id=\"panel-283-2-0-0\" class=\"so-panel widget widget_text panel-first-child panel-last-child\" data-index=\"2\" >\t\t\t<div class=\"textwidget\"><p>Une riche collection de d\u00e9corations pour le jardin, des accessoires indispensables pour affiner et enrichir le mobilier d&#8217;ext\u00e9rieur. Nos accessoires contribuent \u00e0 am\u00e9liorer la qualit\u00e9 de vie et l&#8217;apparence de votre jardin. Ils comprennent la pierre naturelle dans diverses formes, des couleurs, des fontaines et des finitions, des vases en granit id\u00e9al pour les jardins et terrasses, statues, calcaire fait main, des lanternes de style japonais et des sph\u00e8res, des bancs en pierre transform\u00e9s vers les zones urbaines et les formes de planchers en b\u00e9ton antique. Tous nos accessoires donneront du caract\u00e8re et de la personnalit\u00e9 \u00e0 votre oasis de verdure. Si vous essayez de d\u00e9corer un jardin de style classique, vous pouvez utiliser des bustes ou des statues repr\u00e9sentant des dieux grecs, tels que l&#8217;Amazone et Diana, qui donnera un accent de style savant \u00e9rudit et d&#8217;\u00e9l\u00e9gance. Pour un jardin zen avec une atmosph\u00e8re orientale typique, vous aurez cependant plusieurs sph\u00e8res, ainsi que les belles lampes Rankei et Rokkaku Yukimi. Dans votre petite oasis de bien-\u00eatre, vous ne manquerez m\u00eame pas de belles fontaines en travertin et de vases en granit pleins de fleurs color\u00e9es. Les d\u00e9corations pour le jardin Zandobbio Granulati sont fabriqu\u00e9es avec des mat\u00e9riaux de premi\u00e8re qualit\u00e9 et sont particuli\u00e8rement r\u00e9sistantes aux agents atmosph\u00e9riques et gardent leur couleur inchang\u00e9e dans le temps.<\/p>\n<\/div>\n\t\t<\/div><\/div><\/div><div id=\"pg-283-3\"  class=\"panel-grid panel-no-style\" ><div id=\"pgc-283-3-0\"  class=\"panel-grid-cell\" ><div id=\"panel-283-3-0-0\" class=\"so-panel widget widget_text panel-first-child panel-last-child\" data-index=\"3\" >\t\t\t<div class=\"textwidget\"><p><a href=\"https:\/\/www.granulati.it\/fr\/produits\/complements-pour-le-jardin-et-la-maison\/fontane\/\" target=\"blank\" rel=\"noopener\"><img loading=\"lazy\" class=\"alignnone size-medium wp-image-23031 colorbox-283\" src=\"http:\/\/www.granulati.it\/wp-content\/uploads\/2022\/02\/fontane.jpg\" alt=\"\" width=\"300\" height=\"200\" \/><\/a><\/p>\n<h1 style=\"font-size: 25px; color: #006785;\"><strong>FONTAINES<\/strong><\/h1>\n<hr \/>\n<p style=\"text-align: justify;\"><span style=\"font-family: 'Lucida Grande', Verdana, Arial, Helvetica, sans-serif;\">Fontaines en pierre naturelle disponibles en diff\u00e9rentes formes, couleurs et finitions.<br \/>\n<\/span><\/p>\n<p><a href=\"https:\/\/www.granulati.it\/fr\/produits\/complements-pour-le-jardin-et-la-maison\/fontane\/\" target=\"blank\" rel=\"noopener\"><input style=\"color: white; background-color: #006785;\" name=\"button\" type=\"submit\" value=\"VIEW MORE\" \/><\/a><\/p>\n<\/div>\n\t\t<\/div><\/div><div id=\"pgc-283-3-1\"  class=\"panel-grid-cell\" ><div id=\"panel-283-3-1-0\" class=\"so-panel widget widget_text panel-first-child panel-last-child\" data-index=\"4\" >\t\t\t<div class=\"textwidget\"><p><a href=\"https:\/\/www.granulati.it\/fr\/produits\/complements-pour-le-jardin-et-la-maison\/vases-en-granite\/\" target=\"blank\" rel=\"noopener\"><img loading=\"lazy\" class=\"alignnone size-medium wp-image-23031 colorbox-283\" src=\"https:\/\/www.granulati.it\/wp-content\/uploads\/2020\/07\/elementi-granito.jpg\" alt=\"\" width=\"300\" height=\"200\" \/><\/a><\/p>\n<h1 style=\"font-size: 25px; color: #006785;\"><strong>VASES EN GRANITE<\/strong><\/h1>\n<hr \/>\n<p style=\"text-align: justify;\"><span style=\"font-family: 'Lucida Grande', Verdana, Arial, Helvetica, sans-serif;\">Formes classiques r\u00e9alis\u00e9es en granite, mat\u00e9riau parmi les plus r\u00e9sistants, ing\u00e9lif et donc utilis\u00e9 pour contenir plantes et fleurs m\u00eame en hiver.<br \/>\n<\/span><\/p>\n<p><a href=\"https:\/\/www.granulati.it\/fr\/produits\/complements-pour-le-jardin-et-la-maison\/vases-en-granite\/\" target=\"blank\" rel=\"noopener\"><input style=\"color: white; background-color: #006785;\" name=\"button\" type=\"submit\" value=\"VIEW MORE\" \/><\/a><\/p>\n<\/div>\n\t\t<\/div><\/div><div id=\"pgc-283-3-2\"  class=\"panel-grid-cell\" ><div id=\"panel-283-3-2-0\" class=\"so-panel widget widget_text panel-first-child panel-last-child\" data-index=\"5\" >\t\t\t<div class=\"textwidget\"><p><a href=\"https:\/\/www.granulati.it\/fr\/produits\/complements-pour-le-jardin-et-la-maison\/lanterne-e-sfere\/\" target=\"blank\" rel=\"noopener\"><img loading=\"lazy\" class=\"alignnone size-medium wp-image-23031 colorbox-283\" src=\"https:\/\/www.granulati.it\/wp-content\/uploads\/2018\/06\/lanterne.jpg\" alt=\"\" width=\"300\" height=\"200\" \/><\/a><\/p>\n<h1 style=\"font-size: 25px; color: #006785;\"><strong>LANTERNES ET SPH\u00c8RES<\/strong><\/h1>\n<hr \/>\n<p style=\"text-align: justify;\"><span style=\"font-family: 'Lucida Grande', Verdana, Arial, Helvetica, sans-serif;\">Une touche d&#8217;Orient pour am\u00e9nager des espaces et des aper\u00e7us de votre jardin..<br \/>\n<\/span><\/p>\n<p><a href=\"https:\/\/www.granulati.it\/fr\/produits\/complements-pour-le-jardin-et-la-maison\/lanterne-e-sfere\/\" target=\"blank\" rel=\"noopener\"><input style=\"color: white; background-color: #006785;\" name=\"button\" type=\"submit\" value=\"VIEW MORE\" \/><\/a><\/p>\n<\/div>\n\t\t<\/div><\/div><\/div><div id=\"pg-283-4\"  class=\"panel-grid panel-no-style\" ><div id=\"pgc-283-4-0\"  class=\"panel-grid-cell\" ><div id=\"panel-283-4-0-0\" class=\"so-panel widget widget_text panel-first-child panel-last-child\" data-index=\"6\" >\t\t\t<div class=\"textwidget\"><p><a href=\"https:\/\/www.granulati.it\/fr\/produits\/complements-pour-le-jardin-et-la-maison\/art-garden-statues-en-calcaire\/\" target=\"blank\" rel=\"noopener\"><img loading=\"lazy\" class=\"alignnone size-medium wp-image-23031 colorbox-283\" src=\"https:\/\/www.granulati.it\/wp-content\/uploads\/2018\/06\/statue.jpg\" alt=\"\" width=\"300\" height=\"200\" \/><\/a><\/p>\n<h1 style=\"font-size: 25px; color: #006785;\"><strong>ART GARDEN, STATUES DE CALCAIRE<\/strong><\/h1>\n<hr \/>\n<p style=\"text-align: justify;\"><span style=\"font-family: 'Lucida Grande', Verdana, Arial, Helvetica, sans-serif;\">Une s\u00e9lection de sculptures en pierre naturelle d&#8217;une beaut\u00e9 particuli\u00e8re.<br \/>\n<\/span><\/p>\n<p><a href=\"https:\/\/www.granulati.it\/fr\/produits\/complements-pour-le-jardin-et-la-maison\/art-garden-statues-en-calcaire\/\" target=\"blank\" rel=\"noopener\"><input style=\"color: white; background-color: #006785;\" name=\"button\" type=\"submit\" value=\"VIEW MORE\" \/><\/a><\/p>\n<\/div>\n\t\t<\/div><\/div><div id=\"pgc-283-4-1\"  class=\"panel-grid-cell panel-grid-cell-mobile-last\" ><div id=\"panel-283-4-1-0\" class=\"so-panel widget widget_text panel-first-child panel-last-child\" data-index=\"7\" >\t\t\t<div class=\"textwidget\"><p><a href=\"https:\/\/www.granulati.it\/it\/prodotti\/complementi-per-il-giardino-e-la-casa\/creative-beton\/\" target=\"blank\" rel=\"noopener\"><img loading=\"lazy\" class=\"alignnone size-medium wp-image-23031 colorbox-283\" src=\"http:\/\/www.granulati.it\/wp-content\/uploads\/2022\/02\/gradoni.jpg\" alt=\"\" width=\"300\" height=\"200\" \/><\/a><\/p>\n<h1 style=\"font-size: 25px; color: #006785;\"><strong>CREATIVE BETON<\/strong><\/h1>\n<hr \/>\n<p style=\"text-align: justify;\"><span style=\"font-family: 'Lucida Grande', Verdana, Arial, Helvetica, sans-serif;\">Large choix d&#8217;\u00e9l\u00e9ments en b\u00e9ton pour mobilier de jardin et urbain. Un mat\u00e9riau r\u00e9sistant et solide cr\u00e9\u00e9 pour durer dans le temps redevient contemporain et protagoniste du design.<\/span><\/p>\n<p><a href=\"https:\/\/www.granulati.it\/it\/prodotti\/complementi-per-il-giardino-e-la-casa\/creative-beton\/\" target=\"blank\" rel=\"noopener\"><input style=\"color: white; background-color: #006785;\" name=\"button\" type=\"submit\" value=\"EN SAVOIR PLUS\" \/><\/a><\/p>\n<\/div>\n\t\t<\/div><\/div><div id=\"pgc-283-4-2\"  class=\"panel-grid-cell panel-grid-cell-empty\" ><\/div><\/div><\/div>","protected":false},"excerpt":{"rendered":"<p>COMPL\u00c8MENTS POUR LE JARDIN ET LA MAISON<\/p>\n","protected":false},"author":1,"featured_media":5190,"parent":32,"menu_order":36,"comment_status":"open","ping_status":"open","template":"page-cat_prodotti.php","meta":{"_links_to":"","_links_to_target":""},"aioseo_notices":[],"_links":{"self":[{"href":"https:\/\/www.granulati.it\/fr\/wp-json\/wp\/v2\/pages\/283"}],"collection":[{"href":"https:\/\/www.granulati.it\/fr\/wp-json\/wp\/v2\/pages"}],"about":[{"href":"https:\/\/www.granulati.it\/fr\/wp-json\/wp\/v2\/types\/page"}],"author":[{"embeddable":true,"href":"https:\/\/www.granulati.it\/fr\/wp-json\/wp\/v2\/users\/1"}],"replies":[{"embeddable":true,"href":"https:\/\/www.granulati.it\/fr\/wp-json\/wp\/v2\/comments?post=283"}],"version-history":[{"count":28,"href":"https:\/\/www.granulati.it\/fr\/wp-json\/wp\/v2\/pages\/283\/revisions"}],"predecessor-version":[{"id":80586,"href":"https:\/\/www.granulati.it\/fr\/wp-json\/wp\/v2\/pages\/283\/revisions\/80586"}],"up":[{"embeddable":true,"href":"https:\/\/www.granulati.it\/fr\/wp-json\/wp\/v2\/pages\/32"}],"wp:featuredmedia":[{"embeddable":true,"href":"https:\/\/www.granulati.it\/fr\/wp-json\/wp\/v2\/media\/5190"}],"wp:attachment":[{"href":"https:\/\/www.granulati.it\/fr\/wp-json\/wp\/v2\/media?parent=283"}],"curies":[{"name":"wp","href":"https:\/\/api.w.org\/{rel}","templated":true}]}}