{"id":281,"date":"2013-06-07T16:21:00","date_gmt":"2013-06-07T14:21:00","guid":{"rendered":"http:\/\/www.granulati.it\/it\/?page_id=281"},"modified":"2025-08-01T17:58:24","modified_gmt":"2025-08-01T15:58:24","slug":"muretti-e-rivestimenti-da-giardino","status":"publish","type":"page","link":"https:\/\/www.granulati.it\/fr\/produits\/murets-blocs-et-revetements\/","title":{"rendered":"Murets, blocs et rev\u00eatements"},"content":{"rendered":"<div id=\"pl-281\"  class=\"panel-layout\" ><div id=\"pg-281-0\"  class=\"panel-grid panel-no-style\" ><div id=\"pgc-281-0-0\"  class=\"panel-grid-cell\" ><div id=\"panel-281-0-0-0\" class=\"so-panel widget widget_text panel-first-child panel-last-child\" data-index=\"0\" >\t\t\t<div class=\"textwidget\"><div style=\"background-color: #006785; height: 50px; padding-left: 20px;\">\n<h1 style=\"padding-top: 10px;\"><span style=\"color: white;\">MURETS, BLOCS ET REV\u00caTEMENTS<\/span><\/h1>\n<\/div>\n<\/div>\n\t\t<\/div><\/div><\/div><div id=\"pg-281-1\"  class=\"panel-grid panel-no-style\" ><div id=\"pgc-281-1-0\"  class=\"panel-grid-cell\" ><div id=\"panel-281-1-0-0\" class=\"so-panel widget widget_text panel-first-child panel-last-child\" data-index=\"1\" >\t\t\t<div class=\"textwidget\"><\/div>\n\t\t<\/div><\/div><\/div><div id=\"pg-281-2\"  class=\"panel-grid panel-no-style\" ><div id=\"pgc-281-2-0\"  class=\"panel-grid-cell\" ><div id=\"panel-281-2-0-0\" class=\"so-panel widget widget_text panel-first-child panel-last-child\" data-index=\"2\" >\t\t\t<div class=\"textwidget\"><p>Une gamme d\u2019\u00e9l\u00e9ments modulaires de petite taille hautement polyfonctionnels, utilis\u00e9s pour retenir la terre de petits talus et de terre-pleins, pour d\u00e9limiter des espaces vertes ou pour rev\u00eatir et embellir des murs en b\u00e9ton. Tous pr\u00e9sentent des caract\u00e9ristiques \u00e0 haute valeur esth\u00e9tique, gr\u00e2ce au vaste choix de couleurs et de finitions de prestige, comme celle \u00e0 cliv\u00e9 naturel qui \u00e9voque les murs de pierres s\u00e8ches d\u2019autrefois, exaltant le naturel de la surface. Ils peuvent \u00eatre utilis\u00e9s pour les espaces verts publics ou priv\u00e9s. Les palissades repr\u00e9sentent quant \u00e0 elles un choix plus moderne pour d\u00e9limiter tout espace pr\u00e9sentant des \u00e9l\u00e9ments architecturaux \u00e0 forte tendance verticale.<\/p>\n<\/div>\n\t\t<\/div><\/div><\/div><div id=\"pg-281-3\"  class=\"panel-grid panel-no-style\" ><div id=\"pgc-281-3-0\"  class=\"panel-grid-cell\" ><div id=\"panel-281-3-0-0\" class=\"so-panel widget widget_text panel-first-child panel-last-child\" data-index=\"3\" >\t\t\t<div class=\"textwidget\"><p><a href=\"https:\/\/www.granulati.it\/fr\/idea-pietra\/\" target=\"blank;\" rel=\"noopener\"><img loading=\"lazy\" class=\"alignnone size-medium wp-image-23031 colorbox-281\" src=\"https:\/\/www.granulati.it\/wp-content\/uploads\/2025\/08\/Idea-Pietra.jpg\" alt=\"\" width=\"300\" height=\"200\" \/><\/a><\/p>\n<h1 style=\"font-size: 25px; color: #006785;\"><strong>IDEA PIETRA<\/strong><\/h1>\n<h2>Rev\u00eatements muraux et de fa\u00e7ade.<\/h2>\n<hr \/>\n<p style=\"text-align: justify;\"><span style=\"font-family: 'Lucida Grande', Verdana, Arial, Helvetica, sans-serif;\">D\u00e9couvrez des collections effet pierre, blocs et briques, id\u00e9ales pour cr\u00e9er des murs personnalis\u00e9s. Choisissez parmi diff\u00e9rentes textures, formes et couleurs, avec ou sans joint.<\/span><\/p>\n<p><a href=\"https:\/\/www.granulati.it\/fr\/idea-pietra\/\" target=\"blank;\" rel=\"noopener\"><input style=\"color: white; background-color: #006785;\" name=\"button\" type=\"submit\" value=\"VIEW MORE\" \/><\/a><\/p>\n<\/div>\n\t\t<\/div><\/div><div id=\"pgc-281-3-1\"  class=\"panel-grid-cell\" ><div id=\"panel-281-3-1-0\" class=\"so-panel widget widget_text panel-first-child panel-last-child\" data-index=\"4\" >\t\t\t<div class=\"textwidget\"><p><a href=\"https:\/\/www.stonebox.it\/it\/\" target=\"blank;\" rel=\"noopener\"><img loading=\"lazy\" class=\"alignnone size-medium wp-image-23031 colorbox-281\" src=\"https:\/\/www.granulati.it\/wp-content\/uploads\/2020\/07\/natural-stone-box-gabbioni-granulati-zandobbio.jpg\" alt=\"\" width=\"300\" height=\"200\" \/><\/a><\/p>\n<h1 style=\"font-size: 25px; color: #006785;\"><strong>NATURAL STONE BOX<\/strong><\/h1>\n<h2 style=\"font-size: 25px; color: #006785;\">Zaun Gabionen<\/h2>\n<hr \/>\n<p style=\"text-align: justify;\"><span style=\"font-family: 'Lucida Grande', Verdana, Arial, Helvetica, sans-serif;\">Granulati Zandobbio a une large gamme de gravillons de marbre, de porphyre et de granit, des pierres naturelles d\u2019excellente qualit\u00e9.<br \/>\n<\/span><\/p>\n<p><a href=\"https:\/\/www.stonebox.it\/it\/\" target=\"blank;\" rel=\"noopener\"><input style=\"color: white; background-color: #006785;\" name=\"button\" type=\"submit\" value=\"VIEW MORE\" \/><\/a><\/p>\n<\/div>\n\t\t<\/div><\/div><div id=\"pgc-281-3-2\"  class=\"panel-grid-cell\" ><div id=\"panel-281-3-2-0\" class=\"so-panel widget widget_text panel-first-child panel-last-child\" data-index=\"5\" >\t\t\t<div class=\"textwidget\"><p><a href=\"https:\/\/www.granulati.it\/fr\/produits\/murets-blocs-et-revetements\/revetements\/\" target=\"blank;\" rel=\"noopener\"><img loading=\"lazy\" class=\"alignnone size-medium wp-image-23031 colorbox-281\" src=\"https:\/\/www.granulati.it\/wp-content\/uploads\/2020\/07\/natural-panel-granulati-zandobbio.jpg\" alt=\"\" width=\"300\" height=\"200\" \/><\/a><\/p>\n<h1 style=\"font-size: 25px; color: #006785;\"><strong>NATURAL PANEL<\/strong><\/h1>\n<h2 style=\"font-size: 25px; color: #006785;\">rev\u00eatements en pierre naturelle<\/h2>\n<hr \/>\n<p style=\"text-align: justify;\"><span style=\"font-family: 'Lucida Grande', Verdana, Arial, Helvetica, sans-serif;\">Granulati Zandobbio a une large gamme de gravillons de marbre, de porphyre et de granit, des pierres naturelles d\u2019excellente qualit\u00e9.<br \/>\n<\/span><\/p>\n<p><a href=\"https:\/\/www.granulati.it\/fr\/produits\/murets-blocs-et-revetements\/revetements\/\" target=\"blank;\" rel=\"noopener\"><input style=\"color: white; background-color: #006785;\" name=\"button\" type=\"submit\" value=\"VIEW MORE\" \/><\/a><\/p>\n<\/div>\n\t\t<\/div><\/div><\/div><div id=\"pg-281-4\"  class=\"panel-grid panel-no-style\" ><div id=\"pgc-281-4-0\"  class=\"panel-grid-cell\" ><div id=\"panel-281-4-0-0\" class=\"so-panel widget widget_text panel-first-child panel-last-child\" data-index=\"6\" >\t\t\t<div class=\"textwidget\"><p><a href=\"https:\/\/www.granulati.it\/fr\/produits\/murets-blocs-et-revetements\/murets-blocs\/\" target=\"blank;\" rel=\"noopener\"><img loading=\"lazy\" class=\"alignnone size-medium wp-image-23031 colorbox-281\" src=\"https:\/\/www.granulati.it\/wp-content\/uploads\/2020\/07\/muretti-granulati-zandobbio.jpg\" alt=\"\" width=\"300\" height=\"200\" \/><\/a><\/p>\n<h1 style=\"font-size: 25px; color: #006785;\"><strong>MURETS\/BLOCS<\/strong><\/h1>\n<hr \/>\n<p style=\"text-align: justify;\"><span style=\"font-family: 'Lucida Grande', Verdana, Arial, Helvetica, sans-serif;\">\u00c9l\u00e9ments carr\u00e9s en pierre pour la r\u00e9alisation de murets de retenue de terre ou pour la d\u00e9limitation des zones de son jardin.<br \/>\n<\/span><\/p>\n<p><a href=\"https:\/\/www.granulati.it\/fr\/produits\/murets-blocs-et-revetements\/murets-blocs\/\" target=\"blank;\" rel=\"noopener\"><input style=\"color: white; background-color: #006785;\" name=\"button\" type=\"submit\" value=\"VIEW MORE\" \/><\/a><\/p>\n<\/div>\n\t\t<\/div><\/div><div id=\"pgc-281-4-1\"  class=\"panel-grid-cell panel-grid-cell-mobile-last\" ><div id=\"panel-281-4-1-0\" class=\"so-panel widget widget_text panel-first-child panel-last-child\" data-index=\"7\" >\t\t\t<div class=\"textwidget\"><p><a href=\"https:\/\/www.granulati.it\/fr\/produits\/murets-blocs-et-revetements\/palissades\/\" target=\"blank;\" rel=\"noopener\"><img loading=\"lazy\" class=\"alignnone size-medium wp-image-23031 colorbox-281\" src=\"https:\/\/www.granulati.it\/wp-content\/uploads\/2020\/07\/palizzate-granulati-zandobbio.jpg\" alt=\"\" width=\"300\" height=\"200\" \/><\/a><\/p>\n<h1 style=\"font-size: 25px; color: #006785;\"><strong>PALISSADES<\/strong><\/h1>\n<hr \/>\n<p style=\"text-align: justify;\"><span style=\"font-family: 'Lucida Grande', Verdana, Arial, Helvetica, sans-serif;\">\u00c9l\u00e9ments verticaux de d\u00e9limitation des espaces : plaques de grande taille ou mat\u00e9riaux de formes diff\u00e9rentes pour cl\u00f4turer et embellir vos jardins.<br \/>\n<\/span><\/p>\n<p><a href=\"https:\/\/www.granulati.it\/fr\/produits\/murets-blocs-et-revetements\/palissades\/\" target=\"blank;\" rel=\"noopener\"><input style=\"color: white; background-color: #006785;\" name=\"button\" type=\"submit\" value=\"VIEW MORE\" \/><\/a><\/p>\n<\/div>\n\t\t<\/div><\/div><div id=\"pgc-281-4-2\"  class=\"panel-grid-cell panel-grid-cell-empty\" ><\/div><\/div><\/div>","protected":false},"excerpt":{"rendered":"<p>MURETS, BLOCS ET REV\u00caTEMENTS<\/p>\n","protected":false},"author":1,"featured_media":5283,"parent":32,"menu_order":29,"comment_status":"open","ping_status":"open","template":"page-cat_prodotti.php","meta":{"_links_to":"","_links_to_target":""},"aioseo_notices":[],"_links":{"self":[{"href":"https:\/\/www.granulati.it\/fr\/wp-json\/wp\/v2\/pages\/281"}],"collection":[{"href":"https:\/\/www.granulati.it\/fr\/wp-json\/wp\/v2\/pages"}],"about":[{"href":"https:\/\/www.granulati.it\/fr\/wp-json\/wp\/v2\/types\/page"}],"author":[{"embeddable":true,"href":"https:\/\/www.granulati.it\/fr\/wp-json\/wp\/v2\/users\/1"}],"replies":[{"embeddable":true,"href":"https:\/\/www.granulati.it\/fr\/wp-json\/wp\/v2\/comments?post=281"}],"version-history":[{"count":41,"href":"https:\/\/www.granulati.it\/fr\/wp-json\/wp\/v2\/pages\/281\/revisions"}],"predecessor-version":[{"id":81766,"href":"https:\/\/www.granulati.it\/fr\/wp-json\/wp\/v2\/pages\/281\/revisions\/81766"}],"up":[{"embeddable":true,"href":"https:\/\/www.granulati.it\/fr\/wp-json\/wp\/v2\/pages\/32"}],"wp:featuredmedia":[{"embeddable":true,"href":"https:\/\/www.granulati.it\/fr\/wp-json\/wp\/v2\/media\/5283"}],"wp:attachment":[{"href":"https:\/\/www.granulati.it\/fr\/wp-json\/wp\/v2\/media?parent=281"}],"curies":[{"name":"wp","href":"https:\/\/api.w.org\/{rel}","templated":true}]}}