{"id":280,"date":"2013-06-07T16:20:28","date_gmt":"2013-06-07T14:20:28","guid":{"rendered":"http:\/\/www.granulati.it\/it\/?page_id=280"},"modified":"2025-07-14T17:30:37","modified_gmt":"2025-07-14T15:30:37","slug":"pavimentazioni-in-pietra-naturale","status":"publish","type":"page","link":"https:\/\/www.granulati.it\/fr\/produits\/pavements-en-pierre-naturelle\/","title":{"rendered":"Pavements en pierre naturelle"},"content":{"rendered":"<div id=\"pl-280\"  class=\"panel-layout\" ><div id=\"pg-280-0\"  class=\"panel-grid panel-no-style\" ><div id=\"pgc-280-0-0\"  class=\"panel-grid-cell\" ><div id=\"panel-280-0-0-0\" class=\"so-panel widget widget_text panel-first-child panel-last-child\" data-index=\"0\" >\t\t\t<div class=\"textwidget\"><div style=\"background-color: #006785; height: 50px; padding-left:20px\">\n<h1 style=\"padding-top: 10px;\"><span style=\"color: white;\">PAVEMENTS EN PIERRE NATURELLE<\/span><\/h1>\n<\/div>\n<\/div>\n\t\t<\/div><\/div><\/div><div id=\"pg-280-1\"  class=\"panel-grid panel-no-style\" ><div id=\"pgc-280-1-0\"  class=\"panel-grid-cell\" ><div id=\"panel-280-1-0-0\" class=\"so-panel widget widget_text panel-first-child panel-last-child\" data-index=\"1\" >\t\t\t<div class=\"textwidget\"><\/div>\n\t\t<\/div><\/div><\/div><div id=\"pg-280-2\"  class=\"panel-grid panel-no-style\" ><div id=\"pgc-280-2-0\"  class=\"panel-grid-cell\" ><div id=\"panel-280-2-0-0\" class=\"so-panel widget widget_text panel-first-child panel-last-child\" data-index=\"2\" >\t\t\t<div class=\"textwidget\"><p>Une offre articul\u00e9e de produits en pierre naturelle utilisables dans toute application, avec de nombreuses solutions architecturales qui r\u00e9pondent \u00e0 toutes les exigences de pavement ext\u00e9rieur. Une gamme d\u00e9velopp\u00e9e dans de nombreux formats, finitions et couleurs originales. Pavements de provenance mondiale pour offrir le choix le plus vaste et la solution la plus adapt\u00e9e \u00e0 votre projet : plaques au format r\u00e9gulier, id\u00e9ales pour des parcours pi\u00e9tons, petits blocs facilement carrossables, opus pour caract\u00e9riser les sols par des dessins casuels et all\u00e9es pos\u00e9es \u00e0 sec pour dessiner les passages m\u00eame sur des pelouses et des terrains irr\u00e9guliers. Le processus de d\u00e9finition d\u2019un beau pavement doit \u00e9galement comprendre l\u2019\u00e9tude des d\u00e9tails : nous vous offrons donc \u00e9galement une gamme compl\u00e8te de produits compl\u00e9mentaires, tels que marches de formats diff\u00e9rents, palissades, murets de r\u00e9tention de la terre, bordures, ainsi de suite, qui contribueront \u00e0 am\u00e9liorer l\u2019aspect architectural et le rendement esth\u00e9tique de votre jardin.<\/p>\n<\/div>\n\t\t<\/div><\/div><\/div><div id=\"pg-280-3\"  class=\"panel-grid panel-no-style\" ><div id=\"pgc-280-3-0\"  class=\"panel-grid-cell\" ><div id=\"panel-280-3-0-0\" class=\"so-panel widget widget_text panel-first-child panel-last-child\" data-index=\"3\" >\t\t\t<div class=\"textwidget\"><p><a href=\"https:\/\/www.granulati.it\/fr\/produits\/pavements-2\/lastre\/\" target=\"blank;\" rel=\"noopener\"><img loading=\"lazy\" class=\"alignnone size-medium wp-image-23031 colorbox-280\" src=\"https:\/\/www.granulati.it\/wp-content\/uploads\/2020\/07\/Lastre-granulati-zandobbio.jpg\" alt=\"\" width=\"300\" height=\"200\" \/><\/a><\/p>\n<h1 style=\"font-size: 25px; color: #006785;\"><strong>PLAQUES<\/strong><\/h1>\n<hr \/>\n<p style=\"text-align: justify;\"><span style=\"font-family: 'Lucida Grande', Verdana, Arial, Helvetica, sans-serif;\">Une ligne compl\u00e8te de solutions raffin\u00e9es pour la d\u00e9coration des espaces internes et externes: les nombreux traitements de finition disponibles font de ces plaques des \u00e9l\u00e9ments id\u00e9aux pour n\u2019importe quel type de parcours pi\u00e9ton.<br \/>\n<\/span><\/p>\n<p><a href=\"https:\/\/www.granulati.it\/fr\/produits\/pavements-2\/lastre\/\" target=\"blank;\" rel=\"noopener\"><input style=\"color: white; background-color: #006785;\" name=\"button\" type=\"submit\" value=\"VIEW MORE\" \/><\/a><\/p>\n<\/div>\n\t\t<\/div><\/div><div id=\"pgc-280-3-1\"  class=\"panel-grid-cell\" ><div id=\"panel-280-3-1-0\" class=\"so-panel widget widget_text panel-first-child panel-last-child\" data-index=\"4\" >\t\t\t<div class=\"textwidget\"><p><a href=\"https:\/\/www.granulati.it\/fr\/produits\/pavements-2\/opus\/\" target=\"blank;\" rel=\"noopener\"><img loading=\"lazy\" class=\"alignnone size-medium wp-image-23031 colorbox-280\" src=\"https:\/\/www.granulati.it\/wp-content\/uploads\/2020\/07\/Opus-granulati-zandobbio.jpg\" alt=\"\" width=\"300\" height=\"200\" \/><\/a><\/p>\n<h1 style=\"font-size: 25px; color: #006785;\"><strong>OPUS INCERTUM<\/strong><\/h1>\n<hr \/>\n<p style=\"text-align: justify;\"><span style=\"font-family: 'Lucida Grande', Verdana, Arial, Helvetica, sans-serif;\">Plaques au format r\u00e9duit, adapt\u00e9es aux rev\u00eatements \u00e0 la fois de sol et muraux, caract\u00e9ris\u00e9es par des formes, des couleurs et des contours irr\u00e9guliers.<br \/>\n<\/span><\/p>\n<p><a href=\"https:\/\/www.granulati.it\/fr\/produits\/pavements-2\/opus\/\" target=\"blank;\" rel=\"noopener\"><input style=\"color: white; background-color: #006785;\" name=\"button\" type=\"submit\" value=\"VIEW MORE\" \/><\/a><\/p>\n<\/div>\n\t\t<\/div><\/div><div id=\"pgc-280-3-2\"  class=\"panel-grid-cell\" ><div id=\"panel-280-3-2-0\" class=\"so-panel widget widget_text panel-first-child panel-last-child\" data-index=\"5\" >\t\t\t<div class=\"textwidget\"><p><a href=\"https:\/\/www.granulati.it\/fr\/produits\/pavements-2\/cubetti\/\" target=\"blank;\" rel=\"noopener\"><img loading=\"lazy\" class=\"alignnone size-medium wp-image-23031 colorbox-280\" src=\"https:\/\/www.granulati.it\/wp-content\/uploads\/2020\/07\/cubetti-granulati-zandobbio.jpg\" alt=\"\" width=\"300\" height=\"200\" \/><\/a><\/p>\n<h1 style=\"font-size: 25px; color: #006785;\"><strong>PAVES<\/strong><\/h1>\n<hr \/>\n<p style=\"text-align: justify;\"><span style=\"font-family: 'Lucida Grande', Verdana, Arial, Helvetica, sans-serif;\">Petits \u00e9l\u00e9ments en pierre naturelle qui se pr\u00eatent depuis toujours \u00e0 \u00eatre plac\u00e9s dans diff\u00e9rents contextes, urbains, routes, places, trottoirs ou zones r\u00e9sidentielles.<br \/>\n<\/span><\/p>\n<p><a href=\"https:\/\/www.granulati.it\/fr\/produits\/pavements-2\/cubetti\/\" target=\"blank;\" rel=\"noopener\"><input style=\"color: white; background-color: #006785;\" name=\"button\" type=\"submit\" value=\"VIEW MORE\" \/><\/a><\/p>\n<\/div>\n\t\t<\/div><\/div><\/div><div id=\"pg-280-4\"  class=\"panel-grid panel-no-style\" ><div id=\"pgc-280-4-0\"  class=\"panel-grid-cell\" ><div id=\"panel-280-4-0-0\" class=\"so-panel widget widget_text panel-first-child panel-last-child\" data-index=\"6\" >\t\t\t<div class=\"textwidget\"><p><a href=\"https:\/\/www.granulati.it\/fr\/produits\/pavements-2\/camminamenti\/\" target=\"blank;\" rel=\"noopener\"><img loading=\"lazy\" class=\"alignnone size-medium wp-image-23031 colorbox-280\" src=\"https:\/\/www.granulati.it\/wp-content\/uploads\/2020\/07\/camminamenti-granulati-zandobbio.jpg\" alt=\"\" width=\"300\" height=\"200\" \/><\/a><\/p>\n<h1 style=\"font-size: 25px; color: #006785;\"><strong>ALLEES<\/strong><\/h1>\n<hr \/>\n<p style=\"text-align: justify;\"><span style=\"font-family: 'Lucida Grande', Verdana, Arial, Helvetica, sans-serif;\">Dalles de forme arrondie ou circulaire utiles pour cr\u00e9er de petites voies et dessiner avec une grande esth\u00e9tique \u00e0 chaque espace vert.<br \/>\n<\/span><\/p>\n<p><a href=\"https:\/\/www.granulati.it\/fr\/produits\/pavements-2\/camminamenti\/\" target=\"blank;\" rel=\"noopener\"><input style=\"color: white; background-color: #006785;\" name=\"button\" type=\"submit\" value=\"VIEW MORE\" \/><\/a><\/p>\n<\/div>\n\t\t<\/div><\/div><div id=\"pgc-280-4-1\"  class=\"panel-grid-cell\" ><div id=\"panel-280-4-1-0\" class=\"so-panel widget widget_text panel-first-child panel-last-child\" data-index=\"7\" >\t\t\t<div class=\"textwidget\"><p><a href=\"https:\/\/www.granulati.it\/fr\/produits\/pavements-2\/gradini\/\" target=\"blank;\" rel=\"noopener\"><img loading=\"lazy\" class=\"alignnone size-medium wp-image-23031 colorbox-280\" src=\"https:\/\/www.granulati.it\/wp-content\/uploads\/2020\/07\/gradini-granulati-zandobbio.jpg\" alt=\"\" width=\"300\" height=\"200\" \/><\/a><\/p>\n<h1 style=\"font-size: 25px; color: #006785;\"><strong>STEPS, BLOCK STEPS and COPING<\/strong><\/h1>\n<hr \/>\n<p style=\"text-align: justify;\"><span style=\"font-family: 'Lucida Grande', Verdana, Arial, Helvetica, sans-serif;\">High thickness elements to create flight of steps with a great aesthetic impact.<\/span><\/p>\n<p><a href=\"https:\/\/www.granulati.it\/fr\/produits\/pavements-2\/gradini\/\" target=\"blank;\" rel=\"noopener\"><input style=\"color: white; background-color: #006785;\" name=\"button\" type=\"submit\" value=\"VIEW MORE\" \/><\/a><\/p>\n<\/div>\n\t\t<\/div><\/div><div id=\"pgc-280-4-2\"  class=\"panel-grid-cell\" ><div id=\"panel-280-4-2-0\" class=\"so-panel widget widget_text panel-first-child panel-last-child\" data-index=\"8\" >\t\t\t<div class=\"textwidget\"><p><a href=\"https:\/\/www.granulati.it\/fr\/produits\/pavements-2\/cordoli\/\" target=\"blank;\" rel=\"noopener\"><img loading=\"lazy\" class=\"alignnone size-medium wp-image-23031 colorbox-280\" src=\"https:\/\/www.granulati.it\/wp-content\/uploads\/2020\/07\/cordoli-granulati-zandobbio.jpg\" alt=\"\" width=\"300\" height=\"200\" \/><\/a><\/p>\n<h1 style=\"font-size: 25px; color: #006785;\"><strong>KERBS AND SMALL BLOCKS<\/strong><\/h1>\n<hr \/>\n<p style=\"text-align: justify;\"><span style=\"font-family: 'Lucida Grande', Verdana, Arial, Helvetica, sans-serif;\">Natural stone kerbs designed to delimit every urban or residential area.<\/span><\/p>\n<p><a href=\"https:\/\/www.granulati.it\/fr\/produits\/pavements-2\/cordoli\/\" target=\"blank;\" rel=\"noopener\"><input style=\"color: white; background-color: #006785;\" name=\"button\" type=\"submit\" value=\"VIEW MORE\" \/><\/a><\/p>\n<\/div>\n\t\t<\/div><\/div><\/div><div id=\"pg-280-5\"  class=\"panel-grid panel-no-style\" ><div id=\"pgc-280-5-0\"  class=\"panel-grid-cell\" ><div id=\"panel-280-5-0-0\" class=\"so-panel widget widget_text panel-first-child panel-last-child\" data-index=\"9\" >\t\t\t<div class=\"textwidget\"><p><a href=\"https:\/\/www.granulati.it\/fr\/produits\/pavements-2\/zoccolini\/\" target=\"blank;\" rel=\"noopener\"><img loading=\"lazy\" class=\"alignnone size-medium wp-image-23031 colorbox-280\" src=\"https:\/\/www.granulati.it\/wp-content\/uploads\/2020\/07\/zoccolini-granulati-zandobbio.jpg\" alt=\"\" width=\"300\" height=\"200\" \/><\/a><\/p>\n<h1 style=\"font-size: 25px; color: #006785;\"><strong>SKIRTING TILES<\/strong><\/h1>\n<hr \/>\n<p style=\"text-align: justify;\"><span style=\"font-family: 'Lucida Grande', Verdana, Arial, Helvetica, sans-serif;\">The classic stone \u201cbaseboard\u201d, whose function is protecting the wall from any impact. It is necessary to complete the finishing of the floor against the wall.<\/span><\/p>\n<p><a href=\"https:\/\/www.granulati.it\/fr\/produits\/pavements-2\/zoccolini\/\" target=\"blank;\" rel=\"noopener\"><input style=\"color: white; background-color: #006785;\" name=\"button\" type=\"submit\" value=\"VIEW MORE\" \/><\/a><\/p>\n<\/div>\n\t\t<\/div><\/div><div id=\"pgc-280-5-1\"  class=\"panel-grid-cell panel-grid-cell-empty panel-grid-cell-mobile-last\" ><\/div><div id=\"pgc-280-5-2\"  class=\"panel-grid-cell panel-grid-cell-empty\" ><\/div><\/div><\/div>","protected":false},"excerpt":{"rendered":"<p>PAVEMENTS EN PIERRE NATURELLE<\/p>\n","protected":false},"author":1,"featured_media":905,"parent":32,"menu_order":3,"comment_status":"open","ping_status":"closed","template":"","meta":{"_links_to":"","_links_to_target":""},"aioseo_notices":[],"_links":{"self":[{"href":"https:\/\/www.granulati.it\/fr\/wp-json\/wp\/v2\/pages\/280"}],"collection":[{"href":"https:\/\/www.granulati.it\/fr\/wp-json\/wp\/v2\/pages"}],"about":[{"href":"https:\/\/www.granulati.it\/fr\/wp-json\/wp\/v2\/types\/page"}],"author":[{"embeddable":true,"href":"https:\/\/www.granulati.it\/fr\/wp-json\/wp\/v2\/users\/1"}],"replies":[{"embeddable":true,"href":"https:\/\/www.granulati.it\/fr\/wp-json\/wp\/v2\/comments?post=280"}],"version-history":[{"count":29,"href":"https:\/\/www.granulati.it\/fr\/wp-json\/wp\/v2\/pages\/280\/revisions"}],"predecessor-version":[{"id":80583,"href":"https:\/\/www.granulati.it\/fr\/wp-json\/wp\/v2\/pages\/280\/revisions\/80583"}],"up":[{"embeddable":true,"href":"https:\/\/www.granulati.it\/fr\/wp-json\/wp\/v2\/pages\/32"}],"wp:featuredmedia":[{"embeddable":true,"href":"https:\/\/www.granulati.it\/fr\/wp-json\/wp\/v2\/media\/905"}],"wp:attachment":[{"href":"https:\/\/www.granulati.it\/fr\/wp-json\/wp\/v2\/media?parent=280"}],"curies":[{"name":"wp","href":"https:\/\/api.w.org\/{rel}","templated":true}]}}