{"id":133,"date":"2013-05-20T11:30:19","date_gmt":"2013-05-20T09:30:19","guid":{"rendered":"http:\/\/www.granulati.it\/it\/?page_id=133"},"modified":"2025-10-24T15:05:32","modified_gmt":"2025-10-24T13:05:32","slug":"chi-siamo","status":"publish","type":"page","link":"https:\/\/www.granulati.it\/fr\/qui-nous-sommes\/","title":{"rendered":"QUI NOUS SOMMES"},"content":{"rendered":"<p><\/p>\n<div style=\"background-color: #006785; height: 50px;\">\n<h1 style=\"padding-top: 10px;\"><span style=\"color: white; padding-left: 10px;\">QUI NOUS SOMMES<\/span><\/h1>\n<\/div>\n<p><span style=\"font-family: 'Lucida Grande', Verdana, Arial, Helvetica, sans-serif;\"><img class=\"aligncenter wp-image-40045 size-full colorbox-133\" title=\"granulati zandobbio\" src=\"http:\/\/www.granulati.it\/wp-content\/uploads\/2018\/04\/Sub-header7.jpg\" alt=\"\" width=\"100%\" srcset=\"https:\/\/www.granulati.it\/wp-content\/uploads\/2018\/04\/Sub-header7.jpg 1920w, https:\/\/www.granulati.it\/wp-content\/uploads\/2018\/04\/Sub-header7-118x50.jpg 118w, https:\/\/www.granulati.it\/wp-content\/uploads\/2018\/04\/Sub-header7-300x127.jpg 300w, https:\/\/www.granulati.it\/wp-content\/uploads\/2018\/04\/Sub-header7-768x326.jpg 768w, https:\/\/www.granulati.it\/wp-content\/uploads\/2018\/04\/Sub-header7-1024x434.jpg 1024w\" sizes=\"(max-width: 1920px) 100vw, 1920px\" \/><\/span><\/p>\n<div class=\"shortcode1-2\">\n<img class=\"alignnone wp-image-6966 size-full colorbox-133\" src=\"http:\/\/www.granulati.it\/wp-content\/uploads\/2017\/03\/granulati_logo.png\" alt=\"\" width=\"350\" srcset=\"https:\/\/www.granulati.it\/wp-content\/uploads\/2017\/03\/granulati_logo.png 400w, https:\/\/www.granulati.it\/wp-content\/uploads\/2017\/03\/granulati_logo-133x50.png 133w, https:\/\/www.granulati.it\/wp-content\/uploads\/2017\/03\/granulati_logo-300x113.png 300w\" sizes=\"(max-width: 400px) 100vw, 400px\" \/>\n<\/div>\n<div class=\"shortcode1-2\">\n<h1 style=\"padding-top: 30px;\">SOLUTIONS D&#8217;ARCHITECTURE PAYSAG\u00c8RE<br \/>\n\u200b<\/h1>\n<\/div>\n<hr \/>\n<div class=\"shortcode1-2\">\n<img loading=\"lazy\" class=\"wp-image-40047 alignleft colorbox-133\" src=\"http:\/\/www.granulati.it\/wp-content\/uploads\/2018\/04\/granulati.jpg\" alt=\"\" width=\"426\" height=\"450\" \/>\n<\/div>\n<div class=\"shortcode1-2\">\n<h2>GRANULATI ZANDOBBIO<\/h2>\n<p style=\"text-align: justify;\"><span style=\"font-family: 'Lucida Grande', Verdana, Arial, Helvetica, sans-serif;\"><br \/>\nGranulati Zandobbio\u00a0est une entreprise qui fonctionne\u00a0depuis 1929 dans un petit village de Bergame. Elle est aujourd&#8217;hui le point de r\u00e9f\u00e9rence dans la production et la distribution d&#8217;une large gamme de produits li\u00e9s au monde de l&#8217;architecture du paysage. Elle dispose d&#8217;une\u00a0large gamme de gr\u00e8s c\u00e9rame en 2 et 3 cm d&#8217;\u00e9paisseur. Le\u00a0100% MadeinItaly\u00a0marque repr\u00e9sente la qualit\u00e9 de la production, la cr\u00e9ativit\u00e9 et le style qui est aujourd&#8217;hui le principal moteur de cette r\u00e9alit\u00e9, gr\u00e2ce \u00e0 la large demande de ce produit due \u00e0 ses\u00a0hautes caract\u00e9ristiques techniques et esth\u00e9tiques. Aujourd&#8217;hui, 70 % de la production est destin\u00e9s \u00e0 l&#8217;export couvrant ainsi\u00a0100 pays du monde entier.<br \/>\n<\/span><\/p>\n<p>&nbsp;<\/p>\n<h2>L&#8217;OFFRE DES GRANULATI ZANDOBBIO<\/h2>\n<p style=\"text-align: justify;\"><span style=\"color: #333333;\"><br \/>\n<span style=\"font-family: 'Lucida Grande', Verdana, Arial, Helvetica, sans-serif;\"><br \/>\n\u2022 <strong>Produits exclusifs\u200b<\/strong><br \/>\n\u2022 <strong>STONE CITY<\/strong>, notre parc jardin d&#8217;exposition comme source d&#8217;inspiration pour chaque visiteur\u200b<br \/>\n\u2022 Produits <strong>toujours en stock<\/strong> (surface de stockage de 200 000 m\u00e8tres carr\u00e9s)\u200b<br \/>\n\u2022 Vente mondiale &#8211; exportation vers <strong>80 pays<\/strong>\u200b\u200b<br \/>\n\u2022 Coop\u00e9ration avec les principaux fournisseurs dans tous les <strong>pays europ\u00e9ens\u200b<\/strong><br \/>\n\u2022 Des usines de production ultramodernes\u200b<br \/>\n\u2022 Entreprise certifi\u00e9e <strong>ISO 14001: 2015<\/strong> (durabilit\u00e9 environnementale)\u200b <a href=\"http:\/\/www.granulati.it\/wp-content\/uploads\/2019\/01\/Z190117_Granulati-Zandobbio_14001.pdf\" class=\"mtli_attachment mtli_pdf\">\u21d3<\/a><br \/>\n\u2022 Entreprise certifi\u00e9e <strong>ISO 9001: 2015<\/strong> (qualit\u00e9)\u200b (quality) <a href=\"http:\/\/www.granulati.it\/wp-content\/uploads\/2019\/01\/Z190117_Granulati-Zandobbio_9001.pdf\" class=\"mtli_attachment mtli_pdf\">\u21d3<\/a><br \/>\n<\/span><\/span><\/p>\n<\/div>\n<hr \/>\n<div style=\"background-color: #2b5768; height: 100px; width: 100%; margin-bottom: 30px;\">\n<div class=\"shortcode1-3\">\n<a href=\"https:\/\/www.granulati.it\/fr\/chi-siamo\/ambasciatori-d-impresa-2025\/\" target=\"_blank\" rel=\"noopener noreferrer\"><img loading=\"lazy\" class=\"aligncenter colorbox-133\" style=\"align: center; padding-left: 10px; padding-top: 10px; float: left;\" src=\"http:\/\/www.granulati.it\/wp-content\/uploads\/2025\/10\/AI_logo_header_no_payoff_2.png\" alt=\"\" width=\"918\" height=\"193\" \/><\/a><\/div>\n<div class=\"shortcode2-3\">\n<h2 style=\"margin: 10px; font-size: 24px; color: white; background-color: #2b5768;\"><a href=\"https:\/\/www.granulati.it\/fr\/chi-siamo\/ambasciatori-d-impresa-2025\/\" target=\"_blank\" rel=\"noopener noreferrer\"><strong>Ambassadeurs d\u2019Entreprise 2025 : un prix<br \/>\nqui c\u00e9l\u00e8bre les valeurs humaines et innovantes<br \/>\nde Granulati Zandobbio<\/strong><\/a><\/h2>\n<\/div>\n<\/div>\n<hr \/>\n<div style=\"background-color: #ef7d43; height: 100px; width: 100%; margin-bottom: 30px;\">\n<div class=\"shortcode3-4\">\n<h1 style=\"margin: 10px; font-size: 24px; color: white; background-color: #ef7d43;\"><strong>GRANULATI ZANDOBBIO dans le classement sp\u00e9cial &#8220;500 Champions 2018, 2019, 2020, 2021, 2022 et 2023&#8221; <\/strong><\/h1>\n<h3 style=\"font-size: 16px; margin: 10px; color: white; background-color: #ef7d43;\">l&#8217;une des entreprises qui a vaincu la crise, en augmentant son activit\u00e9 et en recrutant du personnel<\/h3>\n<\/div>\n<div class=\"shortcode1-4\">\n<img class=\"colorbox-133\"  style=\"align: center; padding-left: 25%; float: left;\" src=\"http:\/\/www.granulati.it\/wp-content\/uploads\/2021\/05\/Badge_Quadrato-288x300-1.jpg\" width=\"90\" \/><\/div>\n<\/div>\n<hr \/>\n<div class=\"shortcode1-3\">\n<img class=\"colorbox-133\"  style=\"width: 300px; align: center;\" src=\"http:\/\/www.granulati.it\/wp-content\/uploads\/2021\/03\/Best-performance-award-Granulati-Zandobbio.jpg\" width=\"150\" \/>\n<\/div>\n<div class=\"shortcode2-3\">\n<h1 style=\"font-size: 24px;\"><strong>BEST PERFORMANCE AWARD 2020\/2021\/2022\/2023<\/strong><\/h1>\n<h3 style=\"font-size: 16px;\">\u00c0 partir d&#8217;une base de donn\u00e9es de 500000 \u00e9tats financiers, Granulati Zandobbio fait partie des 87 entreprises s\u00e9lectionn\u00e9es pour participer au Best Performing Award 2020\/2021\/2022\/2023, une initiative promue par SDA Bocconi d\u00e9di\u00e9e aux entreprises italiennes \u00e9conomiquement excellentes ax\u00e9es sur la durabilit\u00e9 environnementale, sociale et de la gouvernance.<\/h3>\n<\/div>\n<hr \/>\n<div class=\"shortcode2-3\">\n<a href=\"https:\/\/www.stonecity.it\/it\/\"><img class=\"colorbox-133\"  src=\"http:\/\/www.granulati.it\/wp-content\/uploads\/2018\/03\/STONECITY-marchio.jpg\" alt=\"stone-city\" width=\"350px;\" \/><\/a><\/p>\n<h2>LA COMBINAISON PARFAITE ENTRE LA NATURE,<br \/>\nMOBILIER PAYSAGER ET CULTURE\u200b<\/h2>\n<p style=\"text-align: justify;\"><span style=\"color: #333333;\"><span style=\"font-family: 'Lucida Grande', Verdana, Arial, Helvetica, sans-serif;\"><br \/>\nSTONE CITY est un espace magique, captivant et \u00e9vocateur, une source d&#8217;inspiration pour tout visiteur qui aime l&#8217;architecture de paysage: il recueille les meilleures solutions d&#8217;ext\u00e9rieur cr\u00e9\u00e9es avec les produits de Granulati Zandobbio et ses marques li\u00e9es.<\/span><\/span><\/p>\n<p style=\"text-align: justify;\"><span style=\"color: #333333;\"><br \/>\n<span style=\"font-family: 'Lucida Grande', Verdana, Arial, Helvetica, sans-serif;\"><br \/>\nIci, nous allons au-del\u00e0 du concept de showroom en plein air, dans un parc mis en valeur par la pr\u00e9sence de nombreuses plantes et essences pr\u00e9cieuses, dans lesquelles le r\u00f4le jou\u00e9 par l&#8217;eau, le jeu de la lumi\u00e8re et les sons qui caract\u00e9risent de plus en plus le d\u00e9cor des environnements ext\u00e9rieurs contemporains est marqu\u00e9.<\/span><\/span><\/p>\n<p>&nbsp;<\/p>\n<p><a style=\"background-color: #006785; color: #ffffff; padding: 10px; margin-top: 10px; margin-button: 10px;\" href=\"https:\/\/www.stonecity.it\/fr\/\" target=\"_blank\" rel=\"noopener noreferrer\"><strong>En savoir plus<\/strong><\/a><br \/>\n&nbsp;<\/p>\n<\/div>\n<div class=\"shortcode1-3\">\n<p><img loading=\"lazy\" class=\"wp-image-40049 size-full alignright colorbox-133\" src=\"http:\/\/www.granulati.it\/wp-content\/uploads\/2018\/04\/stonecity.jpg\" alt=\"\" width=\"460\" height=\"400\" srcset=\"https:\/\/www.granulati.it\/wp-content\/uploads\/2018\/04\/stonecity.jpg 460w, https:\/\/www.granulati.it\/wp-content\/uploads\/2018\/04\/stonecity-58x50.jpg 58w, https:\/\/www.granulati.it\/wp-content\/uploads\/2018\/04\/stonecity-300x261.jpg 300w\" sizes=\"(max-width: 460px) 100vw, 460px\" \/>\n<\/div>\n<div class=\"shortcode1\">\n<a href=\"http:\/\/www.stonecity.it\/it\/\"><img class=\"alignnone wp-image-40048 size-full colorbox-133\" src=\"http:\/\/www.granulati.it\/wp-content\/uploads\/2018\/04\/La-Casa-in-Legno-StoneCity-stonecity-st_v_5207_5298_s.jpg\" alt=\"\" width=\"100%\" srcset=\"https:\/\/www.granulati.it\/wp-content\/uploads\/2018\/04\/La-Casa-in-Legno-StoneCity-stonecity-st_v_5207_5298_s.jpg 1280w, https:\/\/www.granulati.it\/wp-content\/uploads\/2018\/04\/La-Casa-in-Legno-StoneCity-stonecity-st_v_5207_5298_s-104x50.jpg 104w, https:\/\/www.granulati.it\/wp-content\/uploads\/2018\/04\/La-Casa-in-Legno-StoneCity-stonecity-st_v_5207_5298_s-300x145.jpg 300w, https:\/\/www.granulati.it\/wp-content\/uploads\/2018\/04\/La-Casa-in-Legno-StoneCity-stonecity-st_v_5207_5298_s-768x371.jpg 768w, https:\/\/www.granulati.it\/wp-content\/uploads\/2018\/04\/La-Casa-in-Legno-StoneCity-stonecity-st_v_5207_5298_s-1024x494.jpg 1024w\" sizes=\"(max-width: 1280px) 100vw, 1280px\" \/><\/a>\n<\/div>\n<hr \/>\n<h2>HISTOIRE<\/h2>\n<h3>90 ANS D\u2019EXP\u00c9RIENCE<\/h3>\n<h5>Quatre g\u00e9n\u00e9rations d\u2019entrepreneurs s\u2019engagent depuis 1929 dans l\u2019entreprise par une activit\u00e9 de carri\u00e8re, dans la commune de Zandobbio, d\u00e9partement de Bergame. La production et le stockage se d\u00e9veloppent dans 5 sites distincts sur une surface globale de plus de 200 000 m\u00e8tres carr\u00e9s.<\/h5>\n<p>&nbsp;<\/p>\n<div class=\"shortcode1-4\">\n<ul>\n<li>\n<h4>1929<\/h4>\n<p>Gino Sottocornola, l\u2019arri\u00e8re-grand-p\u00e8re des actuels titulaires, Directeur de la cimenterie Alta Val Brembana, suite \u00e0 la fermeture de l\u2019usine, se met \u00e0 son compte et ouvre en 1929 un d\u00e9p\u00f4t de gros graviers dans le centre de Bergame, rue Borgo Palazzo, et entreprend une activit\u00e9 de production et de distribution d\u2019agr\u00e9gats destin\u00e9s \u00e0 des cimentiers locaux.<\/li>\n<\/ul>\n<p>&nbsp;<\/p>\n<ul>\n<li>\n<h4>1934<\/h4>\n<p>L\u2019activit\u00e9 est d\u00e9plac\u00e9e dans la commune de Zandobbio \u00e0 proximit\u00e9 du centre historique du village (localit\u00e9 de Mulino). Ouverture dans cette localit\u00e9 de la premi\u00e8re carri\u00e8re de Zandobbio destin\u00e9e \u00e0 la production de Granulat du Marbre de Zandobbio.<\/li>\n<\/ul>\n<p>&nbsp;<\/p>\n<ul>\n<li>\n<h4>1950<\/h4>\n<p>L\u2019activit\u00e9 se d\u00e9place du centre du village au hameau de Selva di Zandobbio (localit\u00e9 de S. Anna), o\u00f9 l\u2019activit\u00e9 d\u2019extraction est aujourd\u2019hui encore active.<\/li>\n<\/ul>\n<p>&nbsp;<\/p>\n<ul>\n<li>\n<h4>1955-1960<\/h4>\n<p>Ouverture de deux autres chantiers de production dans la commune de Zandobbio (localit\u00e9 de Carecchio et localit\u00e9 de Madonne della Neve), destin\u00e9s au broyage de marbres color\u00e9s pour la production de briquettes en ciment.<\/li>\n<\/ul>\n<p>&nbsp;<\/p>\n<ul>\n<li>\n<h4>1970-1980<\/h4>\n<p>Achat de trois autres petites carri\u00e8res \u00e0 proximit\u00e9 de celle d\u00e9j\u00e0 existante dans la localit\u00e9 de S. Anna. Est ainsi cr\u00e9\u00e9e une grande et seule carri\u00e8re, utilis\u00e9e aujourd\u2019hui encore.<\/li>\n<\/ul>\n<\/div>\n<div class=\"shortcode1-4\">\n<ul>\n<li>\n<h4>1972<\/h4>\n<p>Installation du premier \u00e9quipement moderne de broyage pour r\u00e9pondre \u00e0 la demande croissante du secteur industriel du verre, des enduits et des liants.<\/li>\n<\/ul>\n<p>&nbsp;<\/p>\n<ul>\n<li>\n<h4>1980<\/h4>\n<p>Granulats Zandobbio srl remplace l\u2019entreprise de famille originaire et historique, Sottocornola G. snc<\/li>\n<\/ul>\n<p>&nbsp;<\/p>\n<ul>\n<li>\n<h4>1985<\/h4>\n<p>D\u00e9mant\u00e8lement de toutes les vieilles installations pour en cr\u00e9er une seule, technologiquement \u00e0 l\u2019avant-garde : la nouvelle installation sera positionn\u00e9e dans la partie inf\u00e9rieure de la carri\u00e8re, zone strat\u00e9gique pour son impact visuel et acoustique.<\/li>\n<\/ul>\n<p>&nbsp;<\/p>\n<ul>\n<li>\n<h4>1990-1995<\/h4>\n<p>Modernisation des installations pour la production de granulats de marbre et cr\u00e9ation de la premi\u00e8re installation de production de galets.<\/li>\n<\/ul>\n<p>&nbsp;<\/p>\n<ul>\n<li>\n<h4>2000<\/h4>\n<p>R\u00e9novation de l\u2019installation de production de galets dont les caract\u00e9ristiques en font une installation aujourd\u2019hui encore \u00e0 l\u2019avant-garde et unique au niveau europ\u00e9en.<\/li>\n<\/ul>\n<p>&nbsp;<\/p>\n<ul>\n<li>\n<h4>2003-2006<\/h4>\n<p>Agrandissement, dans la commune de Zandobbio, des d\u00e9p\u00f4ts destin\u00e9s au stockage des mati\u00e8res premi\u00e8res et des produits finis, passant d\u2019une surface de stockage de 20 000 \u00e0 50 000 m\u00b2.<\/li>\n<\/ul>\n<\/div>\n<div class=\"shortcode1-4\">\n<ul>\n<li>\n<h4>2006<\/h4>\n<p>\u00c0 compter du 1er janvier, Granulati Zandobbio srl devient une Soci\u00e9t\u00e9 par Actions.<\/li>\n<\/ul>\n<p>&nbsp;<\/p>\n<ul>\n<li>\n<h4>2008<\/h4>\n<p>Acquisition de l\u2019esplanade de \u2018Marmi Mecca\u2019 (qui a \u00e9t\u00e9 dans les ann\u00e9es 60 la plus importante entreprise au niveau mondial dans la production de granulats de marbre) : 50 000 m\u00b2 dans un point strat\u00e9gique sur l\u2019autoroute A4 Milan-Venise.<\/li>\n<\/ul>\n<p>&nbsp;<\/p>\n<ul>\n<li>\n<h4>2012<\/h4>\n<p>Naissance de StoneCity, un parc d\u2019exposition permanente de 3 000 m\u00b2 qui rassemble les meilleures d\u00e9corations r\u00e9alis\u00e9es avec les produits en pierre naturelle de Granulati Zandobbio. Une zone unique en son genre au niveau mondial.<\/li>\n<\/ul>\n<p>&nbsp;<\/p>\n<ul>\n<li>\n<h4>2013-2014<\/h4>\n<p>R\u00e9alisation de l\u2019installation de production des Galets de 3\u00e8me g\u00e9n\u00e9ration, enti\u00e8rement automatis\u00e9e et d\u00e9velopp\u00e9e avec des caract\u00e9ristiques durables, respectueuses de l\u2019environnement et des travailleurs.<\/li>\n<\/ul>\n<p>&nbsp;<\/p>\n<ul>\n<li>\n<h4>2015<\/h4>\n<p><strong>STONE CITY<\/strong> existe un excellent outil de marketing et de communication qui devient une structure polyvalente de 5000 m\u00e8tres carr\u00e9s, capable de fournir un service de plus en plus efficace \u00e0 ses clients et visiteurs, en accueillant chaque type d\u2019\u00e9v\u00e9nement. L\u2019ALTRA PIETRA est n\u00e9e la marque avec la marque d\u00e9pos\u00e9e de gr\u00e8s ext\u00e9rieur en gr\u00e8s c\u00e9rame avec la plus large gamme sur le march\u00e9 de cette cat\u00e9gorie.<\/li>\n<\/ul>\n<\/div>\n<div class=\"shortcode1-4\">\n<ul>\n<li>\n<h4>2016<\/h4>\n<p>La partie restante de la place de l\u2019ancienne Marmi Mecca est acquise. Le site de Bolgare, maintenant 120 000 m\u00e8tres carr\u00e9s, est destin\u00e9 \u00e0 devenir le c\u0153ur logistique de l\u2019entreprise. STONE CITY devient le deuxi\u00e8me sponsor d\u2019Atalanta Bergamasca Calcio.<\/li>\n<\/ul>\n<p>&nbsp;<\/p>\n<ul>\n<li>\n<h4>2017<\/h4>\n<p>Granulati Zandobbio lance un appel d&#8217;offres visant \u00e0 trouver un projet exclusif pour le nouveau si\u00e8ge social qui sera construit dans la zone d&#8217;exposition STONE CITY.<br \/>\n<a href=\"https:\/\/www.granulati.it\/fr\/stone-city-hq\/\" target=\"_blank\" rel=\"noopener noreferrer\">&lt;buttontype=\u201dbutton\u201d style=&#8221;padding:4px; background-color:#95ad0d; color:white;&#8221;&gt;<strong>EN SAVOIR PLUS<\/strong><\/a><\/li>\n<\/ul>\n<p>&nbsp;<\/p>\n<ul>\n<li>\n<h4>2018<\/h4>\n<p>+ 3000 m<sup>2<\/sup> exposition de sols en gr\u00e8s c\u00e9rame.<\/li>\n<\/ul>\n<p>&nbsp;<\/p>\n<ul>\n<li>\n<h4>2019<\/h4>\n<p>Construction du nouveau si\u00e8ge social \u00e0 Bolgare, sur la base d&#8217;un projet de l&#8217;architecte qui a remport\u00e9 le concours international organis\u00e9 en 2017.llan.<\/li>\n<\/ul>\n<\/div>\n<hr \/>\n<p>&nbsp;<\/p>\n<hr \/>\n<h2 style=\"font-size: 40px; font-weight: bold;\">MADE IN ITALY<\/h2>\n<p style=\"font-size: 14px;\">La plupart de nos pierres naturelles proviennent de carri\u00e8res italiennes: notre territoire est connu pour la richesse des mat\u00e9riaux et des roches de nature diff\u00e9rente, fortement caract\u00e9ris\u00e9s d&#8217;un point de vue g\u00e9ologique et toujours appr\u00e9ci\u00e9s pour leurs qualit\u00e9s esth\u00e9tiques.<\/p>\n<p>Nous sommes sp\u00e9cialis\u00e9s dans la production et la transformation des plus beaux marbres italiens (mais aussi d&#8217;origine mondiale), pour ensuite les transformer en produits d\u00e9coratifs pour jardins.<\/p>\n<p>La collaboration avec les meilleures carri\u00e8res italiennes et \u00e9trang\u00e8res garantit donc aux clients et aux op\u00e9rateurs la possibilit\u00e9 de choisir parmi une grande vari\u00e9t\u00e9 de pierres, marbres, granits et onyx, avec une richesse de couleurs et de mat\u00e9riaux en pierre que seul un partenaire qualifi\u00e9 comme Granulati Zandobbio est peut offrir.<\/p>\n<p><a href=\"http:\/\/www.granulati.it\/wp-content\/uploads\/2013\/06\/made-in-italy-cave1.jpg\"><img class=\"colorbox-133\"  src=\"http:\/\/www.granulati.it\/wp-content\/uploads\/2013\/06\/made-in-italy-cave1.jpg\" width=\"100%\" \/><\/a><\/p>\n<p>&nbsp;<\/p>\n<h4 style=\"text-align: center;\">Member of:<\/h4>\n<p><img loading=\"lazy\" class=\"size-medium wp-image-42494 aligncenter colorbox-133\" src=\"http:\/\/www.granulati.it\/wp-content\/uploads\/2018\/07\/Logo_Member_of_CONFINDUSTRIA_MARMOMACCHINE_CLASSICO-300x112.jpg\" alt=\"\" width=\"300\" height=\"112\" srcset=\"https:\/\/www.granulati.it\/wp-content\/uploads\/2018\/07\/Logo_Member_of_CONFINDUSTRIA_MARMOMACCHINE_CLASSICO-300x112.jpg 300w, https:\/\/www.granulati.it\/wp-content\/uploads\/2018\/07\/Logo_Member_of_CONFINDUSTRIA_MARMOMACCHINE_CLASSICO-134x50.jpg 134w, https:\/\/www.granulati.it\/wp-content\/uploads\/2018\/07\/Logo_Member_of_CONFINDUSTRIA_MARMOMACCHINE_CLASSICO-768x286.jpg 768w, https:\/\/www.granulati.it\/wp-content\/uploads\/2018\/07\/Logo_Member_of_CONFINDUSTRIA_MARMOMACCHINE_CLASSICO-1024x381.jpg 1024w\" sizes=\"(max-width: 300px) 100vw, 300px\" \/><\/p>","protected":false},"excerpt":{"rendered":"<p>QUI NOUS SOMMES HISTOIRE 90 ANS D\u2019EXP\u00c9RIENCE Quatre g\u00e9n\u00e9rations d\u2019entrepreneurs s\u2019engagent depuis 1929 dans l\u2019entreprise par une activit\u00e9 de carri\u00e8re, dans la commune de Zandobbio, d\u00e9partement de Bergame. La production et le stockage se d\u00e9veloppent dans 5 sites distincts sur une surface globale de plus de 200 000 m\u00e8tres carr\u00e9s. &nbsp; &nbsp; MADE IN ITALY La plupart de nos pierres naturelles proviennent de carri\u00e8res italiennes: notre territoire est connu pour la richesse des mat\u00e9riaux et des roches de nature diff\u00e9rente, fortement caract\u00e9ris\u00e9s d&#8217;un point de vue g\u00e9ologique et toujours appr\u00e9ci\u00e9s pour leurs qualit\u00e9s esth\u00e9tiques. Nous sommes sp\u00e9cialis\u00e9s dans la production et la transformation des plus beaux marbres italiens (mais aussi d&#8217;origine mondiale), pour ensuite les transformer en produits d\u00e9coratifs pour jardins. La collaboration avec les meilleures carri\u00e8res italiennes et \u00e9trang\u00e8res garantit donc aux clients et aux op\u00e9rateurs la possibilit\u00e9 de choisir parmi une grande vari\u00e9t\u00e9 de pierres, marbres, granits et onyx, avec une richesse de couleurs et de mat\u00e9riaux en pierre que seul un partenaire qualifi\u00e9 comme Granulati Zandobbio est peut offrir. &nbsp; Member of:<\/p>\n","protected":false},"author":1,"featured_media":0,"parent":0,"menu_order":0,"comment_status":"closed","ping_status":"closed","template":"chi_siamo2.php","meta":{"_links_to":"","_links_to_target":""},"aioseo_notices":[],"_links":{"self":[{"href":"https:\/\/www.granulati.it\/fr\/wp-json\/wp\/v2\/pages\/133"}],"collection":[{"href":"https:\/\/www.granulati.it\/fr\/wp-json\/wp\/v2\/pages"}],"about":[{"href":"https:\/\/www.granulati.it\/fr\/wp-json\/wp\/v2\/types\/page"}],"author":[{"embeddable":true,"href":"https:\/\/www.granulati.it\/fr\/wp-json\/wp\/v2\/users\/1"}],"replies":[{"embeddable":true,"href":"https:\/\/www.granulati.it\/fr\/wp-json\/wp\/v2\/comments?post=133"}],"version-history":[{"count":269,"href":"https:\/\/www.granulati.it\/fr\/wp-json\/wp\/v2\/pages\/133\/revisions"}],"predecessor-version":[{"id":84030,"href":"https:\/\/www.granulati.it\/fr\/wp-json\/wp\/v2\/pages\/133\/revisions\/84030"}],"wp:attachment":[{"href":"https:\/\/www.granulati.it\/fr\/wp-json\/wp\/v2\/media?parent=133"}],"curies":[{"name":"wp","href":"https:\/\/api.w.org\/{rel}","templated":true}]}}