{"id":131,"date":"2013-05-20T11:29:51","date_gmt":"2013-05-20T09:29:51","guid":{"rendered":"http:\/\/www.granulati.it\/it\/?page_id=131"},"modified":"2025-07-30T16:20:22","modified_gmt":"2025-07-30T14:20:22","slug":"storia","status":"publish","type":"page","link":"https:\/\/www.granulati.it\/fr\/histoire\/","title":{"rendered":"Histoire"},"content":{"rendered":"<p><\/p>\n<h3 style=\"text-align: justify;\">\n<div class=\"shortcode1\"><\/div>\n<\/h3>\n<h1 style=\"text-align: left;\">80 ANS D&#8217;EXP\u00c9RIENCE DANS LA PRODUCTION ET LA COMMERCIALISATION DE GALETS ET GRANUL\u00c9S<\/h1>\n<h6 style=\"text-align: justify;\">Quatre g\u00e9n\u00e9rations d\u2019entrepreneurs s\u2019engagent depuis 1929 dans l\u2019entreprise par une activit\u00e9 de carri\u00e8re, dans la commune de Zandobbio, d\u00e9partement de Bergame. La production et le stockage se d\u00e9veloppent dans 5 sites distincts sur une surface globale de plus de 200 000 m\u00e8tres carr\u00e9s.<\/h6>\n<\/div>\n<div style='clear:both; height:10px' ><\/div>\n<h5 style=\"text-align: justify;\">\n<div style='clear:both; height:10px' ><\/div>\n<\/h5>\n<div class=\"shortcode1-2\">\n<h5 style=\"text-align: justify;\"><strong>1929<\/strong><\/h5>\n<p style=\"text-align: justify;\">Gino Sottocornola, l\u2019arri\u00e8re-grand-p\u00e8re des actuels titulaires, Directeur de la cimenterie Alta Val Brembana, suite \u00e0 la fermeture de l\u2019usine, se met \u00e0 son compte et ouvre en 1929 un d\u00e9p\u00f4t de gros graviers dans le centre de Bergame, rue Borgo Palazzo, et entreprend une activit\u00e9 de production et de distribution d\u2019agr\u00e9gats destin\u00e9s \u00e0 des cimentiers locaux.<\/p>\n<p>&nbsp;<\/p>\n<h5 style=\"text-align: justify;\"><strong>1934<\/strong><\/h5>\n<p style=\"text-align: justify;\">L\u2019activit\u00e9 est d\u00e9plac\u00e9e dans la commune de Zandobbio \u00e0 proximit\u00e9 du centre historique du village (localit\u00e9 de Mulino). Ouverture dans cette localit\u00e9 de la premi\u00e8re carri\u00e8re de Zandobbio destin\u00e9e \u00e0 la production de Granulat du Marbre de Zandobbio.<\/p>\n<p>&nbsp;<\/p>\n<h5 style=\"text-align: justify;\"><strong>1950<\/strong><\/h5>\n<p style=\"text-align: justify;\">L\u2019activit\u00e9 se d\u00e9place du centre du village au hameau de Selva di Zandobbio (localit\u00e9 de S. Anna), o\u00f9 l\u2019activit\u00e9 d\u2019extraction est aujourd\u2019hui encore active.<\/p>\n<p>&nbsp;<\/p>\n<h5 style=\"text-align: justify;\"><strong>1955-1960<\/strong><\/h5>\n<p style=\"text-align: justify;\">Ouverture de deux autres chantiers de production dans la commune de Zandobbio (localit\u00e9 de Carecchio et localit\u00e9 de Madonne della Neve), destin\u00e9s au broyage de marbres color\u00e9s pour la production de briquettes en ciment.<\/p>\n<p style=\"text-align: justify;\">\n<div style='clear:both; height:10px' ><\/div>\n<\/p>\n<p>&nbsp;<\/p>\n<h5 style=\"text-align: justify;\"><strong>1970-1980<\/strong><\/h5>\n<p style=\"text-align: justify;\">Achat de trois autres petites carri\u00e8res \u00e0 proximit\u00e9 de celle d\u00e9j\u00e0 existante dans la localit\u00e9 de S. Anna. Est ainsi cr\u00e9\u00e9e une grande et seule carri\u00e8re, utilis\u00e9e aujourd\u2019hui encore.<\/p>\n<p>&nbsp;<\/p>\n<h5 style=\"text-align: justify;\"><strong>1972<\/strong><\/h5>\n<p style=\"text-align: justify;\">Installation du premier \u00e9quipement moderne de broyage pour r\u00e9pondre \u00e0 la demande croissante du secteur industriel du verre, des enduits et des liants.<\/p>\n<p>&nbsp;<\/p>\n<h5 style=\"text-align: justify;\"><strong>1980<\/strong><\/h5>\n<p style=\"text-align: justify;\">Granulats Zandobbio srl remplace l\u2019entreprise de famille originaire et historique, Sottocornola G. snc<\/p>\n<p>&nbsp;<\/p>\n<h5 style=\"text-align: justify;\"><strong>1985<\/strong><\/h5>\n<p style=\"text-align: justify;\">D\u00e9mant\u00e8lement de toutes les vieilles installations pour en cr\u00e9er une seule, technologiquement \u00e0 l\u2019avant-garde : la nouvelle installation sera positionn\u00e9e dans la partie inf\u00e9rieure de la carri\u00e8re, zone strat\u00e9gique pour son impact visuel et acoustique.<\/p>\n<p>&nbsp;<\/p>\n<h5 style=\"text-align: justify;\"><strong>1990-1995<\/strong><\/h5>\n<p style=\"text-align: justify;\">Modernisation des installations pour la production de granulats de marbre et cr\u00e9ation de la premi\u00e8re installation de production de galets.<\/p>\n<h5><\/div>\n<\/h5>\n<h5>\n<div class=\"shortcode1-2\"><\/h5>\n<h5 style=\"text-align: justify;\"><strong>2000<\/strong><\/h5>\n<p style=\"text-align: justify;\">R\u00e9novation de l\u2019installation de production de galets dont les caract\u00e9ristiques en font une installation aujourd\u2019hui encore \u00e0 l\u2019avant-garde et unique au niveau europ\u00e9en.<\/p>\n<p>&nbsp;<\/p>\n<h5 style=\"text-align: justify;\"><strong>2003-2006\u00a0<\/strong><\/h5>\n<p style=\"text-align: justify;\">Agrandissement, dans la commune de Zandobbio, des d\u00e9p\u00f4ts destin\u00e9s au stockage des mati\u00e8res premi\u00e8res et des produits finis, passant d\u2019une surface de stockage de 20 000 \u00e0 50 000 m\u00b2.<\/p>\n<p>&nbsp;<\/p>\n<h5 style=\"text-align: justify;\"><strong>2006<\/strong><\/h5>\n<p style=\"text-align: justify;\">\u00c0 compter du 1er janvier, Granulati Zandobbio srl devient une Soci\u00e9t\u00e9 par Actions.<\/p>\n<p>&nbsp;<\/p>\n<h5 style=\"text-align: justify;\"><strong>2008<\/strong><\/h5>\n<p style=\"text-align: justify;\">Acquisition de l\u2019esplanade de \u2018Marmi Mecca\u2019 (qui a \u00e9t\u00e9 dans les ann\u00e9es 60 la plus importante entreprise au niveau mondial dans la production de granulats de marbre) : 50 000 m\u00b2 dans un point strat\u00e9gique sur l\u2019autoroute A4 Milan-Venise.<\/p>\n<p>&nbsp;<\/p>\n<h5 style=\"text-align: justify;\"><strong>2012<\/strong><\/h5>\n<p style=\"text-align: justify;\">Naissance de StoneCity, un parc d\u2019exposition permanente de 3 000 m\u00b2 qui rassemble les meilleures d\u00e9corations r\u00e9alis\u00e9es avec les produits en pierre naturelle de Granulati Zandobbio. Une zone unique en son genre au niveau mondial.<\/p>\n<p>&nbsp;<\/p>\n<h5 style=\"text-align: justify;\"><strong>2013-2014<\/strong><\/h5>\n<p style=\"text-align: justify;\">R\u00e9alisation de l\u2019installation de production des Galets de 3\u00e8me g\u00e9n\u00e9ration, enti\u00e8rement automatis\u00e9e et d\u00e9velopp\u00e9e avec des caract\u00e9ristiques durables, respectueuses de l\u2019environnement et des travailleurs.<\/p>\n<p>&nbsp;<\/p>\n<h5 style=\"text-align: justify;\"><strong>2015<\/strong><\/h5>\n<p style=\"text-align: justify;\"><strong style=\"font-size: 16px;\">STONE CITY<\/strong><span style=\"font-size: 16px;\">\u00a0<\/span>existe un excellent outil de marketing et de communication qui devient une structure polyvalente de 5000 m\u00e8tres carr\u00e9s, capable de fournir un service de plus en plus efficace \u00e0 ses clients et visiteurs, en accueillant chaque type d&#8217;\u00e9v\u00e9nement. L&#8217;ALTRA PIETRA est n\u00e9e la marque avec la marque d\u00e9pos\u00e9e de gr\u00e8s ext\u00e9rieur en gr\u00e8s c\u00e9rame avec la plus large gamme sur le march\u00e9 de cette cat\u00e9gorie.<\/p>\n<p>&nbsp;<\/p>\n<h5 style=\"text-align: justify;\"><strong>2016<\/strong><\/h5>\n<p style=\"text-align: justify;\">La partie restante de la place de l&#8217;ancienne Marmi Mecca est acquise. Le site de Bolgare, maintenant 120 000 m\u00e8tres carr\u00e9s, est destin\u00e9 \u00e0 devenir le c\u0153ur logistique de l&#8217;entreprise. STONE CITY devient le deuxi\u00e8me sponsor d&#8217;Atalanta Bergamasca Calcio.<\/p>\n<hr \/>\n<h2 style=\"text-align: left;\">L&#8217;entreprise est certifi\u00e9e:<\/h2>\n<div style=\"float: left; padding: 15px;\">\n<p style=\"text-align: center;\">ISO 9001:2015<br \/>\n(qualit\u00e9)<\/p>\n<p style=\"text-align: center;\"><img class=\"wp-image-39613 aligncenter colorbox-131\" src=\"http:\/\/www.granulati.it\/wp-content\/uploads\/2018\/03\/IQNet-50x50.jpg\" alt=\"\" width=\"130\" srcset=\"https:\/\/www.granulati.it\/wp-content\/uploads\/2018\/03\/IQNet-50x50.jpg 50w, https:\/\/www.granulati.it\/wp-content\/uploads\/2018\/03\/IQNet-300x300.jpg 300w, https:\/\/www.granulati.it\/wp-content\/uploads\/2018\/03\/IQNet-472x472.jpg 472w, https:\/\/www.granulati.it\/wp-content\/uploads\/2018\/03\/IQNet-150x150.jpg 150w, https:\/\/www.granulati.it\/wp-content\/uploads\/2018\/03\/IQNet.jpg 618w\" sizes=\"(max-width: 50px) 100vw, 50px\" \/><\/p>\n<\/div>\n<div style=\"float: left; padding: 15px; text-align: center;\">\n<p style=\"text-align: center;\">ISO 14001:2015<br \/>\n(durabilit\u00e9 environnementale)<\/p>\n<p><img class=\"wp-image-39619 aligncenter colorbox-131\" src=\"http:\/\/www.granulati.it\/wp-content\/uploads\/2018\/03\/iso-14001-environmental-management-system-500x500-1-50x50.png\" alt=\"\" width=\"130\" srcset=\"https:\/\/www.granulati.it\/wp-content\/uploads\/2018\/03\/iso-14001-environmental-management-system-500x500-1-50x50.png 50w, https:\/\/www.granulati.it\/wp-content\/uploads\/2018\/03\/iso-14001-environmental-management-system-500x500-1-300x300.png 300w, https:\/\/www.granulati.it\/wp-content\/uploads\/2018\/03\/iso-14001-environmental-management-system-500x500-1-472x472.png 472w, https:\/\/www.granulati.it\/wp-content\/uploads\/2018\/03\/iso-14001-environmental-management-system-500x500-1-150x150.png 150w, https:\/\/www.granulati.it\/wp-content\/uploads\/2018\/03\/iso-14001-environmental-management-system-500x500-1.png 476w\" sizes=\"(max-width: 50px) 100vw, 50px\" \/><\/p>\n<\/div>\n<div style=\"float: left; padding: 15px;\">\n<p style=\"text-align: center;\">Confindustria Marmomacchine<\/p>\n<p><img class=\"alignnone wp-image-39613 aligncenter colorbox-131\" src=\"http:\/\/www.granulati.it\/wp-content\/uploads\/2018\/03\/CMM.png\" alt=\"\" width=\"130\" \/><\/p>\n<\/div>\n<p><\/p>","protected":false},"excerpt":{"rendered":"<p>D\u00e9sol\u00e9, cet article est seulement disponible en Italien.<\/p>\n","protected":false},"author":1,"featured_media":0,"parent":0,"menu_order":0,"comment_status":"open","ping_status":"closed","template":"","meta":{"_links_to":"","_links_to_target":""},"aioseo_notices":[],"_links":{"self":[{"href":"https:\/\/www.granulati.it\/fr\/wp-json\/wp\/v2\/pages\/131"}],"collection":[{"href":"https:\/\/www.granulati.it\/fr\/wp-json\/wp\/v2\/pages"}],"about":[{"href":"https:\/\/www.granulati.it\/fr\/wp-json\/wp\/v2\/types\/page"}],"author":[{"embeddable":true,"href":"https:\/\/www.granulati.it\/fr\/wp-json\/wp\/v2\/users\/1"}],"replies":[{"embeddable":true,"href":"https:\/\/www.granulati.it\/fr\/wp-json\/wp\/v2\/comments?post=131"}],"version-history":[{"count":67,"href":"https:\/\/www.granulati.it\/fr\/wp-json\/wp\/v2\/pages\/131\/revisions"}],"predecessor-version":[{"id":39673,"href":"https:\/\/www.granulati.it\/fr\/wp-json\/wp\/v2\/pages\/131\/revisions\/39673"}],"wp:attachment":[{"href":"https:\/\/www.granulati.it\/fr\/wp-json\/wp\/v2\/media?parent=131"}],"curies":[{"name":"wp","href":"https:\/\/api.w.org\/{rel}","templated":true}]}}