{"id":996,"date":"2013-10-18T15:35:34","date_gmt":"2013-10-18T13:35:34","guid":{"rendered":"http:\/\/www.granulati.it\/it\/?page_id=996"},"modified":"2023-02-01T14:44:07","modified_gmt":"2023-02-01T13:44:07","slug":"calcolatore-2","status":"publish","type":"page","link":"https:\/\/www.granulati.it\/de\/calcolatore\/","title":{"rendered":"Rechner"},"content":{"rendered":"<div id=\"pl-996\"  class=\"panel-layout\" ><div id=\"pg-996-0\"  class=\"panel-grid panel-no-style\" ><div id=\"pgc-996-0-0\"  class=\"panel-grid-cell\" ><div id=\"panel-996-0-0-0\" class=\"so-panel widget widget_text panel-first-child\" data-index=\"0\" >\t\t\t<div class=\"textwidget\"><div style=\"background-color: #006785; height: 50px;\">\n<h1 style=\"padding-top: 10px;\"><span style=\"color: white;\">TASCHENRECHNER<\/span><\/h1>\n<\/div>\n<\/div>\n\t\t<\/div><div id=\"panel-996-0-0-1\" class=\"so-panel widget widget_text panel-last-child\" data-index=\"1\" >\t\t\t<div class=\"textwidget\"><p><img class=\"colorbox-996\"  style=\"width: 100%;\" src=\"http:\/\/www.granulati.it\/wp-content\/uploads\/2022\/12\/calcol2.jpg\" \/><\/p>\n<p style=\"text-align: center; font-size: 14px; font-family: Raleway, Thaoma, Helvetica, Arial;\">Verwenden Sie den Rechner, um schnell die Menge an <a href=\"http:\/\/www.granulati.it\/it\/prodotti\/pebbles\/\"><strong>Ciottoli<\/strong><\/a>, <a href=\" https:\/\/www.granulati.it\/it\/prodotti\/gravels\/\"><strong>Granulat<\/strong><\/a> oder Ziersteine \u200b\u200berforderlich<br \/>\num die Oberfl\u00e4che eines Blumenbeets, einer Auffahrt, einer Rotunde, eines Hofes oder einer Terrasse abzudecken.<\/p>\n<p>&nbsp;<\/p>\n<p style=\"text-align: center; font-size: 14px; font-family: Raleway, Thaoma, Helvetica, Arial;\">Achtung: Die meisten Produkte werden nach Gewicht (kg oder Tonne) verkauft, w\u00e4hrend andere Produkte nach Volumen (l oder m<sup>3<\/sup>) verkauft werden.<br \/>\nWenn Sie die Granulat- oder Kieselmenge f\u00fcr den <a href=\"www.gravelfix.it\"><strong>GRAVELFIX<\/strong><\/a> berechnen m\u00fcssen<br \/>\nSie m\u00fcssen eine Dicke von 4 cm (H) ber\u00fccksichtigen, der zu ber\u00fccksichtigende Wert ist in Tonnen oder kg.<br \/>\nW\u00e4hrend sich die ideale Dicke f\u00fcr <a href=\"https:\/\/www.granulati.it\/it\/prodotti\/accessory-products-2\/calcestre\/\"><strong>CALCESTRE<\/strong><\/a> mit dem Bindemittel entwickelt bei Italcementi sind es 10 cm (H), der zu ber\u00fccksichtigende Wert ist in Tonnen oder kg.<br \/>\nUm die Menge an <strong>PAMIDRE<\/strong> zu berechnen, ist die ideale zu ber\u00fccksichtigende Dicke 2 cm (H), der zu ber\u00fccksichtigende Wert ist in l oder m<sup>3<\/sup>.<\/p>\n<\/div>\n\t\t<\/div><\/div><\/div><div id=\"pg-996-1\"  class=\"panel-grid panel-no-style\" ><div id=\"pgc-996-1-0\"  class=\"panel-grid-cell\" ><div id=\"panel-996-1-0-0\" class=\"so-panel widget widget_text panel-first-child panel-last-child\" data-index=\"2\" >\t\t\t<div class=\"textwidget\"><form name=\"cp_calculatedfieldsf_pform_1\" id=\"cp_calculatedfieldsf_pform_1\" action=\"?\" method=\"post\" enctype=\"multipart\/form-data\" class=\"cff-form \" >\n<input type=\"hidden\" name=\"cp_calculatedfieldsf_pform_psequence\" value=\"_1\" \/><br \/>\n<input type=\"hidden\" name=\"cp_calculatedfieldsf_id\" value=\"6\" \/><\/p>\n<pre style=\"display:none !important;\"><script type=\"text\/javascript\">form_structure_1=[[{\"form_identifier\":\"\",\"name\":\"fieldname1\",\"shortlabel\":\"\",\"index\":0,\"ftype\":\"fnumber\",\"userhelp\":\"\",\"audiotutorial\":\"\",\"userhelpTooltip\":false,\"tooltipIcon\":false,\"csslayout\":\"\",\"title\":\"H [cm]\",\"predefined\":\"\",\"predefinedClick\":false,\"required\":true,\"exclude\":false,\"readonly\":false,\"numberpad\":false,\"spinner\":false,\"size\":\"large\",\"thousandSeparator\":\"\",\"decimalSymbol\":\"\",\"min\":\"\",\"max\":\"\",\"formatDynamically\":false,\"dformat\":\"number\",\"formats\":[\"digits\",\"number\",\"percent\"],\"fBuild\":{},\"parent\":\"\"},{\"form_identifier\":\"\",\"name\":\"fieldname2\",\"shortlabel\":\"\",\"index\":1,\"ftype\":\"fnumber\",\"userhelp\":\"\",\"audiotutorial\":\"\",\"userhelpTooltip\":false,\"tooltipIcon\":false,\"csslayout\":\"\",\"title\":\"L [m]\",\"predefined\":\"\",\"predefinedClick\":false,\"required\":true,\"exclude\":false,\"readonly\":false,\"numberpad\":false,\"spinner\":false,\"size\":\"large\",\"thousandSeparator\":\"\",\"decimalSymbol\":\"\",\"min\":\"\",\"max\":\"\",\"formatDynamically\":false,\"dformat\":\"number\",\"formats\":[\"digits\",\"number\",\"percent\"],\"fBuild\":{},\"parent\":\"\"},{\"form_identifier\":\"\",\"name\":\"fieldname3\",\"shortlabel\":\"\",\"index\":2,\"ftype\":\"fnumber\",\"userhelp\":\"\",\"audiotutorial\":\"\",\"userhelpTooltip\":false,\"tooltipIcon\":false,\"csslayout\":\"\",\"title\":\"W [m]\",\"predefined\":\"\",\"predefinedClick\":false,\"required\":true,\"exclude\":false,\"readonly\":false,\"numberpad\":false,\"spinner\":false,\"size\":\"large\",\"thousandSeparator\":\"\",\"decimalSymbol\":\"\",\"min\":\"\",\"max\":\"\",\"formatDynamically\":false,\"dformat\":\"number\",\"formats\":[\"digits\",\"number\",\"percent\"],\"fBuild\":{},\"parent\":\"\"},{\"dependencies\":[{\"rule\":\"\",\"complex\":false,\"fields\":[\"\"]}],\"form_identifier\":\"\",\"name\":\"fieldname6\",\"shortlabel\":\"\",\"index\":3,\"ftype\":\"fCalculated\",\"userhelp\":\"\",\"audiotutorial\":\"\",\"userhelpTooltip\":false,\"tooltipIcon\":false,\"csslayout\":\"\",\"title\":\"m\\u003Csup\\u003E2\\u003C\\\/sup\\u003E\",\"predefined\":\"\",\"required\":false,\"exclude\":false,\"size\":\"large\",\"eq\":\"fieldname2*fieldname3\",\"min\":\"\",\"max\":\"\",\"suffix\":\"\",\"prefix\":\"\",\"decimalsymbol\":\".\",\"groupingsymbol\":\"\",\"readonly\":true,\"currency\":false,\"noEvalIfManual\":false,\"formatDynamically\":false,\"hidefield\":false,\"fBuild\":{},\"parent\":\"\"},{\"dependencies\":[{\"rule\":\"\",\"complex\":false,\"fields\":[\"\"]}],\"form_identifier\":\"\",\"name\":\"fieldname7\",\"shortlabel\":\"\",\"index\":4,\"ftype\":\"fCalculated\",\"userhelp\":\"\",\"audiotutorial\":\"\",\"userhelpTooltip\":false,\"tooltipIcon\":false,\"csslayout\":\"\",\"title\":\"kg\",\"predefined\":\"\",\"required\":false,\"exclude\":false,\"size\":\"large\",\"eq\":\"(fieldname1*fieldname2*fieldname3)*1.5*10\",\"min\":\"\",\"max\":\"\",\"suffix\":\"\",\"prefix\":\"\",\"decimalsymbol\":\",\",\"groupingsymbol\":\"\",\"readonly\":true,\"currency\":false,\"noEvalIfManual\":false,\"formatDynamically\":false,\"hidefield\":false,\"fBuild\":{},\"parent\":\"\"},{\"dependencies\":[{\"rule\":\"\",\"complex\":false,\"fields\":[\"\"]}],\"form_identifier\":\"\",\"name\":\"fieldname8\",\"shortlabel\":\"\",\"index\":5,\"ftype\":\"fCalculated\",\"userhelp\":\"\",\"audiotutorial\":\"\",\"userhelpTooltip\":false,\"tooltipIcon\":false,\"csslayout\":\"\",\"title\":\"ton\",\"predefined\":\"\",\"required\":false,\"exclude\":false,\"size\":\"large\",\"eq\":\"(fieldname1*fieldname2*fieldname3)*1.5\\\/100\",\"min\":\"\",\"max\":\"\",\"suffix\":\"\",\"prefix\":\"\",\"decimalsymbol\":\",\",\"groupingsymbol\":\"\",\"readonly\":true,\"currency\":false,\"noEvalIfManual\":false,\"formatDynamically\":false,\"hidefield\":false,\"fBuild\":{},\"parent\":\"\"},{\"dependencies\":[{\"rule\":\"\",\"complex\":false,\"fields\":[\"\"]}],\"form_identifier\":\"\",\"name\":\"fieldname4\",\"shortlabel\":\"\",\"index\":6,\"ftype\":\"fCalculated\",\"userhelp\":\"\",\"audiotutorial\":\"\",\"userhelpTooltip\":false,\"tooltipIcon\":false,\"csslayout\":\"\",\"title\":\"l\",\"predefined\":\"\",\"required\":false,\"exclude\":false,\"size\":\"large\",\"eq\":\"(fieldname1*fieldname2*fieldname3)*10\",\"min\":\"\",\"max\":\"\",\"suffix\":\"\",\"prefix\":\"\",\"decimalsymbol\":\",\",\"groupingsymbol\":\"\",\"readonly\":true,\"currency\":false,\"noEvalIfManual\":false,\"formatDynamically\":false,\"hidefield\":false,\"fBuild\":{},\"parent\":\"\"},{\"dependencies\":[{\"rule\":\"\",\"complex\":false,\"fields\":[\"\"]}],\"form_identifier\":\"\",\"name\":\"fieldname5\",\"shortlabel\":\"\",\"index\":7,\"ftype\":\"fCalculated\",\"userhelp\":\"\",\"audiotutorial\":\"\",\"userhelpTooltip\":false,\"tooltipIcon\":false,\"csslayout\":\"\",\"title\":\"m\\u003Csup\\u003E3\\u003C\\\/sup\\u003E\",\"predefined\":\"\",\"required\":false,\"exclude\":false,\"size\":\"large\",\"eq\":\"(fieldname1*fieldname2*fieldname3)\\\/100\",\"min\":\"\",\"max\":\"\",\"suffix\":\"\",\"prefix\":\"\",\"decimalsymbol\":\",\",\"groupingsymbol\":\"\",\"readonly\":true,\"currency\":false,\"noEvalIfManual\":false,\"formatDynamically\":false,\"hidefield\":false,\"fBuild\":{},\"parent\":\"\"}],{\"0\":{\"title\":\"\",\"description\":\"\",\"formlayout\":\"top_aligned\",\"formtemplate\":\"cp_cff_clean\",\"evalequations\":1,\"evalequationsevent\":2,\"loading_animation\":0,\"autocomplete\":1,\"persistence\":0,\"animate_form\":0,\"customstyles\":\"\"},\"formid\":\"cp_calculatedfieldsf_pform_1\"}];<\/script><\/pre>\n<div id=\"fbuilder\">\n<div id=\"fbuilder_1\">\n<div id=\"formheader_1\"><\/div>\n<div id=\"fieldlist_1\"><\/div>\n<div class=\"clearer\"><\/div>\n<\/p><\/div>\n<\/div>\n<div class=\"clearer\"><\/div>\n<\/form>\n<\/div>\n\t\t<\/div><\/div><div id=\"pgc-996-1-1\"  class=\"panel-grid-cell\" ><div id=\"panel-996-1-1-0\" class=\"so-panel widget widget_text panel-first-child panel-last-child\" data-index=\"3\" >\t\t\t<div class=\"textwidget\"><p><a href=\"http:\/\/www.granulati.it\/wp-content\/uploads\/2022\/12\/calcolatore_Tavola-disegno-1.jpg\"><img class=\"colorbox-996\"  src=\"http:\/\/www.granulati.it\/wp-content\/uploads\/2022\/12\/calcolatore_Tavola-disegno-1.jpg\" \/><\/a><\/p>\n<p style=\"margin-bottom: 20px; font-size: 14px; font-family: Raleway;\">Geben Sie die erforderlichen Daten in die entsprechenden Felder ein, das System teilt Ihnen automatisch die Gesamtfl\u00e4che in m<sup>2<\/sup> Ihrer Arbeitsfl\u00e4che, das Gewicht in Kilogramm und Tonnen und das Volumen in Liter und m<sup>3&lt; mit \/sup&gt; der Aggregate, die f\u00fcr ein perfektes Ergebnis erforderlich sind.<\/sup><\/p>\n<ul style=\"margin-left: 0px;\">\n<li style=\"list-style-type: none;\">\n<ul>\n<li style=\"font-size: 14px; font-family: Raleway, Thaoma, Helvetica, Arial; line-height: 30px;\"><strong>H<\/strong>: Geben Sie den Dickenwert in Zentimetern (cm) Ihres Arbeitsbereichs ein;<\/li>\n<li style=\"font-size: 14px; font-family: Raleway, Thaoma, Helvetica, Arial; line-height: 30px;\"><strong>L<\/strong>: Geben Sie den Wert der L\u00e4nge Ihres Arbeitsbereichs in Metern (m) ein;<\/li>\n<li style=\"font-size: 14px; font-family: Raleway, Thaoma, Helvetica, Arial; line-height: 30px;\"><strong>W<\/strong>: Geben Sie den Wert der Breite Ihres Arbeitsbereichs in Metern (m) ein;<\/li>\n<li style=\"font-size: 14px; font-family: Raleway, Thaoma, Helvetica, Arial; line-height: 30px;\"><strong>m<sup>2<\/sup><\/strong>: Fl\u00e4che in m<sup>2<\/sup> der Arbeitsfl\u00e4che, berechnet durch Multiplikation der Wert W f\u00fcr den Wert L;<\/li>\n<li style=\"font-size: 14px; font-family: Raleway, Thaoma, Helvetica, Arial; line-height: 30px;\"><strong>kg<\/strong>: Wert in Kilogramm verkaufter Granulate oder Kieselsteine \u200b\u200bnach Gewicht, die zum F\u00fcllen der Arbeitsfl\u00e4che ben\u00f6tigt werden;<\/li>\n<li style=\"font-size: 14px; font-family: Raleway, Thaoma, Helvetica, Arial; line-height: 30px;\"><strong>Tonne<\/strong>: Wert in Tonnen verkaufter Granulate oder Kieselsteine \u200b\u200bnach Gewicht, die ben\u00f6tigt werden, um die Arbeitsfl\u00e4che zu f\u00fcllen;<\/li>\n<li style=\"font-size: 14px; font-family: Raleway, Thaoma, Helvetica, Arial; line-height: 30px;\"><strong>l<\/strong>: Wert in Litern verkaufter Granulate oder Kieselsteine \u200b\u200bnach Volumen, die ben\u00f6tigt werden, um die Arbeitsfl\u00e4che zu f\u00fcllen;<\/li>\n<li style=\"font-size: 14px; font-family: Raleway, Thaoma, Helvetica, Arial; line-height: 30px;\"><strong>m<sup>3<\/sup><\/strong>: Wert in m<sup>3<\/sup> des verkauften Granulats oder Kiesels nach Volumen, erforderlich um die Arbeitsfl\u00e4che zu f\u00fcllen;<\/li>\n<\/ul>\n<\/li>\n<\/ul>\n<\/li>\n<\/ul>\n<\/li>\n<\/ul>\n<\/div>\n\t\t<\/div><\/div><\/div><\/div>","protected":false},"excerpt":{"rendered":"<p>TASCHENRECHNER Verwenden Sie den Rechner, um schnell die Menge an Ciottoli, Granulat oder Ziersteine \u200b\u200berforderlich um die Oberfl\u00e4che eines Blumenbeets, einer Auffahrt, einer Rotunde, eines Hofes oder einer Terrasse abzudecken. &nbsp; Achtung: Die meisten Produkte werden nach Gewicht (kg oder Tonne) verkauft, w\u00e4hrend andere Produkte nach Volumen (l oder m3) verkauft werden. Wenn Sie die Granulat- oder Kieselmenge f\u00fcr den GRAVELFIX berechnen m\u00fcssen Sie m\u00fcssen eine Dicke von 4 cm (H) ber\u00fccksichtigen, der zu ber\u00fccksichtigende Wert ist in Tonnen oder kg. W\u00e4hrend sich die ideale Dicke f\u00fcr CALCESTRE mit dem Bindemittel entwickelt bei Italcementi sind es 10 cm (H), der zu ber\u00fccksichtigende Wert ist in Tonnen oder kg. Um die Menge an PAMIDRE zu berechnen, ist die ideale zu ber\u00fccksichtigende Dicke 2 cm (H), der zu ber\u00fccksichtigende Wert ist in l oder m3. Geben Sie die erforderlichen Daten in die entsprechenden Felder ein, das System teilt Ihnen automatisch die Gesamtfl\u00e4che in m2 Ihrer Arbeitsfl\u00e4che, das Gewicht in Kilogramm und Tonnen und das Volumen in Liter und m3&lt; mit \/sup&gt; der Aggregate, die f\u00fcr ein perfektes Ergebnis erforderlich sind. H: Geben Sie den Dickenwert in Zentimetern (cm) Ihres Arbeitsbereichs ein; L: Geben Sie den Wert der L\u00e4nge Ihres Arbeitsbereichs in Metern (m) ein; W: Geben Sie den Wert der Breite Ihres Arbeitsbereichs in Metern (m) ein; m2: Fl\u00e4che in m2 der Arbeitsfl\u00e4che, berechnet durch Multiplikation der Wert W f\u00fcr den Wert L; kg: Wert in Kilogramm verkaufter Granulate oder Kieselsteine \u200b\u200bnach Gewicht, die zum F\u00fcllen der Arbeitsfl\u00e4che ben\u00f6tigt werden; Tonne: Wert in Tonnen verkaufter Granulate oder Kieselsteine \u200b\u200bnach Gewicht, die ben\u00f6tigt werden, um die Arbeitsfl\u00e4che zu f\u00fcllen; l: Wert in Litern verkaufter Granulate oder Kieselsteine \u200b\u200bnach Volumen, die ben\u00f6tigt werden, um die Arbeitsfl\u00e4che zu f\u00fcllen; m3: Wert in m3 des verkauften Granulats oder Kiesels nach Volumen, erforderlich um die Arbeitsfl\u00e4che zu f\u00fcllen;<\/p>\n","protected":false},"author":1,"featured_media":0,"parent":0,"menu_order":17,"comment_status":"open","ping_status":"open","template":"","meta":{"_links_to":"","_links_to_target":""},"aioseo_notices":[],"_links":{"self":[{"href":"https:\/\/www.granulati.it\/de\/wp-json\/wp\/v2\/pages\/996"}],"collection":[{"href":"https:\/\/www.granulati.it\/de\/wp-json\/wp\/v2\/pages"}],"about":[{"href":"https:\/\/www.granulati.it\/de\/wp-json\/wp\/v2\/types\/page"}],"author":[{"embeddable":true,"href":"https:\/\/www.granulati.it\/de\/wp-json\/wp\/v2\/users\/1"}],"replies":[{"embeddable":true,"href":"https:\/\/www.granulati.it\/de\/wp-json\/wp\/v2\/comments?post=996"}],"version-history":[{"count":24,"href":"https:\/\/www.granulati.it\/de\/wp-json\/wp\/v2\/pages\/996\/revisions"}],"predecessor-version":[{"id":77638,"href":"https:\/\/www.granulati.it\/de\/wp-json\/wp\/v2\/pages\/996\/revisions\/77638"}],"wp:attachment":[{"href":"https:\/\/www.granulati.it\/de\/wp-json\/wp\/v2\/media?parent=996"}],"curies":[{"name":"wp","href":"https:\/\/api.w.org\/{rel}","templated":true}]}}