{"id":83895,"date":"2025-10-24T12:27:10","date_gmt":"2025-10-24T10:27:10","guid":{"rendered":"https:\/\/www.granulati.it\/it\/?page_id=83895"},"modified":"2025-10-24T14:45:29","modified_gmt":"2025-10-24T12:45:29","slug":"ambasciatori-d-impresa-2025","status":"publish","type":"page","link":"https:\/\/www.granulati.it\/de\/uber-uns\/ambasciatori-d-impresa-2025\/","title":{"rendered":"Unternehmensbotschafter 2025"},"content":{"rendered":"<p><\/p>\n<div style=\"background-color: #006785;height: 50px\">\n<h1 style=\"padding-top: 10px\"><span style=\"color: white;padding-left: 10px\">UNTERNEHMENSBOTSCHAFTER PREIS 2025<\/span><\/h1>\n<\/div>\n<p><span style=\"font-family: 'Lucida Grande', Verdana, Arial, Helvetica, sans-serif\"><img class=\"aligncenter wp-image-40045 size-full colorbox-83895\" title=\"granulati zandobbio\" src=\"http:\/\/www.granulati.it\/wp-content\/uploads\/2025\/10\/Sub-header-premio.jpg\" alt=\"\" width=\"100%\" \/><\/span><\/p>\n<div style=\"background-color: #2b5768; height: 120px; width: 100%; margin-bottom: 40 px;\">\n<div class=\"shortcode2-3\">\n<h2 style=\"padding-top: 10px; margin: 10px; font-size: 24px; color: white; background-color: #2b5768;\">\n<strong>Granulati Zandobbio wurde mit der renommierten Auszeichnung Unternehmensbotschafter Preis 2025 an der Italienischen B\u00f6rse in Mailand geehrt.<\/strong><br \/>\n<\/h2>\n<\/div>\n<div class=\"shortcode1-3\">\n<a href=\"https:\/\/ambasciatoridimpresa.it\/\" target=\"_blank\" rel=\"noopener noreferrer\"><br \/>\n<img loading=\"lazy\" class=\"aligncenter colorbox-83895\" style=\"align: center; padding-right: 25%; float: left;\" src=\"http:\/\/www.granulati.it\/wp-content\/uploads\/2025\/10\/AI_logo_header_no_payoff_2.png\" alt=\"\" width=\"918\" height=\"193\" \/><\/a><\/div>\n<\/div>\n<h3 style=\"font-size: 16px; margin: 10px;\">\n<strong>Der Schwerpunkt dieser zweiten Ausgabe liegt auf dem Generationenwechsel und der Einbindung der jungen Generationen.<\/strong><br \/>\n<\/h3>\n<p style=\"text-align: justify; margin: 10px; text-align: justify;\"><span style=\"font-family: 'Lucida Grande', Verdana, Arial, Helvetica, sans-serif;\">Die von <strong>KPMG<\/strong> und <strong>UBS<\/strong> organisierte Initiative, in Zusammenarbeit mit dem <strong>Politecnico di Milano<\/strong> und <strong>Elite<\/strong> sowie in Medienpartnerschaft mit <strong>Il Sole 24 Ore<\/strong>, richtet sich an <strong>italienische Familienunternehmen, die sich durch F\u00fchrungsst\u00e4rke, Innovation, Vision, Aufmerksamkeit f\u00fcr Humankapital und gute Unternehmensf\u00fchrung<\/strong> auszeichnen.<br \/>\nW\u00e4hrend der Veranstaltung am Mittwoch, dem 22. Oktober, wurde eine Auszeichnung von einigen der <strong>renommiertesten Experten f\u00fcr Familienunternehmen<\/strong> in Italien verliehen, um die Exzellenz italienischer Familienbetriebe zu w\u00fcrdigen und Erfolgsgeschichten bekannt zu machen, die als Vorbild f\u00fcr das gesamte italienische Unternehmertum dienen k\u00f6nnen.<\/span><\/p>\n<div style=\"max-width:1200px;margin:0 auto;display:flex;flex-wrap:wrap;justify-content:center;align-items:center;\">\n  <a href=\"https:\/\/www.borsaitaliana.it\/\" target=\"_blank\" rel=\"noopener\" style=\"flex:0 0 19.66%;display:flex;align-items:center;justify-content:center;box-sizing:border-box;padding:12px;\"><br \/>\n    <img class=\"colorbox-83895\"  src=\"http:\/\/www.granulati.it\/wp-content\/uploads\/2025\/10\/Logo_Borsa_Italiana_2021.svg_.png\" alt=\"Borsa Italiana\"\n         style=\"display:block;width:100%;max-width:190px;height:auto;object-fit:contain;\"><br \/>\n  <\/a><br \/>\n  <a href=\"https:\/\/www.ilsole24ore.com\/\" target=\"_blank\" rel=\"noopener\" style=\"flex:0 0 16.66%;display:flex;align-items:center;justify-content:center;box-sizing:border-box;padding:12px;\"><br \/>\n    <img class=\"colorbox-83895\"  src=\"http:\/\/www.granulati.it\/wp-content\/uploads\/2025\/10\/Il_Sole_24_Ore.svg_.png\" alt=\"Il Sole 24 Ore\"\n         style=\"display:block;width:100%;max-width:190px;height:auto;object-fit:contain;\"><br \/>\n  <\/a><br \/>\n  <a href=\"https:\/\/kpmg.com\/\" target=\"_blank\" rel=\"noopener\" style=\"flex:0 0 12.66%;display:flex;align-items:center;justify-content:center;box-sizing:border-box;padding:12px;\"><br \/>\n    <img class=\"colorbox-83895\"  src=\"http:\/\/www.granulati.it\/wp-content\/uploads\/2025\/10\/KPMG_blue_logo.svg_.png\" alt=\"KPMG\"\n         style=\"display:block;width:100%;max-width:190px;height:auto;object-fit:contain;\"><br \/>\n  <\/a><br \/>\n  <a href=\"https:\/\/www.elite-network.com\/\" target=\"_blank\" rel=\"noopener\" style=\"flex:0 0 16.66%;display:flex;align-items:center;justify-content:center;box-sizing:border-box;padding:12px;\"><br \/>\n    <img class=\"colorbox-83895\"  src=\"http:\/\/www.granulati.it\/wp-content\/uploads\/2025\/10\/elite.png\" alt=\"ELITE\"\n         style=\"display:block;width:100%;max-width:190px;height:auto;object-fit:contain;\"><br \/>\n  <\/a><br \/>\n  <a href=\"https:\/\/www.ubs.com\/\" target=\"_blank\" rel=\"noopener\" style=\"flex:0 0 13.66%;display:flex;align-items:center;justify-content:center;box-sizing:border-box;padding:12px;\"><br \/>\n    <img class=\"colorbox-83895\"  src=\"http:\/\/www.granulati.it\/wp-content\/uploads\/2025\/10\/UBS_Logo.png\" alt=\"UBS\"\n         style=\"display:block;width:100%;max-width:190px;height:auto;object-fit:contain;\"><br \/>\n  <\/a><br \/>\n  <a href=\"https:\/\/www.polimi.it\/\" target=\"_blank\" rel=\"noopener\" style=\"flex:0 0 20.66%;display:flex;align-items:center;justify-content:center;box-sizing:border-box;padding:12px;\"><br \/>\n    <img class=\"colorbox-83895\"  src=\"http:\/\/www.granulati.it\/wp-content\/uploads\/2025\/10\/images.png\" alt=\"Politecnico di Milano\"\n         style=\"display:block;width:100%;max-width:190px;height:auto;object-fit:contain;\"><br \/>\n  <\/a>\n<\/div>\n<p><\/p>","protected":false},"excerpt":{"rendered":"<p>UNTERNEHMENSBOTSCHAFTER PREIS 2025 Der Schwerpunkt dieser zweiten Ausgabe liegt auf dem Generationenwechsel und der Einbindung der jungen Generationen. Die von KPMG und UBS organisierte Initiative, in Zusammenarbeit mit dem Politecnico di Milano und Elite sowie in Medienpartnerschaft mit Il Sole 24 Ore, richtet sich an italienische Familienunternehmen, die sich durch F\u00fchrungsst\u00e4rke, Innovation, Vision, Aufmerksamkeit f\u00fcr Humankapital und gute Unternehmensf\u00fchrung auszeichnen. W\u00e4hrend der Veranstaltung am Mittwoch, dem 22. Oktober, wurde eine Auszeichnung von einigen der renommiertesten Experten f\u00fcr Familienunternehmen in Italien verliehen, um die Exzellenz italienischer Familienbetriebe zu w\u00fcrdigen und Erfolgsgeschichten bekannt zu machen, die als Vorbild f\u00fcr das gesamte italienische Unternehmertum dienen k\u00f6nnen.<\/p>\n","protected":false},"author":6,"featured_media":0,"parent":133,"menu_order":0,"comment_status":"closed","ping_status":"closed","template":"chi_siamo2.php","meta":{"_links_to":"","_links_to_target":""},"aioseo_notices":[],"_links":{"self":[{"href":"https:\/\/www.granulati.it\/de\/wp-json\/wp\/v2\/pages\/83895"}],"collection":[{"href":"https:\/\/www.granulati.it\/de\/wp-json\/wp\/v2\/pages"}],"about":[{"href":"https:\/\/www.granulati.it\/de\/wp-json\/wp\/v2\/types\/page"}],"author":[{"embeddable":true,"href":"https:\/\/www.granulati.it\/de\/wp-json\/wp\/v2\/users\/6"}],"replies":[{"embeddable":true,"href":"https:\/\/www.granulati.it\/de\/wp-json\/wp\/v2\/comments?post=83895"}],"version-history":[{"count":87,"href":"https:\/\/www.granulati.it\/de\/wp-json\/wp\/v2\/pages\/83895\/revisions"}],"predecessor-version":[{"id":84026,"href":"https:\/\/www.granulati.it\/de\/wp-json\/wp\/v2\/pages\/83895\/revisions\/84026"}],"up":[{"embeddable":true,"href":"https:\/\/www.granulati.it\/de\/wp-json\/wp\/v2\/pages\/133"}],"wp:attachment":[{"href":"https:\/\/www.granulati.it\/de\/wp-json\/wp\/v2\/media?parent=83895"}],"curies":[{"name":"wp","href":"https:\/\/api.w.org\/{rel}","templated":true}]}}