{"id":83166,"date":"2025-08-19T17:38:10","date_gmt":"2025-08-19T15:38:10","guid":{"rendered":"https:\/\/www.granulati.it\/it\/?page_id=83166"},"modified":"2025-08-20T16:01:48","modified_gmt":"2025-08-20T14:01:48","slug":"pergamon-mix","status":"publish","type":"page","link":"https:\/\/www.granulati.it\/de\/idea-pietra\/ip-prodotti\/pergamon-mix\/","title":{"rendered":"PERGAMON MIX"},"content":{"rendered":"<div id=\"pl-83166\"  class=\"panel-layout\" ><div id=\"pg-83166-0\"  class=\"panel-grid panel-has-style\" ><div class=\"alignfull panel-row-style panel-row-style-for-83166-0\" ><div id=\"pgc-83166-0-0\"  class=\"panel-grid-cell\" ><div id=\"panel-83166-0-0-0\" class=\"so-panel widget widget_sow-editor panel-first-child panel-last-child\" data-index=\"0\" ><div\n\t\t\t\n\t\t\tclass=\"so-widget-sow-editor so-widget-sow-editor-base\"\n\t\t\t\n\t\t>\n<div class=\"siteorigin-widget-tinymce textwidget\">\n\t<div style=\"text-align: center;\">\n<p><a href=\"https:\/\/www.granulati.it\/de\/idea-pietra\/\" target=\"_self\"><img class=\"colorbox-83166\"  style=\"display: block; margin: 0 auto;\" src=\"https:\/\/www.granulati.it\/wp-content\/uploads\/2025\/07\/logo-ideapietra.png\" alt=\"Idea Pietra Logo\" width=\"300px\" \/><\/a><\/p>\n<h2 style=\"font-family: 'Dosis', sans-serif; font-size: 30px; text-align: center; margin-top: 10px;\"><em>das Material, das deine W\u00e4nde kleidet<\/em><\/h2>\n<\/div>\n<\/div>\n<\/div><\/div><\/div><div id=\"pgc-83166-0-1\"  class=\"panel-grid-cell\" ><div id=\"panel-83166-0-1-0\" class=\"so-panel widget widget_sow-slider panel-first-child panel-last-child\" data-index=\"1\" ><div\n\t\t\t\n\t\t\tclass=\"so-widget-sow-slider so-widget-sow-slider-default-dcce56eaf7a2-83166\"\n\t\t\t\n\t\t>\t\t\t\t<div class=\"sow-slider-base\" style=\"display: none\" tabindex=\"0\">\n\t\t\t\t\t<ul\n\t\t\t\t\tclass=\"sow-slider-images\"\n\t\t\t\t\tdata-settings=\"{&quot;pagination&quot;:true,&quot;speed&quot;:800,&quot;timeout&quot;:8000,&quot;paused&quot;:false,&quot;pause_on_hover&quot;:false,&quot;swipe&quot;:true,&quot;nav_always_show_desktop&quot;:&quot;&quot;,&quot;nav_always_show_mobile&quot;:&quot;&quot;,&quot;breakpoint&quot;:&quot;780px&quot;,&quot;unmute&quot;:false,&quot;anchor&quot;:null}\"\n\t\t\t\t\t\t\t\t\t\tdata-anchor-id=\"\"\n\t\t\t\t>\t\t<li class=\"sow-slider-image\" style=\"visibility: visible;\" >\n\t\t\t\t\t\t<img class=\"sow-slider-background-image colorbox-83166\" style=\"\" loading=\"lazy\" srcset=\"\" sizes=\"\" src=\"https:\/\/www.granulati.it\/wp-content\/uploads\/2025\/08\/pergamon-mix.jpg\" >\t\t<\/li>\n\t\t<\/ul>\t\t\t\t<ol class=\"sow-slider-pagination\">\n\t\t\t\t\t\t\t\t\t\t\t<li><a href=\"#\" data-goto=\"0\" aria-label=\"Display slide 1\"><\/a><\/li>\n\t\t\t\t\t\t\t\t\t<\/ol>\n\n\t\t\t\t<div class=\"sow-slide-nav sow-slide-nav-next\">\n\t\t\t\t\t<a href=\"#\" data-goto=\"next\" aria-label=\"Next slide\" data-action=\"next\">\n\t\t\t\t\t\t<em class=\"sow-sld-icon-thin-right\"><\/em>\n\t\t\t\t\t<\/a>\n\t\t\t\t<\/div>\n\n\t\t\t\t<div class=\"sow-slide-nav sow-slide-nav-prev\">\n\t\t\t\t\t<a href=\"#\" data-goto=\"previous\" aria-label=\"Previous slide\" data-action=\"prev\">\n\t\t\t\t\t\t<em class=\"sow-sld-icon-thin-left\"><\/em>\n\t\t\t\t\t<\/a>\n\t\t\t\t<\/div>\n\t\t\t\t<\/div><\/div><\/div><\/div><\/div><\/div><div id=\"pg-83166-1\"  class=\"panel-grid panel-has-style\" ><div class=\"siteorigin-panels-stretch panel-row-style panel-row-style-for-83166-1\" data-stretch-type=\"full-width-stretch\" ><div id=\"pgc-83166-1-0\"  class=\"panel-grid-cell\" ><div id=\"panel-83166-1-0-0\" class=\"so-panel widget widget_sow-headline panel-first-child panel-last-child\" data-index=\"2\" ><div\n\t\t\t\n\t\t\tclass=\"so-widget-sow-headline so-widget-sow-headline-default-b486e49aa92b-83166 so-widget-fittext-wrapper\"\n\t\t\t data-fit-text-compressor=\"0.85\"\n\t\t><div class=\"sow-headline-container \">\n\t\t\t\t\t\t\t<h2 class=\"sow-headline\">\n\t\t\t\t\t\tPERGAMON MIX - GRIGIO 33%, ANTICO 33%, SAHARA 33%\t\t\t\t\t\t<\/h2>\n\t\t\t\t\t\t\t\t\t\t\t\t<h3 class=\"sow-sub-headline\">\n\t\t\t\t\t\t<p style=\"text-align: justify;font-family: 'Dosis';font-size: 16px;color: #575756\"> <strong>PERGAMON MIX \u2013 GRIGIO 33%, ANTICO 33%, SAHARA 33%<\/strong> ist eine ausgewogene Kombination aus drei Farbt\u00f6nen der PERGAMON-Kollektion, die vertikalen Fl\u00e4chen Rhythmus, Bewegung und Charakter verleiht. Die warmen T\u00f6ne von Sahara, die neutralen Nuancen von Grigio und die weicheren Schattierungen von Antico wechseln sich in einer dynamischen Komposition ab, die jeder Wand eine starke, aber ausgewogene visuelle Wirkung verleiht.<br \/> Die Mischung unterstreicht den modularen Charakter der Verkleidung und erzeugt Licht- und Tiefeneffekte, die den architektonischen Stil aufwerten, ohne ihn zu \u00fcberladen. Eine ideale L\u00f6sung f\u00fcr alle, die eine nat\u00fcrliche und dennoch raffinierte \u00c4sthetik suchen \u2013 passend f\u00fcr moderne wie klassische Umgebungen. <\/p>\t\t\t\t\t\t<\/h3>\n\t\t\t\t\t\t<\/div>\n<\/div><\/div><\/div><\/div><\/div><div id=\"pg-83166-2\"  class=\"panel-grid panel-has-style\" ><div class=\"panel-row-style panel-row-style-for-83166-2\" ><div id=\"pgc-83166-2-0\"  class=\"panel-grid-cell\" ><div id=\"panel-83166-2-0-0\" class=\"so-panel widget widget_sow-features panel-first-child panel-last-child\" data-index=\"3\" ><div class=\"panel-widget-style panel-widget-style-for-83166-2-0-0\" ><div\n\t\t\t\n\t\t\tclass=\"so-widget-sow-features so-widget-sow-features-default-6af1b7f46d1a-83166\"\n\t\t\t\n\t\t><ul\n\tclass=\"sow-features-list\n\tsow-features-responsive\">\n\n\t\t\t<li\n\t\t\tclass=\"sow-features-feature sow-icon-container-position-top\"\n\t\t\tstyle=\"display: flex; flex-direction: column; width: calc(100% - 25px);\"\n\t\t>\n\t\t\t\n\t\t\t\t\t\t<div\t\t\t\tclass=\"sow-icon-container sow-container-none\"\n\t\t\t\tstyle=\"color: #ffffff; \"\n\t\t\t\t\n\t\t\t\t\t\t\t>\n\t\t\t\t\t\t\t<\/div>\n\n\t\t\t<div class=\"textwidget\">\n\t\t\t\t\n\t\t\t\t\n\t\t\t\t\t\t\t\t\t<div class=\"sow-features-feature-text\">\n\t\t\t\t\t<h2 style=\"font-size: 25px;color: #706f6f;font-family: Dosis;text-align: center\"><span style=\"font-family: 'Dosis', sans-serif;font-weight: 300;text-align: center\">Trockenverlegung:<\/span><\/h2>\n<p>berechnen Sie 15-20%<br \/>\nan zus\u00e4tzlichem Material<\/p>\n<p><br \/><img class=\"alignnone size-medium wp-image-23031 colorbox-83166\" src=\"https:\/\/www.granulati.it\/wp-content\/uploads\/2025\/08\/senza-fuga.jpg\" width=\"300\" align=\"center\" \/><br \/><\/p>\t\t\t\t\t<\/div>\n\t\t\t\t\t\t\t\t<\/div>\n\t\t\t\t\t\t\t\t<\/li>\n\n\t<\/ul>\n<\/div><\/div><\/div><\/div><div id=\"pgc-83166-2-1\"  class=\"panel-grid-cell\" ><div id=\"panel-83166-2-1-0\" class=\"so-panel widget widget_sow-image panel-first-child panel-last-child\" data-index=\"4\" ><div class=\"panel-widget-style panel-widget-style-for-83166-2-1-0\" ><div\n\t\t\t\n\t\t\tclass=\"so-widget-sow-image so-widget-sow-image-default-c67d20f9f743-83166\"\n\t\t\t\n\t\t>\n<div class=\"sow-image-container\">\n\t\t<img \n\tsrc=\"https:\/\/www.granulati.it\/wp-content\/uploads\/2025\/08\/pergamon-mix-.jpg\" title=\"PERGAMON MIX\" alt=\"\" loading=\"lazy\" \t\tclass=\"so-widget-image\"\/>\n\t<\/div>\n\n<\/div><\/div><\/div><\/div><div id=\"pgc-83166-2-2\"  class=\"panel-grid-cell\" ><div id=\"panel-83166-2-2-0\" class=\"so-panel widget widget_sow-features panel-first-child panel-last-child\" data-index=\"5\" ><div class=\"panel-widget-style panel-widget-style-for-83166-2-2-0\" ><div\n\t\t\t\n\t\t\tclass=\"so-widget-sow-features so-widget-sow-features-default-6af1b7f46d1a-83166\"\n\t\t\t\n\t\t><ul\n\tclass=\"sow-features-list\n\tsow-features-responsive\">\n\n\t\t\t<li\n\t\t\tclass=\"sow-features-feature sow-icon-container-position-top\"\n\t\t\tstyle=\"display: flex; flex-direction: column; width: calc(100% - 25px);\"\n\t\t>\n\t\t\t\n\t\t\t\t\t\t<div\t\t\t\tclass=\"sow-icon-container sow-container-round\"\n\t\t\t\tstyle=\"color: #ffffff; \"\n\t\t\t\t\n\t\t\t\t\t\t\t>\n\t\t\t\t\t\t\t<\/div>\n\n\t\t\t<div class=\"textwidget\">\n\t\t\t\t\n\t\t\t\t\n\t\t\t\t\t\t\t\t\t<div class=\"sow-features-feature-text\">\n\t\t\t\t\t<h2 style=\"font-size: 25px;color: #706f6f;font-family: Dosis;text-align: center\"><span style=\"font-family: 'Dosis', sans-serif;font-weight: 300;text-align: center\">ST\u00c4RKE  PERGAMON:<\/span><\/h2>\n<img class=\"alignnone size-medium wp-image-23031 colorbox-83166\" src=\"https:\/\/www.granulati.it\/wp-content\/uploads\/2025\/08\/spessore-5-6cm.jpg\" width=\"300\" align=\"center\" \/><br \/>\t\t\t\t\t<\/div>\n\t\t\t\t\t\t\t\t<\/div>\n\t\t\t\t\t\t\t\t<\/li>\n\n\t<\/ul>\n<\/div><\/div><\/div><\/div><\/div><\/div><div id=\"pg-83166-3\"  class=\"panel-grid panel-has-style\" ><div class=\"panel-row-style panel-row-style-for-83166-3\" ><div id=\"pgc-83166-3-0\"  class=\"panel-grid-cell\" ><div id=\"panel-83166-3-0-0\" class=\"so-panel widget widget_sow-headline panel-first-child panel-last-child\" data-index=\"6\" ><div\n\t\t\t\n\t\t\tclass=\"so-widget-sow-headline so-widget-sow-headline-default-a71a7805ce1e-83166\"\n\t\t\t\n\t\t><div class=\"sow-headline-container \">\n\t\t\t\t\t\t<div class=\"decoration\">\n\t\t\t\t\t\t<div class=\"decoration-inside\"><\/div>\n\t\t\t\t\t<\/div>\n\t\t\t\t\t<\/div>\n<\/div><\/div><\/div><\/div><\/div><div id=\"pg-83166-4\"  class=\"panel-grid panel-has-style\" ><div class=\"siteorigin-panels-stretch panel-row-style panel-row-style-for-83166-4\" data-stretch-type=\"full-width-stretch\" ><div id=\"pgc-83166-4-0\"  class=\"panel-grid-cell\" ><div id=\"panel-83166-4-0-0\" class=\"so-panel widget widget_sow-headline panel-first-child panel-last-child\" data-index=\"7\" ><div\n\t\t\t\n\t\t\tclass=\"so-widget-sow-headline so-widget-sow-headline-default-b486e49aa92b-83166 so-widget-fittext-wrapper\"\n\t\t\t data-fit-text-compressor=\"0.85\"\n\t\t><div class=\"sow-headline-container \">\n\t\t\t\t\t\t\t<h2 class=\"sow-headline\">\n\t\t\t\t\t\tAUCH ANSEHEN\t\t\t\t\t\t<\/h2>\n\t\t\t\t\t\t<\/div>\n<\/div><\/div><\/div><\/div><\/div><div id=\"pg-83166-5\"  class=\"panel-grid panel-no-style\" ><div id=\"pgc-83166-5-0\"  class=\"panel-grid-cell\" ><div id=\"panel-83166-5-0-0\" class=\"so-panel widget widget_sow-editor panel-first-child panel-last-child\" data-index=\"8\" ><div\n\t\t\t\n\t\t\tclass=\"so-widget-sow-editor so-widget-sow-editor-base\"\n\t\t\t\n\t\t>\n<div class=\"siteorigin-widget-tinymce textwidget\">\n\t<p><a href=\"https:\/\/www.granulati.it\/de\/idea-pietra\/ip-prodotti\/cava_grigio-roman_rubble_grigio\/\"><img loading=\"lazy\" class=\"alignnone size-medium wp-image-23031 colorbox-83166\" src=\"https:\/\/www.granulati.it\/wp-content\/uploads\/2025\/08\/CAVA-GRIGIO-ROMAN-RUBBLE-GRIGIO-QD.jpg\" width=\"300\" height=\"220\" align=\"center\" \/><\/a><\/p>\n<h2 style=\"font-size: 25px; color: #706f6f; font-family: Dosis; align: center; text-align: center;\"><span style=\"font-family: 'Dosis', sans-serif; font-weight: 300; align: center; text-align: center;\">CAVA GRIGIO 50%<br \/>ROMAN RUBBLE GRIGIO 50%<\/span><\/h2>\n<div class=\"prodotti-ip-list\" style=\"align:center; text-align: center;\"><a class=\"custom-btn-outline\" href=\"https:\/\/www.granulati.it\/de\/idea-pietra\/ip-prodotti\/cava_grigio-roman_rubble_grigio\/\"><strong>\u276f ZUR PRODUKTSEITE<\/strong><\/a><\/div>\n<\/div>\n<\/div><\/div><\/div><div id=\"pgc-83166-5-1\"  class=\"panel-grid-cell\" ><div id=\"panel-83166-5-1-0\" class=\"so-panel widget widget_sow-editor panel-first-child panel-last-child\" data-index=\"9\" ><div\n\t\t\t\n\t\t\tclass=\"so-widget-sow-editor so-widget-sow-editor-base\"\n\t\t\t\n\t\t>\n<div class=\"siteorigin-widget-tinymce textwidget\">\n\t<p><a href=\"https:\/\/www.granulati.it\/de\/idea-pietra\/ip-prodotti\/rurale_sahara-pergamon_sahara\/\"><img loading=\"lazy\" class=\"alignnone size-medium wp-image-23031 colorbox-83166\" src=\"https:\/\/www.granulati.it\/wp-content\/uploads\/2025\/08\/RURALE-SAHARA-PERGAMON-SAHARA-QD.jpg\" width=\"300\" height=\"220\" align=\"center\" \/><\/a><\/p>\n<h2 style=\"font-size: 25px; color: #706f6f; font-family: Dosis; align: center; text-align: center;\"><span style=\"font-family: 'Dosis', sans-serif; font-weight: 300; align: center; text-align: center;\">RURALE SAHARA 50%<br \/>PERGAMON SAHARA 50%<\/span><\/h2>\n<div class=\"prodotti-ip-list\" style=\"align:center; text-align: center;\"><a class=\"custom-btn-outline\" href=\"https:\/\/www.granulati.it\/de\/idea-pietra\/ip-prodotti\/rurale_sahara-pergamon_sahara\/\"><strong>\u276f ZUR PRODUKTSEITE<\/strong><\/a><\/div>\n<\/div>\n<\/div><\/div><\/div><div id=\"pgc-83166-5-2\"  class=\"panel-grid-cell\" ><div id=\"panel-83166-5-2-0\" class=\"so-panel widget widget_sow-editor panel-first-child panel-last-child\" data-index=\"10\" ><div\n\t\t\t\n\t\t\tclass=\"so-widget-sow-editor so-widget-sow-editor-base\"\n\t\t\t\n\t\t>\n<div class=\"siteorigin-widget-tinymce textwidget\">\n\t<p><a href=\"https:\/\/www.granulati.it\/de\/idea-pietra\/ip-prodotti\/cava_grigio-sarissa_grigio\/\"><img loading=\"lazy\" class=\"alignnone size-medium wp-image-23031 colorbox-83166\" src=\"https:\/\/www.granulati.it\/wp-content\/uploads\/2025\/08\/CAVA-GRIGIO-SARISSA-GRIGIO-QD.jpg\" width=\"300\" height=\"220\" align=\"center\" \/><\/a><\/p>\n<h2 style=\"font-size: 25px; color: #706f6f; font-family: Dosis; align: center; text-align: center;\"><span style=\"font-family: 'Dosis', sans-serif; font-weight: 300; align: center; text-align: center;\">CAVA GRIGIO 50%<br \/>SARISSA GRIGIO 50%<\/span><\/h2>\n<div class=\"prodotti-ip-list\" style=\"align: center; text-align: center;\"><a class=\"custom-btn-outline\" href=\"https:\/\/www.granulati.it\/de\/idea-pietra\/ip-prodotti\/cava_grigio-sarissa_grigio\/\"><strong>\u276f ZUR PRODUKTSEITE<\/strong><\/a><\/div>\n<\/div>\n<\/div><\/div><\/div><div id=\"pgc-83166-5-3\"  class=\"panel-grid-cell\" ><div id=\"panel-83166-5-3-0\" class=\"so-panel widget widget_sow-editor panel-first-child panel-last-child\" data-index=\"11\" ><div\n\t\t\t\n\t\t\tclass=\"so-widget-sow-editor so-widget-sow-editor-base\"\n\t\t\t\n\t\t>\n<div class=\"siteorigin-widget-tinymce textwidget\">\n\t<p><a href=\"https:\/\/www.granulati.it\/de\/idea-pietra\/ip-prodotti\/regolo-mix\/\"><img loading=\"lazy\" class=\"alignnone size-medium wp-image-23031 colorbox-83166\" src=\"https:\/\/www.granulati.it\/wp-content\/uploads\/2025\/08\/REGOLO-MIX-QD.jpg\" width=\"300\" height=\"220\" align=\"center\" \/><\/a><\/p>\n<h2 style=\"font-size: 25px; color: #706f6f; font-family: Dosis; align: center; text-align: center;\"><span style=\"font-family: 'Dosis', sans-serif; font-weight: 300; align: center; text-align: center;\">REGOLO MIX<\/span><\/h2>\n<div class=\"prodotti-ip-list\" style=\"align: center; text-align: center;\"><a class=\"custom-btn-outline\" href=\"https:\/\/www.granulati.it\/de\/idea-pietra\/ip-prodotti\/regolo-mix\/\"><strong>\u276f ZUR PRODUKTSEITE<\/strong><\/a><\/div>\n<\/div>\n<\/div><\/div><\/div><\/div><div id=\"pg-83166-6\"  class=\"panel-grid panel-no-style\" ><div id=\"pgc-83166-6-0\"  class=\"panel-grid-cell\" ><div id=\"panel-83166-6-0-0\" class=\"so-panel widget widget_sow-editor panel-first-child panel-last-child\" data-index=\"12\" ><div\n\t\t\t\n\t\t\tclass=\"so-widget-sow-editor so-widget-sow-editor-base\"\n\t\t\t\n\t\t>\n<div class=\"siteorigin-widget-tinymce textwidget\">\n\t<p><a href=\"https:\/\/www.granulati.it\/de\/idea-pietra\/ip-prodotti\/sarissa-mix\/\"><img loading=\"lazy\" class=\"alignnone size-medium wp-image-23031 colorbox-83166\" src=\"https:\/\/www.granulati.it\/wp-content\/uploads\/2025\/08\/SARISSA-MIX-QD.jpg\" width=\"300\" height=\"220\" align=\"center\" \/><\/a><\/p>\n<h2 style=\"font-size: 25px; color: #706f6f; font-family: Dosis; align: center; text-align: center;\"><span style=\"font-family: 'Dosis', sans-serif; font-weight: 300; align: center; text-align: center;\">SARISSA MIX<\/span><\/h2>\n<div class=\"prodotti-ip-list\" style=\"align: center; text-align: center;\"><a class=\"custom-btn-outline\" href=\"https:\/\/www.granulati.it\/de\/idea-pietra\/ip-prodotti\/sarissa-mix\/\"><strong>\u276f ZUR PRODUKTSEITE<\/strong><\/a><\/div>\n<\/div>\n<\/div><\/div><\/div><div id=\"pgc-83166-6-1\"  class=\"panel-grid-cell\" ><div id=\"panel-83166-6-1-0\" class=\"so-panel widget widget_sow-editor panel-first-child panel-last-child\" data-index=\"13\" ><div\n\t\t\t\n\t\t\tclass=\"so-widget-sow-editor so-widget-sow-editor-base\"\n\t\t\t\n\t\t>\n<div class=\"siteorigin-widget-tinymce textwidget\">\n\t<p><a href=\"https:\/\/www.granulati.it\/de\/idea-pietra\/ip-prodotti\/calepio-mix\/\"><img loading=\"lazy\" class=\"alignnone size-medium wp-image-23031 colorbox-83166\" src=\"https:\/\/www.granulati.it\/wp-content\/uploads\/2025\/08\/CALEPIO-MIX-QD.jpg\" width=\"300\" height=\"220\" align=\"center\" \/><\/a><\/p>\n<h2 style=\"font-size: 25px; color: #706f6f; font-family: Dosis; align: center; text-align: center;\"><span style=\"font-family: 'Dosis', sans-serif; font-weight: 300; align: center; text-align: center;\">CALEPIO MIX<\/span><\/h2>\n<div class=\"prodotti-ip-list\" style=\"align: center; text-align: center;\"><a class=\"custom-btn-outline\" href=\"https:\/\/www.granulati.it\/de\/idea-pietra\/ip-prodotti\/calepio-mix\/\"><strong>\u276f ZUR PRODUKTSEITE<\/strong><\/a><\/div>\n<\/div>\n<\/div><\/div><\/div><div id=\"pgc-83166-6-2\"  class=\"panel-grid-cell\" ><div id=\"panel-83166-6-2-0\" class=\"so-panel widget widget_sow-editor panel-first-child panel-last-child\" data-index=\"14\" ><div\n\t\t\t\n\t\t\tclass=\"so-widget-sow-editor so-widget-sow-editor-base\"\n\t\t\t\n\t\t>\n<div class=\"siteorigin-widget-tinymce textwidget\">\n\t<p><a href=\"https:\/\/www.granulati.it\/de\/idea-pietra\/ip-prodotti\/regolo_antico-sarissa_grigio\/\"><img loading=\"lazy\" class=\"alignnone size-medium wp-image-23031 colorbox-83166\" src=\"https:\/\/www.granulati.it\/wp-content\/uploads\/2025\/08\/REGOLO-ANTICO-SARISSA-GRIGIO-QD.jpg\" width=\"300\" height=\"220\" align=\"center\" \/><\/a><\/p>\n<h2 style=\"font-size: 25px; color: #706f6f; font-family: Dosis; align: center; text-align: center;\"><span style=\"font-family: 'Dosis', sans-serif; font-weight: 300; align: center; text-align: center;\">REGOLO ANTICO 50%<br \/>SARISSA GRIGIO 50%<\/span><\/h2>\n<div class=\"prodotti-ip-list\" style=\"align: center; text-align: center;\"><a class=\"custom-btn-outline\" href=\"https:\/\/www.granulati.it\/de\/idea-pietra\/ip-prodotti\/regolo_antico-sarissa_grigio\/\"><strong>\u276f ZUR PRODUKTSEITE<\/strong><\/a><\/div>\n<\/div>\n<\/div><\/div><\/div><div id=\"pgc-83166-6-3\"  class=\"panel-grid-cell\" ><div id=\"panel-83166-6-3-0\" class=\"so-panel widget widget_sow-editor panel-first-child panel-last-child\" data-index=\"15\" ><div\n\t\t\t\n\t\t\tclass=\"so-widget-sow-editor so-widget-sow-editor-base\"\n\t\t\t\n\t\t>\n<div class=\"siteorigin-widget-tinymce textwidget\">\n\t<p><a href=\"https:\/\/www.granulati.it\/de\/idea-pietra\/ip-prodotti\/calepio_mix-sahara-antico\/\"><img loading=\"lazy\" class=\"alignnone size-medium wp-image-23031 colorbox-83166\" src=\"https:\/\/www.granulati.it\/wp-content\/uploads\/2025\/08\/CALEPIO-MIX1-QD.jpg\" width=\"300\" height=\"220\" align=\"center\" \/><\/a><\/p>\n<h2 style=\"font-size: 25px; color: #706f6f; font-family: Dosis; align: center; text-align: center;\"><span style=\"font-family: 'Dosis', sans-serif; font-weight: 300; align: center; text-align: center;\">CALEPIO MIX<\/span><\/h2>\n<div class=\"prodotti-ip-list\" style=\"align: center; text-align: center;\"><a class=\"custom-btn-outline\" href=\"https:\/\/www.granulati.it\/de\/idea-pietra\/ip-prodotti\/calepio_mix-sahara-antico\/\"><strong>\u276f ZUR PRODUKTSEITE<\/strong><\/a><\/div>\n<\/div>\n<\/div><\/div><\/div><\/div><div id=\"pg-83166-7\"  class=\"panel-grid panel-no-style\" ><div id=\"pgc-83166-7-0\"  class=\"panel-grid-cell\" ><div id=\"panel-83166-7-0-0\" class=\"so-panel widget widget_sow-editor panel-first-child panel-last-child\" data-index=\"16\" ><div\n\t\t\t\n\t\t\tclass=\"so-widget-sow-editor so-widget-sow-editor-base\"\n\t\t\t\n\t\t>\n<div class=\"siteorigin-widget-tinymce textwidget\">\n\t<p><a href=\"https:\/\/www.granulati.it\/de\/idea-pietra\/ip-prodotti\/urban-mix\/\"><img loading=\"lazy\" class=\"alignnone size-medium wp-image-23031 colorbox-83166\" src=\"https:\/\/www.granulati.it\/wp-content\/uploads\/2025\/08\/URBAN-MIX-QD.jpg\" width=\"300\" height=\"220\" align=\"center\" \/><\/a><\/p>\n<h2 style=\"font-size: 25px; color: #706f6f; font-family: Dosis; align: center; text-align: center;\"><span style=\"font-family: 'Dosis', sans-serif; font-weight: 300; align: center; text-align: center;\">URBAN MIX<\/span><\/h2>\n<div class=\"prodotti-ip-list\" style=\"align: center; text-align: center;\"><a class=\"custom-btn-outline\" href=\"https:\/\/www.granulati.it\/de\/idea-pietra\/ip-prodotti\/urban-mix\/\"><strong>\u276f ZUR PRODUKTSEITE<\/strong><\/a><\/div>\n<\/div>\n<\/div><\/div><\/div><div id=\"pgc-83166-7-1\"  class=\"panel-grid-cell panel-grid-cell-empty\" ><\/div><div id=\"pgc-83166-7-2\"  class=\"panel-grid-cell panel-grid-cell-empty panel-grid-cell-mobile-last\" ><\/div><div id=\"pgc-83166-7-3\"  class=\"panel-grid-cell panel-grid-cell-empty\" ><\/div><\/div><div id=\"pg-83166-8\"  class=\"panel-grid panel-has-style\" ><div class=\"siteorigin-panels-stretch panel-row-style panel-row-style-for-83166-8\" data-stretch-type=\"full-width-stretch\" ><div id=\"pgc-83166-8-0\"  class=\"panel-grid-cell\" ><div id=\"panel-83166-8-0-0\" class=\"so-panel widget widget_sow-editor panel-first-child panel-last-child\" data-index=\"17\" ><div\n\t\t\t\n\t\t\tclass=\"so-widget-sow-editor so-widget-sow-editor-base\"\n\t\t\t\n\t\t>\n<div class=\"siteorigin-widget-tinymce textwidget\">\n\t<div style=\"font-size: 20px; font-family: Dosis; align: center; text-align: center;\"\"><a class=\"custom-btn-outline\" https:\/\/www.granulati.it\/de\/idea-pietra\/ip-prodotti\/\"><strong>\u276f ZUR\u00dcCK ZU DEN PRODUKTEN<\/strong><\/a><\/div>\n<\/div>\n<\/div><\/div><\/div><\/div><\/div><\/div>","protected":false},"excerpt":{"rendered":"<p>das Material, das deine W\u00e4nde kleidet<\/p>\n","protected":false},"author":1,"featured_media":82145,"parent":81403,"menu_order":1,"comment_status":"closed","ping_status":"closed","template":"page-idea-pietra.php","meta":{"_links_to":"","_links_to_target":""},"aioseo_notices":[],"_links":{"self":[{"href":"https:\/\/www.granulati.it\/de\/wp-json\/wp\/v2\/pages\/83166"}],"collection":[{"href":"https:\/\/www.granulati.it\/de\/wp-json\/wp\/v2\/pages"}],"about":[{"href":"https:\/\/www.granulati.it\/de\/wp-json\/wp\/v2\/types\/page"}],"author":[{"embeddable":true,"href":"https:\/\/www.granulati.it\/de\/wp-json\/wp\/v2\/users\/1"}],"replies":[{"embeddable":true,"href":"https:\/\/www.granulati.it\/de\/wp-json\/wp\/v2\/comments?post=83166"}],"version-history":[{"count":33,"href":"https:\/\/www.granulati.it\/de\/wp-json\/wp\/v2\/pages\/83166\/revisions"}],"predecessor-version":[{"id":83703,"href":"https:\/\/www.granulati.it\/de\/wp-json\/wp\/v2\/pages\/83166\/revisions\/83703"}],"up":[{"embeddable":true,"href":"https:\/\/www.granulati.it\/de\/wp-json\/wp\/v2\/pages\/81403"}],"wp:featuredmedia":[{"embeddable":true,"href":"https:\/\/www.granulati.it\/de\/wp-json\/wp\/v2\/media\/82145"}],"wp:attachment":[{"href":"https:\/\/www.granulati.it\/de\/wp-json\/wp\/v2\/media?parent=83166"}],"curies":[{"name":"wp","href":"https:\/\/api.w.org\/{rel}","templated":true}]}}