{"id":81947,"date":"2025-08-06T11:52:21","date_gmt":"2025-08-06T09:52:21","guid":{"rendered":"https:\/\/www.granulati.it\/it\/?page_id=81947"},"modified":"2025-08-20T13:57:47","modified_gmt":"2025-08-20T11:57:47","slug":"calepio-marrone","status":"publish","type":"page","link":"https:\/\/www.granulati.it\/de\/idea-pietra\/ip-prodotti\/calepio-marrone\/","title":{"rendered":"CALEPIO MARRONE"},"content":{"rendered":"<div id=\"pl-81947\"  class=\"panel-layout\" ><div id=\"pg-81947-0\"  class=\"panel-grid panel-has-style\" ><div class=\"alignfull panel-row-style panel-row-style-for-81947-0\" ><div id=\"pgc-81947-0-0\"  class=\"panel-grid-cell\" ><div id=\"panel-81947-0-0-0\" class=\"so-panel widget widget_sow-editor panel-first-child panel-last-child\" data-index=\"0\" ><div\n\t\t\t\n\t\t\tclass=\"so-widget-sow-editor so-widget-sow-editor-base\"\n\t\t\t\n\t\t>\n<div class=\"siteorigin-widget-tinymce textwidget\">\n\t<div style=\"text-align: center;\">\n<p><a href=\"https:\/\/www.granulati.it\/de\/idea-pietra\/\" target=\"_self\"><img class=\"colorbox-81947\"  style=\"display: block; margin: 0 auto;\" src=\"https:\/\/www.granulati.it\/wp-content\/uploads\/2025\/07\/logo-ideapietra.png\" alt=\"Idea Pietra Logo\" width=\"300px\" \/><\/a><\/p>\n<h2 style=\"font-family: 'Dosis', sans-serif; font-size: 30px; text-align: center; margin-top: 10px;\"><em>das Material, das deine W\u00e4nde kleidet<\/em><\/h2>\n<\/div>\n<\/div>\n<\/div><\/div><\/div><div id=\"pgc-81947-0-1\"  class=\"panel-grid-cell\" ><div id=\"panel-81947-0-1-0\" class=\"so-panel widget widget_sow-slider panel-first-child panel-last-child\" data-index=\"1\" ><div\n\t\t\t\n\t\t\tclass=\"so-widget-sow-slider so-widget-sow-slider-default-dcce56eaf7a2-81947\"\n\t\t\t\n\t\t>\t\t\t\t<div class=\"sow-slider-base\" style=\"display: none\" tabindex=\"0\">\n\t\t\t\t\t<ul\n\t\t\t\t\tclass=\"sow-slider-images\"\n\t\t\t\t\tdata-settings=\"{&quot;pagination&quot;:true,&quot;speed&quot;:800,&quot;timeout&quot;:8000,&quot;paused&quot;:false,&quot;pause_on_hover&quot;:false,&quot;swipe&quot;:true,&quot;nav_always_show_desktop&quot;:&quot;&quot;,&quot;nav_always_show_mobile&quot;:&quot;&quot;,&quot;breakpoint&quot;:&quot;780px&quot;,&quot;unmute&quot;:false,&quot;anchor&quot;:null}\"\n\t\t\t\t\t\t\t\t\t\tdata-anchor-id=\"\"\n\t\t\t\t>\t\t<li class=\"sow-slider-image\" style=\"visibility: visible;\" >\n\t\t\t\t\t\t<img class=\"sow-slider-background-image colorbox-81947\" style=\"\" loading=\"lazy\" srcset=\"\" sizes=\"\" src=\"https:\/\/www.granulati.it\/wp-content\/uploads\/2025\/08\/CALEPIO-01.jpg\" >\t\t<\/li>\n\t\t\t\t<li class=\"sow-slider-image\" style=\"visibility: hidden;\" >\n\t\t\t\t\t\t<img class=\"sow-slider-background-image colorbox-81947\" style=\"\" loading=\"lazy\" srcset=\"\" sizes=\"\" src=\"https:\/\/www.granulati.it\/wp-content\/uploads\/2025\/08\/CALEPIO-02.jpg\" >\t\t<\/li>\n\t\t<\/ul>\t\t\t\t<ol class=\"sow-slider-pagination\">\n\t\t\t\t\t\t\t\t\t\t\t<li><a href=\"#\" data-goto=\"0\" aria-label=\"Display slide 1\"><\/a><\/li>\n\t\t\t\t\t\t\t\t\t\t\t<li><a href=\"#\" data-goto=\"1\" aria-label=\"Display slide 2\"><\/a><\/li>\n\t\t\t\t\t\t\t\t\t<\/ol>\n\n\t\t\t\t<div class=\"sow-slide-nav sow-slide-nav-next\">\n\t\t\t\t\t<a href=\"#\" data-goto=\"next\" aria-label=\"Next slide\" data-action=\"next\">\n\t\t\t\t\t\t<em class=\"sow-sld-icon-thin-right\"><\/em>\n\t\t\t\t\t<\/a>\n\t\t\t\t<\/div>\n\n\t\t\t\t<div class=\"sow-slide-nav sow-slide-nav-prev\">\n\t\t\t\t\t<a href=\"#\" data-goto=\"previous\" aria-label=\"Previous slide\" data-action=\"prev\">\n\t\t\t\t\t\t<em class=\"sow-sld-icon-thin-left\"><\/em>\n\t\t\t\t\t<\/a>\n\t\t\t\t<\/div>\n\t\t\t\t<\/div><\/div><\/div><\/div><\/div><\/div><div id=\"pg-81947-1\"  class=\"panel-grid panel-has-style\" ><div class=\"siteorigin-panels-stretch panel-row-style panel-row-style-for-81947-1\" data-stretch-type=\"full-width-stretch\" ><div id=\"pgc-81947-1-0\"  class=\"panel-grid-cell\" ><div id=\"panel-81947-1-0-0\" class=\"so-panel widget widget_sow-headline panel-first-child panel-last-child\" data-index=\"2\" ><div\n\t\t\t\n\t\t\tclass=\"so-widget-sow-headline so-widget-sow-headline-default-b486e49aa92b-81947 so-widget-fittext-wrapper\"\n\t\t\t data-fit-text-compressor=\"0.85\"\n\t\t><div class=\"sow-headline-container \">\n\t\t\t\t\t\t\t<h2 class=\"sow-headline\">\n\t\t\t\t\t\tCALEPIO MARRONE\t\t\t\t\t\t<\/h2>\n\t\t\t\t\t\t\t\t\t\t\t\t<h3 class=\"sow-sub-headline\">\n\t\t\t\t\t\t<p style=\"text-align: justify;font-family: 'Dosis';font-size: 16px;color: #575756\"> <strong>CALEPIO Braun<\/strong> interpretiert die authentische Sch\u00f6nheit von Sand- und Kalkstein mit einer Oberfl\u00e4che, die warme Erdt\u00f6ne widerspiegelt. Die strukturierte Oberfl\u00e4che und die nat\u00fcrlichen Farbnuancen erinnern an traditionelle Mauerwerke und erzeugen durch den handgespaltenen Effekt Tiefe und Charakter.<br \/>Ideal f\u00fcr Fassaden, Zierw\u00e4nde und Mauerelemente \u2013 mit oder ohne Fuge. Diese Variante der CALEPIO-Kollektion eignet sich f\u00fcr rustikale oder klassische Umgebungen, harmoniert aber auch mit modernen Architekturprojekten, die traditionelle Akzente integrieren m\u00f6chten. Die Verlegung mit Fuge und farblich passendem Fugenm\u00f6rtel rundet das Gesamtbild harmonisch und nat\u00fcrlich ab.<\/p>\t\t\t\t\t\t<\/h3>\n\t\t\t\t\t\t<\/div>\n<\/div><\/div><\/div><\/div><\/div><div id=\"pg-81947-2\"  class=\"panel-grid panel-has-style\" ><div class=\"panel-row-style panel-row-style-for-81947-2\" ><div id=\"pgc-81947-2-0\"  class=\"panel-grid-cell\" ><div id=\"panel-81947-2-0-0\" class=\"so-panel widget widget_sow-features panel-first-child panel-last-child\" data-index=\"3\" ><div class=\"panel-widget-style panel-widget-style-for-81947-2-0-0\" ><div\n\t\t\t\n\t\t\tclass=\"so-widget-sow-features so-widget-sow-features-default-6af1b7f46d1a-81947\"\n\t\t\t\n\t\t><ul\n\tclass=\"sow-features-list\n\tsow-features-responsive\">\n\n\t\t\t<li\n\t\t\tclass=\"sow-features-feature sow-icon-container-position-top\"\n\t\t\tstyle=\"display: flex; flex-direction: column; width: calc(100% - 25px);\"\n\t\t>\n\t\t\t\n\t\t\t\t\t\t<div\t\t\t\tclass=\"sow-icon-container sow-container-round\"\n\t\t\t\tstyle=\"color: #ffffff; \"\n\t\t\t\t\n\t\t\t\t\t\t\t>\n\t\t\t\t\t\t\t<\/div>\n\n\t\t\t<div class=\"textwidget\">\n\t\t\t\t\n\t\t\t\t\n\t\t\t\t\t\t\t\t\t<div class=\"sow-features-feature-text\">\n\t\t\t\t\t<h2 style=\"font-size: 25px;color: #706f6f;font-family: Dosis;text-align: center\"><span style=\"font-family: 'Dosis', sans-serif;font-weight: 300;text-align: center\">Trockenverlegung:<\/span><\/h2>\n<p>berechnen Sie 15-20%<br \/>\nan zus\u00e4tzlichem Material<\/p>\n<p><br \/><img class=\"alignnone size-medium wp-image-23031 colorbox-81947\" src=\"https:\/\/www.granulati.it\/wp-content\/uploads\/2025\/08\/senza-fuga.jpg\" width=\"300\" align=\"center\" \/><br \/><\/p>\t\t\t\t\t<\/div>\n\t\t\t\t\t\t\t\t<\/div>\n\t\t\t\t\t\t\t\t<\/li>\n\n\t\t\t<li\n\t\t\tclass=\"sow-features-feature sow-icon-container-position-top\"\n\t\t\tstyle=\"display: flex; flex-direction: column; width: calc(100% - 25px);\"\n\t\t>\n\t\t\t\n\t\t\t\t\t\t<div\t\t\t\tclass=\"sow-icon-container sow-container-round\"\n\t\t\t\tstyle=\"color: #ffffff; \"\n\t\t\t\t\n\t\t\t\t\t\t\t>\n\t\t\t\t\t\t\t<\/div>\n\n\t\t\t<div class=\"textwidget\">\n\t\t\t\t\n\t\t\t\t\n\t\t\t\t\t\t\t\t\t<div class=\"sow-features-feature-text\">\n\t\t\t\t\t<h2 style=\"font-size: 25px;color: #706f6f;font-family: Dosis;text-align: center\"><span style=\"font-family: 'Dosis', sans-serif;font-weight: 300;text-align: center\">ST\u00c4RKE<\/span><\/h2>\n<img class=\"alignnone size-medium wp-image-23031 colorbox-81947\" src=\"https:\/\/www.granulati.it\/wp-content\/uploads\/2025\/08\/spessore-4cm.jpg\" width=\"300\" align=\"center\" \/>\t\t\t\t\t<\/div>\n\t\t\t\t\t\t\t\t<\/div>\n\t\t\t\t\t\t\t\t<\/li>\n\n\t<\/ul>\n<\/div><\/div><\/div><\/div><div id=\"pgc-81947-2-1\"  class=\"panel-grid-cell\" ><div id=\"panel-81947-2-1-0\" class=\"so-panel widget widget_sow-image panel-first-child panel-last-child\" data-index=\"4\" ><div class=\"panel-widget-style panel-widget-style-for-81947-2-1-0\" ><div\n\t\t\t\n\t\t\tclass=\"so-widget-sow-image so-widget-sow-image-default-c67d20f9f743-81947\"\n\t\t\t\n\t\t>\n<div class=\"sow-image-container\">\n\t\t<img \n\tsrc=\"https:\/\/www.granulati.it\/wp-content\/uploads\/2025\/08\/calepio-marrone.jpg\" title=\"CALEPIO MARRONE\" alt=\"\" loading=\"lazy\" \t\tclass=\"so-widget-image\"\/>\n\t<\/div>\n\n<\/div><\/div><\/div><\/div><div id=\"pgc-81947-2-2\"  class=\"panel-grid-cell\" ><div id=\"panel-81947-2-2-0\" class=\"so-panel widget widget_sow-features panel-first-child panel-last-child\" data-index=\"5\" ><div class=\"panel-widget-style panel-widget-style-for-81947-2-2-0\" ><div\n\t\t\t\n\t\t\tclass=\"so-widget-sow-features so-widget-sow-features-default-6af1b7f46d1a-81947\"\n\t\t\t\n\t\t><ul\n\tclass=\"sow-features-list\n\tsow-features-responsive\">\n\n\t\t\t<li\n\t\t\tclass=\"sow-features-feature sow-icon-container-position-top\"\n\t\t\tstyle=\"display: flex; flex-direction: column; width: calc(100% - 25px);\"\n\t\t>\n\t\t\t\n\t\t\t\t\t\t<div\t\t\t\tclass=\"sow-icon-container sow-container-round\"\n\t\t\t\tstyle=\"color: #ffffff; \"\n\t\t\t\t\n\t\t\t\t\t\t\t>\n\t\t\t\t\t\t\t<\/div>\n\n\t\t\t<div class=\"textwidget\">\n\t\t\t\t\n\t\t\t\t\n\t\t\t\t\t\t\t\t\t<div class=\"sow-features-feature-text\">\n\t\t\t\t\t<h2 style=\"font-size: 25px;color: #706f6f;font-family: Dosis;text-align: center\"><span style=\"font-family: 'Dosis', sans-serif;font-weight: 300;text-align: center\">Verlegung mit einer Fuge:<\/span><\/h2>\n<p>Stuck Marche<\/p><br \/>\n<img class=\"alignnone size-medium wp-image-23031 colorbox-81947\" src=\"https:\/\/www.granulati.it\/wp-content\/uploads\/2025\/08\/stucco-marche.jpg\" width=\"300\" align=\"center\" \/>\t\t\t\t\t<\/div>\n\t\t\t\t\t\t\t\t<\/div>\n\t\t\t\t\t\t\t\t<\/li>\n\n\t<\/ul>\n<\/div><\/div><\/div><\/div><\/div><\/div><div id=\"pg-81947-3\"  class=\"panel-grid panel-has-style\" ><div class=\"panel-row-style panel-row-style-for-81947-3\" ><div id=\"pgc-81947-3-0\"  class=\"panel-grid-cell\" ><div id=\"panel-81947-3-0-0\" class=\"so-panel widget widget_sow-headline panel-first-child panel-last-child\" data-index=\"6\" ><div\n\t\t\t\n\t\t\tclass=\"so-widget-sow-headline so-widget-sow-headline-default-a71a7805ce1e-81947\"\n\t\t\t\n\t\t><div class=\"sow-headline-container \">\n\t\t\t\t\t\t<div class=\"decoration\">\n\t\t\t\t\t\t<div class=\"decoration-inside\"><\/div>\n\t\t\t\t\t<\/div>\n\t\t\t\t\t<\/div>\n<\/div><\/div><\/div><\/div><\/div><div id=\"pg-81947-4\"  class=\"panel-grid panel-has-style\" ><div class=\"siteorigin-panels-stretch panel-row-style panel-row-style-for-81947-4\" data-stretch-type=\"full-width-stretch\" ><div id=\"pgc-81947-4-0\"  class=\"panel-grid-cell\" ><div id=\"panel-81947-4-0-0\" class=\"so-panel widget widget_sow-headline panel-first-child panel-last-child\" data-index=\"7\" ><div\n\t\t\t\n\t\t\tclass=\"so-widget-sow-headline so-widget-sow-headline-default-b486e49aa92b-81947 so-widget-fittext-wrapper\"\n\t\t\t data-fit-text-compressor=\"0.85\"\n\t\t><div class=\"sow-headline-container \">\n\t\t\t\t\t\t\t<h2 class=\"sow-headline\">\n\t\t\t\t\t\tAUCH ANSEHEN\t\t\t\t\t\t<\/h2>\n\t\t\t\t\t\t<\/div>\n<\/div><\/div><\/div><\/div><\/div><div id=\"pg-81947-5\"  class=\"panel-grid panel-no-style\" ><div id=\"pgc-81947-5-0\"  class=\"panel-grid-cell\" ><div id=\"panel-81947-5-0-0\" class=\"so-panel widget widget_sow-editor panel-first-child panel-last-child\" data-index=\"8\" ><div\n\t\t\t\n\t\t\tclass=\"so-widget-sow-editor so-widget-sow-editor-base\"\n\t\t\t\n\t\t>\n<div class=\"siteorigin-widget-tinymce textwidget\">\n\t<p><a href=\"https:\/\/www.granulati.it\/de\/idea-pietra\/ip-prodotti\/calepio-grigio\/\"><img loading=\"lazy\" class=\"alignnone size-medium wp-image-23031 colorbox-81947\" src=\"https:\/\/www.granulati.it\/wp-content\/uploads\/2025\/08\/CALEPIO-GRIGIO-QD.png\" width=\"300\" height=\"220\" align=\"center\" \/><\/a><\/p>\n<h2 style=\"font-size: 25px; color: #706f6f; font-family: Dosis; align: center; text-align: center;\"><span style=\"font-family: 'Dosis', sans-serif; font-weight: 300; align: center; text-align: center;\">CALEPIO GRIGIO<\/span><\/h2>\n<div class=\"prodotti-ip-list\" style=\"align: center; text-align: center;\"><a class=\"custom-btn-outline\" href=\"https:\/\/www.granulati.it\/de\/idea-pietra\/ip-prodotti\/calepio-grigio\/\"><strong>\u276f ZUR PRODUKTSEITE<\/strong><\/a><\/div>\n<\/div>\n<\/div><\/div><\/div><div id=\"pgc-81947-5-1\"  class=\"panel-grid-cell\" ><div id=\"panel-81947-5-1-0\" class=\"so-panel widget widget_sow-editor panel-first-child panel-last-child\" data-index=\"9\" ><div\n\t\t\t\n\t\t\tclass=\"so-widget-sow-editor so-widget-sow-editor-base\"\n\t\t\t\n\t\t>\n<div class=\"siteorigin-widget-tinymce textwidget\">\n\t<p><a href=\"https:\/\/www.granulati.it\/de\/idea-pietra\/ip-prodotti\/calepio-antico\/\"><img loading=\"lazy\" class=\"alignnone size-medium wp-image-23031 colorbox-81947\" src=\"https:\/\/www.granulati.it\/wp-content\/uploads\/2025\/08\/CALEPIO-ANTICO-QD.png\" width=\"300\" height=\"220\" align=\"center\" \/><\/a><\/p>\n<h2 style=\"font-size: 25px; color: #706f6f; font-family: Dosis; align: center; text-align: center;\"><span style=\"font-family: 'Dosis', sans-serif; font-weight: 300; align: center; text-align: center;\">CALEPIO ANTICO<\/span><\/h2>\n<div class=\"prodotti-ip-list\" style=\"align: center; text-align: center;\"><a class=\"custom-btn-outline\" href=\"https:\/\/www.granulati.it\/de\/idea-pietra\/ip-prodotti\/calepio-antico\/\"><strong>\u276f ZUR PRODUKTSEITE<\/strong><\/a><\/div>\n<\/div>\n<\/div><\/div><\/div><div id=\"pgc-81947-5-2\"  class=\"panel-grid-cell\" ><div id=\"panel-81947-5-2-0\" class=\"so-panel widget widget_sow-editor panel-first-child panel-last-child\" data-index=\"10\" ><div\n\t\t\t\n\t\t\tclass=\"so-widget-sow-editor so-widget-sow-editor-base\"\n\t\t\t\n\t\t>\n<div class=\"siteorigin-widget-tinymce textwidget\">\n\t<p><a href=\"https:\/\/www.granulati.it\/de\/idea-pietra\/ip-prodotti\/calepio-sahara\/\"><img loading=\"lazy\" class=\"alignnone size-medium wp-image-23031 colorbox-81947\" src=\"https:\/\/www.granulati.it\/wp-content\/uploads\/2025\/08\/CALEPIO-sahara-QD.png\" width=\"300\" height=\"220\" align=\"center\" \/><\/a><\/p>\n<h2 style=\"font-size: 25px; color: #706f6f; font-family: Dosis; align: center; text-align: center;\"><span style=\"font-family: 'Dosis', sans-serif; font-weight: 300; align: center; text-align: center;\">CALEPIO SAHARA<\/span><\/h2>\n<div class=\"prodotti-ip-list\" style=\"align: center; text-align: center;\"><a class=\"custom-btn-outline\" href=\"https:\/\/www.granulati.it\/de\/idea-pietra\/ip-prodotti\/calepio-sahara\/\"><strong>\u276f ZUR PRODUKTSEITE<\/strong><\/a><\/div>\n<\/div>\n<\/div><\/div><\/div><div id=\"pgc-81947-5-3\"  class=\"panel-grid-cell\" ><div id=\"panel-81947-5-3-0\" class=\"so-panel widget widget_sow-editor panel-first-child panel-last-child\" data-index=\"11\" ><div\n\t\t\t\n\t\t\tclass=\"so-widget-sow-editor so-widget-sow-editor-base\"\n\t\t\t\n\t\t>\n<div class=\"siteorigin-widget-tinymce textwidget\">\n\t<p><a href=\"https:\/\/www.granulati.it\/de\/idea-pietra\/ip-prodotti\/calepio-antracite\/\"><img loading=\"lazy\" class=\"alignnone size-medium wp-image-23031 colorbox-81947\" src=\"https:\/\/www.granulati.it\/wp-content\/uploads\/2025\/08\/CALEPIO-ANTRACITE-QD.png\" width=\"300\" height=\"220\" align=\"center\" \/><\/a><\/p>\n<h2 style=\"font-size: 25px; color: #706f6f; font-family: Dosis; align: center; text-align: center;\"><span style=\"font-family: 'Dosis', sans-serif; font-weight: 300; align: center; text-align: center;\">CALEPIO ANTRACITE<\/span><\/h2>\n<div class=\"prodotti-ip-list\" style=\"align: center; text-align: center;\"><a class=\"custom-btn-outline\" href=\"https:\/\/www.granulati.it\/de\/idea-pietra\/ip-prodotti\/calepio-antracite\/\"><strong>\u276f ZUR PRODUKTSEITE<\/strong><\/a><\/div>\n<\/div>\n<\/div><\/div><\/div><\/div><div id=\"pg-81947-6\"  class=\"panel-grid panel-has-style\" ><div class=\"siteorigin-panels-stretch panel-row-style panel-row-style-for-81947-6\" data-stretch-type=\"full-width-stretch\" ><div id=\"pgc-81947-6-0\"  class=\"panel-grid-cell\" ><div id=\"panel-81947-6-0-0\" class=\"so-panel widget widget_sow-editor panel-first-child panel-last-child\" data-index=\"12\" ><div\n\t\t\t\n\t\t\tclass=\"so-widget-sow-editor so-widget-sow-editor-base\"\n\t\t\t\n\t\t>\n<div class=\"siteorigin-widget-tinymce textwidget\">\n\t<div style=\"font-size: 20px; font-family: Dosis; align: center; text-align: center;\"\"><a class=\"custom-btn-outline\" href=\"https:\/\/www.granulati.it\/de\/idea-pietra\/ip-prodotti\/\"><strong>\u276f ZUR\u00dcCK ZU DEN PRODUKTEN<\/strong><\/a><\/div>\n<\/div>\n<\/div><\/div><\/div><\/div><\/div><\/div>","protected":false},"excerpt":{"rendered":"<p>das Material, das deine W\u00e4nde kleidet<\/p>\n","protected":false},"author":1,"featured_media":81907,"parent":81403,"menu_order":1,"comment_status":"closed","ping_status":"closed","template":"page-idea-pietra.php","meta":{"_links_to":"","_links_to_target":""},"aioseo_notices":[],"_links":{"self":[{"href":"https:\/\/www.granulati.it\/de\/wp-json\/wp\/v2\/pages\/81947"}],"collection":[{"href":"https:\/\/www.granulati.it\/de\/wp-json\/wp\/v2\/pages"}],"about":[{"href":"https:\/\/www.granulati.it\/de\/wp-json\/wp\/v2\/types\/page"}],"author":[{"embeddable":true,"href":"https:\/\/www.granulati.it\/de\/wp-json\/wp\/v2\/users\/1"}],"replies":[{"embeddable":true,"href":"https:\/\/www.granulati.it\/de\/wp-json\/wp\/v2\/comments?post=81947"}],"version-history":[{"count":101,"href":"https:\/\/www.granulati.it\/de\/wp-json\/wp\/v2\/pages\/81947\/revisions"}],"predecessor-version":[{"id":83619,"href":"https:\/\/www.granulati.it\/de\/wp-json\/wp\/v2\/pages\/81947\/revisions\/83619"}],"up":[{"embeddable":true,"href":"https:\/\/www.granulati.it\/de\/wp-json\/wp\/v2\/pages\/81403"}],"wp:featuredmedia":[{"embeddable":true,"href":"https:\/\/www.granulati.it\/de\/wp-json\/wp\/v2\/media\/81907"}],"wp:attachment":[{"href":"https:\/\/www.granulati.it\/de\/wp-json\/wp\/v2\/media?parent=81947"}],"curies":[{"name":"wp","href":"https:\/\/api.w.org\/{rel}","templated":true}]}}