{"id":80216,"date":"2025-06-20T13:16:28","date_gmt":"2025-06-20T11:16:28","guid":{"rendered":"https:\/\/www.granulati.it\/it\/?page_id=80216"},"modified":"2025-06-20T16:39:57","modified_gmt":"2025-06-20T14:39:57","slug":"attivita_formative","status":"publish","type":"page","link":"https:\/\/www.granulati.it\/de\/impegno-sociale\/kostenlose-schulung\/","title":{"rendered":"Kostenlose Schulungsangebote"},"content":{"rendered":"<div id=\"pl-80216\"  class=\"panel-layout\" ><div id=\"pg-80216-0\"  class=\"panel-grid panel-no-style\" ><div id=\"pgc-80216-0-0\"  class=\"panel-grid-cell\" ><div id=\"panel-80216-0-0-0\" class=\"so-panel widget widget_text panel-first-child\" data-index=\"0\" >\t\t\t<div class=\"textwidget\"><div style=\"background-color: #006785; height: 50px;\">\n<h1 style=\"padding-top: 10px;\"><span style=\"color: white;\">Kostenlose Schulungsangebote<\/span><\/h1>\n<\/div>\n<\/div>\n\t\t<\/div><div id=\"panel-80216-0-0-1\" class=\"so-panel widget widget_text panel-last-child\" data-index=\"1\" >\t\t\t<div class=\"textwidget\"><p><img loading=\"lazy\" class=\"aligncenter wp-image-78538 colorbox-80216\" src=\"http:\/\/www.granulati.it\/wp-content\/uploads\/2025\/06\/visite_guidate_cover.jpg\" alt=\"Museo Accademia Carrara\" width=\"1920\" height=\"744\" data-wp-editing=\"1\" \/><\/p>\n<\/div>\n\t\t<\/div><\/div><\/div><div id=\"pg-80216-1\"  class=\"panel-grid panel-no-style\" ><div id=\"pgc-80216-1-0\"  class=\"panel-grid-cell\" ><div id=\"panel-80216-1-0-0\" class=\"so-panel widget widget_text panel-first-child panel-last-child\" data-index=\"2\" >\t\t\t<div class=\"textwidget\"><h2>Kostenlose Schulungen f\u00fcr Studierende und Fachleute<\/h2>\n<p style=\"font-size: 14px; font-family: Raleway;\">Granulati Zandobbio setzt auf Wissenstransfer: Deshalb laden wir Schulen, Universit\u00e4ten und Profis zu kostenlosen Kursen und Werksf\u00fchrungen ein.<br \/>\nUnsere Programme f\u00fchren praxisnah in die Welt von Feinsteinzeugplatten, dekorativen Granulaten und technischen Pflasterl\u00f6sungen ein. Teilnehmer erleben innovative Materialien und nachhaltige Produktionsprozesse hautnah.<br \/>\nJeder Besuch ist ein immersives Lernerlebnis mit praktischen Beispielen, technischen Erl\u00e4uterungen und Dialog mit Branchenexperten. Ideal, um Kompetenzen zu st\u00e4rken und sich gezielt im Bereich Pflasterungen und Verkleidungen zu orientieren.<\/p>\n<\/div>\n\t\t<\/div><\/div><\/div><div id=\"pg-80216-2\"  class=\"panel-grid panel-no-style\" ><div id=\"pgc-80216-2-0\"  class=\"panel-grid-cell\" ><div id=\"panel-80216-2-0-0\" class=\"so-panel widget widget_text panel-first-child panel-last-child\" data-index=\"3\" >\t\t\t<div class=\"textwidget\"><p><img loading=\"lazy\" class=\"aligncenter wp-image-78538 colorbox-80216\" src=\"http:\/\/www.granulati.it\/wp-content\/uploads\/2025\/06\/visite_guidate-2.jpg\" alt=\"Visita guidata\" width=\"1920\" height=\"744\" data-wp-editing=\"1\" \/><\/p>\n<\/div>\n\t\t<\/div><\/div><div id=\"pgc-80216-2-1\"  class=\"panel-grid-cell\" ><div id=\"panel-80216-2-1-0\" class=\"so-panel widget widget_text panel-first-child panel-last-child\" data-index=\"4\" >\t\t\t<div class=\"textwidget\"><p><img loading=\"lazy\" class=\"aligncenter wp-image-78538 colorbox-80216\" src=\"http:\/\/www.granulati.it\/wp-content\/uploads\/2025\/06\/visite_guidate-1.jpg\" alt=\"visite guidate\" width=\"1920\" height=\"744\" data-wp-editing=\"1\" \/><\/p>\n<\/div>\n\t\t<\/div><\/div><div id=\"pgc-80216-2-2\"  class=\"panel-grid-cell\" ><div id=\"panel-80216-2-2-0\" class=\"so-panel widget widget_text panel-first-child panel-last-child\" data-index=\"5\" >\t\t\t<div class=\"textwidget\"><p><img loading=\"lazy\" class=\"aligncenter wp-image-78538 colorbox-80216\" src=\"http:\/\/www.granulati.it\/wp-content\/uploads\/2025\/06\/visite_guidate-6.jpg\" alt=\"Visite Guidate\" width=\"1920\" height=\"744\" data-wp-editing=\"1\" \/><\/p>\n<\/div>\n\t\t<\/div><\/div><\/div><div id=\"pg-80216-3\"  class=\"panel-grid panel-no-style\" ><div id=\"pgc-80216-3-0\"  class=\"panel-grid-cell\" ><div id=\"panel-80216-3-0-0\" class=\"so-panel widget widget_text panel-first-child panel-last-child\" data-index=\"6\" >\t\t\t<div class=\"textwidget\"><p><img loading=\"lazy\" class=\"aligncenter wp-image-78538 colorbox-80216\" src=\"http:\/\/www.granulati.it\/wp-content\/uploads\/2025\/06\/visite_guidate-5.jpg\" alt=\"visite guidate\" width=\"1920\" height=\"744\" data-wp-editing=\"1\" \/><\/p>\n<\/div>\n\t\t<\/div><\/div><div id=\"pgc-80216-3-1\"  class=\"panel-grid-cell\" ><div id=\"panel-80216-3-1-0\" class=\"so-panel widget widget_text panel-first-child panel-last-child\" data-index=\"7\" >\t\t\t<div class=\"textwidget\"><p><img loading=\"lazy\" class=\"aligncenter wp-image-78538 colorbox-80216\" src=\"http:\/\/www.granulati.it\/wp-content\/uploads\/2025\/06\/visite_guidate-4.jpg\" alt=\"Visite Guidate\" width=\"1920\" height=\"744\" data-wp-editing=\"1\" \/><\/p>\n<\/div>\n\t\t<\/div><\/div><div id=\"pgc-80216-3-2\"  class=\"panel-grid-cell\" ><div id=\"panel-80216-3-2-0\" class=\"so-panel widget widget_text panel-first-child panel-last-child\" data-index=\"8\" >\t\t\t<div class=\"textwidget\"><p><img loading=\"lazy\" class=\"aligncenter wp-image-78538 colorbox-80216\" src=\"http:\/\/www.granulati.it\/wp-content\/uploads\/2025\/06\/visite_guidate-3.jpg\" alt=\"Visite Guidate\" width=\"1920\" height=\"744\" data-wp-editing=\"1\" \/><\/p>\n<\/div>\n\t\t<\/div><\/div><\/div><\/div>","protected":false},"excerpt":{"rendered":"<p>Kostenlose Schulungsangebote Kostenlose Schulungen f\u00fcr Studierende und Fachleute Granulati Zandobbio setzt auf Wissenstransfer: Deshalb laden wir Schulen, Universit\u00e4ten und Profis zu kostenlosen Kursen und Werksf\u00fchrungen ein. Unsere Programme f\u00fchren praxisnah in die Welt von Feinsteinzeugplatten, dekorativen Granulaten und technischen Pflasterl\u00f6sungen ein. Teilnehmer erleben innovative Materialien und nachhaltige Produktionsprozesse hautnah. Jeder Besuch ist ein immersives Lernerlebnis mit praktischen Beispielen, technischen Erl\u00e4uterungen und Dialog mit Branchenexperten. Ideal, um Kompetenzen zu st\u00e4rken und sich gezielt im Bereich Pflasterungen und Verkleidungen zu orientieren.<\/p>\n","protected":false},"author":1,"featured_media":80173,"parent":62985,"menu_order":2,"comment_status":"closed","ping_status":"closed","template":"page-cat_prodotti.php","meta":{"_links_to":"","_links_to_target":""},"aioseo_notices":[],"_links":{"self":[{"href":"https:\/\/www.granulati.it\/de\/wp-json\/wp\/v2\/pages\/80216"}],"collection":[{"href":"https:\/\/www.granulati.it\/de\/wp-json\/wp\/v2\/pages"}],"about":[{"href":"https:\/\/www.granulati.it\/de\/wp-json\/wp\/v2\/types\/page"}],"author":[{"embeddable":true,"href":"https:\/\/www.granulati.it\/de\/wp-json\/wp\/v2\/users\/1"}],"replies":[{"embeddable":true,"href":"https:\/\/www.granulati.it\/de\/wp-json\/wp\/v2\/comments?post=80216"}],"version-history":[{"count":11,"href":"https:\/\/www.granulati.it\/de\/wp-json\/wp\/v2\/pages\/80216\/revisions"}],"predecessor-version":[{"id":80240,"href":"https:\/\/www.granulati.it\/de\/wp-json\/wp\/v2\/pages\/80216\/revisions\/80240"}],"up":[{"embeddable":true,"href":"https:\/\/www.granulati.it\/de\/wp-json\/wp\/v2\/pages\/62985"}],"wp:featuredmedia":[{"embeddable":true,"href":"https:\/\/www.granulati.it\/de\/wp-json\/wp\/v2\/media\/80173"}],"wp:attachment":[{"href":"https:\/\/www.granulati.it\/de\/wp-json\/wp\/v2\/media?parent=80216"}],"curies":[{"name":"wp","href":"https:\/\/api.w.org\/{rel}","templated":true}]}}