{"id":80179,"date":"2025-06-20T11:08:07","date_gmt":"2025-06-20T09:08:07","guid":{"rendered":"https:\/\/www.granulati.it\/it\/?page_id=80179"},"modified":"2025-06-20T13:25:03","modified_gmt":"2025-06-20T11:25:03","slug":"accademia_carrara","status":"publish","type":"page","link":"https:\/\/www.granulati.it\/de\/impegno-sociale\/museum_accademia_carrara\/","title":{"rendered":"Museum Accademia Carrara"},"content":{"rendered":"<div id=\"pl-80179\"  class=\"panel-layout\" ><div id=\"pg-80179-0\"  class=\"panel-grid panel-no-style\" ><div id=\"pgc-80179-0-0\"  class=\"panel-grid-cell\" ><div id=\"panel-80179-0-0-0\" class=\"so-panel widget widget_text panel-first-child\" data-index=\"0\" >\t\t\t<div class=\"textwidget\"><div style=\"background-color: #006785; height: 50px;\">\n<h1 style=\"padding-top: 10px;\"><span style=\"color: white;\">Museum Accademia Carrara<\/span><\/h1>\n<\/div>\n<\/div>\n\t\t<\/div><div id=\"panel-80179-0-0-1\" class=\"so-panel widget widget_text panel-last-child\" data-index=\"1\" >\t\t\t<div class=\"textwidget\"><p><img loading=\"lazy\" class=\"aligncenter wp-image-78538 colorbox-80179\" src=\"http:\/\/www.granulati.it\/wp-content\/uploads\/2025\/06\/cover-accademia-carrara.jpg\" alt=\"Museum Accademia Carrara\" width=\"1920\" height=\"744\" data-wp-editing=\"1\" \/><\/p>\n<\/div>\n\t\t<\/div><\/div><\/div><div id=\"pg-80179-1\"  class=\"panel-grid panel-no-style\" ><div id=\"pgc-80179-1-0\"  class=\"panel-grid-cell\" ><div id=\"panel-80179-1-0-0\" class=\"so-panel widget widget_text panel-first-child panel-last-child\" data-index=\"2\" >\t\t\t<div class=\"textwidget\"><h2>Von Stein zu Kunst: eine immersive Reise durch die Zeit<\/h2>\n<p style=\"font-size: 14px; font-family: Raleway;\">Im Zentrum einer eindrucksvollen Installation verwandelt der K\u00fcnstler Stefano Arienti einfache Materialien in ein intensives visuelles Erlebnis. In Genealogie (Teil Eins) f\u00fchrt die <b>Pflasterung aus schwarzen und wei\u00dfen Naturkieseln<\/b> die Besucher in eine H\u00f6hlen\u00e4hnliche Atmosph\u00e4re. Das unregelm\u00e4\u00dfige Muster der <b>Feinsteinzeugplatte in Mosaikoptik<\/b> entfaltet sich wie eine flie\u00dfende Erz\u00e4hlung, in der urzeitliche Fossilienmotive sichtbar werden: eine Dickinsonia, zwei Ammoniten und ein Crinoid.<\/p>\n<p>Das Mosaikpflaster steht sinnbildlich f\u00fcr den Fluss der Zeit und die biologische Entwicklung und nimmt den Besucher mit auf eine Reise durch Epochen und Kulturen. Die Installation verschmilzt mit den Museumswerken und der kreativen Energie des Menschen, inspiriert von der Natur. Diese Kunstinstallation ist nicht nur ein Bodenbelag \u2013 sie ist eine <b>Feinsteinzeugplatte<\/b>, die eine Verbindung zwischen Leben, Kunst, Vergangenheit und Gegenwart erz\u00e4hlt.<\/p>\n<\/div>\n\t\t<\/div><\/div><\/div><div id=\"pg-80179-2\"  class=\"panel-grid panel-no-style\" ><div id=\"pgc-80179-2-0\"  class=\"panel-grid-cell\" ><div id=\"panel-80179-2-0-0\" class=\"so-panel widget widget_text panel-first-child panel-last-child\" data-index=\"3\" >\t\t\t<div class=\"textwidget\"><p><img loading=\"lazy\" class=\"aligncenter wp-image-78538 colorbox-80179\" src=\"http:\/\/www.granulati.it\/wp-content\/uploads\/2025\/06\/museo-carrara-3.jpg\" alt=\"Museum Accademia Carrara\" width=\"1920\" height=\"744\" data-wp-editing=\"1\" \/><\/p>\n<\/div>\n\t\t<\/div><\/div><div id=\"pgc-80179-2-1\"  class=\"panel-grid-cell\" ><div id=\"panel-80179-2-1-0\" class=\"so-panel widget widget_text panel-first-child panel-last-child\" data-index=\"4\" >\t\t\t<div class=\"textwidget\"><p><img loading=\"lazy\" class=\"aligncenter wp-image-78538 colorbox-80179\" src=\"http:\/\/www.granulati.it\/wp-content\/uploads\/2025\/06\/museo-carrara-4.jpg\" alt=\"Museum Accademia Carrara\" width=\"1920\" height=\"744\" data-wp-editing=\"1\" \/><\/p>\n<\/div>\n\t\t<\/div><\/div><div id=\"pgc-80179-2-2\"  class=\"panel-grid-cell\" ><div id=\"panel-80179-2-2-0\" class=\"so-panel widget widget_text panel-first-child panel-last-child\" data-index=\"5\" >\t\t\t<div class=\"textwidget\"><p><img loading=\"lazy\" class=\"aligncenter wp-image-78538 colorbox-80179\" src=\"http:\/\/www.granulati.it\/wp-content\/uploads\/2025\/06\/museo-carrara-5.jpg\" alt=\"Museum Accademia Carrara\" width=\"1920\" height=\"744\" data-wp-editing=\"1\" \/><\/p>\n<\/div>\n\t\t<\/div><\/div><\/div><div id=\"pg-80179-3\"  class=\"panel-grid panel-no-style\" ><div id=\"pgc-80179-3-0\"  class=\"panel-grid-cell\" ><div id=\"panel-80179-3-0-0\" class=\"so-panel widget widget_text panel-first-child panel-last-child\" data-index=\"6\" >\t\t\t<div class=\"textwidget\"><p><img loading=\"lazy\" class=\"aligncenter wp-image-78538 colorbox-80179\" src=\"http:\/\/www.granulati.it\/wp-content\/uploads\/2025\/06\/museo-carrara-2.jpg\" alt=\"Museum Accademia Carrara\" width=\"1920\" height=\"744\" data-wp-editing=\"1\" \/><\/p>\n<\/div>\n\t\t<\/div><\/div><div id=\"pgc-80179-3-1\"  class=\"panel-grid-cell\" ><div id=\"panel-80179-3-1-0\" class=\"so-panel widget widget_text panel-first-child panel-last-child\" data-index=\"7\" >\t\t\t<div class=\"textwidget\"><p><img loading=\"lazy\" class=\"aligncenter wp-image-78538 colorbox-80179\" src=\"http:\/\/www.granulati.it\/wp-content\/uploads\/2025\/06\/museo-carrara-1.jpg\" alt=\"Museum Accademia Carrara\" width=\"1920\" height=\"744\" data-wp-editing=\"1\" \/><\/p>\n<\/div>\n\t\t<\/div><\/div><\/div><\/div>","protected":false},"excerpt":{"rendered":"<p>Museum Accademia Carrara Von Stein zu Kunst: eine immersive Reise durch die Zeit Im Zentrum einer eindrucksvollen Installation verwandelt der K\u00fcnstler Stefano Arienti einfache Materialien in ein intensives visuelles Erlebnis. In Genealogie (Teil Eins) f\u00fchrt die Pflasterung aus schwarzen und wei\u00dfen Naturkieseln die Besucher in eine H\u00f6hlen\u00e4hnliche Atmosph\u00e4re. Das unregelm\u00e4\u00dfige Muster der Feinsteinzeugplatte in Mosaikoptik entfaltet sich wie eine flie\u00dfende Erz\u00e4hlung, in der urzeitliche Fossilienmotive sichtbar werden: eine Dickinsonia, zwei Ammoniten und ein Crinoid. Das Mosaikpflaster steht sinnbildlich f\u00fcr den Fluss der Zeit und die biologische Entwicklung und nimmt den Besucher mit auf eine Reise durch Epochen und Kulturen. Die Installation verschmilzt mit den Museumswerken und der kreativen Energie des Menschen, inspiriert von der Natur. Diese Kunstinstallation ist nicht nur ein Bodenbelag \u2013 sie ist eine Feinsteinzeugplatte, die eine Verbindung zwischen Leben, Kunst, Vergangenheit und Gegenwart erz\u00e4hlt.<\/p>\n","protected":false},"author":6,"featured_media":80173,"parent":62985,"menu_order":2,"comment_status":"closed","ping_status":"closed","template":"page-cat_prodotti.php","meta":{"_links_to":"","_links_to_target":""},"aioseo_notices":[],"_links":{"self":[{"href":"https:\/\/www.granulati.it\/de\/wp-json\/wp\/v2\/pages\/80179"}],"collection":[{"href":"https:\/\/www.granulati.it\/de\/wp-json\/wp\/v2\/pages"}],"about":[{"href":"https:\/\/www.granulati.it\/de\/wp-json\/wp\/v2\/types\/page"}],"author":[{"embeddable":true,"href":"https:\/\/www.granulati.it\/de\/wp-json\/wp\/v2\/users\/6"}],"replies":[{"embeddable":true,"href":"https:\/\/www.granulati.it\/de\/wp-json\/wp\/v2\/comments?post=80179"}],"version-history":[{"count":20,"href":"https:\/\/www.granulati.it\/de\/wp-json\/wp\/v2\/pages\/80179\/revisions"}],"predecessor-version":[{"id":80206,"href":"https:\/\/www.granulati.it\/de\/wp-json\/wp\/v2\/pages\/80179\/revisions\/80206"}],"up":[{"embeddable":true,"href":"https:\/\/www.granulati.it\/de\/wp-json\/wp\/v2\/pages\/62985"}],"wp:featuredmedia":[{"embeddable":true,"href":"https:\/\/www.granulati.it\/de\/wp-json\/wp\/v2\/media\/80173"}],"wp:attachment":[{"href":"https:\/\/www.granulati.it\/de\/wp-json\/wp\/v2\/media?parent=80179"}],"curies":[{"name":"wp","href":"https:\/\/api.w.org\/{rel}","templated":true}]}}