{"id":76490,"date":"2022-06-09T12:07:50","date_gmt":"2022-06-09T10:07:50","guid":{"rendered":"http:\/\/www.granulati.it\/it\/inerti-per-resine-copy-copy-copy-copy-copy\/"},"modified":"2022-06-09T12:15:40","modified_gmt":"2022-06-09T10:15:40","slug":"inerti-per-resine-copy-copy-copy-copy-copy","status":"publish","type":"page","link":"https:\/\/www.granulati.it\/de\/granulati-di-vetro-per-resine\/","title":{"rendered":"Glassplitt f\u00fcr Harze"},"content":{"rendered":"<div id=\"pl-76490\"  class=\"panel-layout\" ><div id=\"pg-76490-0\"  class=\"panel-grid panel-no-style\" ><div id=\"pgc-76490-0-0\"  class=\"panel-grid-cell\" ><div id=\"panel-76490-0-0-0\" class=\"so-panel widget widget_text panel-first-child panel-last-child\" data-index=\"0\" >\t\t\t<div class=\"textwidget\"><div style=\"background-color: #006785; height: 50px;\">\n<h1 style=\"padding-top: 10px;\"><span style=\"color: white;\">GLASSPLITT F\u00dcR HARZBINDEMITTEL<\/span><\/h1>\n<\/div>\n<\/div>\n\t\t<\/div><\/div><\/div><div id=\"pg-76490-1\"  class=\"panel-grid panel-no-style\" ><div id=\"pgc-76490-1-0\"  class=\"panel-grid-cell\" ><div id=\"panel-76490-1-0-0\" class=\"so-panel widget widget_text panel-first-child panel-last-child\" data-index=\"1\" >\t\t\t<div class=\"textwidget\"><p style=\"font-size: 14px;\">Splitt aus Glas f\u00fcr die Harzverarbeitung. Die Harzb\u00f6den zeichnen sich durch hervorragende Eigenschaften in Bezug auf Widerstandsf\u00e4higkeit, Hygiene, elektrische Leitf\u00e4higkeit und einfache Verlegung aus. Harzb\u00f6den sind f\u00fcr den Einsatz in allen Arten von Geb\u00e4uden (Lager, Produktionsumgebungen, Lebensmittel, Pharmazeutika, Warenlager usw.), f\u00fcr Arbeitsaktivit\u00e4ten und Empfangsbereiche f\u00fcr die \u00d6ffentlichkeit und in allen Bereichen, in denen dies erforderlich ist, vorgesehen. eine rutschfeste Oberfl\u00e4che. Es wird jedoch auch h\u00e4ufig f\u00fcr Bio-Schwimmbecken verwendet, um einen realistischen Effekt zu erzielen, der karibische Str\u00e4nde reproduziert.<br \/>\nDer resultierende Bodenbelag bietet unz\u00e4hlige Vorteile, darunter:<\/p>\n<ul>\n<li>Bemerkenswerter \u00e4sthetischer Aspekt<\/li>\n<li>V\u00f6lliges Fehlen von Staubbildung<\/li>\n<li>Undurchl\u00e4ssigkeit gegen\u00fcber Fl\u00fcssigkeiten und \u00d6len<\/li>\n<li>Extrem leicht zu reinigen<\/li>\n<li>Hohe chemische und mechanische Best\u00e4ndigkeit, wodurch es auch f\u00fcr intensiven Schwerlastverkehr geeignet ist<\/li>\n<li>Leichte Wiederherstellung der Unebenheiten des vorherigen Pflasters<\/li>\n<\/ul>\n<\/div>\n\t\t<\/div><\/div><\/div><div id=\"pg-76490-2\"  class=\"panel-grid panel-no-style\" ><div id=\"pgc-76490-2-0\"  class=\"panel-grid-cell\" ><div id=\"panel-76490-2-0-0\" class=\"so-panel widget widget_text panel-first-child panel-last-child\" data-index=\"2\" >\t\t\t<div class=\"textwidget\"><p><a href=\"http:\/\/www.granulati.it\/wp-content\/uploads\/2022\/06\/gazzurro.jpg\"><img class=\"colorbox-76490\"  src=\"http:\/\/www.granulati.it\/wp-content\/uploads\/2022\/06\/gazzurro.jpg\" \/><\/a><\/p>\n<h5 style=\"font-size: 15px; color: #006785;\">VETRO AZZURRO<\/h5>\n<hr style=\"margin-bottom: 2px;\" \/>\n<p><strong>3-5 mm<\/strong><br \/>\nBig Bag 1000 kg<br \/>\n5 kg\/PCS<\/p>\n<p><strong>5-10 mm<\/strong><br \/>\nBig Bag 1000 kg<br \/>\n5 kg\/PCS<\/p>\n<\/div>\n\t\t<\/div><\/div><div id=\"pgc-76490-2-1\"  class=\"panel-grid-cell\" ><div id=\"panel-76490-2-1-0\" class=\"so-panel widget widget_text panel-first-child panel-last-child\" data-index=\"3\" >\t\t\t<div class=\"textwidget\"><p><a href=\"http:\/\/www.granulati.it\/wp-content\/uploads\/2022\/06\/gblu.jpg\"><img class=\"colorbox-76490\"  src=\"http:\/\/www.granulati.it\/wp-content\/uploads\/2022\/06\/gblu.jpg\" \/><\/a><\/p>\n<h5 style=\"font-size: 15px; color: #006785;\">VETRO BLU<\/h5>\n<hr style=\"margin-bottom: 2px;\" \/>\n<p><strong>3-5 mm<\/strong><br \/>\nBig Bag 1000 kg<br \/>\n5 kg\/PCS<\/p>\n<p><strong>5-10 mm<\/strong><br \/>\nBig Bag 1000 kg<br \/>\n5 kg\/PCS<\/p>\n<\/div>\n\t\t<\/div><\/div><div id=\"pgc-76490-2-2\"  class=\"panel-grid-cell\" ><div id=\"panel-76490-2-2-0\" class=\"so-panel widget widget_text panel-first-child panel-last-child\" data-index=\"4\" >\t\t\t<div class=\"textwidget\"><p><a href=\"http:\/\/www.granulati.it\/wp-content\/uploads\/2022\/06\/gtrasparente.jpg\"><img class=\"colorbox-76490\"  src=\"http:\/\/www.granulati.it\/wp-content\/uploads\/2022\/06\/gtrasparente.jpg\" \/><\/a><\/p>\n<h5 style=\"font-size: 15px; color: #006785;\">VETRO TRASPARENTE<\/h5>\n<hr style=\"margin-bottom: 2px;\" \/>\n<p><strong>3-5 mm<\/strong><br \/>\nBig Bag 1000 kg<br \/>\n5 kg\/PCS<\/p>\n<p><strong>5-10 mm<\/strong><br \/>\nBig Bag 1000 kg<br \/>\n5 kg\/PCS<\/p>\n<\/div>\n\t\t<\/div><\/div><div id=\"pgc-76490-2-3\"  class=\"panel-grid-cell\" ><div id=\"panel-76490-2-3-0\" class=\"so-panel widget widget_text panel-first-child panel-last-child\" data-index=\"5\" >\t\t\t<div class=\"textwidget\"><p><a href=\"http:\/\/www.granulati.it\/wp-content\/uploads\/2022\/06\/gverde.jpg\"><img class=\"colorbox-76490\"  src=\"http:\/\/www.granulati.it\/wp-content\/uploads\/2022\/06\/gverde.jpg\" \/><\/a><\/p>\n<h5 style=\"font-size: 15px; color: #006785;\">VETRO VERDE<\/h5>\n<hr style=\"margin-bottom: 2px;\" \/>\n<p><strong>3-5 mm<\/strong><br \/>\nBig Bag 1000 kg<br \/>\n5 kg\/PCS<\/p>\n<p><strong>5-10 mm<\/strong><br \/>\nBig Bag 1000 kg<br \/>\n5 kg\/PCS<\/p>\n<\/div>\n\t\t<\/div><\/div><\/div><div id=\"pg-76490-3\"  class=\"panel-grid panel-no-style\" ><div id=\"pgc-76490-3-0\"  class=\"panel-grid-cell\" ><div id=\"panel-76490-3-0-0\" class=\"so-panel widget widget_text panel-first-child panel-last-child\" data-index=\"6\" >\t\t\t<div class=\"textwidget\"><p><a href=\"http:\/\/www.granulati.it\/wp-content\/uploads\/2022\/06\/gambra.jpg\"><img class=\"colorbox-76490\"  src=\"http:\/\/www.granulati.it\/wp-content\/uploads\/2022\/06\/gambra.jpg\" \/><\/a><\/p>\n<h5 style=\"font-size: 15px; color: #006785;\">VETRO AMBRA<\/h5>\n<hr style=\"margin-bottom: 2px;\" \/>\n<p><strong>3-5 mm<\/strong><br \/>\nBig Bag 1000 kg<br \/>\n5 kg\/PCS<\/p>\n<p><strong>5-10 mm<\/strong><br \/>\nBig Bag 1000 kg<br \/>\n5 kg\/PCS<\/p>\n<\/div>\n\t\t<\/div><\/div><div id=\"pgc-76490-3-1\"  class=\"panel-grid-cell\" ><div id=\"panel-76490-3-1-0\" class=\"so-panel widget widget_text panel-first-child panel-last-child\" data-index=\"7\" >\t\t\t<div class=\"textwidget\"><p><a href=\"http:\/\/www.granulati.it\/wp-content\/uploads\/2022\/06\/gspecchio.jpg\"><img class=\"colorbox-76490\"  src=\"http:\/\/www.granulati.it\/wp-content\/uploads\/2022\/06\/gspecchio.jpg\" \/><\/a><\/p>\n<h5 style=\"font-size: 15px; color: #006785;\">VETRO SPECCHIO<\/h5>\n<hr style=\"margin-bottom: 2px;\" \/>\n<p><strong>3-5 mm<\/strong><br \/>\nBig Bag 1000 kg<br \/>\n5 kg\/PCS<\/p>\n<p><strong>5-10 mm<\/strong><br \/>\nBig Bag 1000 kg<br \/>\n5 kg\/PCS<\/p>\n<\/div>\n\t\t<\/div><\/div><div id=\"pgc-76490-3-2\"  class=\"panel-grid-cell panel-grid-cell-empty panel-grid-cell-mobile-last\" ><\/div><div id=\"pgc-76490-3-3\"  class=\"panel-grid-cell panel-grid-cell-empty\" ><\/div><\/div><\/div>","protected":false},"excerpt":{"rendered":"<p>GLASSPLITT F\u00dcR HARZBINDEMITTEL Splitt aus Glas f\u00fcr die Harzverarbeitung. Die Harzb\u00f6den zeichnen sich durch hervorragende Eigenschaften in Bezug auf Widerstandsf\u00e4higkeit, Hygiene, elektrische Leitf\u00e4higkeit und einfache Verlegung aus. Harzb\u00f6den sind f\u00fcr den Einsatz in allen Arten von Geb\u00e4uden (Lager, Produktionsumgebungen, Lebensmittel, Pharmazeutika, Warenlager usw.), f\u00fcr Arbeitsaktivit\u00e4ten und Empfangsbereiche f\u00fcr die \u00d6ffentlichkeit und in allen Bereichen, in denen dies erforderlich ist, vorgesehen. eine rutschfeste Oberfl\u00e4che. Es wird jedoch auch h\u00e4ufig f\u00fcr Bio-Schwimmbecken verwendet, um einen realistischen Effekt zu erzielen, der karibische Str\u00e4nde reproduziert. Der resultierende Bodenbelag bietet unz\u00e4hlige Vorteile, darunter: Bemerkenswerter \u00e4sthetischer Aspekt V\u00f6lliges Fehlen von Staubbildung Undurchl\u00e4ssigkeit gegen\u00fcber Fl\u00fcssigkeiten und \u00d6len Extrem leicht zu reinigen Hohe chemische und mechanische Best\u00e4ndigkeit, wodurch es auch f\u00fcr intensiven Schwerlastverkehr geeignet ist Leichte Wiederherstellung der Unebenheiten des vorherigen Pflasters<\/p>\n","protected":false},"author":1,"featured_media":78,"parent":0,"menu_order":34,"comment_status":"closed","ping_status":"closed","template":"","meta":{"_links_to":"","_links_to_target":""},"aioseo_notices":[],"_links":{"self":[{"href":"https:\/\/www.granulati.it\/de\/wp-json\/wp\/v2\/pages\/76490"}],"collection":[{"href":"https:\/\/www.granulati.it\/de\/wp-json\/wp\/v2\/pages"}],"about":[{"href":"https:\/\/www.granulati.it\/de\/wp-json\/wp\/v2\/types\/page"}],"author":[{"embeddable":true,"href":"https:\/\/www.granulati.it\/de\/wp-json\/wp\/v2\/users\/1"}],"replies":[{"embeddable":true,"href":"https:\/\/www.granulati.it\/de\/wp-json\/wp\/v2\/comments?post=76490"}],"version-history":[{"count":1,"href":"https:\/\/www.granulati.it\/de\/wp-json\/wp\/v2\/pages\/76490\/revisions"}],"predecessor-version":[{"id":76497,"href":"https:\/\/www.granulati.it\/de\/wp-json\/wp\/v2\/pages\/76490\/revisions\/76497"}],"wp:featuredmedia":[{"embeddable":true,"href":"https:\/\/www.granulati.it\/de\/wp-json\/wp\/v2\/media\/78"}],"wp:attachment":[{"href":"https:\/\/www.granulati.it\/de\/wp-json\/wp\/v2\/media?parent=76490"}],"curies":[{"name":"wp","href":"https:\/\/api.w.org\/{rel}","templated":true}]}}