{"id":6696,"date":"2017-02-15T10:55:08","date_gmt":"2017-02-15T09:55:08","guid":{"rendered":"http:\/\/www.granulati.it\/it\/sei-un-rivenditore-copy\/"},"modified":"2022-08-04T15:49:47","modified_gmt":"2022-08-04T13:49:47","slug":"sei-un-rivenditore-copy","status":"publish","type":"page","link":"https:\/\/www.granulati.it\/de\/servizi-al-cliente\/","title":{"rendered":"Dienstleistungen f\u00fcr kunden"},"content":{"rendered":"<p><\/p>\n<div style=\"background-color: #006785; height: 50px;\">\n<h1 style=\"padding-top: 10px;\"><span style=\"color: white;\">DIENSTLEISTUNGEN F\u00dcR KUNDEN<\/span><\/h1>\n<\/div>\n\n<p><img loading=\"lazy\" class=\"wp-image-40189 size-full alignleft colorbox-6696\" src=\"http:\/\/www.granulati.it\/wp-content\/uploads\/2018\/04\/Allestimento-corner.jpg\" alt=\"\" width=\"1701\" height=\"497\" srcset=\"https:\/\/www.granulati.it\/wp-content\/uploads\/2018\/04\/Allestimento-corner.jpg 1701w, https:\/\/www.granulati.it\/wp-content\/uploads\/2018\/04\/Allestimento-corner-150x44.jpg 150w, https:\/\/www.granulati.it\/wp-content\/uploads\/2018\/04\/Allestimento-corner-300x88.jpg 300w, https:\/\/www.granulati.it\/wp-content\/uploads\/2018\/04\/Allestimento-corner-768x224.jpg 768w, https:\/\/www.granulati.it\/wp-content\/uploads\/2018\/04\/Allestimento-corner-1024x299.jpg 1024w\" sizes=\"(max-width: 1701px) 100vw, 1701px\" \/><\/p>\n<p style=\"text-align: justify;\"><span style=\"font-family: 'Lucida Grande', Verdana, Arial, Helvetica, sans-serif;\">Die Philosophie der N\u00e4he zum Markt hat uns dazu gebracht, mit hochwertigen Produkten und komplexen L\u00f6sungen in den Bodenbelagsbereichen zu wachsen. Wir bieten spezielle Werbetr\u00e4ger an, die so konzipiert sind, dass sie jede Art von Produkt optimal zur Geltung bringen. Wir bieten auf Anfrage des H\u00e4ndlers die Gestaltung eines Bereichs oder einer Ecke f\u00fcr die Ausstellung von Produkten mit bestimmten Ausstellern an, um dem Kunden maximale Sichtbarkeit der Materialien zu garantieren. Au\u00dferdem Werbeseiten, Planung der Hauptmedien und Teilnahme an Messen.<\/span><\/p>\n<p><\/p>","protected":false},"excerpt":{"rendered":"<p>DIENSTLEISTUNGEN F\u00dcR KUNDEN Die Philosophie der N\u00e4he zum Markt hat uns dazu gebracht, mit hochwertigen Produkten und komplexen L\u00f6sungen in den Bodenbelagsbereichen zu wachsen. Wir bieten spezielle Werbetr\u00e4ger an, die so konzipiert sind, dass sie jede Art von Produkt optimal zur Geltung bringen. Wir bieten auf Anfrage des H\u00e4ndlers die Gestaltung eines Bereichs oder einer Ecke f\u00fcr die Ausstellung von Produkten mit bestimmten Ausstellern an, um dem Kunden maximale Sichtbarkeit der Materialien zu garantieren. Au\u00dferdem Werbeseiten, Planung der Hauptmedien und Teilnahme an Messen.<\/p>\n","protected":false},"author":1,"featured_media":0,"parent":0,"menu_order":17,"comment_status":"open","ping_status":"closed","template":"page-rivenditore.php","meta":{"_links_to":"","_links_to_target":""},"aioseo_notices":[],"_links":{"self":[{"href":"https:\/\/www.granulati.it\/de\/wp-json\/wp\/v2\/pages\/6696"}],"collection":[{"href":"https:\/\/www.granulati.it\/de\/wp-json\/wp\/v2\/pages"}],"about":[{"href":"https:\/\/www.granulati.it\/de\/wp-json\/wp\/v2\/types\/page"}],"author":[{"embeddable":true,"href":"https:\/\/www.granulati.it\/de\/wp-json\/wp\/v2\/users\/1"}],"replies":[{"embeddable":true,"href":"https:\/\/www.granulati.it\/de\/wp-json\/wp\/v2\/comments?post=6696"}],"version-history":[{"count":27,"href":"https:\/\/www.granulati.it\/de\/wp-json\/wp\/v2\/pages\/6696\/revisions"}],"predecessor-version":[{"id":76768,"href":"https:\/\/www.granulati.it\/de\/wp-json\/wp\/v2\/pages\/6696\/revisions\/76768"}],"wp:attachment":[{"href":"https:\/\/www.granulati.it\/de\/wp-json\/wp\/v2\/media?parent=6696"}],"curies":[{"name":"wp","href":"https:\/\/api.w.org\/{rel}","templated":true}]}}