{"id":62985,"date":"2020-11-16T09:43:57","date_gmt":"2020-11-16T08:43:57","guid":{"rendered":"http:\/\/www.granulati.it\/it\/sostenibilita-copy\/"},"modified":"2026-02-13T16:37:28","modified_gmt":"2026-02-13T15:37:28","slug":"sostenibilita-copy","status":"publish","type":"page","link":"https:\/\/www.granulati.it\/de\/impegno-sociale\/","title":{"rendered":"SOZIALES ENGAGEMENT"},"content":{"rendered":"<p><\/p>\n<div style=\"background-color: #006785; height: 50px;\">\n<h1 style=\"padding-top: 10px;\"><span style=\"color: white;\">SOZIALES ENGAGEMENT<\/span><\/h1>\n<\/div>\n<p>&nbsp;<\/p>\n<h2 style=\"font-size: 16px;\">Granulati Zandobbio bekennt sich zur Anwendung verschiedener Prinzipien: <strong>Nachhaltigkeit, Freiwilligkeit, Qualit\u00e4t, Integration<\/strong>.<\/h2>\n<hr \/>\n<div class=\"shortcode1-2\">\n<h2>EIN ENGAGEMENT F\u00dcR KUNST UND KULTUR<\/h2>\n<h4><a href=\"https:\/\/www.lacarrara.it\/\" target=\"_blank\" rel=\"noopener\"><strong>Museo Accademia Carrara<\/strong><\/a><\/h4>\n<p><span style=\"font-family: 'Lucida Grande', Verdana, Arial, Helvetica, sans-serif; font-size: 13px;\">Wir glauben, dass Kunst eine universelle Sprache ist, die inspiriert und ber\u00fchrt. Deshalb unterst\u00fctzen wir das <b>Museum Accademia Carrara<\/b> \u2013 ein Ort, an dem Geschichte und Sch\u00f6nheit zeitlose Emotionen schaffen. Kultur zu f\u00f6rdern hei\u00dft, der n\u00e4chsten Generation Chancen f\u00fcr Kreativit\u00e4t und Wissen zu geben. Kunst geh\u00f6rt allen. Und wir sind stolz, ein Teil davon zu sein.<\/span><br \/>\n<span style=\"font-family: 'Lucida Grande', Verdana, Arial, Helvetica, sans-serif; font-size: 11px;\"><em>Weitere Informationen:<\/em> <a href=\"https:\/\/www.lacarrara.it\" target=\"_blank\" rel=\"noopener\"><strong>Museo Accademia Carrara<\/strong><\/a><\/span><\/p>\n<\/div>\n<div class=\"shortcode1-2\">\n<a href=\"https:\/\/www.granulati.it\/de\/impegno-sociale\/museum_accademia_carrara\/\" target=\"_blank\" rel=\"noopener\"><img class=\"colorbox-62985\"  src=\"http:\/\/www.granulati.it\/wp-content\/uploads\/2025\/06\/museo-carrara.jpg\" alt=\"Granulati Zandobbio sostegno al Museo Accademia Carrara\" \/><\/a>\n<\/div>\n<hr \/>\n<div class=\"shortcode1-2\">\n<a href=\"https:\/\/www.fondazionemilani.eu\"><img class=\"colorbox-62985\"  src=\"http:\/\/www.granulati.it\/wp-content\/uploads\/2020\/11\/senza-tetto-2.jpg\" alt=\"Granulati Zandobbio f\u00fcr die Don Lorenzo Milani Community\" \/><\/a>\n<\/div>\n<div class=\"shortcode1-2\">\n<h2>SPENDEN AN FREIWILLIGEN AKTIVIT\u00c4TEN WOHNUNGSLOS<\/h2>\n<h4><a href=\"https:\/\/www.fondazionemilani.eu\"><strong>Don Lorenzo Milani Stiftung<\/strong><\/a><\/h4>\n<p><span style=\"font-family: 'Lucida Grande', Verdana, Arial, Helvetica, sans-serif; font-size: 13px;\">Granulati Zandobbio achtet auf die Unannehmlichkeiten, die auf dem Territorium auftreten. Aus diesem Grund hat er beschlossen, den <strong>Exodus-Dienst<\/strong> zu unterst\u00fctzen, der als Stra\u00dfenbildungsdienst f\u00fcr marginalisierte und h\u00e4ufig obdachlose Menschen fungiert. Mit der Verwendung einer mobilen Einheit (Wohnmobil) bieten sie Zuh\u00f6ren, Kameradschaft und Orientierung, Verteilung von Kleidung, Grundmedikamenten, Decken und Begleitung zu Notfallversorgungseinrichtungen.<\/span><\/p>\n<p>&nbsp;<\/p>\n<p><span style=\"font-family: 'Lucida Grande', Verdana, Arial, Helvetica, sans-serif; font-size: 11px;\"><em>Weitere Informationen:<\/em> <a href=\"https:\/\/www.fondazionemilani.eu\"><strong>Don Lorenzo Milani Stiftung, San Vincenzo Schirmherrschaft<\/strong><\/a><\/span><\/p>\n<\/div>\n<hr \/>\n<div class=\"shortcode1-2\">\n<h2>SPENDEN LANDWIRTSCHAFTLICHE ARMUT<\/h2>\n<h4><a href=\"https:\/\/missionebelem.it\/\"><strong>Belem Onlus Missionsverein<\/strong><\/a><\/h4>\n<p><span style=\"font-family: 'Lucida Grande', Verdana, Arial, Helvetica, sans-serif; font-size: 13px;\">Granulati Zandobbio engagiert sich seit 2017 jedes Jahr f\u00fcr die Unterst\u00fctzung der Mission Belem Onlus Association zur Unterst\u00fctzung des Projekts \u201ePoliambulatorio Haiti\u201c.<\/span><\/p>\n<p><span style=\"font-family: 'Lucida Grande', Verdana, Arial, Helvetica, sans-serif; font-size: 13px;\">Die Mission zielt darauf ab, ein Minimum an Gesundheitsversorgung in der Favela von Wharf Jeremie, dem Opfer des Erdbebens von 2010, bereitzustellen, wo es keinerlei Dienstleistungen gibt. Das Projekt umfasst den Bau von vier Bl\u00f6cken, in denen Erste-Hilfe-Kliniken, ein Krankenhauszentrum, eine Betreuung von M\u00fcttern und Kindern sowie ein Ern\u00e4hrungszentrum untergebracht werden.<\/span><\/p>\n<p>&nbsp;<\/p>\n<p><span style=\"font-family: 'Lucida Grande', Verdana, Arial, Helvetica, sans-serif; font-size: 11px;\"><em>Weitere Informationen:<\/em> <a href=\"https:\/\/missionebelem.it\/\"><strong>Belem Onlus Missionsverein<\/strong><\/a><\/span><\/p>\n<\/div>\n<div class=\"shortcode1-2\">\n<a href=\"https:\/\/missionebelem.it\/\"><img class=\"colorbox-62985\"  src=\"http:\/\/www.granulati.it\/wp-content\/uploads\/2020\/11\/haiti.jpg\" alt=\"Granulati Zandobbio f\u00fcr Haiti\" \/><\/a>\n<\/div>\n<hr \/>\n<div class=\"shortcode1-2\">\n<a href=\"https:\/\/www.sportesolidarieta.it\/blog\/fiera-di-bergamo-lospedale-una-realta-anche-grazie-allaccademia\/\"><img class=\"colorbox-62985\"  src=\"http:\/\/www.granulati.it\/wp-content\/uploads\/2020\/11\/ospedale-da-campo.jpg\" alt=\"Granulati Zandobbio zur Unterst\u00fctzung des Coronavirus-Notfalls\" \/><\/a>\n<\/div>\n<div class=\"shortcode1-2\">\n<h2>SPENDEN F\u00dcR SOLIDARIT\u00c4T<\/h2>\n<h4><a href=\"https:\/\/www.sportesolidarieta.it\/blog\/fiera-di-bergamo-lospedale-una-realta-anche-grazie-allaccademia\/\"><strong>Auszahlung zur Unterst\u00fctzung des Coronavirus-Notfalls<\/strong><\/a><\/h4>\n<p><span style=\"font-family: 'Lucida Grande', Verdana, Arial, Helvetica, sans-serif; font-size: 13px;\">Nach der COVID-19-Epidemie, die unser Land und insbesondere unsere Provinz Anfang 2020 heimgesucht hat, hat Granulati Zandobbio eine Spende an die Akademie f\u00fcr Sport f\u00fcr Solidarit\u00e4t geleistet. Um den Notfall zu bew\u00e4ltigen, hat sich der Verein verpflichtet, Mittel f\u00fcr den Bau des Feldkrankenhauses in der Region Fiera di Bergamo zu sammeln, das vom Nationalen Alpenverband verwaltet wird.<\/span><\/p>\n<p>&nbsp;<\/p>\n<p><span style=\"font-family: 'Lucida Grande', Verdana, Arial, Helvetica, sans-serif; font-size: 11px;\"><em>Weitere Informationen:<\/em> <a href=\"https:\/\/www.sportesolidarieta.it\/blog\/fiera-di-bergamo-lospedale-una-realta-anche-grazie-allaccademia\/\"><strong>Sportakademie f\u00fcr Solidarit\u00e4t<\/strong><\/a><\/span><\/p>\n<\/div>\n<hr \/>\n<div class=\"shortcode1-2\">\n<h2>SPENDEN VON KULTURELLEN AKTIVIT\u00c4TEN<\/h2>\n<h4><a href=\"https:\/\/www.donizetti.org\/\"><strong>Donizetti Theater<\/strong><\/a><\/h4>\n<p><span style=\"font-family: 'Lucida Grande', Verdana, Arial, Helvetica, sans-serif; font-size: 13px;\">Die Donizetti Theatre Foundation wurde 2014 mit Sitz in Bergamo gegr\u00fcndet und verfolgt ohne Gewinn die F\u00f6rderung von Kultur und Kunst, k\u00fcmmert sich um die Verbreitung von Musik- und Theaterkunst und regt die B\u00fcrger und insbesondere junge Menschen zu Bildungs- und Wachstumserfahrungen an und kulturelle Wege. Granulati Zandobbio ist Teil der Donizetti-Botschafter.<\/span><\/p>\n<p>&nbsp;<\/p>\n<p><span style=\"font-family: 'Lucida Grande', Verdana, Arial, Helvetica, sans-serif; font-size: 11px;\"><em>Weitere Informationen:<\/em> <a href=\"https:\/\/www.donizetti.org\/\"><strong>Donizetti Theater<\/strong><\/a><\/span><\/p>\n<\/div>\n<div class=\"shortcode1-2\">\n<a href=\"https:\/\/www.donizetti.org\/\"><img class=\"colorbox-62985\"  src=\"http:\/\/www.granulati.it\/wp-content\/uploads\/2020\/11\/donizetti-2.jpg\" alt=\"Granulati Zandobbio f\u00fcr das Donizetti Theater\" \/><\/a>\n<\/div>\n<hr \/>\n<div class=\"shortcode1-2\">\n<a href=\"http:\/\/www.pallavolodoncolleoni.com\/\"><img class=\"colorbox-62985\"  src=\"http:\/\/www.granulati.it\/wp-content\/uploads\/2020\/11\/volley.jpg\" alt=\"Granulati Zandobbio f\u00fcr Scanzorosciate Volleyball\" \/><\/a>\n<\/div>\n<div class=\"shortcode1-2\">\n<h2>SPONSORING DER JUGENDSPORTAKTIVIT\u00c4TEN<\/h2>\n<h4><strong>Unterst\u00fctzung kleiner Jugend-Sportmannschaften<\/strong><\/h4>\n<p><span style=\"font-family: 'Lucida Grande', Verdana, Arial, Helvetica, sans-serif; font-size: 13px;\">Granulati Zandobbio engagiert sich f\u00fcr die Unterst\u00fctzung einiger lokaler Jugendmannschaften. Das Unternehmen glaubt an die gro\u00dfe Bedeutung des Sports im Leben junger Menschen und m\u00f6chte daher kleinere Teams auch in Kleinst\u00e4dten unterst\u00fctzen.<\/span><\/p>\n<p>&nbsp;<\/p>\n<p><span style=\"font-family: 'Lucida Grande', Verdana, Arial, Helvetica, sans-serif; font-size: 11px;\"><em>Weitere Informationen:<\/em> <a href=\"https:\/\/scanzovolley.com\/\"><strong>U.S.D. Scanzorosciate Pallavolo<\/strong><\/a><\/span><\/p>\n<p><span style=\"font-family: 'Lucida Grande', Verdana, Arial, Helvetica, sans-serif; font-size: 11px;\"><em>Weitere Informationen:<\/em> <a href=\"https:\/\/aurorapallacanestrotrescore1962.it\/\"><strong>Aurora Pallacanestro Trescore<\/strong><\/a><\/span><\/p>\n<p><span style=\"font-family: 'Lucida Grande', Verdana, Arial, Helvetica, sans-serif; font-size: 11px;\"><em>Weitere Informationen:<\/em> <a href=\"http:\/\/www.pallavolodoncolleoni.com\/\"><strong>Pallavolo Don Colleoni<\/strong><\/a><\/span><\/p>\n<\/div>\n<hr \/>\n<div class=\"shortcode1-2\">\n<h2>KOSTENLOSE AUSBILDUNGSAKTIVIT\u00c4TEN<\/h2>\n<h4><strong>F\u00fcr Schulen, Universit\u00e4ten und Fachkr\u00e4fte<\/strong><\/h4>\n<p><span style=\"font-family: 'Lucida Grande', Verdana, Arial, Helvetica, sans-serif; font-size: 13px;\">Granulati Zandobbio verpflichtet sich, in Zusammenarbeit mit Schulen, professionellen Instituten, Universit\u00e4ten und Fachleuten im Laufe des Jahres Schulungen und kostenlose Besuche zu organisieren.<\/span><\/p>\n<p>nbsp<\/p>\n<p><span style=\"font-family: 'Lucida Grande', Verdana, Arial, Helvetica, sans-serif; font-size: 11px;\"><em>Weitere Informationen:<\/em> <a href=\"mailto:info@granulati.it\"><strong>info@granulati.it<\/strong><\/a><\/span><\/p>\n<\/div>\n<div class=\"shortcode1-2\">\n<a href=\"https:\/\/www.granulati.it\/de\/impegno-sociale\/kostenlose-schulung\/\" target=\"_blank\" rel=\"noopener\"><img class=\"colorbox-62985\"  src=\"http:\/\/www.granulati.it\/wp-content\/uploads\/2025\/06\/visite_guidate.jpg\" alt=\"Granulati Zandobbio organisiert Kurse f\u00fcr Schulen und Fachkr\u00e4fte\" \/><\/a>\n<\/div>\n<hr \/>\n<div class=\"shortcode1-2\">\n<a href=\"https:\/\/www.stonecity.it\/de\/\"><img class=\"colorbox-62985\"  src=\"http:\/\/www.granulati.it\/wp-content\/uploads\/2020\/11\/stone-city-2.jpg\" alt=\"Granulati Zandobbio bietet STONE CITY als Veranstaltungspark an\" \/><\/a>\n<\/div>\n<div class=\"shortcode1-2\">\n<h2>PUBLIC PARK<\/h2>\n<h4><a href=\"https:\/\/www.stonecity.it\/de\/\"><strong>STONE CITY, ein \u00f6ffentlich zug\u00e4nglicher Park<\/strong><\/a><\/h4>\n<p><span style=\"font-family: 'Lucida Grande', Verdana, Arial, Helvetica, sans-serif; font-size: 13px;\">STONE CITY ist der Ausstellungspark von Granulati Zandobbio, der als private Initiative geboren wurde, aber zu einem Park geworden ist, der der \u00d6ffentlichkeit zug\u00e4nglich ist und sowohl Fachleuten der Branche als auch der Gemeinde zur Verf\u00fcgung steht. Da der Park immer ge\u00f6ffnet ist und w\u00e4hrend der Arbeitszeit besichtigt werden kann.<\/span><\/p>\n<p><span style=\"font-family: 'Lucida Grande', Verdana, Arial, Helvetica, sans-serif; font-size: 13px;\">\u00a0<\/span><\/p>\n<p>&nbsp;<\/p>\n<p><span style=\"font-family: 'Lucida Grande', Verdana, Arial, Helvetica, sans-serif; font-size: 11px;\"><em>Weitere Informationen:<\/em> <a href=\"https:\/\/www.stonecity.it\/de\/\"><strong>www.stonecity.it<\/strong><\/a><\/span><\/p>\n<\/div>\n<p><\/p>","protected":false},"excerpt":{"rendered":"<p>SOZIALES ENGAGEMENT &nbsp; Granulati Zandobbio bekennt sich zur Anwendung verschiedener Prinzipien: Nachhaltigkeit, Freiwilligkeit, Qualit\u00e4t, Integration.<\/p>\n","protected":false},"author":1,"featured_media":0,"parent":0,"menu_order":17,"comment_status":"open","ping_status":"open","template":"","meta":{"_links_to":"","_links_to_target":""},"aioseo_notices":[],"_links":{"self":[{"href":"https:\/\/www.granulati.it\/de\/wp-json\/wp\/v2\/pages\/62985"}],"collection":[{"href":"https:\/\/www.granulati.it\/de\/wp-json\/wp\/v2\/pages"}],"about":[{"href":"https:\/\/www.granulati.it\/de\/wp-json\/wp\/v2\/types\/page"}],"author":[{"embeddable":true,"href":"https:\/\/www.granulati.it\/de\/wp-json\/wp\/v2\/users\/1"}],"replies":[{"embeddable":true,"href":"https:\/\/www.granulati.it\/de\/wp-json\/wp\/v2\/comments?post=62985"}],"version-history":[{"count":86,"href":"https:\/\/www.granulati.it\/de\/wp-json\/wp\/v2\/pages\/62985\/revisions"}],"predecessor-version":[{"id":84167,"href":"https:\/\/www.granulati.it\/de\/wp-json\/wp\/v2\/pages\/62985\/revisions\/84167"}],"wp:attachment":[{"href":"https:\/\/www.granulati.it\/de\/wp-json\/wp\/v2\/media?parent=62985"}],"curies":[{"name":"wp","href":"https:\/\/api.w.org\/{rel}","templated":true}]}}