{"id":60,"date":"2013-05-16T09:33:56","date_gmt":"2013-05-16T07:33:56","guid":{"rendered":"http:\/\/www.granulati.it\/it\/prodotti\/granulati\/granulati-2\/pietre-decorative\/"},"modified":"2023-12-27T15:15:49","modified_gmt":"2023-12-27T14:15:49","slug":"pietre-decorative","status":"publish","type":"page","link":"https:\/\/www.granulati.it\/de\/produkte\/gravels\/dekorsteine\/","title":{"rendered":"Dekorsteine"},"content":{"rendered":"<p>Steine aus der ganzen Welt, seltene, der Form und Farbe nach einzigartige St\u00fccke f\u00fcr die Dekoration von G\u00e4rten<\/p>","protected":false},"excerpt":{"rendered":"<p>Steine aus der ganzen Welt, seltene, der Form und Farbe nach einzigartige St\u00fccke f\u00fcr die Dekoration von G\u00e4rten<\/p>\n","protected":false},"author":1,"featured_media":74,"parent":36,"menu_order":30,"comment_status":"closed","ping_status":"closed","template":"page-cat_prodotti2.php","meta":{"_links_to":"","_links_to_target":""},"aioseo_notices":[],"_links":{"self":[{"href":"https:\/\/www.granulati.it\/de\/wp-json\/wp\/v2\/pages\/60"}],"collection":[{"href":"https:\/\/www.granulati.it\/de\/wp-json\/wp\/v2\/pages"}],"about":[{"href":"https:\/\/www.granulati.it\/de\/wp-json\/wp\/v2\/types\/page"}],"author":[{"embeddable":true,"href":"https:\/\/www.granulati.it\/de\/wp-json\/wp\/v2\/users\/1"}],"replies":[{"embeddable":true,"href":"https:\/\/www.granulati.it\/de\/wp-json\/wp\/v2\/comments?post=60"}],"version-history":[{"count":1,"href":"https:\/\/www.granulati.it\/de\/wp-json\/wp\/v2\/pages\/60\/revisions"}],"predecessor-version":[{"id":78477,"href":"https:\/\/www.granulati.it\/de\/wp-json\/wp\/v2\/pages\/60\/revisions\/78477"}],"up":[{"embeddable":true,"href":"https:\/\/www.granulati.it\/de\/wp-json\/wp\/v2\/pages\/36"}],"wp:featuredmedia":[{"embeddable":true,"href":"https:\/\/www.granulati.it\/de\/wp-json\/wp\/v2\/media\/74"}],"wp:attachment":[{"href":"https:\/\/www.granulati.it\/de\/wp-json\/wp\/v2\/media?parent=60"}],"curies":[{"name":"wp","href":"https:\/\/api.w.org\/{rel}","templated":true}]}}